{"id":806,"date":"2021-06-18T11:31:05","date_gmt":"2021-06-18T09:31:05","guid":{"rendered":"https:\/\/blogs.ugr.es\/mruizg\/?page_id=806"},"modified":"2023-10-30T11:14:43","modified_gmt":"2023-10-30T10:14:43","slug":"teaching-experience","status":"publish","type":"page","link":"https:\/\/blogs.ugr.es\/mruizg\/en\/teaching\/teaching-experience\/","title":{"rendered":"Teaching experience"},"content":{"rendered":"<p>I teach in the Department of Applied Mathematics at the University of Granada. My teaching background covers a wide range of degrees, such as the bachelor degrees in Architecture, Building, Civil Engineering, Computer Engineering and Mathematics or the master degrees in Civil Engineering and Architectural Rehabilitation. I am also part of the PhD Programme in Mathematics at the University of Granada and I have supervised the following doctoral theses:<\/p>\n<ul>\n<li>Title: Hahn-Banach type theorems and nonlinear optimization.<br \/>\nPhD student: P. Montiel L\u00f3pez.<br \/>\nAdvisor: M. Ruiz Gal\u00e1n.<br \/>\nDoctoral programme: Mathematics, University of Granada.<br \/>\nDate: 2017.<\/li>\n<li>Title: Numerical solution of Fredholm integral and integro-differential equations.<br \/>\nPhD student: M.V. Fern\u00e1ndez Mu\u00f1oz.<br \/>\nAdvisors: A.I. Garralda Guillem, M. Ruiz Gal\u00e1n.<br \/>\nDoctoral programme: Mathematics, University of Granada.<br \/>\nDate: 2015.<\/li>\n<li>Title: Numerical solution of linear equations using Schauder bases.<br \/>\nPhD student: A.F. Palomares Bautista.<br \/>\nAdvisors: M. Pasadas Fern\u00e1ndez, V. Ram\u00edrez Gonz\u00e1lez, M. Ruiz Gal\u00e1n.<br \/>\nDoctoral programme: Mathematics, University of Granada.<br \/>\nDate: 2003.<\/li>\n<\/ul>\n","protected":false},"excerpt":{"rendered":"<p>I teach in the Department of Applied Mathematics at the University of Granada. My teaching background covers a wide range of degrees, such as the bachelor degrees in Architecture, Building, Civil Engineering, Computer Engineering and Mathematics or the master degrees in Civil Engineering and Architectural Rehabilitation. I am also part of the PhD Programme in [&hellip;]<\/p>\n","protected":false},"author":16,"featured_media":0,"parent":801,"menu_order":0,"comment_status":"closed","ping_status":"closed","template":"","meta":{"_genesis_hide_title":false,"_genesis_hide_breadcrumbs":false,"_genesis_hide_singular_image":false,"_genesis_hide_footer_widgets":false,"_genesis_custom_body_class":"","_genesis_custom_post_class":"","_genesis_layout":"","footnotes":""},"categories":[],"tags":[],"class_list":{"0":"post-806","1":"page","2":"type-page","3":"status-publish","5":"entry"},"_links":{"self":[{"href":"https:\/\/blogs.ugr.es\/mruizg\/wp-json\/wp\/v2\/pages\/806","targetHints":{"allow":["GET"]}}],"collection":[{"href":"https:\/\/blogs.ugr.es\/mruizg\/wp-json\/wp\/v2\/pages"}],"about":[{"href":"https:\/\/blogs.ugr.es\/mruizg\/wp-json\/wp\/v2\/types\/page"}],"author":[{"embeddable":true,"href":"https:\/\/blogs.ugr.es\/mruizg\/wp-json\/wp\/v2\/users\/16"}],"replies":[{"embeddable":true,"href":"https:\/\/blogs.ugr.es\/mruizg\/wp-json\/wp\/v2\/comments?post=806"}],"version-history":[{"count":3,"href":"https:\/\/blogs.ugr.es\/mruizg\/wp-json\/wp\/v2\/pages\/806\/revisions"}],"predecessor-version":[{"id":1232,"href":"https:\/\/blogs.ugr.es\/mruizg\/wp-json\/wp\/v2\/pages\/806\/revisions\/1232"}],"up":[{"embeddable":true,"href":"https:\/\/blogs.ugr.es\/mruizg\/wp-json\/wp\/v2\/pages\/801"}],"wp:attachment":[{"href":"https:\/\/blogs.ugr.es\/mruizg\/wp-json\/wp\/v2\/media?parent=806"}],"wp:term":[{"taxonomy":"category","embeddable":true,"href":"https:\/\/blogs.ugr.es\/mruizg\/wp-json\/wp\/v2\/categories?post=806"},{"taxonomy":"post_tag","embeddable":true,"href":"https:\/\/blogs.ugr.es\/mruizg\/wp-json\/wp\/v2\/tags?post=806"}],"curies":[{"name":"wp","href":"https:\/\/api.w.org\/{rel}","templated":true}]}}