{"id":814,"date":"2021-06-18T11:47:33","date_gmt":"2021-06-18T09:47:33","guid":{"rendered":"https:\/\/blogs.ugr.es\/mruizg\/?page_id=814"},"modified":"2024-11-15T19:41:37","modified_gmt":"2024-11-15T18:41:37","slug":"links","status":"publish","type":"page","link":"https:\/\/blogs.ugr.es\/mruizg\/en\/links\/","title":{"rendered":"Links"},"content":{"rendered":"<ul>\n<li><a href=\"https:\/\/blogs.ugr.es\/convex\/\" target=\"_blank\" rel=\"noopener\">Convex and Numerical Analysis<\/a>, research group of the Junta de Andaluc\u00eda.<\/li>\n<li><a href=\"http:\/\/www.heldermann.de\/MTA\/mtacover.htm\" target=\"_blank\" rel=\"noopener noreferrer\">Minimax Theory and its Applications<\/a>, <span class=\"Y2IQFc\" lang=\"en\">Heldermann Verlag&#8217;s publication dedicated to minimax inequalities and their applications.<\/span><\/li>\n<li><a href=\"https:\/\/www.uv.es\/functanalys\/index.html\" target=\"_blank\" rel=\"noopener noreferrer\">Red de An\u00e1lisis Funcional y sus Aplicaciones<\/a>, which<span class=\"Y2IQFc\" lang=\"en\">\u00a0coordinates the research of Functional Analysis in Spain.<\/span><\/li>\n<li><a href=\"https:\/\/www.seio.es\/grupos-de-trabajo\/\" target=\"_blank\" rel=\"noopener noreferrer\">Grupo de Optimizaci\u00f3n Continua de la Sociedad de Estad\u00edstica e Investigaci\u00f3n Operativa<\/a>.<\/li>\n<li><a href=\"https:\/\/masteres.ugr.es\/mara\/en\" target=\"_blank\" rel=\"noopener noreferrer\">Master\u2019s Degree in Architectural Rehabilitation of the University of Granada<\/a>.<\/li>\n<li><a href=\"https:\/\/congresos.ugr.es\/minequmax\/\" target=\"_blank\" rel=\"noopener noreferrer\">I Conference on Minimax Inequalities and Equilibrium Problems<\/a>, <span class=\"Y2IQFc\" lang=\"en\">organised by the research project of the Government of Spain MTM2016-80676-P <em>Minimax Inequalities: Fundamentals and Applications to Optimization and Inverse Problems<\/em> and by the research group FQM359<\/span> <a href=\"https:\/\/blogs.ugr.es\/convex\/\" target=\"_blank\" rel=\"noopener noreferrer\">Convex and Numerical Analysis<\/a>.<\/li>\n<\/ul>\n","protected":false},"excerpt":{"rendered":"<p>Convex and Numerical Analysis, research group of the Junta de Andaluc\u00eda. Minimax Theory and its Applications, Heldermann Verlag&#8217;s publication dedicated to minimax inequalities and their applications. Red de An\u00e1lisis Funcional y sus Aplicaciones, which\u00a0coordinates the research of Functional Analysis in Spain. Grupo de Optimizaci\u00f3n Continua de la Sociedad de Estad\u00edstica e Investigaci\u00f3n Operativa. Master\u2019s Degree [&hellip;]<\/p>\n","protected":false},"author":16,"featured_media":0,"parent":0,"menu_order":0,"comment_status":"closed","ping_status":"closed","template":"","meta":{"_genesis_hide_title":false,"_genesis_hide_breadcrumbs":false,"_genesis_hide_singular_image":false,"_genesis_hide_footer_widgets":false,"_genesis_custom_body_class":"","_genesis_custom_post_class":"","_genesis_layout":"","footnotes":""},"categories":[],"tags":[],"class_list":{"0":"post-814","1":"page","2":"type-page","3":"status-publish","5":"entry"},"_links":{"self":[{"href":"https:\/\/blogs.ugr.es\/mruizg\/wp-json\/wp\/v2\/pages\/814","targetHints":{"allow":["GET"]}}],"collection":[{"href":"https:\/\/blogs.ugr.es\/mruizg\/wp-json\/wp\/v2\/pages"}],"about":[{"href":"https:\/\/blogs.ugr.es\/mruizg\/wp-json\/wp\/v2\/types\/page"}],"author":[{"embeddable":true,"href":"https:\/\/blogs.ugr.es\/mruizg\/wp-json\/wp\/v2\/users\/16"}],"replies":[{"embeddable":true,"href":"https:\/\/blogs.ugr.es\/mruizg\/wp-json\/wp\/v2\/comments?post=814"}],"version-history":[{"count":3,"href":"https:\/\/blogs.ugr.es\/mruizg\/wp-json\/wp\/v2\/pages\/814\/revisions"}],"predecessor-version":[{"id":1332,"href":"https:\/\/blogs.ugr.es\/mruizg\/wp-json\/wp\/v2\/pages\/814\/revisions\/1332"}],"wp:attachment":[{"href":"https:\/\/blogs.ugr.es\/mruizg\/wp-json\/wp\/v2\/media?parent=814"}],"wp:term":[{"taxonomy":"category","embeddable":true,"href":"https:\/\/blogs.ugr.es\/mruizg\/wp-json\/wp\/v2\/categories?post=814"},{"taxonomy":"post_tag","embeddable":true,"href":"https:\/\/blogs.ugr.es\/mruizg\/wp-json\/wp\/v2\/tags?post=814"}],"curies":[{"name":"wp","href":"https:\/\/api.w.org\/{rel}","templated":true}]}}