{"id":141,"date":"2020-11-24T13:55:45","date_gmt":"2020-11-24T12:55:45","guid":{"rendered":"https:\/\/blogs.ugr.es\/neuroergonomia\/?page_id=141"},"modified":"2021-07-13T18:45:52","modified_gmt":"2021-07-13T16:45:52","slug":"articulos","status":"publish","type":"page","link":"https:\/\/blogs.ugr.es\/neuroergonomia\/articulos\/","title":{"rendered":"Art\u00edculos"},"content":{"rendered":"<h3>Volumen 1, a\u00f1o 2021<\/h3>\n<p><span style=\"color: #333333\"><a style=\"color: #333333\" href=\"https:\/\/doi.org\/10.5281\/zenodo.4498031\" target=\"_blank\" rel=\"noopener\">Candela Salom\u00f3n, D. (2021). <span style=\"color: #800080\">\u00bfPueden los robots de compan\u0303i\u0301a combatir los efectos de soledad y aislamiento social en personas mayores?<\/span> Revisio\u0301n sistema\u0301tica. <em>Neuroergonom\u00eda<\/em>, 1, 1-25.<\/a><\/span><\/p>\n<p><span style=\"color: #333333\"><a style=\"color: #333333\" href=\"https:\/\/doi.org\/10.5281\/zenodo.4500979\" target=\"_blank\" rel=\"noopener\">Cantiani, A. (2021). <span style=\"color: #800080\">Interfaces cerebro-computadora aplicadas a la rehabilitaci\u00f3n motora en accidente cerebrovascular<\/span>. <em>Neuroergonom\u00eda<\/em>, 2, 1-18.<\/a><\/span><\/p>\n<p><a href=\"https:\/\/doi.org\/10.5281\/zenodo.4515391\" target=\"_blank\" rel=\"noopener\"><span style=\"color: #000000\">L\u00f3pez-Contreras, A. (2021). <span style=\"color: #800080\">Aplicabilidad de fNIRS para la detecci\u00f3n de la mentira<\/span>. <em>Neuroergonom\u00eda<\/em>, 3, 1-16.<\/span><\/a><\/p>\n<p><a href=\"https:\/\/doi.org\/10.5281\/zenodo.4515246\" target=\"_blank\" rel=\"noopener\"><span style=\"color: #000000\">Solana, P. (2021). <span style=\"color: #800080\">Las m\u00e1quinas toman el control: efectos neurocognitivos de la conducci\u00f3n automatizada sobre la atenci\u00f3n y c\u00f3mo hacerles frente<\/span>. <em>Neuroergonom\u00eda<\/em>, 4, 1-19.<\/span><\/a><\/p>\n<p><a href=\"https:\/\/doi.org\/10.5281\/zenodo.4549205\" target=\"_blank\" rel=\"noopener\"><span style=\"color: #000000\">Fuentes-Guerra, \u00c1. (2021). <span style=\"color: #800080\">Neuroarquitectura aplicada a espacios educativos<\/span>. <em>Neuroergonom\u00eda<\/em>, 5, 1-17.<\/span><\/a><\/p>\n<p><span style=\"color: #000000\"><a style=\"color: #000000\" href=\"https:\/\/doi.org\/10.5281\/zenodo.4555887\" target=\"_blank\" rel=\"noopener\">Denisiewicz, W. (2021). <span style=\"color: #800080\">Asimetr\u00eda alfa frontal: \u00bfUna herramienta \u00fatil en neuromarketing y experiencia del usuario?<\/span> <em>Neuroergonom\u00eda<\/em>, 6, 1-12.<\/a><\/span><\/p>\n<p><a href=\"https:\/\/doi.org\/10.5281\/zenodo.4662970\" target=\"_blank\" rel=\"noopener\"><span style=\"color: #000000\">Garc\u00eda-L\u00f3pez, E. (2021). <span style=\"color: #800080\">Seguimiento ocular y carga cognitiva en personas con dislexia durante el escaneo y la lectura en la web<\/span>. <em>Neuroergonom\u00eda<\/em>, 7, 1-17.<\/span><\/a><\/p>\n<p><span style=\"color: #000000\"><a style=\"color: #000000\" href=\"https:\/\/doi.org\/10.5281\/zenodo.4763098\" target=\"_blank\" rel=\"noopener\">Talavera, P. (2021). <span style=\"color: #800080\">Potenciaci\u00f3n cognitiva en poblaci\u00f3n envejecida: neurofeedback<\/span>. <em>Neuroergonom\u00eda<\/em>, 8, 1-15.<\/a><\/span><\/p>\n<p style=\"text-align: center\"><span style=\"color: #000000\"><a style=\"color: #000000\" href=\"https:\/\/doi.org\/10.5281\/zenodo.5095425\" target=\"_blank\" rel=\"noopener\">Recopilaci\u00f3n de todos los art\u00edculos publicados en el Volumen 1 (2021)<\/a><\/span><\/p>\n","protected":false},"excerpt":{"rendered":"<p>Volumen 1, a\u00f1o 2021 Candela Salom\u00f3n, D. (2021). \u00bfPueden los robots de compan\u0303i\u0301a combatir los efectos de soledad y aislamiento social en personas mayores? Revisio\u0301n sistema\u0301tica. Neuroergonom\u00eda, 1, 1-25. Cantiani, A. (2021). Interfaces cerebro-computadora aplicadas a la rehabilitaci\u00f3n motora en accidente cerebrovascular. Neuroergonom\u00eda, 2, 1-18. L\u00f3pez-Contreras, A. (2021). Aplicabilidad de fNIRS para la detecci\u00f3n de [&hellip;]<\/p>\n","protected":false},"author":59,"featured_media":0,"parent":0,"menu_order":0,"comment_status":"closed","ping_status":"closed","template":"","meta":{"_genesis_hide_title":false,"_genesis_hide_breadcrumbs":false,"_genesis_hide_singular_image":false,"_genesis_hide_footer_widgets":false,"_genesis_custom_body_class":"","_genesis_custom_post_class":"","_genesis_layout":"","footnotes":""},"categories":[],"tags":[39],"class_list":{"0":"post-141","1":"page","2":"type-page","3":"status-publish","5":"tag-contenidos","6":"entry"},"_links":{"self":[{"href":"https:\/\/blogs.ugr.es\/neuroergonomia\/wp-json\/wp\/v2\/pages\/141","targetHints":{"allow":["GET"]}}],"collection":[{"href":"https:\/\/blogs.ugr.es\/neuroergonomia\/wp-json\/wp\/v2\/pages"}],"about":[{"href":"https:\/\/blogs.ugr.es\/neuroergonomia\/wp-json\/wp\/v2\/types\/page"}],"author":[{"embeddable":true,"href":"https:\/\/blogs.ugr.es\/neuroergonomia\/wp-json\/wp\/v2\/users\/59"}],"replies":[{"embeddable":true,"href":"https:\/\/blogs.ugr.es\/neuroergonomia\/wp-json\/wp\/v2\/comments?post=141"}],"version-history":[{"count":3,"href":"https:\/\/blogs.ugr.es\/neuroergonomia\/wp-json\/wp\/v2\/pages\/141\/revisions"}],"predecessor-version":[{"id":237,"href":"https:\/\/blogs.ugr.es\/neuroergonomia\/wp-json\/wp\/v2\/pages\/141\/revisions\/237"}],"wp:attachment":[{"href":"https:\/\/blogs.ugr.es\/neuroergonomia\/wp-json\/wp\/v2\/media?parent=141"}],"wp:term":[{"taxonomy":"category","embeddable":true,"href":"https:\/\/blogs.ugr.es\/neuroergonomia\/wp-json\/wp\/v2\/categories?post=141"},{"taxonomy":"post_tag","embeddable":true,"href":"https:\/\/blogs.ugr.es\/neuroergonomia\/wp-json\/wp\/v2\/tags?post=141"}],"curies":[{"name":"wp","href":"https:\/\/api.w.org\/{rel}","templated":true}]}}