{"id":450,"date":"2020-03-26T23:43:30","date_gmt":"2020-03-26T22:43:30","guid":{"rendered":"https:\/\/blogs.ugr.es\/photochem\/?page_id=450"},"modified":"2021-06-19T12:54:02","modified_gmt":"2021-06-19T10:54:02","slug":"poc-mirna","status":"publish","type":"page","link":"https:\/\/blogs.ugr.es\/photochem\/poc-mirna\/","title":{"rendered":"PoC miRNA"},"content":{"rendered":"<h3 style=\"text-align: center\"><span style=\"text-decoration: underline\">Proof-of-Concept of miRNAs as efficient tumoral biomarkers<\/span><\/h3>\n<h4>Project data and summary<\/h4>\n<p>In this <em>proof-of-concept<\/em> project we will develop a strategy for the <strong>accurate detection of miRNAs from liquid biopsies as tumoral biomarkers<\/strong>. The methodology will combine ultrasensitive luminiscence-based tools with the technology of the company <strong><a href=\"https:\/\/destinagenomics.com\/\" target=\"_blank\" rel=\"noopener noreferrer\">DestiNA Genomics<\/a><\/strong>, a patent-protected, error-free technology for the detection of nucleic acids with single nucleotide accuracy. The outcomes of the project will be evaluated by the University of Granada Technology Transfer Office (<strong>OTRI-UGR<\/strong>) for rapid translation to the productive sector.<\/p>\n<p>&nbsp;<\/p>\n<ul>\n<li><strong>Funding Body<\/strong>: Consejer\u00eda de Econom\u00eda, Conocimiento, Empresas y Universidad (Junta de Andaluc\u00eda) and the European Regional Development Fund (ERDF).<\/li>\n<li><strong>Code<\/strong>: AT17-5105_OTRI UGR<\/li>\n<li><strong>PI<\/strong>: Prof. Angel Orte<\/li>\n<li>Departamento de Fisicoqu\u00edmica. Facultad de Farmacia. Universidad de Granada (Spain)<\/li>\n<li><strong>Funding<\/strong>: 45,818.39 \u20ac<\/li>\n<li><strong>Other participants<\/strong>: Dr. E. Garcia-Fernandez, Dr. J. A. Gonzalez-Vera, Dr. S. Pernagallo, Dr. J. J. Diaz-Mochon<\/li>\n<li><strong>Collaborating institutions:<\/strong> DestiNA Gen\u00f3mica S.L. (Granada, Spain)<\/li>\n<\/ul>\n<p><a href=\"https:\/\/destinagenomics.com\/\" target=\"_blank\" rel=\"noopener noreferrer\"><img loading=\"lazy\" decoding=\"async\" class=\"wp-image-456 size-full aligncenter\" src=\"https:\/\/blogs.ugr.es\/photochem\/wp-content\/uploads\/sites\/61\/2020\/03\/0-e1585261244546.png\" alt=\"\" width=\"193\" height=\"122\" \/><\/a><\/p>\n<hr \/>\n<h4>Outcomes of the project<\/h4>\n<h5>Conferences<\/h5>\n<ul>\n<li><em>V Biennial Meeting of the Chemical Biology Group of the Real Sociedad Espa\u00f1ola de Qu\u00edmica<\/em>. Granada, February, 2020. 1 oral communication and 1 poster presentation.<\/li>\n<li><a href=\"https:\/\/blogs.ugr.es\/photochem\/seminar-talk-university-of-jaen\/\">Invited seminar<\/a> at the University of Jaen, Spain (September, 2020).<\/li>\n<li>Invited seminar at the University of C\u00f3rdoba, Spain (November, 2020).<\/li>\n<li>Participation in the 2020 <a href=\"https:\/\/blogs.ugr.es\/photochem\/our-video-european-researchers-night-2020\/\">European Researcher&#8217;s Night<\/a>.<\/li>\n<li>Participation in the OnLine <a href=\"https:\/\/www.isls-isbc2021.com\/en\/\"><i>Symposium Bioluminescence, Chemiluminescence and Luminescence Spectroscopy<\/i><\/a>. June, 2021. 1 invited lecture and 2 oral communications.<\/li>\n<\/ul>\n<hr \/>\n<p><em><span style=\"color: #999999\">The project AT17-5105_OTRI UGR <\/span><\/em><em><span style=\"color: #999999\">is funded by the Consejer\u00eda de Econom\u00eda, Conocimiento, Empresas y Universidad (Junta de Andaluc\u00eda) and the European Regional Development Fund (ERDF).<\/span><\/em><\/p>\n<p><img loading=\"lazy\" decoding=\"async\" class=\"alignright wp-image-451\" src=\"https:\/\/blogs.ugr.es\/photochem\/wp-content\/uploads\/sites\/61\/2020\/03\/Logotipo-Andaluc\u00a1a-se-mueve-300x149.jpg\" alt=\"\" width=\"200\" height=\"99\" srcset=\"https:\/\/blogs.ugr.es\/photochem\/wp-content\/uploads\/sites\/61\/2020\/03\/Logotipo-Andaluc\u00a1a-se-mueve-300x149.jpg 300w, https:\/\/blogs.ugr.es\/photochem\/wp-content\/uploads\/sites\/61\/2020\/03\/Logotipo-Andaluc\u00a1a-se-mueve-700x347.jpg 700w, https:\/\/blogs.ugr.es\/photochem\/wp-content\/uploads\/sites\/61\/2020\/03\/Logotipo-Andaluc\u00a1a-se-mueve.jpg 800w\" sizes=\"auto, (max-width: 200px) 100vw, 200px\" \/><\/p>\n<p>&nbsp;<\/p>\n<p>&nbsp;<\/p>\n<p><img loading=\"lazy\" decoding=\"async\" class=\"alignleft wp-image-454\" src=\"https:\/\/blogs.ugr.es\/photochem\/wp-content\/uploads\/sites\/61\/2020\/03\/Logotipo-UE-FEDER_Vertical-300x254.png\" alt=\"\" width=\"200\" height=\"170\" srcset=\"https:\/\/blogs.ugr.es\/photochem\/wp-content\/uploads\/sites\/61\/2020\/03\/Logotipo-UE-FEDER_Vertical-300x254.png 300w, https:\/\/blogs.ugr.es\/photochem\/wp-content\/uploads\/sites\/61\/2020\/03\/Logotipo-UE-FEDER_Vertical-700x593.png 700w, https:\/\/blogs.ugr.es\/photochem\/wp-content\/uploads\/sites\/61\/2020\/03\/Logotipo-UE-FEDER_Vertical.png 800w\" sizes=\"auto, (max-width: 200px) 100vw, 200px\" \/> <img loading=\"lazy\" decoding=\"async\" class=\"alignleft wp-image-453\" src=\"https:\/\/blogs.ugr.es\/photochem\/wp-content\/uploads\/sites\/61\/2020\/03\/JA_Marca-consejeriaconocHTML-540x355-1-1-1-300x197.png\" alt=\"\" width=\"200\" height=\"131\" srcset=\"https:\/\/blogs.ugr.es\/photochem\/wp-content\/uploads\/sites\/61\/2020\/03\/JA_Marca-consejeriaconocHTML-540x355-1-1-1-300x197.png 300w, https:\/\/blogs.ugr.es\/photochem\/wp-content\/uploads\/sites\/61\/2020\/03\/JA_Marca-consejeriaconocHTML-540x355-1-1-1.png 540w\" sizes=\"auto, (max-width: 200px) 100vw, 200px\" \/><\/p>\n","protected":false},"excerpt":{"rendered":"<p>Proof-of-Concept of miRNAs as efficient tumoral biomarkers Project data and summary In this proof-of-concept project we will develop a strategy for the accurate detection of miRNAs from liquid biopsies as tumoral biomarkers. The methodology will combine ultrasensitive luminiscence-based tools with the technology of the company DestiNA Genomics, a patent-protected, error-free technology for the detection of&hellip; <a href=\"https:\/\/blogs.ugr.es\/photochem\/poc-mirna\/\" class=\"more-link\">Leer m\u00e1s <span class=\"screen-reader-text\">acerca de PoC miRNA<\/span><\/a><\/p>\n","protected":false},"author":508,"featured_media":455,"parent":0,"menu_order":0,"comment_status":"closed","ping_status":"closed","template":"","meta":{"_genesis_hide_title":false,"_genesis_hide_breadcrumbs":false,"_genesis_hide_singular_image":false,"_genesis_hide_footer_widgets":false,"_genesis_custom_body_class":"","_genesis_custom_post_class":"","_genesis_layout":"","footnotes":""},"categories":[14],"tags":[],"class_list":{"0":"post-450","1":"page","2":"type-page","3":"status-publish","4":"has-post-thumbnail","6":"category-projects","7":"entry"},"_links":{"self":[{"href":"https:\/\/blogs.ugr.es\/photochem\/wp-json\/wp\/v2\/pages\/450","targetHints":{"allow":["GET"]}}],"collection":[{"href":"https:\/\/blogs.ugr.es\/photochem\/wp-json\/wp\/v2\/pages"}],"about":[{"href":"https:\/\/blogs.ugr.es\/photochem\/wp-json\/wp\/v2\/types\/page"}],"author":[{"embeddable":true,"href":"https:\/\/blogs.ugr.es\/photochem\/wp-json\/wp\/v2\/users\/508"}],"replies":[{"embeddable":true,"href":"https:\/\/blogs.ugr.es\/photochem\/wp-json\/wp\/v2\/comments?post=450"}],"version-history":[{"count":3,"href":"https:\/\/blogs.ugr.es\/photochem\/wp-json\/wp\/v2\/pages\/450\/revisions"}],"predecessor-version":[{"id":569,"href":"https:\/\/blogs.ugr.es\/photochem\/wp-json\/wp\/v2\/pages\/450\/revisions\/569"}],"wp:featuredmedia":[{"embeddable":true,"href":"https:\/\/blogs.ugr.es\/photochem\/wp-json\/wp\/v2\/media\/455"}],"wp:attachment":[{"href":"https:\/\/blogs.ugr.es\/photochem\/wp-json\/wp\/v2\/media?parent=450"}],"wp:term":[{"taxonomy":"category","embeddable":true,"href":"https:\/\/blogs.ugr.es\/photochem\/wp-json\/wp\/v2\/categories?post=450"},{"taxonomy":"post_tag","embeddable":true,"href":"https:\/\/blogs.ugr.es\/photochem\/wp-json\/wp\/v2\/tags?post=450"}],"curies":[{"name":"wp","href":"https:\/\/api.w.org\/{rel}","templated":true}]}}