{"id":119,"date":"2018-01-22T09:22:43","date_gmt":"2018-01-22T08:22:43","guid":{"rendered":"https:\/\/blogs.ugr.es\/pidep\/?page_id=119"},"modified":"2021-03-22T20:29:22","modified_gmt":"2021-03-22T19:29:22","slug":"inicio","status":"publish","type":"page","link":"https:\/\/blogs.ugr.es\/pidep\/inicio\/","title":{"rendered":"Inicio"},"content":{"rendered":"<p>Estimado\/a alumno\/a,<\/p>\n<p>Desde este espacio te animo a participar en el Proyecto de Innovaci\u00f3n y Buenas Pr\u00e1cticas Docentes en el que estamos trabajando un grupo de profesores de la Facultad de Ciencias Econ\u00f3micas y Empresariales. Este proyecto nos ofrece la posibilidad de realizar el seguimiento del desarrollo de tus competencias a lo largo de tu carrera. Al finalizar cada curso acad\u00e9mico recibir\u00e1s la certificaci\u00f3n del progreso conseguido, para ello, debes colaborar, de forma honesta, aportando la informaci\u00f3n que peri\u00f3dicamente iremos solicitando. Lo primero que debemos saber de ti es tu estilo de pensamiento, para ello, te facilitamos un <a href=\"https:\/\/forms.gle\/4Se9Em4hqz9o2Zov7\">enlace al cuestionario<\/a> elaborado a tal efecto. El presente formulario tiene como objetivo identificar tus preferencias en el uso de tus aptitudes a lo largo de la carrera. Con la informaci\u00f3n que nos proporciones se identificar\u00e1 tu estilo de pensamiento, lo cual podr\u00e1 servirte para el desarrollo de tus competencias y de tu aprendizaje autorregulado a lo largo de la carrera, y, al final de la misma, tambi\u00e9n para elaborar un TFG con evidencias asociadas y adaptadas a tu estilo de pensamiento. Toda esta informaci\u00f3n certificada avalar\u00e1 el nivel de desarrollo de competencias adquirido a lo largo de tu carrera resultando un aspecto diferenciador y de gran utilidad en el mercado laboral.<\/p>\n<p>Adem\u00e1s, tu colaboraci\u00f3n permitir\u00e1 al <a href=\"https:\/\/youtu.be\/9vMHeHsUW_Q\">Proyecto de Innovaci\u00f3n y Buenas Pr\u00e1cticas Docentes (c\u00f3digo n\u00ba 20-127)<\/a>, alcanzar su prop\u00f3sito, siendo \u00e9ste, la creaci\u00f3n de \u201cun modelo educativo sostenible basado en competencias transversales y metodolog\u00edas docentes adaptadas a los distintos perfiles de pensamiento del alumnado de la Facultad de Ciencias Econ\u00f3micas y Empresariales\u201d.<\/p>\n<p>El denominado <em>Perfil de Pensamiento<\/em> es una valiosa herramienta de autoconocimiento sobre la metodolog\u00eda de aprendizaje que mejor se ajusta a ti. Su car\u00e1cter din\u00e1mico, al moldearse en funci\u00f3n de experiencias de aprendizaje significativas, te permitir\u00e1 valorar a lo largo de tu desarrollo acad\u00e9mico qu\u00e9 variaciones se producen en tu perfil de pensamiento, a medida que te impliques en metodolog\u00edas m\u00e1s complejas, activas y autorreguladas por ti mismo.<\/p>\n<p>Por otro lado, el conocimiento de cu\u00e1les son tus preferencias a la hora de usar tus propias aptitudes, permitir\u00e1 a tus profesores incluir diferentes metodolog\u00edas en el contexto de clase que permitan potenciar con mayor eficacia el desarrollo de tus competencias.<\/p>\n<p>Interconectar estos elementos (estilos de pensamiento \u2013 competencias &#8211; metodolog\u00edas docentes) en la trayectoria universitaria es nuestra forma de dar una respuesta innovadora al reto marcado en el Espacio Europeo de Educaci\u00f3n Superior, en el que se promueve que, como estudiante universitario que eres, te conviertas en el agente protagonista de tu proceso de aprendizaje, obteniendo una mayor autonom\u00eda y poder de decisi\u00f3n y actuaci\u00f3n en el mismo. Con tu colaboraci\u00f3n conseguiremos que se haga una realidad.<\/p>\n<p><strong>IMPORTANTE:<\/strong> Para conseguir la certificaci\u00f3n de colaboraci\u00f3n en este proyecto (c\u00f3digo n\u00ba 20-127) y la retroalimentaci\u00f3n sobre tus resultados es importante que completes todos los \u00edtems del formulario de manera individual y honesta a tus preferencias. Al finalizar el curso acad\u00e9mico 2020\/2021, recibir\u00e1s la informaci\u00f3n en el correo electr\u00f3nico desde el que te hayas registrado. <strong>RECUERDA QUE DEBES UTILIZAR TU CUENTA DE CORREO DE LA UGR.<\/strong><\/p>\n<p>Enlace al cuestionario: <a href=\"https:\/\/forms.gle\/4Se9Em4hqz9o2Zov7\">https:\/\/forms.gle\/4Se9Em4hqz9o2Zov7<\/a><\/p>\n<p>Enlace al v\u00eddeo de presentaci\u00f3n: <a href=\"https:\/\/youtu.be\/9vMHeHsUW_Q\">https:\/\/youtu.be\/9vMHeHsUW_Q<\/a><\/p>\n<p>Muchas gracias por tu colaboraci\u00f3n.<\/p>\n<p>M\u00aa Carmen Haro Dom\u00ednguez<\/p>\n<p>Coordinadora del Proyecto de Innovaci\u00f3n y Buenas Pr\u00e1cticas Docentes (c\u00f3digo n\u00ba 20-127)<\/p>\n","protected":false},"excerpt":{"rendered":"<p>Estimado\/a alumno\/a, Desde este espacio te animo a participar en el Proyecto de Innovaci\u00f3n y Buenas Pr\u00e1cticas Docentes en el que estamos trabajando un grupo de profesores de la Facultad de Ciencias Econ\u00f3micas y Empresariales. Este proyecto nos ofrece la posibilidad de realizar el seguimiento del desarrollo de tus competencias a lo largo de tu [&hellip;]<\/p>\n","protected":false},"author":506,"featured_media":0,"parent":0,"menu_order":0,"comment_status":"closed","ping_status":"closed","template":"","meta":{"_genesis_hide_title":false,"_genesis_hide_breadcrumbs":false,"_genesis_hide_singular_image":false,"_genesis_hide_footer_widgets":false,"_genesis_custom_body_class":"","_genesis_custom_post_class":"","_genesis_layout":"","footnotes":""},"categories":[],"tags":[],"class_list":{"0":"post-119","1":"page","2":"type-page","3":"status-publish","5":"entry"},"_links":{"self":[{"href":"https:\/\/blogs.ugr.es\/pidep\/wp-json\/wp\/v2\/pages\/119","targetHints":{"allow":["GET"]}}],"collection":[{"href":"https:\/\/blogs.ugr.es\/pidep\/wp-json\/wp\/v2\/pages"}],"about":[{"href":"https:\/\/blogs.ugr.es\/pidep\/wp-json\/wp\/v2\/types\/page"}],"author":[{"embeddable":true,"href":"https:\/\/blogs.ugr.es\/pidep\/wp-json\/wp\/v2\/users\/506"}],"replies":[{"embeddable":true,"href":"https:\/\/blogs.ugr.es\/pidep\/wp-json\/wp\/v2\/comments?post=119"}],"version-history":[{"count":3,"href":"https:\/\/blogs.ugr.es\/pidep\/wp-json\/wp\/v2\/pages\/119\/revisions"}],"predecessor-version":[{"id":134,"href":"https:\/\/blogs.ugr.es\/pidep\/wp-json\/wp\/v2\/pages\/119\/revisions\/134"}],"wp:attachment":[{"href":"https:\/\/blogs.ugr.es\/pidep\/wp-json\/wp\/v2\/media?parent=119"}],"wp:term":[{"taxonomy":"category","embeddable":true,"href":"https:\/\/blogs.ugr.es\/pidep\/wp-json\/wp\/v2\/categories?post=119"},{"taxonomy":"post_tag","embeddable":true,"href":"https:\/\/blogs.ugr.es\/pidep\/wp-json\/wp\/v2\/tags?post=119"}],"curies":[{"name":"wp","href":"https:\/\/api.w.org\/{rel}","templated":true}]}}