{"id":359,"date":"2024-03-05T17:42:12","date_gmt":"2024-03-05T16:42:12","guid":{"rendered":"https:\/\/blogs.ugr.es\/prinma\/?page_id=359"},"modified":"2026-02-14T13:45:41","modified_gmt":"2026-02-14T12:45:41","slug":"conocenos","status":"publish","type":"page","link":"https:\/\/blogs.ugr.es\/prinma\/","title":{"rendered":""},"content":{"rendered":"<p style=\"text-align: justify\"><span style=\"font-weight: 400\">El Grupo de investigaci\u00f3n PRINMA: Producci\u00f3n, Intercambio, Narrativas y Materialidad (HUM-1035; PAIDI) fue reconocido como grupo de investigaci\u00f3n por parte de la comunidad aut\u00f3noma de Andaluc\u00eda y de la Universidad de Granada el 14\/10\/2019. Se trata de un grupo de investigaci\u00f3n joven, formado por investigadores de relevancia e impacto nacional e internacional. Entre las universidades espa\u00f1olas, se sit\u00faa como uno de los equipos de trabajo en torno a la Historia, la Arqueolog\u00eda, el registro material y las fuentes escritas de \u00e9poca medieval y post-medieval.<\/span><\/p>\n<p style=\"text-align: justify\"><span style=\"font-weight: 400\">\u00abProducci\u00f3n, Intercambio, Narrativas y Materialidad\u00bb trabaja asociando el registro documental y arqueol\u00f3gico con el objetivo de abordar la historia y la memoria del Occidente isl\u00e1mico y cristiano medieval y postmedieval. Procesos t\u00e9cnicos y sociales vinculados a la producci\u00f3n, din\u00e1micas de intercambio, interacci\u00f3n e integraci\u00f3n pol\u00edtica y econ\u00f3mica de espacios, o formas de evoluci\u00f3n socio-cultural son aspectos tratados a trav\u00e9s de perspectivas de an\u00e1lisis combinado en las que la memoria escrita y material adquieren protagonismo.<\/span><\/p>\n<p>A. Garc\u00eda Porras y A. F\u00e1bregas nos lo explican en el siguiente v\u00eddeo:<\/p>\n<div style=\"text-align: center\">\n<p><iframe loading=\"lazy\" title=\"Alberto Garc\u00eda Porras - Adela Pilar F\u00e1bregas Garc\u00eda\" width=\"500\" height=\"281\" src=\"https:\/\/www.youtube.com\/embed\/mHRE3C-IiOc?feature=oembed\" frameborder=\"0\" allow=\"accelerometer; autoplay; clipboard-write; encrypted-media; gyroscope; picture-in-picture; web-share\" referrerpolicy=\"strict-origin-when-cross-origin\" allowfullscreen><\/iframe><\/p>\n<p>&nbsp;<\/p>\n<p><img loading=\"lazy\" decoding=\"async\" class=\"wp-image-877 size-medium alignleft\" src=\"https:\/\/blogs.ugr.es\/prinma\/wp-content\/uploads\/sites\/91\/2026\/02\/PRINMA_Color.png-300x96.png\" alt=\"\" width=\"300\" height=\"96\" srcset=\"https:\/\/blogs.ugr.es\/prinma\/wp-content\/uploads\/sites\/91\/2026\/02\/PRINMA_Color.png-300x96.png 300w, https:\/\/blogs.ugr.es\/prinma\/wp-content\/uploads\/sites\/91\/2026\/02\/PRINMA_Color.png-700x225.png 700w, https:\/\/blogs.ugr.es\/prinma\/wp-content\/uploads\/sites\/91\/2026\/02\/PRINMA_Color.png.png 800w\" sizes=\"auto, (max-width: 300px) 100vw, 300px\" \/><\/p>\n<p><a href=\"https:\/\/hmedieval.ugr.es\/\" target=\"_blank\" rel=\"noopener\"><img loading=\"lazy\" decoding=\"async\" class=\"wp-image-599 alignright\" src=\"https:\/\/blogs.ugr.es\/prinma\/wp-content\/uploads\/sites\/91\/2024\/03\/Dep_Medieval_1-300x184.png\" alt=\"\" width=\"313\" height=\"192\" srcset=\"https:\/\/blogs.ugr.es\/prinma\/wp-content\/uploads\/sites\/91\/2024\/03\/Dep_Medieval_1-300x184.png 300w, https:\/\/blogs.ugr.es\/prinma\/wp-content\/uploads\/sites\/91\/2024\/03\/Dep_Medieval_1-700x429.png 700w, https:\/\/blogs.ugr.es\/prinma\/wp-content\/uploads\/sites\/91\/2024\/03\/Dep_Medieval_1.png 956w\" sizes=\"auto, (max-width: 313px) 100vw, 313px\" \/><\/a><\/p>\n<\/div>\n","protected":false},"excerpt":{"rendered":"<p>El Grupo de investigaci\u00f3n PRINMA: Producci\u00f3n, Intercambio, Narrativas y Materialidad (HUM-1035; PAIDI) fue reconocido como grupo de investigaci\u00f3n por parte de la comunidad aut\u00f3noma de Andaluc\u00eda y de la Universidad de Granada el 14\/10\/2019. Se trata de un grupo de investigaci\u00f3n joven, formado por investigadores de relevancia e impacto nacional e internacional. Entre las universidades [&hellip;]<\/p>\n","protected":false},"author":645,"featured_media":0,"parent":0,"menu_order":0,"comment_status":"closed","ping_status":"closed","template":"","meta":{"_genesis_hide_title":false,"_genesis_hide_breadcrumbs":false,"_genesis_hide_singular_image":false,"_genesis_hide_footer_widgets":false,"_genesis_custom_body_class":"","_genesis_custom_post_class":"","_genesis_layout":"","footnotes":""},"categories":[],"tags":[],"class_list":{"0":"post-359","1":"page","2":"type-page","3":"status-publish","5":"entry","6":"has-post-thumbnail"},"_links":{"self":[{"href":"https:\/\/blogs.ugr.es\/prinma\/wp-json\/wp\/v2\/pages\/359","targetHints":{"allow":["GET"]}}],"collection":[{"href":"https:\/\/blogs.ugr.es\/prinma\/wp-json\/wp\/v2\/pages"}],"about":[{"href":"https:\/\/blogs.ugr.es\/prinma\/wp-json\/wp\/v2\/types\/page"}],"author":[{"embeddable":true,"href":"https:\/\/blogs.ugr.es\/prinma\/wp-json\/wp\/v2\/users\/645"}],"replies":[{"embeddable":true,"href":"https:\/\/blogs.ugr.es\/prinma\/wp-json\/wp\/v2\/comments?post=359"}],"version-history":[{"count":4,"href":"https:\/\/blogs.ugr.es\/prinma\/wp-json\/wp\/v2\/pages\/359\/revisions"}],"predecessor-version":[{"id":905,"href":"https:\/\/blogs.ugr.es\/prinma\/wp-json\/wp\/v2\/pages\/359\/revisions\/905"}],"wp:attachment":[{"href":"https:\/\/blogs.ugr.es\/prinma\/wp-json\/wp\/v2\/media?parent=359"}],"wp:term":[{"taxonomy":"category","embeddable":true,"href":"https:\/\/blogs.ugr.es\/prinma\/wp-json\/wp\/v2\/categories?post=359"},{"taxonomy":"post_tag","embeddable":true,"href":"https:\/\/blogs.ugr.es\/prinma\/wp-json\/wp\/v2\/tags?post=359"}],"curies":[{"name":"wp","href":"https:\/\/api.w.org\/{rel}","templated":true}]}}