{"id":362,"date":"2024-03-05T17:42:14","date_gmt":"2024-03-05T16:42:14","guid":{"rendered":"https:\/\/blogs.ugr.es\/prinma\/?page_id=362"},"modified":"2026-02-13T22:34:38","modified_gmt":"2026-02-13T21:34:38","slug":"generacion-de-conocimiento","status":"publish","type":"page","link":"https:\/\/blogs.ugr.es\/prinma\/generacion-de-conocimiento\/","title":{"rendered":""},"content":{"rendered":"<p style=\"text-align: justify\"><span style=\"font-weight: 400\">En la actualidad PRINMA est\u00e1 formado por 16 miembros, 11 de ellos doctores que desarrollan su actividad en la UGR y la Junta de Andaluc\u00eda. Las l\u00edneas de investigaci\u00f3n de PRINMA son: <\/span><\/p>\n<ul>\n<li style=\"text-align: justify\"><span style=\"font-weight: 400\">Estudios sobre Al-Andalus<\/span><\/li>\n<li style=\"text-align: justify\"><span style=\"font-weight: 400\">Arqueolog\u00eda Medieval<\/span><\/li>\n<li>Cultural Material<\/li>\n<li>An\u00e1lisis del patrimonio arquitect\u00f3nico<\/li>\n<li style=\"text-align: justify\"><span style=\"font-weight: 400\">Estudios sobre las sociedades medievales hisp\u00e1nicas<\/span><\/li>\n<li style=\"text-align: justify\"><span style=\"font-weight: 400\">Mercado, intercambio y comercio<\/span><\/li>\n<li style=\"text-align: justify\"><span style=\"font-weight: 400\">Actividades productivas<\/span><\/li>\n<li>An\u00e1lisis de las estructuras sociales y econ\u00f3micas del capitalismo temprano<\/li>\n<li style=\"text-align: justify\"><span style=\"font-weight: 400\">Espacios y relaciones de poder<\/span><\/li>\n<li style=\"text-align: justify\"><span style=\"font-weight: 400\">Estructuras sociales<\/span><\/li>\n<li><span title=\"Conflicto, interacci\u00f3n y negociaci\u00f3n en la Edad Media\">Conflicto, interacci\u00f3n y negociaci\u00f3n en la Edad Media<\/span><\/li>\n<li><span title=\"Historia y memoria en el occidente isl\u00e1mico medieval\">Historia y memoria en el occidente isl\u00e1mico medieval<\/span><\/li>\n<\/ul>\n<p style=\"text-align: justify\"><span style=\"font-weight: 400\">En SICA aparecen recogidas m\u00e1s de 338 aportaciones a congresos, 282 cap\u00edtulos de libro, 178 publicaciones en revistas y 38 libros. En la actualidad tienen activos varios proyectos de I+D+i conseguidos en convocatorias nacionales e internacionales, habiendo desarrollado y participado en m\u00e1s de 50, junto a 15 convenios y contratos.<\/span><\/p>\n","protected":false},"excerpt":{"rendered":"<p>En la actualidad PRINMA est\u00e1 formado por 16 miembros, 11 de ellos doctores que desarrollan su actividad en la UGR y la Junta de Andaluc\u00eda. Las l\u00edneas de investigaci\u00f3n de PRINMA son: Estudios sobre Al-Andalus Arqueolog\u00eda Medieval Cultural Material An\u00e1lisis del patrimonio arquitect\u00f3nico Estudios sobre las sociedades medievales hisp\u00e1nicas Mercado, intercambio y comercio Actividades productivas [&hellip;]<\/p>\n","protected":false},"author":645,"featured_media":0,"parent":0,"menu_order":0,"comment_status":"closed","ping_status":"closed","template":"","meta":{"_genesis_hide_title":false,"_genesis_hide_breadcrumbs":false,"_genesis_hide_singular_image":false,"_genesis_hide_footer_widgets":false,"_genesis_custom_body_class":"","_genesis_custom_post_class":"","_genesis_layout":"","footnotes":""},"categories":[],"tags":[],"class_list":{"0":"post-362","1":"page","2":"type-page","3":"status-publish","5":"entry"},"_links":{"self":[{"href":"https:\/\/blogs.ugr.es\/prinma\/wp-json\/wp\/v2\/pages\/362","targetHints":{"allow":["GET"]}}],"collection":[{"href":"https:\/\/blogs.ugr.es\/prinma\/wp-json\/wp\/v2\/pages"}],"about":[{"href":"https:\/\/blogs.ugr.es\/prinma\/wp-json\/wp\/v2\/types\/page"}],"author":[{"embeddable":true,"href":"https:\/\/blogs.ugr.es\/prinma\/wp-json\/wp\/v2\/users\/645"}],"replies":[{"embeddable":true,"href":"https:\/\/blogs.ugr.es\/prinma\/wp-json\/wp\/v2\/comments?post=362"}],"version-history":[{"count":3,"href":"https:\/\/blogs.ugr.es\/prinma\/wp-json\/wp\/v2\/pages\/362\/revisions"}],"predecessor-version":[{"id":885,"href":"https:\/\/blogs.ugr.es\/prinma\/wp-json\/wp\/v2\/pages\/362\/revisions\/885"}],"wp:attachment":[{"href":"https:\/\/blogs.ugr.es\/prinma\/wp-json\/wp\/v2\/media?parent=362"}],"wp:term":[{"taxonomy":"category","embeddable":true,"href":"https:\/\/blogs.ugr.es\/prinma\/wp-json\/wp\/v2\/categories?post=362"},{"taxonomy":"post_tag","embeddable":true,"href":"https:\/\/blogs.ugr.es\/prinma\/wp-json\/wp\/v2\/tags?post=362"}],"curies":[{"name":"wp","href":"https:\/\/api.w.org\/{rel}","templated":true}]}}