{"id":363,"date":"2024-03-05T17:42:14","date_gmt":"2024-03-05T16:42:14","guid":{"rendered":"https:\/\/blogs.ugr.es\/prinma\/?page_id=363"},"modified":"2026-02-14T19:18:09","modified_gmt":"2026-02-14T18:18:09","slug":"proyectos-de-investigacion","status":"publish","type":"page","link":"https:\/\/blogs.ugr.es\/prinma\/proyectos-de-investigacion\/","title":{"rendered":""},"content":{"rendered":"<p style=\"text-align: justify\"><span style=\"font-weight: 400\"><img loading=\"lazy\" decoding=\"async\" class=\"aligncenter wp-image-928 \" src=\"https:\/\/blogs.ugr.es\/prinma\/wp-content\/uploads\/sites\/91\/2026\/02\/Captura-de-pantalla-2026-02-14-a-las-19.17.29-300x159.jpg\" alt=\"\" width=\"338\" height=\"179\" srcset=\"https:\/\/blogs.ugr.es\/prinma\/wp-content\/uploads\/sites\/91\/2026\/02\/Captura-de-pantalla-2026-02-14-a-las-19.17.29-300x159.jpg 300w, https:\/\/blogs.ugr.es\/prinma\/wp-content\/uploads\/sites\/91\/2026\/02\/Captura-de-pantalla-2026-02-14-a-las-19.17.29-700x372.jpg 700w, https:\/\/blogs.ugr.es\/prinma\/wp-content\/uploads\/sites\/91\/2026\/02\/Captura-de-pantalla-2026-02-14-a-las-19.17.29.jpg 800w\" sizes=\"auto, (max-width: 338px) 100vw, 338px\" \/><\/span><\/p>\n<p style=\"text-align: justify\"><span style=\"font-weight: 400\">PRINMA busca crear un <strong>enfoque transdisciplinario<\/strong> para el estudio del <strong>pasado medieval y post-medieval<\/strong>, a trav\u00e9s de las <strong>fuentes escritas<\/strong> y el <strong>registro material<\/strong> arqueol\u00f3gico. Su objetivo final es la articulaci\u00f3n de un <strong>marco transdisciplinario coherente y sistem\u00e1tico<\/strong>; capaz de<strong> generar conocimiento<\/strong> acerca de nuestro pasado, integrando <strong>m\u00e9todos y discursos<\/strong> desde <strong>diversos campos y disciplinas<\/strong>. Su misi\u00f3n parte del supuesto de que las conclusiones hist\u00f3rico-arqueol\u00f3gicas acerca de nuestro pasado medieval pueden valorarse y tener una <strong>utilidad social<\/strong>.\u00a0<\/span><\/p>\n<p style=\"text-align: justify\"><strong>PROYECTO DE INVESTIGACI\u00d3N (SELECCI\u00d3N):<\/strong><\/p>\n<ul>\n<li><strong>PID2024-159801NB-I00. COSEDA: El comercio de la seda nazar\u00ed. Historia, Consumo y Mercados (ss. XIII \u2013 XVI)<\/strong>. Proyecto I+D+i, Ministerio de Ciencia, Innovaci\u00f3n y Universidades. 2026-2029. 63.500\u20ac. IP: A. F\u00e1bregas Garc\u00eda (UGR). <a href=\"https:\/\/blogs.ugr.es\/coseda\/presentacion-coseda\/\">M\u00e1s informaci\u00f3n<\/a>.<\/li>\n<li><strong>PID2022-140442NA-I00: \u201cCEGRAM. Cer\u00e1mica y transformaci\u00f3n social entre el Emirato nazar\u00ed y el Reino de Granada (siglos XV-XVI). Un an\u00e1lisis multidisciplinar\u201d.<\/strong> Ministerio de Ciencia e Innovaci\u00f3n: Plan Estatal de Investigaci\u00f3n Cient\u00edfica, T\u00e9cnica y de Innovaci\u00f3n 2021-2023, Proyectos Generaci\u00f3n Conocimiento 2022. PI: M. Busto Zapico (UGR).01\/09\/2023-31\/08\/2026. 62.500\u20ac. PI.<\/li>\n<li><strong>C-HUM-222-UGR23: \u201cALDESAL. AL-Andalus DESpu\u00e9s de AL-Andalus. Cambios sociales en el consumo de cer\u00e1mica for\u00e1nea en el sureste peninsular entre los siglos XV-XVI\u201d.<\/strong>\u00a0 IP: A. Garc\u00eda Porras (UGR).<\/li>\n<li><strong>RYC2023-044101-I. Contrato Ram\u00f3n y Cajal.<\/strong> Ministerio de Ciencia, Innovaci\u00f3n y Universidades. 2024-2029. 301.800\u20ac. IP: J. Albarr\u00e1n (UGR).<\/li>\n<li style=\"font-weight: 400;text-align: justify\"><span style=\"font-weight: 400\"><strong>P18FR2046. INCOME: Industria y Comercio en al Andalus. Siglos XII-XV<\/strong>. Proyecto D+i de Excelencia, Junta de Andaluc\u00eda. 01\/01\/2020-31\/12\/2022. 115.625\u20ac. IPs: A. Garc\u00eda Porras y A. F\u00e1bregas Garc\u00eda (UGR).\u00a0<\/span><\/li>\n<li style=\"font-weight: 400;text-align: justify\"><span style=\"font-weight: 400\"><strong>AHUM040UGR18. Industria y Comercio en al Andalus. Siglos XII-XV.<\/strong> Proyecto I+D+i Programa Operativo FEDER Andaluc\u00eda 2014-2020. 01\/01\/2020-31\/12\/2022. 32.150\u20ac. IPs: A. Garc\u00eda Porras y A. F\u00e1bregas Garc\u00eda (UGR).<\/span><\/li>\n<li style=\"font-weight: 400;text-align: justify\"><span style=\"font-weight: 400\"><strong>Un an\u00e1lisis pluridisciplinar de los recubrimientos cer\u00e1micos en la Alhambra. Estudio, an\u00e1lisis, divulgaci\u00f3n y restauraci\u00f3n.<\/strong> Patronato de la Alhambra y Generalife. 2\/01\/2018 &#8211; 31\/12\/2021. 40.000\u20ac. IP: A. Garc\u00eda Porras.<\/span><\/li>\n<li style=\"font-weight: 400;text-align: justify\"><span style=\"font-weight: 400\"><strong>SRG\/171316: Contextualising an unknown medieval destructive earthquake: the archaeological investigation of El Castillejo (Granada, Spain).<\/strong> British Academy for the Humanities and Social Sciences, 2018. 1\/05\/2018-31\/04\/2019. 9.000 \u00a3. Co-IP: A. Garc\u00eda Porras (UGR).<\/span><\/li>\n<li style=\"font-weight: 400;text-align: justify\"><span style=\"font-weight: 400\"><strong>Al-Andalus Glass Project.<\/strong> Patronato de la Alhambra y Generalife. 2\/12\/2016-31\/06\/2018. 36.000 \u20ac. IP: A. Garc\u00eda Porras (UGR).<\/span><\/li>\n<li style=\"font-weight: 400;text-align: justify\"><span style=\"font-weight: 400\"><strong>HAR-2015-66550-P: Poder y comunidades rurales en el mundo nazar\u00ed.<\/strong> Ministerio de Ciencia e Innovaci\u00f3n, 2015. 01\/01\/2016-31\/12\/2019. 45.000\u20ac. IPs: A. Garc\u00eda Porras y A. F\u00e1bregas Garc\u00eda (UGR).<\/span><\/li>\n<li style=\"font-weight: 400;text-align: justify\"><span style=\"font-weight: 400\"><strong>Transformaciones paisaj\u00edsticas en la frontera medieval entre Granada y Castilla. Aplicaci\u00f3n de an\u00e1lisis paleoambientales y arqueol\u00f3gicos al Patrimonio Natural y Arquitect\u00f3nico del pasillo Guadajoz-Belillos.<\/strong> Campus de Excelencia internacional en Patrimonio, Universidad de Ja\u00e9n, 2013. 24\/01\/2014-23\/10\/2015. 5.500\u20ac. IP: A. Garc\u00eda Porras (UGR).<\/span><\/li>\n<li style=\"font-weight: 400;text-align: justify\"><span style=\"font-weight: 400\"><strong>HUM2006-06210: Transferencias de conocimiento tecnol\u00f3gico en la producci\u00f3n cer\u00e1mica entre las \u00e1reas isl\u00e1mica y cristiana durante la Baja Edad Media.<\/strong> Ministerio de Educaci\u00f3n y Ciencia, 2005. 01\/01\/2006-31\/12\/2009. 42.350\u20ac. IP: A. Garc\u00eda Porras (UGR).<\/span><\/li>\n<\/ul>\n","protected":false},"excerpt":{"rendered":"<p>PRINMA busca crear un enfoque transdisciplinario para el estudio del pasado medieval y post-medieval, a trav\u00e9s de las fuentes escritas y el registro material arqueol\u00f3gico. Su objetivo final es la articulaci\u00f3n de un marco transdisciplinario coherente y sistem\u00e1tico; capaz de generar conocimiento acerca de nuestro pasado, integrando m\u00e9todos y discursos desde diversos campos y disciplinas. [&hellip;]<\/p>\n","protected":false},"author":645,"featured_media":0,"parent":0,"menu_order":0,"comment_status":"closed","ping_status":"closed","template":"","meta":{"_genesis_hide_title":false,"_genesis_hide_breadcrumbs":false,"_genesis_hide_singular_image":false,"_genesis_hide_footer_widgets":false,"_genesis_custom_body_class":"","_genesis_custom_post_class":"","_genesis_layout":"","footnotes":""},"categories":[],"tags":[],"class_list":{"0":"post-363","1":"page","2":"type-page","3":"status-publish","5":"entry","6":"has-post-thumbnail"},"_links":{"self":[{"href":"https:\/\/blogs.ugr.es\/prinma\/wp-json\/wp\/v2\/pages\/363","targetHints":{"allow":["GET"]}}],"collection":[{"href":"https:\/\/blogs.ugr.es\/prinma\/wp-json\/wp\/v2\/pages"}],"about":[{"href":"https:\/\/blogs.ugr.es\/prinma\/wp-json\/wp\/v2\/types\/page"}],"author":[{"embeddable":true,"href":"https:\/\/blogs.ugr.es\/prinma\/wp-json\/wp\/v2\/users\/645"}],"replies":[{"embeddable":true,"href":"https:\/\/blogs.ugr.es\/prinma\/wp-json\/wp\/v2\/comments?post=363"}],"version-history":[{"count":3,"href":"https:\/\/blogs.ugr.es\/prinma\/wp-json\/wp\/v2\/pages\/363\/revisions"}],"predecessor-version":[{"id":929,"href":"https:\/\/blogs.ugr.es\/prinma\/wp-json\/wp\/v2\/pages\/363\/revisions\/929"}],"wp:attachment":[{"href":"https:\/\/blogs.ugr.es\/prinma\/wp-json\/wp\/v2\/media?parent=363"}],"wp:term":[{"taxonomy":"category","embeddable":true,"href":"https:\/\/blogs.ugr.es\/prinma\/wp-json\/wp\/v2\/categories?post=363"},{"taxonomy":"post_tag","embeddable":true,"href":"https:\/\/blogs.ugr.es\/prinma\/wp-json\/wp\/v2\/tags?post=363"}],"curies":[{"name":"wp","href":"https:\/\/api.w.org\/{rel}","templated":true}]}}