{"id":365,"date":"2024-03-05T17:42:16","date_gmt":"2024-03-05T16:42:16","guid":{"rendered":"https:\/\/blogs.ugr.es\/prinma\/?page_id=365"},"modified":"2024-03-08T16:43:10","modified_gmt":"2024-03-08T15:43:10","slug":"divulgacion","status":"publish","type":"page","link":"https:\/\/blogs.ugr.es\/prinma\/divulgacion\/","title":{"rendered":""},"content":{"rendered":"<figure id=\"attachment_542\" aria-describedby=\"caption-attachment-542\" style=\"width: 423px\" class=\"wp-caption alignleft\"><img loading=\"lazy\" decoding=\"async\" class=\" wp-image-542\" src=\"https:\/\/blogs.ugr.es\/prinma\/wp-content\/uploads\/sites\/91\/2024\/03\/WhatsApp-Image-2024-03-08-at-16.29.51-300x198.jpeg\" alt=\"Arque\u00f3logos de el Castillo de la Estrella (Teba, M\u00e1laga) toman un caf\u00e9 y charlan sobre la excavaci\u00f3n con tebe\u00f1os.\" width=\"423\" height=\"279\" srcset=\"https:\/\/blogs.ugr.es\/prinma\/wp-content\/uploads\/sites\/91\/2024\/03\/WhatsApp-Image-2024-03-08-at-16.29.51-300x198.jpeg 300w, https:\/\/blogs.ugr.es\/prinma\/wp-content\/uploads\/sites\/91\/2024\/03\/WhatsApp-Image-2024-03-08-at-16.29.51-700x463.jpeg 700w, https:\/\/blogs.ugr.es\/prinma\/wp-content\/uploads\/sites\/91\/2024\/03\/WhatsApp-Image-2024-03-08-at-16.29.51.jpeg 720w\" sizes=\"auto, (max-width: 423px) 100vw, 423px\" \/><figcaption id=\"caption-attachment-542\" class=\"wp-caption-text\"><span style=\"color: #999999\">Arque\u00f3logos del Castillo de la Estrella (Teba, M\u00e1laga) toman un caf\u00e9 y charlan sobre la excavaci\u00f3n con tebe\u00f1os.<\/span><\/figcaption><\/figure>\n<p style=\"text-align: justify\"><span style=\"font-weight: 400\">PRINMA tiene en este momento en marcha proyectos auton\u00f3micos, nacionales, internacionales, junto con redes de contactos europeos y americanos. Fruto de ellos se desarrollar\u00e1n en los pr\u00f3ximos a\u00f1os un gran n\u00famero de publicaciones en revistas de impacto, en colaboraci\u00f3n con otros investigadores y otros centros de prestigio. Adem\u00e1s, se realizan actividades de divulgaci\u00f3n a la sociedad, como la <em><a href=\"https:\/\/lanochedelosinvestigadores.fundaciondescubre.es\/actividades\/ceramica-y-arqueologia-medieval-que-historias-nos-cuentan-los-cacharros\/\" target=\"_blank\" rel=\"noopener\">Noche Europea de los Investigadores<\/a><\/em> (RN) o Pint of Science.<\/span><\/p>\n<p style=\"text-align: justify\">En coordinaci\u00f3n con los trabajos arqueol\u00f3gicos, se desarrollan actividades como\u00a0<em>Abierto por Excavaci\u00f3n <\/em>o\u00a0<a href=\"https:\/\/conoceteba.com\/eventos-teba\/un-cafe-con-los-arqueologos\/\" target=\"_blank\" rel=\"noopener\"><em>Caf\u00e9 con Arque\u00f3logos<\/em><\/a> de las que se encargan miembros del propio equipo de trabajo. Igualmente, se organizan visitas guiadas a los yacimientos en los que se trabaja y talleres para ni\u00f1os y adultos en los que el objetivo es acercar y concienciar a la poblaci\u00f3n acerca de su propio patrimonio.<\/p>\n<p style=\"text-align: justify\">En el siguiente v\u00eddeo podr\u00e1s ver la exposici\u00f3n de C. S\u00e1nchez Castillo en <em>CIINECO 2023. II CONGRESO INTERNACIONAL Innovaci\u00f3n Docente, Educaci\u00f3n y Transferencia del Conocimiento. <\/em>Su proyecto, el cual desarrolla junto con M. Busto Zapico, lleva por t\u00edtulo\u00a0<em>\u00abDel campo al aula. Divulgaci\u00f3n arqueol\u00f3gica en educaci\u00f3n infantil, primaria y secundaria\u00bb<\/em>. El objetivo del mismo es acercar el trabajo de los arque\u00f3logos a los alumnos de aquellos lugares en los que PRINMA realiza trabajos de excavaci\u00f3n.<\/p>\n<div style=\"text-align: center\">\n<p><iframe loading=\"lazy\" title=\"Del campo al aula. Divulgaci\u00f3n arqueol\u00f3gica en educaci\u00f3n infantil, primaria y secundaria.\" width=\"500\" height=\"281\" src=\"https:\/\/www.youtube.com\/embed\/jPmBUbl4xZ8?feature=oembed\" frameborder=\"0\" allow=\"accelerometer; autoplay; clipboard-write; encrypted-media; gyroscope; picture-in-picture; web-share\" referrerpolicy=\"strict-origin-when-cross-origin\" allowfullscreen><\/iframe><\/p>\n<\/div>\n","protected":false},"excerpt":{"rendered":"<p>PRINMA tiene en este momento en marcha proyectos auton\u00f3micos, nacionales, internacionales, junto con redes de contactos europeos y americanos. Fruto de ellos se desarrollar\u00e1n en los pr\u00f3ximos a\u00f1os un gran n\u00famero de publicaciones en revistas de impacto, en colaboraci\u00f3n con otros investigadores y otros centros de prestigio. Adem\u00e1s, se realizan actividades de divulgaci\u00f3n a la [&hellip;]<\/p>\n","protected":false},"author":645,"featured_media":0,"parent":0,"menu_order":0,"comment_status":"closed","ping_status":"closed","template":"","meta":{"_genesis_hide_title":false,"_genesis_hide_breadcrumbs":false,"_genesis_hide_singular_image":false,"_genesis_hide_footer_widgets":false,"_genesis_custom_body_class":"","_genesis_custom_post_class":"","_genesis_layout":"","footnotes":""},"categories":[],"tags":[],"class_list":{"0":"post-365","1":"page","2":"type-page","3":"status-publish","5":"entry","6":"has-post-thumbnail"},"_links":{"self":[{"href":"https:\/\/blogs.ugr.es\/prinma\/wp-json\/wp\/v2\/pages\/365","targetHints":{"allow":["GET"]}}],"collection":[{"href":"https:\/\/blogs.ugr.es\/prinma\/wp-json\/wp\/v2\/pages"}],"about":[{"href":"https:\/\/blogs.ugr.es\/prinma\/wp-json\/wp\/v2\/types\/page"}],"author":[{"embeddable":true,"href":"https:\/\/blogs.ugr.es\/prinma\/wp-json\/wp\/v2\/users\/645"}],"replies":[{"embeddable":true,"href":"https:\/\/blogs.ugr.es\/prinma\/wp-json\/wp\/v2\/comments?post=365"}],"version-history":[{"count":2,"href":"https:\/\/blogs.ugr.es\/prinma\/wp-json\/wp\/v2\/pages\/365\/revisions"}],"predecessor-version":[{"id":543,"href":"https:\/\/blogs.ugr.es\/prinma\/wp-json\/wp\/v2\/pages\/365\/revisions\/543"}],"wp:attachment":[{"href":"https:\/\/blogs.ugr.es\/prinma\/wp-json\/wp\/v2\/media?parent=365"}],"wp:term":[{"taxonomy":"category","embeddable":true,"href":"https:\/\/blogs.ugr.es\/prinma\/wp-json\/wp\/v2\/categories?post=365"},{"taxonomy":"post_tag","embeddable":true,"href":"https:\/\/blogs.ugr.es\/prinma\/wp-json\/wp\/v2\/tags?post=365"}],"curies":[{"name":"wp","href":"https:\/\/api.w.org\/{rel}","templated":true}]}}