{"id":366,"date":"2024-03-05T17:42:16","date_gmt":"2024-03-05T16:42:16","guid":{"rendered":"https:\/\/blogs.ugr.es\/prinma\/?page_id=366"},"modified":"2025-05-15T11:44:14","modified_gmt":"2025-05-15T09:44:14","slug":"talleres","status":"publish","type":"page","link":"https:\/\/blogs.ugr.es\/prinma\/talleres\/","title":{"rendered":"Talleres"},"content":{"rendered":"<section>\n<h2 style=\"text-align: center\">TALLERES ARQUEOL\u00d3GICOS<\/h2>\n<h3 style=\"text-align: center\">\u201cGuardianes del Patrimonio\u201d<\/h3>\n<p style=\"text-align: justify\">Talleres did\u00e1cticos donde el p\u00fablico infantil y juvenil podr\u00e1 conocer de forma pr\u00e1ctica c\u00f3mo trabajan en una excavaci\u00f3n arqueol\u00f3gica, a trav\u00e9s del an\u00e1lisis de materiales reales, reconstrucciones 3D y experimentos sencillos. Una actividad dirigida por el Grupo PRINMA (Universidad de Granada) que acerca la ciencia al estudio del pasado y pone en valor el patrimonio medieval de forma accesible, educativa y divertida.<\/p>\n<h4>Caracter\u00edsticas de la actividad<\/h4>\n<ul>\n<li><strong>Dirigido a:<\/strong> Todos los p\u00fablicos<\/li>\n<li><strong>Actividad gratuita<\/strong><\/li>\n<li><strong>Punto de encuentro:<\/strong> Ciudad Deportiva de Vera, Vera, Almer\u00eda<br \/>\n<a href=\"https:\/\/maps.app.goo.gl\/jCvooBRvGnWj7B7Y8\" target=\"_blank\" rel=\"noopener\"><br \/>\nhttps:\/\/maps.app.goo.gl\/jCvooBRvGnWj7B7Y8<br \/>\n<\/a><\/li>\n<\/ul>\n<h4>Fechas<\/h4>\n<ul>\n<li>14\/06\/2025<\/li>\n<li>15\/06\/2025<\/li>\n<li>20\/09\/2025<\/li>\n<\/ul>\n<h4>Horario<\/h4>\n<p>11:00 \u2013 12:00<\/p>\n<h4>Inscripci\u00f3n previa obligatoria (m\u00e1ximo 20 personas)<\/h4>\n<p>Tel\u00e9fono: <strong>950 393 142<\/strong><br \/>\nCorreo electr\u00f3nico: <a href=\"&#x6d;&#97;i&#x6c;&#116;o&#x3a;&#x74;&#117;&#x72;&#x69;&#115;m&#x6f;&#64;v&#x65;&#x72;&#97;&#x2e;&#x65;&#115;\">&#x74;&#x75;&#x72;&#105;&#115;mo&#x40;&#x76;&#x65;&#x72;&#97;&#46;es<\/a><\/p>\n<p style=\"text-align: justify\">El objetivo de esta actividad es promover la participaci\u00f3n de la ciudadan\u00eda en el proceso de investigaci\u00f3n arqueol\u00f3gica y la comprensi\u00f3n de los m\u00e9todos cient\u00edficos aplicados. Se enmarca dentro de dos acciones del Plan de Divulgaci\u00f3n del Proyecto Bayra:<\/p>\n<h4>Acci\u00f3n: Circuitos Patrimoniales Interactivos \u201cDescubre nuestro pasado\u201d<\/h4>\n<p style=\"text-align: justify\">Actividad presencial integrada en un circuito patrimonial en el yacimiento de la Medina de Bayra.<\/p>\n<p><strong>Formato:<\/strong> Presencial (con impacto virtual).<br \/>\n<strong>Resultados esperados:<\/strong> Desarrollo de un recurso educativo y tur\u00edstico. Fomenta la participaci\u00f3n ciudadana mediante el uso de tecnolog\u00edas accesibles.<\/p>\n<h4>Acci\u00f3n: Talleres \u201cEl Patrimonio Arqueol\u00f3gico Medieval y la Ciencia para su estudio\u201d<\/h4>\n<p style=\"text-align: justify\">Talleres pr\u00e1cticos donde los participantes aprenden sobre el patrimonio arqueol\u00f3gico, el an\u00e1lisis de artefactos y el uso de tecnolog\u00edas como la reconstrucci\u00f3n 3D.<\/p>\n<p><strong>Formato:<\/strong> Presencial (m\u00e1s impacto virtual).<br \/>\n<strong>Resultados:<\/strong> Realizaci\u00f3n de talleres y formaci\u00f3n de los asistentes sobre t\u00e9cnicas arqueol\u00f3gicas, patrimonio cercano y el empleo de Ciencia y Humanidades digitales en el estudio del pasado.<br \/>\n<strong>Productos:<\/strong> Materiales formativos, modelos 3D de hallazgos arqueol\u00f3gicos y experiencias participativas.<\/p>\n<h4>Organizaci\u00f3n y colaboraciones<\/h4>\n<p style=\"text-align: justify\">Actividades promovidas por el <strong>Ayuntamiento de Vera<\/strong> y desarrolladas dentro del Plan de Divulgaci\u00f3n del Parque Arqueol\u00f3gico Bayra en el marco del <strong>Plan General de Investigaci\u00f3n Bayra<\/strong>.<\/p>\n<p><strong>Organizan:<\/strong> Ayuntamiento de Vera, Grupo de Investigaci\u00f3n PRINMA HUM-1035 (Universidad de Granada), Destino Vera.<br \/>\n<strong>Colaboran:<\/strong> Proyecto FCT-24-21462 <em>\u201cConectando Pasado y Futuro: Ciencia y Tecnolog\u00eda para la difusi\u00f3n del Patrimonio Arqueol\u00f3gico Medieval\u201d<\/em> (CITPAM), financiado por el Ministerio de Ciencia, Innovaci\u00f3n y Universidades y la FECYT.<br \/>\nProyecto PID2022-140442NA-I00 <em>\u201cCer\u00e1mica y transformaci\u00f3n social entre el Emirato Nazar\u00ed y el Reino de Granada\u201d<\/em> (CEGRAM), financiado por MICIU\/AEI\/10.13039\/501100011033 y FEDER, UE.<\/p>\n<h4>Jornadas Europeas de Arqueolog\u00eda<\/h4>\n<p style=\"text-align: justify\">Las actividades de los d\u00edas <strong>14 y 15 de junio<\/strong> se enmarcan en las <strong>Jornadas Europeas de Arqueolog\u00eda<\/strong>, organizadas por el <em>Institut national de recherches arch\u00e9ologiques pr\u00e9ventives<\/em> (INRAP), con el patrocinio del Ministerio franc\u00e9s de Cultura.<\/p>\n<p>M\u00e1s informaci\u00f3n disponible en el portal oficial:<\/p>\n<p><a href=\"https:\/\/journees-archeologie.eu\/fru-3933\/c-2025\/lg-es\/Espana\/Programa\/fiche-initiative\/21862\/Ciudad-medieval-de-Bayra\" target=\"_blank\" rel=\"noopener\"><br \/>\nhttps:\/\/journees-archeologie.eu\/fru-3933\/c-2025\/lg-es\/Espana\/Programa\/fiche-initiative\/21862\/Ciudad-medieval-de-Bayra<br \/>\n<\/a><\/p>\n<\/section>\n","protected":false},"excerpt":{"rendered":"<p>TALLERES ARQUEOL\u00d3GICOS \u201cGuardianes del Patrimonio\u201d Talleres did\u00e1cticos donde el p\u00fablico infantil y juvenil podr\u00e1 conocer de forma pr\u00e1ctica c\u00f3mo trabajan en una excavaci\u00f3n arqueol\u00f3gica, a trav\u00e9s del an\u00e1lisis de materiales reales, reconstrucciones 3D y experimentos sencillos. Una actividad dirigida por el Grupo PRINMA (Universidad de Granada) que acerca la ciencia al estudio del pasado y [&hellip;]<\/p>\n","protected":false},"author":645,"featured_media":0,"parent":0,"menu_order":0,"comment_status":"closed","ping_status":"closed","template":"","meta":{"_genesis_hide_title":false,"_genesis_hide_breadcrumbs":false,"_genesis_hide_singular_image":false,"_genesis_hide_footer_widgets":false,"_genesis_custom_body_class":"","_genesis_custom_post_class":"","_genesis_layout":"","footnotes":""},"categories":[],"tags":[],"class_list":{"0":"post-366","1":"page","2":"type-page","3":"status-publish","5":"entry"},"_links":{"self":[{"href":"https:\/\/blogs.ugr.es\/prinma\/wp-json\/wp\/v2\/pages\/366","targetHints":{"allow":["GET"]}}],"collection":[{"href":"https:\/\/blogs.ugr.es\/prinma\/wp-json\/wp\/v2\/pages"}],"about":[{"href":"https:\/\/blogs.ugr.es\/prinma\/wp-json\/wp\/v2\/types\/page"}],"author":[{"embeddable":true,"href":"https:\/\/blogs.ugr.es\/prinma\/wp-json\/wp\/v2\/users\/645"}],"replies":[{"embeddable":true,"href":"https:\/\/blogs.ugr.es\/prinma\/wp-json\/wp\/v2\/comments?post=366"}],"version-history":[{"count":3,"href":"https:\/\/blogs.ugr.es\/prinma\/wp-json\/wp\/v2\/pages\/366\/revisions"}],"predecessor-version":[{"id":828,"href":"https:\/\/blogs.ugr.es\/prinma\/wp-json\/wp\/v2\/pages\/366\/revisions\/828"}],"wp:attachment":[{"href":"https:\/\/blogs.ugr.es\/prinma\/wp-json\/wp\/v2\/media?parent=366"}],"wp:term":[{"taxonomy":"category","embeddable":true,"href":"https:\/\/blogs.ugr.es\/prinma\/wp-json\/wp\/v2\/categories?post=366"},{"taxonomy":"post_tag","embeddable":true,"href":"https:\/\/blogs.ugr.es\/prinma\/wp-json\/wp\/v2\/tags?post=366"}],"curies":[{"name":"wp","href":"https:\/\/api.w.org\/{rel}","templated":true}]}}