{"id":367,"date":"2024-03-05T17:42:17","date_gmt":"2024-03-05T16:42:17","guid":{"rendered":"https:\/\/blogs.ugr.es\/prinma\/?page_id=367"},"modified":"2025-05-15T11:23:37","modified_gmt":"2025-05-15T09:23:37","slug":"visitas","status":"publish","type":"page","link":"https:\/\/blogs.ugr.es\/prinma\/visitas\/","title":{"rendered":"Visitas"},"content":{"rendered":"<section>\n<h2 style=\"text-align: center\">ABIERTO POR OBRAS<\/h2>\n<h3 style=\"text-align: center\">Visitas al yacimiento arqueol\u00f3gico Bayra<\/h3>\n<h4 style=\"text-align: center\">\u201cDescubre tu pasado\u201d<\/h4>\n<p style=\"text-align: justify\">Visita guiada al yacimiento de Bayra (Vera, Almer\u00eda), antigua ciudad andalus\u00ed excavada desde el a\u00f1o 2021 bajo el patrocinio del Ayuntamiento de Vera por el Grupo PRINMA (Universidad de Granada). A trav\u00e9s de un recorrido por la alcazaba, viviendas, silos y murallas, conoceremos la historia de esta <strong>medina destruida en 1518<\/strong> y los avances de la investigaci\u00f3n arqueol\u00f3gica. Una experiencia para descubrir c\u00f3mo el pasado emerge entre la tierra y se convierte en conocimiento compartido.<\/p>\n<h4>Caracter\u00edsticas de la actividad<\/h4>\n<ul>\n<li><strong>Dirigido a:<\/strong> Todos los p\u00fablicos<\/li>\n<li><strong>Actividad gratuita<\/strong><\/li>\n<li><strong>Punto de encuentro:<\/strong> Parking del Pabell\u00f3n Blas Infante, Vera, Almer\u00eda<br \/>\n<a href=\"https:\/\/g.co\/kgs\/xHZYCag\" target=\"_blank\" rel=\"noopener\">https:\/\/g.co\/kgs\/xHZYCag<\/a><\/li>\n<\/ul>\n<h4>Fechas<\/h4>\n<ul>\n<li>24\/05\/2025<\/li>\n<li>14\/06\/2025<\/li>\n<li>15\/06\/2025<\/li>\n<li>13\/09\/2025<\/li>\n<li>20\/09\/2025<\/li>\n<\/ul>\n<h4>Horario<\/h4>\n<p>19:00 \u2013 20:30<\/p>\n<h4>Inscripci\u00f3n previa obligatoria<\/h4>\n<p>Tel\u00e9fono: <strong>950 393 142<\/strong><br \/>\nCorreo electr\u00f3nico: <a href=\"&#109;&#x61;&#105;&#x6c;t&#x6f;:&#116;&#x75;&#114;&#x69;s&#x6d;o&#64;&#x76;&#101;&#x72;a&#x2e;e&#115;\">t&#117;&#x72;&#x69;s&#109;&#x6f;&#x40;v&#101;&#114;&#x61;&#x2e;e&#115;<\/a><\/p>\n<p style=\"text-align: justify\">El objetivo de esta actividad es promover la participaci\u00f3n de la ciudadan\u00eda en el proceso de investigaci\u00f3n arqueol\u00f3gica y la comprensi\u00f3n de los m\u00e9todos cient\u00edficos aplicados.<br \/>\nSe enmarca dentro de la <strong>Acci\u00f3n \u201cCircuitos Patrimoniales Interactivos: Descubre nuestro pasado\u201d<\/strong>, como parte del circuito patrimonial del yacimiento de la Medina de Bayra.<\/p>\n<p><strong>Formato:<\/strong> Presencial (con mayor impacto virtual).<br \/>\n<strong>Resultados esperados:<\/strong> Desarrollo de un recurso educativo y tur\u00edstico que fomente la participaci\u00f3n ciudadana mediante tecnolog\u00edas accesibles.<\/p>\n<h4>Organizaci\u00f3n y colaboraciones<\/h4>\n<p style=\"text-align: justify\">Actividades promovidas por el <strong>Ayuntamiento de Vera<\/strong> y desarrolladas en el marco del Plan de Divulgaci\u00f3n del Parque Arqueol\u00f3gico Bayra, como parte del <strong>Proyecto General de Investigaci\u00f3n Bayra<\/strong>.<\/p>\n<p><strong>Organizan:<\/strong> Ayuntamiento de Vera, Grupo de Investigaci\u00f3n PRINMA HUM-1035 (Universidad de Granada), Destino Vera.<br \/>\n<strong>Colaboran:<\/strong> Proyecto FCT-24-21462 <em>\u201cConectando Pasado y Futuro: Ciencia y Tecnolog\u00eda para la difusi\u00f3n del Patrimonio Arqueol\u00f3gico Medieval\u201d<\/em> (CITPAM), financiado por el Ministerio de Ciencia, Innovaci\u00f3n y Universidades y la FECYT. Proyecto PID2022-140442NA-I00 <em>\u201cCer\u00e1mica y transformaci\u00f3n social entre el Emirato Nazar\u00ed y el Reino de Granada\u201d<\/em> (CEGRAM), financiado por MICIU\/AEI\/10.13039\/501100011033 y FEDER, UE.<\/p>\n<figure id=\"attachment_808\" aria-describedby=\"caption-attachment-808\" style=\"width: 1500px\" class=\"wp-caption aligncenter\"><img loading=\"lazy\" decoding=\"async\" class=\"wp-image-808\" src=\"https:\/\/blogs.ugr.es\/prinma\/wp-content\/uploads\/sites\/91\/2025\/05\/BAYRA-LOGOTIPOS_Mesa-de-trabajo-1-copia-3.jpg\" alt=\"\" width=\"1500\" height=\"778\" \/><figcaption id=\"caption-attachment-808\" class=\"wp-caption-text\">\u00a0<\/figcaption><\/figure>\n<h4>Jornadas Europeas de Arqueolog\u00eda<\/h4>\n<p style=\"text-align: justify\">Las actividades de los d\u00edas <strong>14 y 15 de junio<\/strong> se enmarcan en las <strong>Jornadas Europeas de Arqueolog\u00eda<\/strong>, organizadas por el <em>Institut national de recherches arch\u00e9ologiques pr\u00e9ventives<\/em> (INRAP), con el patrocinio del Ministerio franc\u00e9s de Cultura.<\/p>\n<p>M\u00e1s informaci\u00f3n disponible en el portal oficial:<\/p>\n<p><a href=\"https:\/\/journees-archeologie.eu\/fru-3933\/c-2025\/lg-es\/Espana\/Programa\/fiche-initiative\/21862\/Ciudad-medieval-de-Bayra\" target=\"_blank\" rel=\"noopener\"><br \/>\nhttps:\/\/journees-archeologie.eu\/fru-3933\/c-2025\/lg-es\/Espana\/Programa\/fiche-initiative\/21862\/Ciudad-medieval-de-Bayra<br \/>\n<\/a><\/p>\n<\/section>\n","protected":false},"excerpt":{"rendered":"<p>ABIERTO POR OBRAS Visitas al yacimiento arqueol\u00f3gico Bayra \u201cDescubre tu pasado\u201d Visita guiada al yacimiento de Bayra (Vera, Almer\u00eda), antigua ciudad andalus\u00ed excavada desde el a\u00f1o 2021 bajo el patrocinio del Ayuntamiento de Vera por el Grupo PRINMA (Universidad de Granada). A trav\u00e9s de un recorrido por la alcazaba, viviendas, silos y murallas, conoceremos la [&hellip;]<\/p>\n","protected":false},"author":645,"featured_media":0,"parent":0,"menu_order":0,"comment_status":"closed","ping_status":"closed","template":"","meta":{"_genesis_hide_title":false,"_genesis_hide_breadcrumbs":false,"_genesis_hide_singular_image":false,"_genesis_hide_footer_widgets":false,"_genesis_custom_body_class":"","_genesis_custom_post_class":"","_genesis_layout":"","footnotes":""},"categories":[],"tags":[],"class_list":{"0":"post-367","1":"page","2":"type-page","3":"status-publish","5":"entry","6":"has-post-thumbnail"},"_links":{"self":[{"href":"https:\/\/blogs.ugr.es\/prinma\/wp-json\/wp\/v2\/pages\/367","targetHints":{"allow":["GET"]}}],"collection":[{"href":"https:\/\/blogs.ugr.es\/prinma\/wp-json\/wp\/v2\/pages"}],"about":[{"href":"https:\/\/blogs.ugr.es\/prinma\/wp-json\/wp\/v2\/types\/page"}],"author":[{"embeddable":true,"href":"https:\/\/blogs.ugr.es\/prinma\/wp-json\/wp\/v2\/users\/645"}],"replies":[{"embeddable":true,"href":"https:\/\/blogs.ugr.es\/prinma\/wp-json\/wp\/v2\/comments?post=367"}],"version-history":[{"count":3,"href":"https:\/\/blogs.ugr.es\/prinma\/wp-json\/wp\/v2\/pages\/367\/revisions"}],"predecessor-version":[{"id":825,"href":"https:\/\/blogs.ugr.es\/prinma\/wp-json\/wp\/v2\/pages\/367\/revisions\/825"}],"wp:attachment":[{"href":"https:\/\/blogs.ugr.es\/prinma\/wp-json\/wp\/v2\/media?parent=367"}],"wp:term":[{"taxonomy":"category","embeddable":true,"href":"https:\/\/blogs.ugr.es\/prinma\/wp-json\/wp\/v2\/categories?post=367"},{"taxonomy":"post_tag","embeddable":true,"href":"https:\/\/blogs.ugr.es\/prinma\/wp-json\/wp\/v2\/tags?post=367"}],"curies":[{"name":"wp","href":"https:\/\/api.w.org\/{rel}","templated":true}]}}