{"id":368,"date":"2024-03-05T17:42:17","date_gmt":"2024-03-05T16:42:17","guid":{"rendered":"https:\/\/blogs.ugr.es\/prinma\/?page_id=368"},"modified":"2024-03-11T12:48:07","modified_gmt":"2024-03-11T11:48:07","slug":"interactivo-en-linea","status":"publish","type":"page","link":"https:\/\/blogs.ugr.es\/prinma\/interactivo-en-linea\/","title":{"rendered":""},"content":{"rendered":"<p style=\"text-align: justify\"><span style=\"font-weight: 400\">Dentro de sus proyectos de divulgaci\u00f3n PRINMA ha creado una serie de recursos y colecciones de material interactivo en l\u00edneas derivado de diferentes proyectos.<\/span><\/p>\n<p style=\"text-align: justify\"><span style=\"font-weight: 400\"><strong>VIRTARMED <\/strong>(Virtualidad &amp; Arqueolog\u00eda Medieval): es un proyecto de Humanidades Digitales que ha creado un espacio de exposici\u00f3n virtual en web con materiales relacionados con la Arqueolog\u00eda Medieval y Post-medieval. Ha aunado modelos digitales 3D de piezas arqueol\u00f3gicas medievales y modernas junto con videos explicativos, que permiten entender y divulgar mejor nuestro pasado.<\/span><\/p>\n<p style=\"text-align: justify\">Abajo encontrar\u00e1s un v\u00eddeo de presentaci\u00f3n del proyecto. En YouTube puedes consultar m\u00e1s contenido relacionado con <span style=\"text-align: justify\"><a href=\"https:\/\/www.youtube.com\/watch?v=m2smRNVsBtE\" target=\"_blank\" rel=\"noopener\">Cer\u00e1mica y Arqueolog\u00eda<\/a>, <a href=\"https:\/\/www.youtube.com\/watch?v=ja8xpvvyd-A\" target=\"_blank\" rel=\"noopener\">Cer\u00e1mica Post-medieval (Fajalauza HD)<\/a>, <a href=\"https:\/\/www.youtube.com\/watch?v=73DKWvqExyc\" target=\"_blank\" rel=\"noopener\">Arqueometalurgia<\/a>, <a href=\"https:\/\/www.youtube.com\/watch?v=gnw9iQGHGVE\" target=\"_blank\" rel=\"noopener\">Zooarqueolog\u00eda<\/a> y <a href=\"https:\/\/www.youtube.com\/watch?v=ta2b4D9Jur0\" target=\"_blank\" rel=\"noopener\">Arqueolog\u00eda de la Arquitectura<\/a>. Tambi\u00e9n puedes visitar los <a style=\"text-align: center\" href=\"https:\/\/sketchfab.com\/PRINMA\/collections\/virtarmed-0e98fa95406a46438fc548791fd19518\" target=\"_blank\" rel=\"noopener\">modelos 3D en Sketchfab.<\/a><\/span><\/p>\n<div style=\"text-align: center\">\n<p><iframe loading=\"lazy\" title=\"Proyecto VIRTARMED: Virtualidad &amp; Arqueolog\u00eda Medieval - Presentaci\u00f3n -\" width=\"500\" height=\"281\" src=\"https:\/\/www.youtube.com\/embed\/IY-U2nx9U2U?feature=oembed\" frameborder=\"0\" allow=\"accelerometer; autoplay; clipboard-write; encrypted-media; gyroscope; picture-in-picture; web-share\" referrerpolicy=\"strict-origin-when-cross-origin\" allowfullscreen><\/iframe><\/p>\n<\/div>\n<p>&nbsp;<\/p>\n<figure id=\"attachment_544\" aria-describedby=\"caption-attachment-544\" style=\"width: 283px\" class=\"wp-caption alignright\"><a href=\"https:\/\/sketchfab.com\/PRINMA\" target=\"_blank\" rel=\"noopener\"><img loading=\"lazy\" decoding=\"async\" class=\"wp-image-544\" src=\"https:\/\/blogs.ugr.es\/prinma\/wp-content\/uploads\/sites\/91\/2024\/03\/Captura.jpg\" alt=\"Imagen de modelo 3D de un ataifor hallado en El Castillejo (Los Gu\u00e1jares, Granada)\" width=\"283\" height=\"197\" \/><\/a><figcaption id=\"caption-attachment-544\" class=\"wp-caption-text\"><span style=\"color: #999999\">Imagen del modelo 3D de un ataifor hallado en El Castillejo (Los Gu\u00e1jares, Granada)<\/span><\/figcaption><\/figure>\n<p style=\"text-align: justify\"><strong>CERAMED\u00a0<\/strong>(Ceramoteca Medieval): es un proyecto de innovaci\u00f3n docente dirigido a crear un espacio de exposici\u00f3n f\u00edsico en el Departamento de Historia Medieval y Ciencias y T\u00e9cnicas Historiogr\u00e1ficas abierto a toda la comunidad universitaria que a\u00fane piezas medievales arqueol\u00f3gicas, sus reproducciones experimentales y sus modelados digitales 3D. Su objetivo principal es el de servir de apoyo a la docencia en asignaturas del grado y el m\u00e1ster de Arqueolog\u00eda de la Universidad de Granada.<\/p>\n<p style=\"text-align: justify\">La exposici\u00f3n se encuentra accesible de manera virtual en la plataforma <a href=\"https:\/\/sketchfab.com\/PRINMA\/collections\/ceramed-067c343b6be4452686a9667356c64202\" target=\"_blank\" rel=\"noopener\">Sketchtfab<\/a>.<\/p>\n<p style=\"text-align: justify\"><strong>CERAMOD\u00a0<\/strong>(Ceramoteca Moderna): al igual que CERAMED, es un proyecto de innovaci\u00f3n docente que se ha encargado de crear un espacio de exposici\u00f3n f\u00edsico en el Departamento de Historia Medieval y Ciencias y T\u00e9cnicas Historiogr\u00e1ficas abierto a toda la comunidad universitaria. En esta ocasi\u00f3n ha trabajado con piezas arqueol\u00f3gicas de Edad Moderna, sus reproducciones experimentales y sus modelados digitales 3D. Su objetivo principal es el de servir de apoyo a la docencia en asignaturas del grado y el m\u00e1ster de Arqueolog\u00eda de la Universidad de Granada.<\/p>\n<p style=\"text-align: justify\"><strong>FAJALAUZA HD<\/strong>: este proyecto basado en las Humanidades Digitales aborda la investigaci\u00f3n, conservaci\u00f3n y difusi\u00f3n de la producci\u00f3n cer\u00e1mica de Fajalauza granadina. El proyecto pretende tener una amplia difusi\u00f3n, conectando con su entorno y contribuyendo al avance del conocimiento.<\/p>\n<p style=\"text-align: justify\"><a href=\"https:\/\/blogs.ugr.es\/fajalauza-hd\/\" target=\"_blank\" rel=\"noopener\">Fajalauza HD<\/a> tiene su propia web donde puedes encontrar m\u00e1s informaci\u00f3n acerca del proyecto.<\/p>\n<p style=\"text-align: justify\">Abajo te dejamos su v\u00eddeo de presentaci\u00f3n. Tambi\u00e9n puedes acceder a la exposici\u00f3n de <a href=\"https:\/\/sketchfab.com\/PRINMA\/collections\/fajalauza-hd-d43d5dce5004434bbd9d83628597c16b\" target=\"_blank\" rel=\"noopener\">piezas digitalizadas en Sketchfab.<\/a><\/p>\n<div style=\"text-align: center\">\n<p><iframe loading=\"lazy\" title=\"Proyecto VIRTARMED: Cer\u00e1mica postmedieval Fajalauza HD\" width=\"500\" height=\"281\" src=\"https:\/\/www.youtube.com\/embed\/ja8xpvvyd-A?feature=oembed\" frameborder=\"0\" allow=\"accelerometer; autoplay; clipboard-write; encrypted-media; gyroscope; picture-in-picture; web-share\" referrerpolicy=\"strict-origin-when-cross-origin\" allowfullscreen><\/iframe><\/p>\n<\/div>\n<p>&nbsp;<\/p>\n<p>&nbsp;<\/p>\n<div class=\"sketchfab-embed-wrapper\">\n<p style=\"font-size: 13px;font-weight: normal;margin: 5px;color: #4a4a4a\">\n<\/div>\n","protected":false},"excerpt":{"rendered":"<p>Dentro de sus proyectos de divulgaci\u00f3n PRINMA ha creado una serie de recursos y colecciones de material interactivo en l\u00edneas derivado de diferentes proyectos. VIRTARMED (Virtualidad &amp; Arqueolog\u00eda Medieval): es un proyecto de Humanidades Digitales que ha creado un espacio de exposici\u00f3n virtual en web con materiales relacionados con la Arqueolog\u00eda Medieval y Post-medieval. Ha [&hellip;]<\/p>\n","protected":false},"author":645,"featured_media":0,"parent":0,"menu_order":0,"comment_status":"closed","ping_status":"closed","template":"","meta":{"_genesis_hide_title":false,"_genesis_hide_breadcrumbs":false,"_genesis_hide_singular_image":false,"_genesis_hide_footer_widgets":false,"_genesis_custom_body_class":"","_genesis_custom_post_class":"","_genesis_layout":"","footnotes":""},"categories":[],"tags":[],"class_list":{"0":"post-368","1":"page","2":"type-page","3":"status-publish","5":"entry","6":"has-post-thumbnail"},"_links":{"self":[{"href":"https:\/\/blogs.ugr.es\/prinma\/wp-json\/wp\/v2\/pages\/368","targetHints":{"allow":["GET"]}}],"collection":[{"href":"https:\/\/blogs.ugr.es\/prinma\/wp-json\/wp\/v2\/pages"}],"about":[{"href":"https:\/\/blogs.ugr.es\/prinma\/wp-json\/wp\/v2\/types\/page"}],"author":[{"embeddable":true,"href":"https:\/\/blogs.ugr.es\/prinma\/wp-json\/wp\/v2\/users\/645"}],"replies":[{"embeddable":true,"href":"https:\/\/blogs.ugr.es\/prinma\/wp-json\/wp\/v2\/comments?post=368"}],"version-history":[{"count":3,"href":"https:\/\/blogs.ugr.es\/prinma\/wp-json\/wp\/v2\/pages\/368\/revisions"}],"predecessor-version":[{"id":506,"href":"https:\/\/blogs.ugr.es\/prinma\/wp-json\/wp\/v2\/pages\/368\/revisions\/506"}],"wp:attachment":[{"href":"https:\/\/blogs.ugr.es\/prinma\/wp-json\/wp\/v2\/media?parent=368"}],"wp:term":[{"taxonomy":"category","embeddable":true,"href":"https:\/\/blogs.ugr.es\/prinma\/wp-json\/wp\/v2\/categories?post=368"},{"taxonomy":"post_tag","embeddable":true,"href":"https:\/\/blogs.ugr.es\/prinma\/wp-json\/wp\/v2\/tags?post=368"}],"curies":[{"name":"wp","href":"https:\/\/api.w.org\/{rel}","templated":true}]}}