{"id":370,"date":"2024-03-05T17:42:18","date_gmt":"2024-03-05T16:42:18","guid":{"rendered":"https:\/\/blogs.ugr.es\/prinma\/?page_id=370"},"modified":"2026-02-14T18:56:44","modified_gmt":"2026-02-14T17:56:44","slug":"proyectos-generales-de-investigacion","status":"publish","type":"page","link":"https:\/\/blogs.ugr.es\/prinma\/proyectos-generales-de-investigacion\/","title":{"rendered":""},"content":{"rendered":"<p style=\"text-align: justify\"><span style=\"font-weight: 400\">La mayor parte de los integrantes de PRINMA fueron o est\u00e1n actuando como Investigadores Principales (PI) de proyectos de investigaci\u00f3n nacionales e internacionales, junto con redes de contactos europeos y americanos. Durante los \u00faltimos cinco a\u00f1os, han participado como investigadores principales (IP) en 24 proyectos de investigaci\u00f3n nacionales y 3 internacionales. El Grupo PRINMA ha alcanzado una masa cr\u00edtica de investigadores con s\u00f3lida experiencia en \u00e1reas comunes, lo que hace que sea capaz de actuar como un polo de atracci\u00f3n de talento nacional e internacional.<\/span><\/p>\n<p style=\"text-align: justify\">Entre los Proyectos Generales de Investigaci\u00f3n en los que se trabaja en la actualidad se encuentran:<\/p>\n<p><strong>CASTILLO DE LA ESTRELLA (Teba, M\u00e1laga)<\/strong><\/p>\n<p><img decoding=\"async\" src=\"https:\/\/static.costadelsolmalaga.org\/malaga\/subidas\/imagenes\/3\/9\/arc_285093_g.jpg\" alt=\"Castillo de la Estrella - La Provincia - Diputaci\u00f3n de M\u00e1laga\" \/><\/p>\n<p style=\"text-align: justify\">El Proyecto, financiado por el Ayuntamiento de Teba (M\u00e1laga) en desarrollo del Plan Director aprobado en 2017, pretende profundizar en el conocimiento hist\u00f3rico de la fortaleza. Hasta el momento se conoc\u00edan mejor la iglesia y la alcazaba, pero era necesario avanzar en definir la estructura y la organizaci\u00f3n interna del castillo, determinar la naturaleza de las actividades desarrolladas en el mismo, delimitar y analizar los espacios dom\u00e9sticos de habitaci\u00f3n, definir las \u00e1reas productivas y artesanales, estudiar los m\u00e9todos de captaci\u00f3n y almacenamiento de agua, describir las t\u00e9cnicas constructivas, caracterizar el sistema defensivo y poliorc\u00e9tico, analizar los espacios de poder, religiosos y administrativos, as\u00ed como caracterizar las \u00e1reas p\u00fablicas, accesos, viales y sistemas de sanea miento del castillo.<\/p>\n<p style=\"text-align: justify\">Hasta ahora, los resultados de las distintas actividades arqueol\u00f3gicas que se han llevado a cabo desde los a\u00f1os 80 han sido relativamente contradictorios, ya que a la Torre del Homenaje se le hab\u00edan atribuido cronolog\u00edas fundacionales nazar\u00edes tempranas, bajomedievales cristianas, o incluso prealmohades en algunos sectores del recinto, con lo que a d\u00eda de hoy no est\u00e1 del todo establecido el momento exacto de la fundaci\u00f3n de la fortaleza.<\/p>\n<p style=\"text-align: justify\">Por \u00faltimo, el Proyecto pretende apoyar y supervisar la creaci\u00f3n de una colecci\u00f3n muse\u00edstica municipal, valorizar determinados espacios de la fortaleza bien delimitados, realizar actividades de difusi\u00f3n general del conocimiento del castillo tanto desde una perspectiva cient\u00edfica como divulgadora, as\u00ed como promover la realizaci\u00f3n de trabajos de investigaci\u00f3n acad\u00e9micos y extra-acad\u00e9micos sobre el yacimiento.<\/p>\n<p style=\"text-align: right\"><a href=\"https:\/\/www.juntadeandalucia.es\/export\/drupaljda\/Castillo_de_la_Estrella.pdf\" target=\"_blank\" rel=\"noopener\">(Texto extra\u00eddo de TABULA, Junta de Andaluc\u00eda)<\/a><\/p>\n<p><strong>BAYRA (Vera, Almer\u00eda)<\/strong><\/p>\n<p><img decoding=\"async\" src=\"https:\/\/www.diariodealmeria.es\/2022\/06\/15\/provincia\/vera\/Vista-alcazaba-Espiritu-Santo-Vera_1693040863_160649552_1200x675.jpg\" alt=\"Vera invertir\u00e1 1,3 millones en seis a\u00f1os para desenterrar su ciudad medieval\" \/><\/p>\n<p style=\"text-align: justify\">La ciudad de Bayra, surgida en torno al siglo IX y ubicada en el Cerro del Esp\u00edritu Santo (Vera, Almer\u00eda), goz\u00f3 de una importancia pol\u00edtica, econ\u00f3mica y demogr\u00e1fica a finales de la Edad Media que ha justificado la realizaci\u00f3n de un proyecto a largo plazo que aborde con garant\u00edas las actuaciones sobre el yacimiento. Dicho proyecto engloba la investigaci\u00f3n hist\u00f3rica y arqueol\u00f3gica, la protecci\u00f3n f\u00edsica y administrativa del bien, la consolidaci\u00f3n de las estructuras expuestas y la divulgaci\u00f3n social y cient\u00edfica de los resultados, cuyo objetivo \u00faltimo es recuperar para la ciudadan\u00eda un espacio hasta ahora olvidado.<\/p>\n<p style=\"text-align: justify\">A trav\u00e9s de un contrato de investigaci\u00f3n entre el Ayuntamiento de Vera (Almer\u00eda), promotor de la actuaci\u00f3n, y la Universidad de Granada, el proyecto se encuentra actualmente en fase de ejecuci\u00f3n por parte del grupo de investigaci\u00f3n PRINMA (HUM-1035). La direcci\u00f3n cient\u00edfica de los trabajos recae en Mois\u00e9s Alonso Valladares, Alberto Garc\u00eda Porras y Miguel Busto Zapico.<\/p>\n<p style=\"text-align: justify\">En total, se est\u00e1 interviniendo en ocho zonas de inter\u00e9s arqueol\u00f3gico que se encuentran distribuidas a lo largo del yacimiento. La primera de ellas se corresponde con el alc\u00e1zar. Ubicado en la zona m\u00e1s alta del cerro, debi\u00f3 conformar el centro de poder rector de la ciudad medieval, albergando las construcciones m\u00e1s significativas. La segunda \u00e1rea de inter\u00e9s se corresponde con un conjunto de estructuras ubicadas en la vertiente nororiental del cerro que, presumiblemente, conformaban una de las puertas de acceso. En esta misma vertiente, bajo la muralla, se localiza el tercer sector de trabajo, coincidente con diversas estructuras tanto de car\u00e1cter dom\u00e9stico como artesanal.<\/p>\n<p style=\"text-align: justify\">Las restantes zonas objeto de excavaciones arqueol\u00f3gicas se corresponden con viviendas ocupadas hasta el momento del terremoto, lo que permitir\u00e1 conocer mejor c\u00f3mo era la vida de los habitantes de la Vera del siglo XVI y qu\u00e9 aspecto ten\u00edan sus casas. En este sentido, se tiene previsto realizar intervenciones en las laderas norte y este del yacimiento, e incluir dos zonas de trabajo m\u00e1s, en el \u00e1rea m\u00e1s pr\u00f3xima a la actual carretera. Por \u00faltimo, en las proximidades de la ermita-aljibe, se pretende recuperar un tramo de muralla oculto por los derrumbes de la ladera.<\/p>\n<p style=\"text-align: justify\">Todas estas intervenciones se ver\u00e1n acompa\u00f1adas de la consiguiente consolidaci\u00f3n de las estructuras con criterios cient\u00edficos y t\u00e9cnicos. De forma paralela se ha desarrollado un plan de divulgaci\u00f3n de los resultados del proyecto con visitas guiadas, talleres divulgativos, conferencias y exposiciones.<\/p>\n<p style=\"text-align: right\"><a href=\"https:\/\/www.juntadeandalucia.es\/sites\/default\/files\/inline-files\/2023\/10\/Bayra%20web.pdf\" target=\"_blank\" rel=\"noopener\">(Texto de M. Alonso Valladares)<\/a><\/p>\n<p><strong>VILLA FORTIFICADA Y CASTILLO DE MONTEFR\u00cdO (Granada)<\/strong><\/p>\n<p><img decoding=\"async\" src=\"https:\/\/2.bp.blogspot.com\/-hxWSHArLBKo\/V9MDT_NyTtI\/AAAAAAAAQzI\/6jh3BKNLBOM0HWoXyHLrpgoAJPJwaf04gCLcB\/s1600\/20160909_155830.jpg\" alt=\"El castillo de Montefr\u00edo\" \/><\/p>\n<p style=\"text-align: justify\">La villa fortificada y castillo de Montefr\u00edo, ubicada en la provincia de Granada, es un vestigio silente de los tiempos b\u00e9licos de al-Andalus cuando la pen\u00ednsula ib\u00e9rica estaba dividida en m\u00faltiples reinos y territorios. Aunque gran parte de la estructura actual est\u00e1 asociada a la fase final de al-Andalus, su historia es notablemente rica y compleja. Este recinto fortificado forma parte de la frontera del emirato nazar\u00ed de Granada frente a Castilla. No obstante, su historia se remonta a \u00e9pocas anteriores, en las que existen indicios de una ocupaci\u00f3n anterior a\u00fan por documentar. Si bien es cierto que una gran parte de las estructuras que a\u00fan perviven, en el cerro donde se ubica, pertenecen a una \u00e9poca posterior a la conquista cristiana, \u00e9poca en la que el castillo sufri\u00f3 transformaciones significativas.<\/p>\n<p style=\"text-align: justify\">Desde una perspectiva cient\u00edfica, el estudio de los castillos en al-Andalus ha sufrido por varias etapas de desarrollo. Inicialmente, se centr\u00f3 en las caracter\u00edsticas arquitect\u00f3nicas y su relevancia hist\u00f3rica, como evidencia de eventos significativos. En las \u00faltimas d\u00e9cadas del siglo pasado trascendi\u00f3 el aspecto monumental de estos edificios, o su papel como escenario de acontecimientos hist\u00f3ricos reflejados en las cr\u00f3nicas, para profundizar en su comprensi\u00f3n como elementos rectores de un paisaje complejo, entendiendo su papel en la estructura social y econ\u00f3mica de un al-Andalus tard\u00edo. Un aspecto particularmente interesante es la ubicaci\u00f3n estrat\u00e9gica de los castillos. Su establecimiento no se decidi\u00f3 al azar, sino que se basaron en criterios defensivos y consideraciones<br \/>\npr\u00e1cticas, como la disponibilidad de recursos h\u00eddricos y la relaci\u00f3n con el h\u00e1bitat y los espacios productivos circundantes.<\/p>\n<p style=\"text-align: justify\">El Grupo de Investigaci\u00f3n de la Universidad de Granada \u201cProducci\u00f3n, Intercambio, Narrativas y Materialidad\u201d PRINMA (HUM-1035) lleva a cabo investigaciones en la villa y castillo de Montefr\u00edo dentro del marco de un Plan General de Investigaci\u00f3n aprobado por la Direcci\u00f3n General de Patrimonio Hist\u00f3rico de la Consejer\u00eda de Turismo, Cultura y Deporte de la Junta de Andaluc\u00eda. El Proyecto cuenta con el apoyo econ\u00f3mico del Ayuntamiento de Montefr\u00edo y la Diputaci\u00f3n Provincial de Granada. Este Grupo de Investigaci\u00f3n de la Universidad de Granada, compuesto por especialistas en diferentes disciplinas, realizar\u00e1 un an\u00e1lisis integral encarg\u00e1ndose tanto de la excavaci\u00f3n mediante sondeos como del estudio de las estructuras emergentes y de los materiales arqueol\u00f3gicos recuperados, que incluyen cer\u00e1mica, vidrio, metal, huesos humanos y huesos animales.<\/p>\n<p style=\"text-align: justify\">La villa y castillo de Montefr\u00edo representa m\u00e1s que un simple monumento, es un testigo hist\u00f3rico de incalculable valor, y apenas explorado, que ha perdurado a lo largo de los siglos. Se hace por lo tanto indispensable realizar una investigaci\u00f3n arqueol\u00f3gica sistem\u00e1tica y anal\u00edtica que aporte informaci\u00f3n rigurosa y que sirva de apoyo a los trabajos previstos por el \u201cPlan director del Cerro de la Villa de Montefr\u00edo\u201d, documento redactado por la Universidad de M\u00e1laga y la Universidad de Granada con el objetivo de valorizar y difundir este importante patrimonio de la comarca del Poniente Granadino.<\/p>\n<p style=\"text-align: right\"><a href=\"https:\/\/www.juntadeandalucia.es\/sites\/default\/files\/inline-files\/2023\/12\/Villa%20fortificada%20y%20Castillo%20de%20Montefr%C3%ADo%20%28Granada%29.pdf\" target=\"_blank\" rel=\"noopener\">(Texto de J. M. R\u00edos Jim\u00e9nez y A. Garc\u00eda Porras)<\/a><\/p>\n","protected":false},"excerpt":{"rendered":"<p>La mayor parte de los integrantes de PRINMA fueron o est\u00e1n actuando como Investigadores Principales (PI) de proyectos de investigaci\u00f3n nacionales e internacionales, junto con redes de contactos europeos y americanos. Durante los \u00faltimos cinco a\u00f1os, han participado como investigadores principales (IP) en 24 proyectos de investigaci\u00f3n nacionales y 3 internacionales. El Grupo PRINMA ha [&hellip;]<\/p>\n","protected":false},"author":645,"featured_media":0,"parent":0,"menu_order":0,"comment_status":"closed","ping_status":"closed","template":"","meta":{"_genesis_hide_title":false,"_genesis_hide_breadcrumbs":false,"_genesis_hide_singular_image":false,"_genesis_hide_footer_widgets":false,"_genesis_custom_body_class":"","_genesis_custom_post_class":"","_genesis_layout":"","footnotes":""},"categories":[],"tags":[],"class_list":{"0":"post-370","1":"page","2":"type-page","3":"status-publish","5":"entry"},"_links":{"self":[{"href":"https:\/\/blogs.ugr.es\/prinma\/wp-json\/wp\/v2\/pages\/370","targetHints":{"allow":["GET"]}}],"collection":[{"href":"https:\/\/blogs.ugr.es\/prinma\/wp-json\/wp\/v2\/pages"}],"about":[{"href":"https:\/\/blogs.ugr.es\/prinma\/wp-json\/wp\/v2\/types\/page"}],"author":[{"embeddable":true,"href":"https:\/\/blogs.ugr.es\/prinma\/wp-json\/wp\/v2\/users\/645"}],"replies":[{"embeddable":true,"href":"https:\/\/blogs.ugr.es\/prinma\/wp-json\/wp\/v2\/comments?post=370"}],"version-history":[{"count":3,"href":"https:\/\/blogs.ugr.es\/prinma\/wp-json\/wp\/v2\/pages\/370\/revisions"}],"predecessor-version":[{"id":920,"href":"https:\/\/blogs.ugr.es\/prinma\/wp-json\/wp\/v2\/pages\/370\/revisions\/920"}],"wp:attachment":[{"href":"https:\/\/blogs.ugr.es\/prinma\/wp-json\/wp\/v2\/media?parent=370"}],"wp:term":[{"taxonomy":"category","embeddable":true,"href":"https:\/\/blogs.ugr.es\/prinma\/wp-json\/wp\/v2\/categories?post=370"},{"taxonomy":"post_tag","embeddable":true,"href":"https:\/\/blogs.ugr.es\/prinma\/wp-json\/wp\/v2\/tags?post=370"}],"curies":[{"name":"wp","href":"https:\/\/api.w.org\/{rel}","templated":true}]}}