{"id":373,"date":"2024-03-05T17:42:20","date_gmt":"2024-03-05T16:42:20","guid":{"rendered":"https:\/\/blogs.ugr.es\/prinma\/?page_id=373"},"modified":"2026-03-19T10:14:05","modified_gmt":"2026-03-19T09:14:05","slug":"el-congreso","status":"publish","type":"page","link":"https:\/\/blogs.ugr.es\/prinma\/el-congreso\/","title":{"rendered":""},"content":{"rendered":"<p><a rel=\"noopener\" data-start=\"1447\" data-end=\"1470\"><span style=\"font-weight: 400\"><img loading=\"lazy\" decoding=\"async\" class=\" wp-image-944 aligncenter\" src=\"https:\/\/blogs.ugr.es\/prinma\/wp-content\/uploads\/sites\/91\/2026\/03\/Poster-III-Congreso-1-212x300.jpg\" alt=\"\" width=\"496\" height=\"701\" srcset=\"https:\/\/blogs.ugr.es\/prinma\/wp-content\/uploads\/sites\/91\/2026\/03\/Poster-III-Congreso-1-212x300.jpg 212w, https:\/\/blogs.ugr.es\/prinma\/wp-content\/uploads\/sites\/91\/2026\/03\/Poster-III-Congreso-1-495x700.jpg 495w, https:\/\/blogs.ugr.es\/prinma\/wp-content\/uploads\/sites\/91\/2026\/03\/Poster-III-Congreso-1.jpg 566w\" sizes=\"auto, (max-width: 496px) 100vw, 496px\" \/><\/span><\/a><\/p>\n<p><i><span style=\"font-weight: 400\">El III Congreso Internacional de Arqueolog\u00eda Bayra:\u00a0\u201cVivir en al-\u00c1ndalus: urbanismo, vivienda y cultura material\u201d<\/span><\/i><span style=\"font-weight: 400\"> se celebrar\u00e1 en Vera (Almer\u00eda) entre el 13 y el 15 de mayo de 2026; organizado por el <strong>Ayuntamiento de Vera<\/strong>, la Universidad de Granada y el Grupo de Investigaci\u00f3n Producci\u00f3n Intercambio Materialidad PRINMA (HUM 1035). Colaboran: Proyecto FCT-24-21462 <i>Conectando Pasado y Futuro: Ciencia y Tecnolog\u00eda para la difusi\u00f3n del Patrimonio Arqueol\u00f3gico Medieval<\/i> (CITPAM), financiado por el Ministerio de Ciencia, Innovaci\u00f3n y Universidades y la Fundaci\u00f3n Espa\u00f1ola para la Ciencia y la Tecnolog\u00eda. El Congreso reunir\u00e1 a especialistas en arqueolog\u00eda, arqueolog\u00eda de la arquitectura y disciplinas afines para debatir sobre la ciudad y la vivienda en la Edad Media y la Edad Moderna. El Congreso busca fomentar el intercambio de ideas, la presentaci\u00f3n de resultados y la creaci\u00f3n de redes de colaboraci\u00f3n.<\/span><\/p>\n<p><span style=\"font-weight: 400\">El objetivo primordial del <\/span><i><span style=\"font-weight: 400\">III Congreso Internacional de Arqueolog\u00eda Bayra<\/span><\/i><span style=\"font-weight: 400\"> es contribuir al avance del conocimiento sobre el urbanismo medieval, la vivienda y los espacios los espacios dom\u00e9sticos en la Edad Media y Edad Moderna, integrando diferentes enfoques.<\/span><\/p>\n<p><span style=\"font-weight: 400\">El \u00e1nimo del <\/span><i><span style=\"font-weight: 400\">III Congreso Internacional de Arqueolog\u00eda Bay<\/span><\/i><i><span style=\"font-weight: 400\">ra<\/span><\/i><span style=\"font-weight: 400\"> es reunir a investigadores de distintos campos para exponer sus avances, debatir resultados y proponer nuevas l\u00edneas de investigaci\u00f3n conjuntas. Se presentar\u00e1n resultados de proyectos recientes, estados de la cuesti\u00f3n, y se expondr\u00e1n distintas metodolog\u00edas y t\u00e9cnicas de estudio.<\/span><\/p>\n<p><span style=\"font-weight: 400\">Adem\u00e1s, se dedicar\u00e1 una jornada a la puesta en valor del patrimonio, reflexionando sobre la gesti\u00f3n, financiaci\u00f3n y futuro digital del Patrimonio.<\/span><\/p>\n<p><strong>Contacto: <\/strong><a rel=\"noopener\" data-start=\"1447\" data-end=\"1470\">&#x63;&#111;n&#x67;&#114;&#101;&#x73;&#x6f;&#98;a&#x79;&#114;a&#x40;&#x67;&#109;a&#x69;&#108;&#46;&#x63;&#x6f;&#109;<\/a><\/p>\n<hr \/>\n<p><span style=\"font-weight: 400\">The <\/span><i><span style=\"font-weight: 400\">III International Archaeology Congress Bayra: \u201cLiving in al-Andalus: urbanism, housing and material culture \u201d<\/span><\/i><span style=\"font-weight: 400\"> will take place in Vera (Almer\u00eda, Spain) from May 13 to May 15, 2025. The event is organized by the <strong>Vera City Council<\/strong>, the University of Granada, and the Research Group Producci\u00f3n Intercambio Materialidad PRINMA (HUM 1035), with the collaboration of Project FCT-24-21462 <i>Connecting Past and Future: Science and Technology for the Dissemination of Medieval Archaeological Heritage<\/i> (CITPAM), funded by the Spanish Ministry of Science, Innovation and Universities and the Spanish Foundation for Science and Technology. The Congress will bring together specialists in archaeology, archaeology of architecture, and related fields to discuss the city and housing in the Middle Ages and the Early Modern Period. The congress aims to foster the exchange of ideas, the presentation of research results, and the establishment of collaborative networks.<\/span><\/p>\n<p>The primary objective of the\u00a0<em>III International Congress on Bayra Archaeology <\/em>is to contribute to the advancement of knowledge on medieval urbanism, housing, and domestic spaces in the Middle Ages and the Early Modern Period, integrating different approaches.<\/p>\n<p>The aim of the\u00a0<em>III International Congress on Bayra Archaeology\u00a0<\/em>is to bring together researchers from different fields to present their latest findings, discuss results, and propose new lines of joint research. Results from recent projects and state-of-the-art reviews will be presented, along with a range of methodologies and research techniques.<\/p>\n<p><span style=\"font-weight: 400\">Additionally, a day will be dedicated to the enhancement of heritage, reflecting on the management, funding, and digital future of Cultural Heritage.<\/span><\/p>\n<p><strong>Contact: <\/strong><a rel=\"noopener\" data-start=\"1447\" data-end=\"1470\">c&#111;&#x6e;&#x67;&#x72;e&#115;&#x6f;&#x62;&#x61;y&#114;&#x61;&#x40;&#x67;m&#97;&#x69;&#x6c;&#x2e;c&#111;&#x6d;<\/a><\/p>\n","protected":false},"excerpt":{"rendered":"<p>El III Congreso Internacional de Arqueolog\u00eda Bayra:\u00a0\u201cVivir en al-\u00c1ndalus: urbanismo, vivienda y cultura material\u201d se celebrar\u00e1 en Vera (Almer\u00eda) entre el 13 y el 15 de mayo de 2026; organizado por el Ayuntamiento de Vera, la Universidad de Granada y el Grupo de Investigaci\u00f3n Producci\u00f3n Intercambio Materialidad PRINMA (HUM 1035). Colaboran: Proyecto FCT-24-21462 Conectando Pasado [&hellip;]<\/p>\n","protected":false},"author":645,"featured_media":0,"parent":0,"menu_order":0,"comment_status":"closed","ping_status":"closed","template":"","meta":{"_genesis_hide_title":false,"_genesis_hide_breadcrumbs":false,"_genesis_hide_singular_image":false,"_genesis_hide_footer_widgets":false,"_genesis_custom_body_class":"","_genesis_custom_post_class":"","_genesis_layout":"","footnotes":""},"categories":[],"tags":[],"class_list":{"0":"post-373","1":"page","2":"type-page","3":"status-publish","5":"entry","6":"has-post-thumbnail"},"_links":{"self":[{"href":"https:\/\/blogs.ugr.es\/prinma\/wp-json\/wp\/v2\/pages\/373","targetHints":{"allow":["GET"]}}],"collection":[{"href":"https:\/\/blogs.ugr.es\/prinma\/wp-json\/wp\/v2\/pages"}],"about":[{"href":"https:\/\/blogs.ugr.es\/prinma\/wp-json\/wp\/v2\/types\/page"}],"author":[{"embeddable":true,"href":"https:\/\/blogs.ugr.es\/prinma\/wp-json\/wp\/v2\/users\/645"}],"replies":[{"embeddable":true,"href":"https:\/\/blogs.ugr.es\/prinma\/wp-json\/wp\/v2\/comments?post=373"}],"version-history":[{"count":3,"href":"https:\/\/blogs.ugr.es\/prinma\/wp-json\/wp\/v2\/pages\/373\/revisions"}],"predecessor-version":[{"id":945,"href":"https:\/\/blogs.ugr.es\/prinma\/wp-json\/wp\/v2\/pages\/373\/revisions\/945"}],"wp:attachment":[{"href":"https:\/\/blogs.ugr.es\/prinma\/wp-json\/wp\/v2\/media?parent=373"}],"wp:term":[{"taxonomy":"category","embeddable":true,"href":"https:\/\/blogs.ugr.es\/prinma\/wp-json\/wp\/v2\/categories?post=373"},{"taxonomy":"post_tag","embeddable":true,"href":"https:\/\/blogs.ugr.es\/prinma\/wp-json\/wp\/v2\/tags?post=373"}],"curies":[{"name":"wp","href":"https:\/\/api.w.org\/{rel}","templated":true}]}}