{"id":374,"date":"2024-03-05T17:42:21","date_gmt":"2024-03-05T16:42:21","guid":{"rendered":"https:\/\/blogs.ugr.es\/prinma\/?page_id=374"},"modified":"2026-04-07T15:12:04","modified_gmt":"2026-04-07T13:12:04","slug":"convocatoria-poster","status":"publish","type":"page","link":"https:\/\/blogs.ugr.es\/prinma\/convocatoria-poster\/","title":{"rendered":""},"content":{"rendered":"<p style=\"text-align: justify\">El <em>III Congreso Internacional de Arqueolog\u00eda Bayra: \u00abVivir en al-\u00c1ndalus: urbanismo, vivienda y cultura material\u00bb <\/em>hace p\u00fablica la convocatoria para la presentaci\u00f3n de p\u00f3steres, que ser\u00e1n evaluados por el Comit\u00e9 Cient\u00edfico.<\/p>\n<p style=\"text-align: center\"><strong>CONVOCATORIA DE P\u00d3STERES<\/strong><\/p>\n<p style=\"text-align: justify\">Las propuestas deber\u00e1n centrarse en el estudio de el urbanismo, los espacios dom\u00e9sticos y materias afines en la Edad Media y la Edad Moderna, incluyendo investigaciones sobre materiales, yacimientos, paisajes o estados de la cuesti\u00f3n. Tambi\u00e9n se aceptar\u00e1n contribuciones de car\u00e1cter te\u00f3rico o metodol\u00f3gico.<\/p>\n<p style=\"text-align: justify\">Se aceptar\u00e1n p\u00f3steres en espa\u00f1ol, ingl\u00e9s, portugu\u00e9s, franc\u00e9s e italiano. Deber\u00e1n imprimirse en formato <strong>DIN A1 (841 x 594 mm)<\/strong>, en orientaci\u00f3n vertical, y presentarse en la sede del Congreso el primer d\u00eda del evento.<\/p>\n<p style=\"text-align: justify\"><strong>Los p\u00f3steres se expondr\u00e1n durante las sesiones de p\u00f3ster previstas en el programa del Congreso.<\/strong><\/p>\n<p style=\"text-align: justify\">Las propuestas deben incluir: <b>t\u00edtulo<\/b>, <b>autor\/es<\/b>, <b>correo electr\u00f3nico<\/b>, <b>afiliaci\u00f3n institucional<\/b> y un <b>resumen<\/b> de entre 250 y 300 palabras.<\/p>\n<p style=\"text-align: justify\">Para enviar las propuestas, deber\u00e1 remitir un correo electr\u00f3nico a <a href=\"&#x6d;a&#x69;l&#x74;&#111;&#x3a;&#99;o&#x6e;g&#x72;&#101;&#x73;&#111;&#x62;&#97;y&#x72;a&#x40;&#103;&#x6d;&#97;&#x69;&#x6c;&#46;&#x63;o&#x6d;\"><strong>&#x63;&#x6f;&#x6e;&#x67;&#114;&#101;&#115;&#111;bay&#x72;&#x61;&#x40;&#x67;&#x6d;&#97;&#105;&#108;&#46;co&#x6d; <\/strong><\/a>\u00a0o inscribirse en el siguiente\u00a0 <strong><a href=\"https:\/\/docs.google.com\/forms\/d\/e\/1FAIpQLSd1jUbWNygCkj5FZYYr6zo1yTFAAM2ODpG9o4Sdh367G0JCNw\/viewform\" target=\"_blank\" rel=\"noopener\">formulario de inscripci\u00f3n<\/a>.<\/strong><\/p>\n<p style=\"text-align: justify\">En caso de duda o necesidad de m\u00e1s informaci\u00f3n, puede escribirnos a la misma direcci\u00f3n de contacto.<\/p>\n<p><strong>Informaci\u00f3n general:<\/strong><\/p>\n<p style=\"text-align: justify\">La participaci\u00f3n en el Congreso est\u00e1 abierta de manera gratuita a investigadores de todas las disciplinas relacionadas con el tema propuesto. El Congreso busca fomentar la presentaci\u00f3n de resultados, la discusi\u00f3n cr\u00edtica y la creaci\u00f3n de redes de colaboraci\u00f3n cient\u00edfica.<\/p>\n<p>Recepci\u00f3n de propuestas del <strong>20 de febrero<\/strong> al <strong>24\u00a0de abril<\/strong>.<\/p>\n<p>&nbsp;<\/p>\n<p><img loading=\"lazy\" decoding=\"async\" class=\" wp-image-949 aligncenter\" src=\"https:\/\/blogs.ugr.es\/prinma\/wp-content\/uploads\/sites\/91\/2026\/03\/Call-For-Posters-212x300.jpg\" alt=\"\" width=\"470\" height=\"665\" srcset=\"https:\/\/blogs.ugr.es\/prinma\/wp-content\/uploads\/sites\/91\/2026\/03\/Call-For-Posters-212x300.jpg 212w, https:\/\/blogs.ugr.es\/prinma\/wp-content\/uploads\/sites\/91\/2026\/03\/Call-For-Posters-495x700.jpg 495w, https:\/\/blogs.ugr.es\/prinma\/wp-content\/uploads\/sites\/91\/2026\/03\/Call-For-Posters.jpg 566w\" sizes=\"auto, (max-width: 470px) 100vw, 470px\" \/><\/p>\n<p>&nbsp;<\/p>\n<p style=\"text-align: justify\">The <em>III International Archaeology Conference Bayra: \u00abLiving in al-Andalus: urbanism, housing and material culture\u00bb<\/em> announces the call for posters, which will be evaluated by the Scientific Committee.<\/p>\n<p style=\"text-align: center\"><strong>CALL FOR POSTERS<\/strong><\/p>\n<p style=\"text-align: justify\">Proposals should focus on the study of urbanism, domestic spaces and related topics during the Middle Ages and the Early Modern Period, including research on materials, sites, landscapes, or state-of-the-art reviews. Theoretical or methodological contributions will also be accepted.<\/p>\n<p style=\"text-align: justify\">Posters will be accepted in Spanish, English, Portuguese, French, and Italian.\u00a0 They\u00a0must be printed in <strong>DIN A1 format (841 x 594 mm)<\/strong>, vertically oriented, and presented at the Congress venue on the first day of the event.<\/p>\n<p style=\"text-align: justify\"><strong>Posters will be displayed during the dedicated poster sessions scheduled in the Congress programme.<\/strong><\/p>\n<p style=\"text-align: justify\">Proposals must include: <b>title<\/b>, <b>author(s)<\/b>, <b>email address<\/b>, <b>institutional affiliation<\/b>, and a <b>summary<\/b> between 250 and 300 words.<\/p>\n<p style=\"text-align: justify\">Proposals should be submitted by email to <a href=\"&#109;&#x61;i&#108;&#x74;o&#58;&#x63;o&#x6e;&#x67;&#114;&#x65;s&#111;&#x62;a&#121;&#x72;a&#x40;&#x67;&#109;&#x61;&#x69;&#108;&#x2e;c&#111;&#x6d;\"><strong>&#x63;&#x6f;&#110;gr&#x65;&#x73;&#111;&#98;a&#x79;&#x72;&#97;&#64;g&#x6d;&#x61;&#x69;&#108;&#46;c&#x6f;&#x6d; <\/strong><\/a>or register in the following <strong><a href=\"https:\/\/docs.google.com\/forms\/d\/e\/1FAIpQLSd1jUbWNygCkj5FZYYr6zo1yTFAAM2ODpG9o4Sdh367G0JCNw\/viewform\" target=\"_blank\" rel=\"noopener\">inscription form<\/a>.<\/strong><\/p>\n<p style=\"text-align: justify\">For any questions or further information, please contact us at the same email address.<\/p>\n<p><strong>General Information:<\/strong><\/p>\n<p style=\"text-align: justify\">Participation in the Congress is open, free of charge, to researchers from all disciplines related to the proposed theme. The Congress\u00a0 aims to encourage the presentation of results, critical discussion, and the creation of scientific collaboration networks.<\/p>\n<p>Submission of proposals from <strong>February 20<\/strong> to <strong>April 24<\/strong>.<\/p>\n","protected":false},"excerpt":{"rendered":"<p>El III Congreso Internacional de Arqueolog\u00eda Bayra: \u00abVivir en al-\u00c1ndalus: urbanismo, vivienda y cultura material\u00bb hace p\u00fablica la convocatoria para la presentaci\u00f3n de p\u00f3steres, que ser\u00e1n evaluados por el Comit\u00e9 Cient\u00edfico. CONVOCATORIA DE P\u00d3STERES Las propuestas deber\u00e1n centrarse en el estudio de el urbanismo, los espacios dom\u00e9sticos y materias afines en la Edad Media y [&hellip;]<\/p>\n","protected":false},"author":645,"featured_media":0,"parent":0,"menu_order":0,"comment_status":"closed","ping_status":"closed","template":"","meta":{"_genesis_hide_title":false,"_genesis_hide_breadcrumbs":false,"_genesis_hide_singular_image":false,"_genesis_hide_footer_widgets":false,"_genesis_custom_body_class":"","_genesis_custom_post_class":"","_genesis_layout":"","footnotes":""},"categories":[],"tags":[],"class_list":{"0":"post-374","1":"page","2":"type-page","3":"status-publish","5":"entry","6":"has-post-thumbnail"},"_links":{"self":[{"href":"https:\/\/blogs.ugr.es\/prinma\/wp-json\/wp\/v2\/pages\/374","targetHints":{"allow":["GET"]}}],"collection":[{"href":"https:\/\/blogs.ugr.es\/prinma\/wp-json\/wp\/v2\/pages"}],"about":[{"href":"https:\/\/blogs.ugr.es\/prinma\/wp-json\/wp\/v2\/types\/page"}],"author":[{"embeddable":true,"href":"https:\/\/blogs.ugr.es\/prinma\/wp-json\/wp\/v2\/users\/645"}],"replies":[{"embeddable":true,"href":"https:\/\/blogs.ugr.es\/prinma\/wp-json\/wp\/v2\/comments?post=374"}],"version-history":[{"count":4,"href":"https:\/\/blogs.ugr.es\/prinma\/wp-json\/wp\/v2\/pages\/374\/revisions"}],"predecessor-version":[{"id":960,"href":"https:\/\/blogs.ugr.es\/prinma\/wp-json\/wp\/v2\/pages\/374\/revisions\/960"}],"wp:attachment":[{"href":"https:\/\/blogs.ugr.es\/prinma\/wp-json\/wp\/v2\/media?parent=374"}],"wp:term":[{"taxonomy":"category","embeddable":true,"href":"https:\/\/blogs.ugr.es\/prinma\/wp-json\/wp\/v2\/categories?post=374"},{"taxonomy":"post_tag","embeddable":true,"href":"https:\/\/blogs.ugr.es\/prinma\/wp-json\/wp\/v2\/tags?post=374"}],"curies":[{"name":"wp","href":"https:\/\/api.w.org\/{rel}","templated":true}]}}