{"id":377,"date":"2024-03-05T17:42:22","date_gmt":"2024-03-05T16:42:22","guid":{"rendered":"https:\/\/blogs.ugr.es\/prinma\/?page_id=377"},"modified":"2026-04-14T15:32:03","modified_gmt":"2026-04-14T13:32:03","slug":"inscripcion","status":"publish","type":"page","link":"https:\/\/blogs.ugr.es\/prinma\/inscripcion\/","title":{"rendered":""},"content":{"rendered":"<p style=\"text-align: justify\">La inscripci\u00f3n para asistir como oyente al <em>III Congreso Internacional de Arqueolog\u00eda Bayra<\/em> de manera presencial est\u00e1 <strong>abierta hasta<\/strong> el <strong>5 de mayo de 2026<\/strong>. Para ello, es necesario completar el <a href=\"https:\/\/docs.google.com\/forms\/d\/e\/1FAIpQLSeiJVhTGnGfqXj8XNgWe52E7SoNA_yT0StD8x3M-h_tlrLLVQ\/viewform?usp=header\"><strong>Formulario de Inscripci\u00f3n<\/strong><\/a>.<\/p>\n<p style=\"text-align: justify\">La asistencia es <strong>gratuita y se emitir\u00e1 certificado de participaci\u00f3n<\/strong>. En la pesta\u00f1a <strong><a href=\"https:\/\/blogs.ugr.es\/prinma\/vera\/\" target=\"_blank\" rel=\"noopener\">\u00abVera\u00bb<\/a><\/strong> encontrar\u00e1s informaci\u00f3n sobre la localizaci\u00f3n y lugares de alojamiento. Tambi\u00e9n puedes consultar informaci\u00f3n referente al yacimiento de la ciudad medieval de <strong><a href=\"https:\/\/blogs.ugr.es\/prinma\/bayra\/\" target=\"_blank\" rel=\"noopener\">Bayra<\/a><\/strong>, en la que se encuentra trabajando el grupo PRINMA. El programa del congreso incluye una <strong>visita guiada<\/strong> al yacimiento el 14 de mayo de 2026.<\/p>\n<p><strong>Contacto: <\/strong><a rel=\"noopener\" data-start=\"1447\" data-end=\"1470\">&#x63;o&#x6e;&#103;&#x72;&#101;s&#x6f;&#98;&#x61;&#121;r&#x61;&#64;&#x67;&#109;a&#x69;l&#x2e;&#99;&#x6f;&#x6d;<\/a><\/p>\n<p>&nbsp;<\/p>\n<p>____________________________________________________________________________________________________________________________________________________________<\/p>\n<p style=\"text-align: justify\">Registration to attend the <em>III International Archaeology Conference Bayra<\/em> in person is <strong>open until<\/strong> <strong>May 5, 2026<\/strong>.\u00a0To register, it is necessary to complete the <a href=\"https:\/\/docs.google.com\/forms\/d\/e\/1FAIpQLSeiJVhTGnGfqXj8XNgWe52E7SoNA_yT0StD8x3M-h_tlrLLVQ\/viewform?usp=header\"><strong>Registration Form<\/strong><\/a>.<\/p>\n<p style=\"text-align: justify\">Attendance is <strong>free of charge and participants will receive a certificate of attendance<\/strong>. In the <strong><a href=\"https:\/\/blogs.ugr.es\/prinma\/vera\/\" target=\"_blank\" rel=\"noopener\">\u00abVera\u00bb<\/a><\/strong> section you will find information about the location and accommodation options. You can also consult details about the archaeological site of the medieval city of <strong><a href=\"https:\/\/blogs.ugr.es\/prinma\/bayra\/\" target=\"_blank\" rel=\"noopener\">Bayra<\/a><\/strong>, where the PRINMA group is currently working. The conference programme includes a <strong>guided tour<\/strong> of the archaeological site on May 14, 2026.<\/p>\n<p><strong>Contact:<\/strong> <a rel=\"noopener\" data-start=\"1447\" data-end=\"1470\">&#99;o&#x6e;g&#x72;e&#x73;&#111;&#x62;&#97;&#x79;&#114;a&#x40;g&#x6d;a&#x69;&#108;&#x2e;&#99;&#x6f;&#109;<\/a><\/p>\n<p>&nbsp;<\/p>\n","protected":false},"excerpt":{"rendered":"<p>La inscripci\u00f3n para asistir como oyente al III Congreso Internacional de Arqueolog\u00eda Bayra de manera presencial est\u00e1 abierta hasta el 5 de mayo de 2026. Para ello, es necesario completar el Formulario de Inscripci\u00f3n. La asistencia es gratuita y se emitir\u00e1 certificado de participaci\u00f3n. En la pesta\u00f1a \u00abVera\u00bb encontrar\u00e1s informaci\u00f3n sobre la localizaci\u00f3n y lugares [&hellip;]<\/p>\n","protected":false},"author":645,"featured_media":0,"parent":0,"menu_order":0,"comment_status":"closed","ping_status":"closed","template":"","meta":{"_genesis_hide_title":false,"_genesis_hide_breadcrumbs":false,"_genesis_hide_singular_image":false,"_genesis_hide_footer_widgets":false,"_genesis_custom_body_class":"","_genesis_custom_post_class":"","_genesis_layout":"","footnotes":""},"categories":[],"tags":[],"class_list":{"0":"post-377","1":"page","2":"type-page","3":"status-publish","5":"entry"},"_links":{"self":[{"href":"https:\/\/blogs.ugr.es\/prinma\/wp-json\/wp\/v2\/pages\/377","targetHints":{"allow":["GET"]}}],"collection":[{"href":"https:\/\/blogs.ugr.es\/prinma\/wp-json\/wp\/v2\/pages"}],"about":[{"href":"https:\/\/blogs.ugr.es\/prinma\/wp-json\/wp\/v2\/types\/page"}],"author":[{"embeddable":true,"href":"https:\/\/blogs.ugr.es\/prinma\/wp-json\/wp\/v2\/users\/645"}],"replies":[{"embeddable":true,"href":"https:\/\/blogs.ugr.es\/prinma\/wp-json\/wp\/v2\/comments?post=377"}],"version-history":[{"count":3,"href":"https:\/\/blogs.ugr.es\/prinma\/wp-json\/wp\/v2\/pages\/377\/revisions"}],"predecessor-version":[{"id":976,"href":"https:\/\/blogs.ugr.es\/prinma\/wp-json\/wp\/v2\/pages\/377\/revisions\/976"}],"wp:attachment":[{"href":"https:\/\/blogs.ugr.es\/prinma\/wp-json\/wp\/v2\/media?parent=377"}],"wp:term":[{"taxonomy":"category","embeddable":true,"href":"https:\/\/blogs.ugr.es\/prinma\/wp-json\/wp\/v2\/categories?post=377"},{"taxonomy":"post_tag","embeddable":true,"href":"https:\/\/blogs.ugr.es\/prinma\/wp-json\/wp\/v2\/tags?post=377"}],"curies":[{"name":"wp","href":"https:\/\/api.w.org\/{rel}","templated":true}]}}