{"id":378,"date":"2024-03-05T17:42:23","date_gmt":"2024-03-05T16:42:23","guid":{"rendered":"https:\/\/blogs.ugr.es\/prinma\/?page_id=378"},"modified":"2025-04-26T14:23:01","modified_gmt":"2025-04-26T12:23:01","slug":"vera","status":"publish","type":"page","link":"https:\/\/blogs.ugr.es\/prinma\/vera\/","title":{"rendered":""},"content":{"rendered":"<p style=\"text-align: justify\">Ciudad antigua, Vera est\u00e1 situada en el levante almeriense, muy cerca de la costa, por donde extiende parte de su t\u00e9rmino. Dentro de su estructura urbana ha sabido conservar la historia compagin\u00e1ndola con un desarrollo urban\u00edstico m\u00e1s moderno.<\/p>\n<p style=\"text-align: justify\">Cuenta con un buen n\u00famero de edificios y puntos de inter\u00e9s como el Ayuntamiento, el Museo Hist\u00f3rico, la Iglesia de la Encarnaci\u00f3n, construida con aspecto de fortaleza para protegerse de las invasiones piratas, casas se\u00f1oriales y viviendas burguesas construidas en los momentos de auge econ\u00f3mico.<\/p>\n<p style=\"text-align: justify\">En la actualidad, aunque no est\u00e1 en primera l\u00ed\u00adnea de playa, su actividad m\u00e1s importante es el turismo, con una magn\u00ed\u00adfica oferta en instalaciones e infraestructuras de primer nivel.<\/p>\n<p>&nbsp;<\/p>\n<figure style=\"width: 750px\" class=\"wp-caption aligncenter\"><img loading=\"lazy\" decoding=\"async\" src=\"https:\/\/www.esradioalmeria.com\/wp-content\/uploads\/2021\/01\/El-Ayuntamiento-de-Vera-recuerda-que-este-mie%CC%81rcoles-el-municipio-pasa-a-nivel-de-alerta-4-grado-2-al-superar-la-incidencia-acumulada-de-Covid19-4.jpg\" alt=\"Vera recuerda que este mi\u00e9rcoles el municipio pasa a nivel de alerta 4\" width=\"750\" height=\"450\" \/><figcaption class=\"wp-caption-text\"><span style=\"color: #999999\">Vera con el cerro del Esp\u00edritu Santo al fondo<\/span><\/figcaption><\/figure>\n<p style=\"text-align: justify\"><strong>HISTORIA<\/strong><\/p>\n<p style=\"text-align: justify\">Zona de asentamientos humanos desde muy antiguo, la cultura del Argar ocupar\u00eda toda esta comarca desde el IV milenio a. C. La primera fundaci\u00f3n de la ciudad estar\u00eda relacionada con la actividad minera, los cartagineses fundaron Baria cerca de Villaricos en el siglo VI a. C.<\/p>\n<p style=\"text-align: justify\">Durante el periodo romano se sigui\u00f3 con la explotaci\u00f3n minera y fue llamada Barea, en el mismo lugar donde se encuentra actualmente Villaricos. Alrededor se conform\u00f3 en todo el t\u00e9rmino una serie de villas que explotaban en forma de latifundios las tierras.<\/p>\n<p style=\"text-align: justify\">En tiempos de Al-Andalus, la inseguridad de la costa y la ca\u00edda de la actividad minera aconsejaron el traslado en el siglo XIII a una zona m\u00e1s segura del interior, en el Cerro del Esp\u00edritu Santo donde ya exist\u00eda una aldea. Desde entonces se convertir\u00e1 en la ciudad m\u00e1s oriental del Reino de Granada y frontera con Lorca.<\/p>\n<p style=\"text-align: justify\">La conquista cristiana tuvo lugar en el 1488. En ella se estableci\u00f3 el real de los ej\u00e9rcitos cristianos. Al ser esta una zona estrat\u00e9gica, los Reyes cat\u00f3licos se aseguraron y trasladaron a todos los musulmanes al interior y fue repoblada con gentes de armas. Adem\u00e1s queda como ciudad de realengo, dependiendo de la Corona, concedi\u00e9ndole sus fueros y privilegios en el 1494. El primer alcalde cristiano fue el capit\u00e1n Garcilaso de la Vega.<\/p>\n<p style=\"text-align: justify\">En el a\u00f1o 1518 un terremoto la asol\u00f3 completamente y dos a\u00f1os m\u00e1s tarde fue reedificada en el lugar que hoy ocupa, por orden de Carlos V, como plaza murada de forma rectangular, cuya fortaleza central era el templo parroquial.<\/p>\n<p style=\"text-align: justify\">La sublevaci\u00f3n morisca de 1568 se produjo en toda la comarca. Vera al no haber moriscos no se vio afectada en principio. En septiembre de 1569 se produce el asedio de los moriscos al mando de Aben Humeya para conseguir dominar un amplio territorio costero y poder establecer as\u00ed una comunicaci\u00f3n directa con el Norte de \u00c1frica. El asedio terminar\u00eda al recibirse la noticia de la proximidad de un ej\u00e9rcito proveniente de Lorca.<\/p>\n<p style=\"text-align: justify\">La Sociedad de Amigos del Pa\u00eds de Vera ser\u00e1 la segunda de Andaluc\u00eda en solicitar la aprobaci\u00f3n de los estatutos, en junio de 1776. El progreso econ\u00f3mico y demogr\u00e1fico de este periodo se refleja en el desarrollo urban\u00edstico de la ciudad.<\/p>\n<p style=\"text-align: justify\">El siglo XIX se caracterizar\u00e1 por una serie de hechos importantes como son el apoyo de la Constituci\u00f3n de 1812 durante el Trienio Liberal de 1820 al 1823 y la creaci\u00f3n de una Milicia Urbana encargada de defender los valores de la constituci\u00f3n. El descubrimiento del fil\u00f3n argent\u00edfero del barranco El Jaroso de Sierra Almagrera relanzar\u00e1 la econom\u00eda de la ciudad de Vera. A finales del siglo se conformar\u00e1 el t\u00e9rmino municipal definitivo que hoy conocemos.<\/p>\n<p style=\"text-align: justify\">La crisis de la miner\u00eda y el declive de la agricultura tradicional traer\u00e1 consigo una crisis desde principios del siglo XX, esta se acrecentar\u00e1 con la emigraci\u00f3n de los a\u00f1os 50 y 60 que supondr\u00e1 una aut\u00e9ntica sangr\u00eda para la ciudad. En la actualidad se abren nuevas perspectivas con el desarrollo del turismo y las mejoras obtenidas en la agricultura intensiva.<\/p>\n<p style=\"text-align: right\"><a href=\"https:\/\/www.andalucia.org\/es\/vera\" target=\"_blank\" rel=\"noopener\">(Texto extra\u00eddo de la web oficial del Ayuntamiento de Vera)<\/a><\/p>\n<p>&nbsp;<\/p>\n<p>____________________________________________________________________________________________________________________________________________________________<\/p>\n<p>&nbsp;<\/p>\n<p style=\"text-align: justify\">An ancient city, Vera is located in the eastern part of Almer\u00eda, very close to the coast, extending part of its territory to the shoreline. Within its urban structure, it has successfully preserved its historical legacy while combining it with modern urban development.<\/p>\n<p style=\"text-align: justify\">The town boasts numerous buildings and points of interest, such as the Town Hall, the Historical Museum, and the Church of La Encarnaci\u00f3n \u2014built with the appearance of a fortress to defend against pirate raids\u2014 along with stately homes and bourgeois residences from times of economic prosperity.<\/p>\n<p style=\"text-align: justify\">Today, despite not being directly on the beachfront, tourism has become Vera&#8217;s main economic activity, supported by an excellent range of first-class facilities and infrastructure.<\/p>\n<p>&nbsp;<\/p>\n<figure style=\"width: 750px\" class=\"wp-caption aligncenter\"><img loading=\"lazy\" decoding=\"async\" src=\"https:\/\/www.esradioalmeria.com\/wp-content\/uploads\/2021\/01\/El-Ayuntamiento-de-Vera-recuerda-que-este-mie%CC%81rcoles-el-municipio-pasa-a-nivel-de-alerta-4-grado-2-al-superar-la-incidencia-acumulada-de-Covid19-4.jpg\" alt=\"Vera remembers that this Wednesday the municipality moves to alert level 4\" width=\"750\" height=\"450\" \/><figcaption class=\"wp-caption-text\"><span style=\"color: #999999\">Vera with the Esp\u00edritu Santo hill in the background<\/span><\/figcaption><\/figure>\n<p style=\"text-align: justify\"><strong>HISTORY<\/strong><\/p>\n<p style=\"text-align: justify\">Human settlement in this area dates back to ancient times. The Argaric culture occupied the region from the 4th millennium BC. The city&#8217;s earliest foundation is linked to mining activity, when the Carthaginians founded Baria near Villaricos in the 6th century BC.<\/p>\n<p style=\"text-align: justify\">During the Roman period, mining activities continued, and the settlement became known as Barea, located in present-day Villaricos. Around it, numerous villas exploited the lands as large estates.<\/p>\n<p style=\"text-align: justify\">In the period of al-Andalus, coastal insecurity and the decline of mining activities led to the relocation of the settlement in the 13th century to a safer inland area, the Esp\u00edritu Santo Hill, where a small village already existed. Vera then became the easternmost city of the Kingdom of Granada, bordering Lorca.<\/p>\n<p style=\"text-align: justify\">The Christian conquest took place in 1488, establishing a royal military camp in the area. Due to its strategic importance, the Catholic Monarchs expelled the Muslim population to the interior and repopulated Vera with Christian settlers. The city became royal property, receiving charters and privileges in 1494. The first Christian mayor was Captain Garcilaso de la Vega.<\/p>\n<p style=\"text-align: justify\">In 1518, an earthquake completely destroyed the city, which was rebuilt in 1520 by order of Emperor Charles V as a fortified rectangular town, with the parish church serving as the central stronghold.<\/p>\n<p style=\"text-align: justify\">During the Morisco Rebellion of 1568, Vera initially remained unaffected due to the low presence of Moriscos. However, in September 1569, it was besieged by forces under Aben Humeya, seeking to establish a coastal corridor to North Africa. The siege ended with the arrival of a Christian army from Lorca.<\/p>\n<p style=\"text-align: justify\">The Vera Society of Friends of the Country was the second in Andalusia to seek official approval of its statutes in 1776, reflecting the city&#8217;s economic and demographic vitality at the time.<\/p>\n<p style=\"text-align: justify\">In the 19th century, Vera supported the Constitution of 1812 during the Liberal Triennium and established a Militia to defend constitutional values. The discovery of silver-bearing veins in the El Jaroso ravine sparked a new period of economic growth. By the end of the century, the present municipal boundaries were established.<\/p>\n<p style=\"text-align: justify\">The 20th century was marked by crisis due to the decline of mining and traditional agriculture, worsened by the emigration waves of the 1950s and 1960s. Today, new opportunities have emerged through the development of tourism and the modernization of intensive agriculture.<\/p>\n<p style=\"text-align: right\"><a href=\"https:\/\/www.andalucia.org\/en\/vera\" target=\"_blank\" rel=\"noopener\">(Text extracted from the official website of Vera Town Council)<\/a><\/p>\n","protected":false},"excerpt":{"rendered":"<p>Ciudad antigua, Vera est\u00e1 situada en el levante almeriense, muy cerca de la costa, por donde extiende parte de su t\u00e9rmino. Dentro de su estructura urbana ha sabido conservar la historia compagin\u00e1ndola con un desarrollo urban\u00edstico m\u00e1s moderno. Cuenta con un buen n\u00famero de edificios y puntos de inter\u00e9s como el Ayuntamiento, el Museo Hist\u00f3rico, [&hellip;]<\/p>\n","protected":false},"author":645,"featured_media":0,"parent":0,"menu_order":0,"comment_status":"closed","ping_status":"closed","template":"","meta":{"_genesis_hide_title":false,"_genesis_hide_breadcrumbs":false,"_genesis_hide_singular_image":false,"_genesis_hide_footer_widgets":false,"_genesis_custom_body_class":"","_genesis_custom_post_class":"","_genesis_layout":"","footnotes":""},"categories":[],"tags":[],"class_list":{"0":"post-378","1":"page","2":"type-page","3":"status-publish","5":"entry"},"_links":{"self":[{"href":"https:\/\/blogs.ugr.es\/prinma\/wp-json\/wp\/v2\/pages\/378","targetHints":{"allow":["GET"]}}],"collection":[{"href":"https:\/\/blogs.ugr.es\/prinma\/wp-json\/wp\/v2\/pages"}],"about":[{"href":"https:\/\/blogs.ugr.es\/prinma\/wp-json\/wp\/v2\/types\/page"}],"author":[{"embeddable":true,"href":"https:\/\/blogs.ugr.es\/prinma\/wp-json\/wp\/v2\/users\/645"}],"replies":[{"embeddable":true,"href":"https:\/\/blogs.ugr.es\/prinma\/wp-json\/wp\/v2\/comments?post=378"}],"version-history":[{"count":3,"href":"https:\/\/blogs.ugr.es\/prinma\/wp-json\/wp\/v2\/pages\/378\/revisions"}],"predecessor-version":[{"id":788,"href":"https:\/\/blogs.ugr.es\/prinma\/wp-json\/wp\/v2\/pages\/378\/revisions\/788"}],"wp:attachment":[{"href":"https:\/\/blogs.ugr.es\/prinma\/wp-json\/wp\/v2\/media?parent=378"}],"wp:term":[{"taxonomy":"category","embeddable":true,"href":"https:\/\/blogs.ugr.es\/prinma\/wp-json\/wp\/v2\/categories?post=378"},{"taxonomy":"post_tag","embeddable":true,"href":"https:\/\/blogs.ugr.es\/prinma\/wp-json\/wp\/v2\/tags?post=378"}],"curies":[{"name":"wp","href":"https:\/\/api.w.org\/{rel}","templated":true}]}}