{"id":379,"date":"2024-03-05T17:42:24","date_gmt":"2024-03-05T16:42:24","guid":{"rendered":"https:\/\/blogs.ugr.es\/prinma\/?page_id=379"},"modified":"2025-04-26T14:26:55","modified_gmt":"2025-04-26T12:26:55","slug":"como-llegar","status":"publish","type":"page","link":"https:\/\/blogs.ugr.es\/prinma\/como-llegar\/","title":{"rendered":""},"content":{"rendered":"<p style=\"text-align: justify\">Puede llegar a Vera a trav\u00e9s de la <strong>v\u00eda a\u00e9rea<\/strong> utilizando el <strong>Aeropuerto de Almer\u00eda<\/strong>, localizado a 40-50 minutos de distancia de Vera. Desde all\u00ed, hay autobuses que te trasladan a la <strong>Estaci\u00f3n de Autobuses<\/strong> de Almer\u00eda, desde donde podr\u00e1 tomar otro autob\u00fas directo a Vera.<br \/>\nTambi\u00e9n puede llegar a trav\u00e9s de los <strong>aeropuertos de Murcia, Alicante, Granada o M\u00e1laga<\/strong>. Desde estos aeropuertos, hay servicios de <strong>autobuses<\/strong> que conectan con la <strong>estaci\u00f3n de Vera<\/strong>.<\/p>\n<p>&nbsp;<\/p>\n<p style=\"text-align: justify\"><img loading=\"lazy\" decoding=\"async\" class=\"alignleft\" src=\"https:\/\/www.conmishijos.com\/assets\/posts\/7000\/7812-autocar.jpg\" alt=\"Dibujo para colorear con los ni\u00f1os de un autocar\" width=\"156\" height=\"137\" \/><\/p>\n<p style=\"text-align: justify\">Otra opci\u00f3n es llegar a Vera en <strong>autob\u00fas<\/strong>. Desde la estaci\u00f3n de autobuses del municipio, parten autobuses de la compa\u00f1\u00eda <strong>AUTOCARES BARAZA<\/strong> que conectan <strong>Vera Pueblo<\/strong> y <strong>Vera Playa<\/strong>. Tambi\u00e9n hay <strong>diversas compa\u00f1\u00edas<\/strong> que ofrecen servicios regulares hacia otros pueblos de la provincia y hacia las <strong>principales ciudades<\/strong> espa\u00f1olas como Madrid, Barcelona, Sevilla, Granada, M\u00e1laga y Murcia.<\/p>\n<p>&nbsp;<\/p>\n<p style=\"text-align: justify\"><img loading=\"lazy\" decoding=\"async\" class=\"alignleft\" src=\"https:\/\/img.freepik.com\/vector-premium\/dibujo-colorear-tren-garabato_564737-267.jpg\" alt=\"Dibujo para colorear con tren garabato | Vector Premium\" width=\"156\" height=\"156\" \/><\/p>\n<p style=\"text-align: justify\">Si prefiere viajar en <strong>tren<\/strong>, la <strong>Estaci\u00f3n Intermodal de Almer\u00eda<\/strong> ofrece servicios de <strong>RENFE<\/strong> hacia ciudades como Granada, Barcelona, Madrid, Sevilla y C\u00e1diz. Adem\u00e1s, las <strong>estaciones<\/strong> de <strong>Lorca<\/strong> y <strong>Murcia<\/strong> tambi\u00e9n est\u00e1n cerca y tienen <strong>servicios similares<\/strong>.<\/p>\n<p>&nbsp;<\/p>\n<p>&nbsp;<\/p>\n<p style=\"text-align: justify\"><img loading=\"lazy\" decoding=\"async\" class=\"alignleft\" src=\"https:\/\/static.vecteezy.com\/system\/resources\/previews\/014\/286\/393\/non_2x\/doodle-funny-car-sketch-scribble-style-hand-drawn-toy-car-isolated-on-white-for-childish-coloring-book-vector.jpg\" alt=\"M\u00e1s que nada por ciento Monta\u00f1as clim\u00e1ticas coche de juguete dibujo Lugar de nacimiento Entretener Regeneraci\u00f3n\" width=\"157\" height=\"131\" \/>Finalmente, si va a trasladarse en <strong>coche<\/strong>, Vera es f\u00e1cilmente accesible a trav\u00e9s de la <strong>Autov\u00eda del Mediterr\u00e1neo<\/strong> (A-7 E-15), la carretera <strong>N-324<\/strong> (A-92 Sur) que une Granada con Almer\u00eda, la <strong>AP-7<\/strong> y la <strong>N-340<\/strong> (Autov\u00eda del Mediterr\u00e1neo) que conecta con M\u00e1laga y Murcia.<\/p>\n<p>&nbsp;<\/p>\n<p>&nbsp;<\/p>\n<p>__________________________________________________________________________________________________________<\/p>\n<p>&nbsp;<\/p>\n<p style=\"text-align: justify\">You can reach Vera by <strong>air<\/strong> via the <strong>Almer\u00eda Airport<\/strong>, located about 40\u201350 minutes from Vera. From the airport, there are buses to the <strong>Almer\u00eda Bus Station<\/strong>, where you can take a direct bus to Vera. It is also possible to travel through the <strong>airports of Murcia, Alicante, Granada, or M\u00e1laga<\/strong>. From these airports, there are <strong>bus services<\/strong> connecting to the <strong>Vera bus station<\/strong>.<\/p>\n<p>&nbsp;<\/p>\n<p style=\"text-align: justify\">\n<p style=\"text-align: justify\">Another option is to reach Vera by <strong>bus<\/strong>. From the local bus station, <strong>AUTOCARES BARAZA<\/strong> coaches connect <strong>Vera town<\/strong> and <strong>Vera Playa<\/strong>. In addition, <strong>various companies<\/strong> offer regular services to other towns in the province and to major Spanish cities such as Madrid, Barcelona, Seville, Granada, M\u00e1laga, and Murcia.<\/p>\n<p>&nbsp;<\/p>\n<p style=\"text-align: justify\">\n<p style=\"text-align: justify\">If you prefer to travel by <strong>train<\/strong>, the <strong>Almer\u00eda Intermodal Station<\/strong> offers <strong>RENFE<\/strong> services to cities such as Granada, Barcelona, Madrid, Seville, and C\u00e1diz. The <strong>stations<\/strong> of <strong>Lorca<\/strong> and <strong>Murcia<\/strong> are also nearby and provide <strong>similar services<\/strong>.<\/p>\n<p>&nbsp;<\/p>\n<p style=\"text-align: justify\">Finally, if you are traveling by <strong>car<\/strong>, Vera is easily accessible via the <strong>Autov\u00eda del Mediterr\u00e1neo<\/strong> (A-7 E-15), the <strong>N-324<\/strong> (A-92 South) connecting Granada with Almer\u00eda, the <strong>AP-7<\/strong>, and the <strong>N-340<\/strong> (Autov\u00eda del Mediterr\u00e1neo) linking M\u00e1laga and Murcia.<\/p>\n","protected":false},"excerpt":{"rendered":"<p>Puede llegar a Vera a trav\u00e9s de la v\u00eda a\u00e9rea utilizando el Aeropuerto de Almer\u00eda, localizado a 40-50 minutos de distancia de Vera. Desde all\u00ed, hay autobuses que te trasladan a la Estaci\u00f3n de Autobuses de Almer\u00eda, desde donde podr\u00e1 tomar otro autob\u00fas directo a Vera. Tambi\u00e9n puede llegar a trav\u00e9s de los aeropuertos de [&hellip;]<\/p>\n","protected":false},"author":645,"featured_media":0,"parent":0,"menu_order":0,"comment_status":"closed","ping_status":"closed","template":"","meta":{"_genesis_hide_title":false,"_genesis_hide_breadcrumbs":false,"_genesis_hide_singular_image":false,"_genesis_hide_footer_widgets":false,"_genesis_custom_body_class":"","_genesis_custom_post_class":"","_genesis_layout":"","footnotes":""},"categories":[],"tags":[],"class_list":{"0":"post-379","1":"page","2":"type-page","3":"status-publish","5":"entry"},"_links":{"self":[{"href":"https:\/\/blogs.ugr.es\/prinma\/wp-json\/wp\/v2\/pages\/379","targetHints":{"allow":["GET"]}}],"collection":[{"href":"https:\/\/blogs.ugr.es\/prinma\/wp-json\/wp\/v2\/pages"}],"about":[{"href":"https:\/\/blogs.ugr.es\/prinma\/wp-json\/wp\/v2\/types\/page"}],"author":[{"embeddable":true,"href":"https:\/\/blogs.ugr.es\/prinma\/wp-json\/wp\/v2\/users\/645"}],"replies":[{"embeddable":true,"href":"https:\/\/blogs.ugr.es\/prinma\/wp-json\/wp\/v2\/comments?post=379"}],"version-history":[{"count":3,"href":"https:\/\/blogs.ugr.es\/prinma\/wp-json\/wp\/v2\/pages\/379\/revisions"}],"predecessor-version":[{"id":790,"href":"https:\/\/blogs.ugr.es\/prinma\/wp-json\/wp\/v2\/pages\/379\/revisions\/790"}],"wp:attachment":[{"href":"https:\/\/blogs.ugr.es\/prinma\/wp-json\/wp\/v2\/media?parent=379"}],"wp:term":[{"taxonomy":"category","embeddable":true,"href":"https:\/\/blogs.ugr.es\/prinma\/wp-json\/wp\/v2\/categories?post=379"},{"taxonomy":"post_tag","embeddable":true,"href":"https:\/\/blogs.ugr.es\/prinma\/wp-json\/wp\/v2\/tags?post=379"}],"curies":[{"name":"wp","href":"https:\/\/api.w.org\/{rel}","templated":true}]}}