{"id":380,"date":"2024-03-05T17:42:25","date_gmt":"2024-03-05T16:42:25","guid":{"rendered":"https:\/\/blogs.ugr.es\/prinma\/?page_id=380"},"modified":"2025-04-26T14:24:50","modified_gmt":"2025-04-26T12:24:50","slug":"hoteles","status":"publish","type":"page","link":"https:\/\/blogs.ugr.es\/prinma\/hoteles\/","title":{"rendered":""},"content":{"rendered":"<p style=\"text-align: justify\"><span style=\"font-weight: 400\"><img loading=\"lazy\" decoding=\"async\" class=\"alignright\" src=\"https:\/\/i.pinimg.com\/736x\/3d\/01\/a1\/3d01a1ab79ad2ad4028b1ff30185dcc6.jpg\" alt=\"Descargar hotel edificio vector icono ilustraci\u00f3n vector libre. estilo de dibujos animados plana gratis | Estilos de dibujo, Dibujos, Dibujos animados\" width=\"228\" height=\"228\" \/>Si est\u00e1 pensando alojarse en Vera debe saber que cuenta con un abundante abanico de servicios de hospedaje, con hoteles, resorts, airbnb, apartamentos, hostales y campings.<\/span><\/p>\n<p style=\"text-align: justify\"><span style=\"font-weight: 400\">La mayor parte de los alojamientos tur\u00edsticos se encuentran concentrados en el \u00e1rea costera de Vera Playa. Sin embargo, en orden de proximidad a Vera pueblo podr\u00e1 consultar <a href=\"https:\/\/www.terrazacarmona.com\/\" target=\"_blank\" rel=\"noopener\">Hotel Terraza Carmona<\/a>, <a href=\"https:\/\/www.avent-verahotel.com\/\" target=\"_blank\" rel=\"noopener\">Avent Vera Hotel<\/a> y\u00a0<a href=\"https:\/\/www.valledeleste.es\/\" target=\"_blank\" rel=\"noopener\">Hotel Resort Valle del Este<\/a>. Tambi\u00e9n es muy com\u00fan el alquiler temporal de apartamentos que podr\u00e1 encontrar en <a href=\"https:\/\/www.booking.com\/searchresults.es.html?ss=Vera&amp;ssne=Vera&amp;ssne_untouched=Vera&amp;efdco=1&amp;label=vera-exi*V1rWS9iNEB2VNjOn8wS638077471587%3Apl%3Ata%3Ap135%3Ap2%C3%83%C2%A2%C3%82%C2%82%C3%82%C2%AC25%3Aac%3Aap%3Aneg%3Afi%3Atiaud-2007787596709%3Akwd-4868868623%3Alp1005414%3Ali%3Adec%3Adm%3Appccp%3DUmFuZG9tSVYkc2RlIyh9Ye7BFAsTyVd6olzyFZA51Co&amp;aid=303946&amp;lang=es&amp;sb=1&amp;src_elem=sb&amp;src=searchresults&amp;dest_id=-407002&amp;dest_type=city&amp;checkin=2024-05-22&amp;checkout=2024-05-24&amp;group_adults=1&amp;no_rooms=1&amp;group_children=0\" target=\"_blank\" rel=\"noopener\">Booking<\/a> y <a href=\"https:\/\/www.airbnb.es\/s\/Vera--Andalusia--Spain\/homes?adults=1&amp;checkin=2024-05-22&amp;checkout=2024-05-24&amp;tab_id=home_tab&amp;refinement_paths%5B%5D=%2Fhomes&amp;query=Vera%2C%20Espa%C3%B1a&amp;place_id=ChIJsyC4KvzUeg0RckJA8IRmtm8&amp;flexible_trip_lengths%5B%5D=one_week&amp;monthly_start_date=2024-04-01&amp;monthly_length=3&amp;monthly_end_date=2024-07-01&amp;price_filter_input_type=0&amp;price_filter_num_nights=2&amp;channel=EXPLORE&amp;source=structured_search_input_header&amp;search_type=filter_change\" target=\"_blank\" rel=\"noopener\">Airbnb<\/a>.<\/span><\/p>\n<p>Puede consultar m\u00e1s opciones sobre alojamientos en Vera en el siguiente <a href=\"https:\/\/www.vera.es\/turismo\/index.php?page=donde_alojarse\" target=\"_blank\" rel=\"noopener\">enlace<\/a>.<\/p>\n<p>____________________________________________________________________________________________________________________________________<\/p>\n<p>&nbsp;<\/p>\n<p style=\"text-align: justify\"><span style=\"font-weight: 400\">If you are planning to stay in Vera, you will find a wide range of accommodation options, including hotels, resorts, Airbnb rentals, apartments, hostels, and campsites.<\/span><\/p>\n<p style=\"text-align: justify\"><span style=\"font-weight: 400\">Most tourist accommodations are located in the coastal area of Vera Playa. However, if you prefer staying closer to Vera town, you may consider <a href=\"https:\/\/www.terrazacarmona.com\/\" target=\"_blank\" rel=\"noopener\">Hotel Terraza Carmona<\/a>, <a href=\"https:\/\/www.avent-verahotel.com\/\" target=\"_blank\" rel=\"noopener\">Avent Vera Hotel<\/a>, and <a href=\"https:\/\/www.valledeleste.es\/\" target=\"_blank\" rel=\"noopener\">Hotel Resort Valle del Este<\/a>. Short-term apartment rentals are also very common and can be found through platforms such as <a href=\"https:\/\/www.booking.com\/searchresults.es.html?ss=Vera&amp;ssne=Vera&amp;ssne_untouched=Vera&amp;efdco=1&amp;label=vera-exi*V1rWS9iNEB2VNjOn8wS638077471587%3Apl%3Ata%3Ap135%3Ap2%C3%83%C2%A2%C3%82%C2%82%C3%82%C2%AC25%3Aac%3Aap%3Aneg%3Afi%3Atiaud-2007787596709%3Akwd-4868868623%3Alp1005414%3Ali%3Adec%3Adm%3Appccp%3DUmFuZG9tSVYkc2RlIyh9Ye7BFAsTyVd6olzyFZA51Co&amp;aid=303946&amp;lang=es&amp;sb=1&amp;src_elem=sb&amp;src=searchresults&amp;dest_id=-407002&amp;dest_type=city&amp;checkin=2024-05-22&amp;checkout=2024-05-24&amp;group_adults=1&amp;no_rooms=1&amp;group_children=0\" target=\"_blank\" rel=\"noopener\">Booking<\/a> and <a href=\"https:\/\/www.airbnb.es\/s\/Vera--Andalusia--Spain\/homes?adults=1&amp;checkin=2024-05-22&amp;checkout=2024-05-24&amp;tab_id=home_tab&amp;refinement_paths%5B%5D=%2Fhomes&amp;query=Vera%2C%20Espa%C3%B1a&amp;place_id=ChIJsyC4KvzUeg0RckJA8IRmtm8&amp;flexible_trip_lengths%5B%5D=one_week&amp;monthly_start_date=2024-04-01&amp;monthly_length=3&amp;monthly_end_date=2024-07-01&amp;price_filter_input_type=0&amp;price_filter_num_nights=2&amp;channel=EXPLORE&amp;source=structured_search_input_header&amp;search_type=filter_change\" target=\"_blank\" rel=\"noopener\">Airbnb<\/a>.<\/span><\/p>\n<p>You can find more accommodation options in Vera at the following <a href=\"https:\/\/www.vera.es\/turismo\/index.php?page=donde_alojarse\" target=\"_blank\" rel=\"noopener\">link<\/a>.<\/p>\n","protected":false},"excerpt":{"rendered":"<p>Si est\u00e1 pensando alojarse en Vera debe saber que cuenta con un abundante abanico de servicios de hospedaje, con hoteles, resorts, airbnb, apartamentos, hostales y campings. La mayor parte de los alojamientos tur\u00edsticos se encuentran concentrados en el \u00e1rea costera de Vera Playa. Sin embargo, en orden de proximidad a Vera pueblo podr\u00e1 consultar Hotel [&hellip;]<\/p>\n","protected":false},"author":645,"featured_media":0,"parent":0,"menu_order":0,"comment_status":"closed","ping_status":"closed","template":"","meta":{"_genesis_hide_title":false,"_genesis_hide_breadcrumbs":false,"_genesis_hide_singular_image":false,"_genesis_hide_footer_widgets":false,"_genesis_custom_body_class":"","_genesis_custom_post_class":"","_genesis_layout":"","footnotes":""},"categories":[],"tags":[],"class_list":{"0":"post-380","1":"page","2":"type-page","3":"status-publish","5":"entry"},"_links":{"self":[{"href":"https:\/\/blogs.ugr.es\/prinma\/wp-json\/wp\/v2\/pages\/380","targetHints":{"allow":["GET"]}}],"collection":[{"href":"https:\/\/blogs.ugr.es\/prinma\/wp-json\/wp\/v2\/pages"}],"about":[{"href":"https:\/\/blogs.ugr.es\/prinma\/wp-json\/wp\/v2\/types\/page"}],"author":[{"embeddable":true,"href":"https:\/\/blogs.ugr.es\/prinma\/wp-json\/wp\/v2\/users\/645"}],"replies":[{"embeddable":true,"href":"https:\/\/blogs.ugr.es\/prinma\/wp-json\/wp\/v2\/comments?post=380"}],"version-history":[{"count":3,"href":"https:\/\/blogs.ugr.es\/prinma\/wp-json\/wp\/v2\/pages\/380\/revisions"}],"predecessor-version":[{"id":789,"href":"https:\/\/blogs.ugr.es\/prinma\/wp-json\/wp\/v2\/pages\/380\/revisions\/789"}],"wp:attachment":[{"href":"https:\/\/blogs.ugr.es\/prinma\/wp-json\/wp\/v2\/media?parent=380"}],"wp:term":[{"taxonomy":"category","embeddable":true,"href":"https:\/\/blogs.ugr.es\/prinma\/wp-json\/wp\/v2\/categories?post=380"},{"taxonomy":"post_tag","embeddable":true,"href":"https:\/\/blogs.ugr.es\/prinma\/wp-json\/wp\/v2\/tags?post=380"}],"curies":[{"name":"wp","href":"https:\/\/api.w.org\/{rel}","templated":true}]}}