{"id":448,"date":"2024-03-05T18:37:31","date_gmt":"2024-03-05T17:37:31","guid":{"rendered":"https:\/\/blogs.ugr.es\/prinma\/?page_id=448"},"modified":"2026-02-14T19:07:08","modified_gmt":"2026-02-14T18:07:08","slug":"capacidad-formativa","status":"publish","type":"page","link":"https:\/\/blogs.ugr.es\/prinma\/capacidad-formativa\/","title":{"rendered":""},"content":{"rendered":"<p style=\"text-align: justify\"><span style=\"font-weight: 400\"><img loading=\"lazy\" decoding=\"async\" class=\" wp-image-921 aligncenter\" src=\"https:\/\/blogs.ugr.es\/prinma\/wp-content\/uploads\/sites\/91\/2026\/02\/Captura-de-pantalla-2026-02-14-a-las-19.04.09-300x198.jpg\" alt=\"\" width=\"374\" height=\"247\" srcset=\"https:\/\/blogs.ugr.es\/prinma\/wp-content\/uploads\/sites\/91\/2026\/02\/Captura-de-pantalla-2026-02-14-a-las-19.04.09-300x198.jpg 300w, https:\/\/blogs.ugr.es\/prinma\/wp-content\/uploads\/sites\/91\/2026\/02\/Captura-de-pantalla-2026-02-14-a-las-19.04.09-700x462.jpg 700w, https:\/\/blogs.ugr.es\/prinma\/wp-content\/uploads\/sites\/91\/2026\/02\/Captura-de-pantalla-2026-02-14-a-las-19.04.09.jpg 800w\" sizes=\"auto, (max-width: 374px) 100vw, 374px\" \/><\/span><\/p>\n<p style=\"text-align: justify\"><span style=\"font-weight: 400\">PRINMA<\/span><span style=\"font-weight: 400\"> cuenta con capital humano altamente cualificado, con experiencia y la formaci\u00f3n suficiente como para facilitar la proyecci\u00f3n de resultados. <\/span><span style=\"font-weight: 400\">Los miembros de PRINMA dirigen m\u00e1s de 16 tesis doctorales, entre ellas codirecciones con la Universitat de Barcelona, la Universidad Aut\u00f3noma de Madrid, la Universidade Nova de Lisboa y la UNED; y una colaboraci\u00f3n con la Fundaci\u00f3n Fulbright para la tutorizaci\u00f3n de un doctorando de la Universidad de Princeton. Adem\u00e1s, han dirigido m\u00e1s de 5 DEAs, 40 TFGs y 50 TFMs. PRINMA ha recibido y recibe investigadores de otros centros, adem\u00e1s organiza cursos de car\u00e1cter formativo y divulgativo.<\/span><\/p>\n","protected":false},"excerpt":{"rendered":"<p>PRINMA cuenta con capital humano altamente cualificado, con experiencia y la formaci\u00f3n suficiente como para facilitar la proyecci\u00f3n de resultados. Los miembros de PRINMA dirigen m\u00e1s de 16 tesis doctorales, entre ellas codirecciones con la Universitat de Barcelona, la Universidad Aut\u00f3noma de Madrid, la Universidade Nova de Lisboa y la UNED; y una colaboraci\u00f3n con [&hellip;]<\/p>\n","protected":false},"author":645,"featured_media":0,"parent":0,"menu_order":0,"comment_status":"closed","ping_status":"closed","template":"","meta":{"_genesis_hide_title":false,"_genesis_hide_breadcrumbs":false,"_genesis_hide_singular_image":false,"_genesis_hide_footer_widgets":false,"_genesis_custom_body_class":"","_genesis_custom_post_class":"","_genesis_layout":"","footnotes":""},"categories":[],"tags":[],"class_list":{"0":"post-448","1":"page","2":"type-page","3":"status-publish","5":"entry","6":"has-post-thumbnail"},"_links":{"self":[{"href":"https:\/\/blogs.ugr.es\/prinma\/wp-json\/wp\/v2\/pages\/448","targetHints":{"allow":["GET"]}}],"collection":[{"href":"https:\/\/blogs.ugr.es\/prinma\/wp-json\/wp\/v2\/pages"}],"about":[{"href":"https:\/\/blogs.ugr.es\/prinma\/wp-json\/wp\/v2\/types\/page"}],"author":[{"embeddable":true,"href":"https:\/\/blogs.ugr.es\/prinma\/wp-json\/wp\/v2\/users\/645"}],"replies":[{"embeddable":true,"href":"https:\/\/blogs.ugr.es\/prinma\/wp-json\/wp\/v2\/comments?post=448"}],"version-history":[{"count":3,"href":"https:\/\/blogs.ugr.es\/prinma\/wp-json\/wp\/v2\/pages\/448\/revisions"}],"predecessor-version":[{"id":923,"href":"https:\/\/blogs.ugr.es\/prinma\/wp-json\/wp\/v2\/pages\/448\/revisions\/923"}],"wp:attachment":[{"href":"https:\/\/blogs.ugr.es\/prinma\/wp-json\/wp\/v2\/media?parent=448"}],"wp:term":[{"taxonomy":"category","embeddable":true,"href":"https:\/\/blogs.ugr.es\/prinma\/wp-json\/wp\/v2\/categories?post=448"},{"taxonomy":"post_tag","embeddable":true,"href":"https:\/\/blogs.ugr.es\/prinma\/wp-json\/wp\/v2\/tags?post=448"}],"curies":[{"name":"wp","href":"https:\/\/api.w.org\/{rel}","templated":true}]}}