{"id":449,"date":"2024-03-05T18:37:32","date_gmt":"2024-03-05T17:37:32","guid":{"rendered":"https:\/\/blogs.ugr.es\/prinma\/?page_id=449"},"modified":"2026-02-13T23:11:15","modified_gmt":"2026-02-13T22:11:15","slug":"cursos","status":"publish","type":"page","link":"https:\/\/blogs.ugr.es\/prinma\/cursos\/","title":{"rendered":""},"content":{"rendered":"<p style=\"text-align: justify\"><span style=\"font-weight: 400\"><img loading=\"lazy\" decoding=\"async\" class=\" wp-image-306 alignright\" src=\"https:\/\/blogs.ugr.es\/prinma\/wp-content\/uploads\/sites\/91\/2024\/02\/24GR04-Cera\u0301mica-CARTEL_V_72-212x300.jpg\" alt=\"\" width=\"388\" height=\"549\" srcset=\"https:\/\/blogs.ugr.es\/prinma\/wp-content\/uploads\/sites\/91\/2024\/02\/24GR04-Cera\u0301mica-CARTEL_V_72-212x300.jpg 212w, https:\/\/blogs.ugr.es\/prinma\/wp-content\/uploads\/sites\/91\/2024\/02\/24GR04-Cera\u0301mica-CARTEL_V_72-495x700.jpg 495w, https:\/\/blogs.ugr.es\/prinma\/wp-content\/uploads\/sites\/91\/2024\/02\/24GR04-Cera\u0301mica-CARTEL_V_72.jpg 566w\" sizes=\"auto, (max-width: 388px) 100vw, 388px\" \/><\/span><\/p>\n<p>Uno de los objetivos de PRINMA es el de ofertar una formaci\u00f3n continua a estudiantes y profesionales dentro de las \u00e1reas de especializaci\u00f3n del grupo. Por ello, en los pr\u00f3ximos meses se organizar\u00e1n cursos sobre cer\u00e1mica medieval y postmedieval, sobre cultura escrita medieval y postmedieval, y sobre el reino nazar\u00ed de Granada.<\/p>\n<p style=\"text-align: justify\"><span style=\"font-weight: 400\">En la actualidad PRINMA dirige el curso <strong>\u00abCer\u00e1mica medieval y postmedieval. T\u00e9cnicas de an\u00e1lisis, registro y conservaci\u00f3n\u00bb<\/strong> en el que re\u00fane a especialistas sobre estudios cer\u00e1micos de diversas universidades y centros de investigaci\u00f3n con un marcado car\u00e1cter multidisciplinar. Este curso plantea una metodolog\u00eda de trabajo te\u00f3rica y sobre todo pr\u00e1ctica que permitir\u00e1 al alumnado obtener una visi\u00f3n global de los estudios sobre cer\u00e1mica medieval y postmedieval. El curso pone en conexi\u00f3n el an\u00e1lisis arqueol\u00f3gico, la clasificaci\u00f3n de materiales, las t\u00e9cnicas de reproducci\u00f3n y torneado de piezas, la restauraci\u00f3n, los an\u00e1lisis arqueom\u00e9tricos, el uso de las Humanidades digitales (modelado 3D y fotogrametr\u00eda), e incluso la aplicaci\u00f3n de IA y dise\u00f1o generativo a la artesan\u00eda cer\u00e1mica. Por todo ello, el curso posibilita al alumnado acercarse con mayor criterio al estudio de la cer\u00e1mica y le permitir\u00e1 desde una estrategia integradora adquirir un alto conocimiento para el estudio, conservaci\u00f3n, an\u00e1lisis y divulgaci\u00f3n de estos objetos y de su contexto.<\/span><\/p>\n<p><b>Lugar: <\/b>Facultad de Filosof\u00eda y Letras, Granada<\/p>\n<p><b>Hora: <\/b>10.00 a 19.00<\/p>\n<p><b>Fecha de inicio: <\/b>23\/02\/2024<\/p>\n<p><b>Fecha de fin: <\/b>26\/04\/2024<\/p>\n<p><b>Duraci\u00f3n: <\/b>68 horas presenciales y 90 horas de trabajo aut\u00f3nomo<\/p>\n<p><b>6 cr\u00e9ditos ECTS*<\/b><\/p>\n<p><b>Organizadores \/ Colaboradores \/ Patrocinadores: <\/b>Grupo de Investigaci\u00f3n PRINMA, Centro Mediterr\u00e1neo, Universidad de Granada.<\/p>\n<p><b>Inscripciones y m\u00e1s informaci\u00f3n: <\/b><a href=\"https:\/\/cemed.ugr.es\/curso\/24gr04\/\"><b>https:\/\/cemed.ugr.es\/curso\/24gr04\/<\/b><\/a><\/p>\n<p>&nbsp;<\/p>\n","protected":false},"excerpt":{"rendered":"<p>Uno de los objetivos de PRINMA es el de ofertar una formaci\u00f3n continua a estudiantes y profesionales dentro de las \u00e1reas de especializaci\u00f3n del grupo. Por ello, en los pr\u00f3ximos meses se organizar\u00e1n cursos sobre cer\u00e1mica medieval y postmedieval, sobre cultura escrita medieval y postmedieval, y sobre el reino nazar\u00ed de Granada. En la actualidad [&hellip;]<\/p>\n","protected":false},"author":645,"featured_media":0,"parent":0,"menu_order":0,"comment_status":"closed","ping_status":"closed","template":"","meta":{"_genesis_hide_title":false,"_genesis_hide_breadcrumbs":false,"_genesis_hide_singular_image":false,"_genesis_hide_footer_widgets":false,"_genesis_custom_body_class":"","_genesis_custom_post_class":"","_genesis_layout":"","footnotes":""},"categories":[],"tags":[],"class_list":{"0":"post-449","1":"page","2":"type-page","3":"status-publish","5":"entry","6":"has-post-thumbnail"},"_links":{"self":[{"href":"https:\/\/blogs.ugr.es\/prinma\/wp-json\/wp\/v2\/pages\/449","targetHints":{"allow":["GET"]}}],"collection":[{"href":"https:\/\/blogs.ugr.es\/prinma\/wp-json\/wp\/v2\/pages"}],"about":[{"href":"https:\/\/blogs.ugr.es\/prinma\/wp-json\/wp\/v2\/types\/page"}],"author":[{"embeddable":true,"href":"https:\/\/blogs.ugr.es\/prinma\/wp-json\/wp\/v2\/users\/645"}],"replies":[{"embeddable":true,"href":"https:\/\/blogs.ugr.es\/prinma\/wp-json\/wp\/v2\/comments?post=449"}],"version-history":[{"count":3,"href":"https:\/\/blogs.ugr.es\/prinma\/wp-json\/wp\/v2\/pages\/449\/revisions"}],"predecessor-version":[{"id":892,"href":"https:\/\/blogs.ugr.es\/prinma\/wp-json\/wp\/v2\/pages\/449\/revisions\/892"}],"wp:attachment":[{"href":"https:\/\/blogs.ugr.es\/prinma\/wp-json\/wp\/v2\/media?parent=449"}],"wp:term":[{"taxonomy":"category","embeddable":true,"href":"https:\/\/blogs.ugr.es\/prinma\/wp-json\/wp\/v2\/categories?post=449"},{"taxonomy":"post_tag","embeddable":true,"href":"https:\/\/blogs.ugr.es\/prinma\/wp-json\/wp\/v2\/tags?post=449"}],"curies":[{"name":"wp","href":"https:\/\/api.w.org\/{rel}","templated":true}]}}