{"id":450,"date":"2024-03-05T18:37:32","date_gmt":"2024-03-05T17:37:32","guid":{"rendered":"https:\/\/blogs.ugr.es\/prinma\/?page_id=450"},"modified":"2026-02-18T10:37:42","modified_gmt":"2026-02-18T09:37:42","slug":"tesis-doctorales","status":"publish","type":"page","link":"https:\/\/blogs.ugr.es\/prinma\/tesis-doctorales\/","title":{"rendered":""},"content":{"rendered":"<p style=\"text-align: justify\"><img loading=\"lazy\" decoding=\"async\" class=\"aligncenter wp-image-930\" src=\"https:\/\/blogs.ugr.es\/prinma\/wp-content\/uploads\/sites\/91\/2026\/02\/Captura-de-pantalla-2026-02-14-a-las-19.12.51-300x152.jpg\" alt=\"\" width=\"351\" height=\"178\" srcset=\"https:\/\/blogs.ugr.es\/prinma\/wp-content\/uploads\/sites\/91\/2026\/02\/Captura-de-pantalla-2026-02-14-a-las-19.12.51-300x152.jpg 300w, https:\/\/blogs.ugr.es\/prinma\/wp-content\/uploads\/sites\/91\/2026\/02\/Captura-de-pantalla-2026-02-14-a-las-19.12.51-700x355.jpg 700w, https:\/\/blogs.ugr.es\/prinma\/wp-content\/uploads\/sites\/91\/2026\/02\/Captura-de-pantalla-2026-02-14-a-las-19.12.51.jpg 800w\" sizes=\"auto, (max-width: 351px) 100vw, 351px\" \/><\/p>\n<p style=\"text-align: justify\">Desde 2019 PRINMA se ha encargado de dirigir y co-dirigir las tesis doctorales de alumnos pertenecientes a la Universidad de Granada y de otras universidades nacionales e internacionales. En la siguiente lista aparecen tanto las que est\u00e1n en curso como las ya le\u00eddas. Podr\u00e1s acceder a aquellas que se encuentren disponibles en l\u00ednea.<\/p>\n<ul style=\"text-align: justify\">\n<li><strong>Garrido L\u00f3pez, J.<\/strong> (2025): <em>La producci\u00f3n de textil y cuero entre los siglos finales de al-Andalus y principios de la modernidad: caracterizaci\u00f3n y transformaci\u00f3n de las f\u00f3rmulas productivas (siglos XIII-XVI)<\/em>. Universidad de Granada. Dirigida por A. F\u00e1bregas Garc\u00eda. <a href=\"https:\/\/zenodo.org\/records\/18224880\">Leer.<\/a><\/li>\n<li><strong>Alonso Valladares, M.<\/strong> (2024): <em>Alimentaci\u00f3n y cambios paisaj\u00edsticos en los territorios de frontera. Una aproximaci\u00f3n desde la Zooarqueolog\u00eda (siglos XIII &#8211; XVI)<\/em>. Dirigida por A. Garc\u00eda Porras y S. Valenzuela Lamas. <a href=\"https:\/\/digibug.ugr.es\/handle\/10481\/101988\">Leer<\/a>.<\/li>\n<li><strong>Melero Garc\u00eda, F.<\/strong> (2022):\u00a0 <em>La cer\u00e1mica de \u00e9poca nazar\u00ed en la provincia de M\u00e1laga<\/em>. Universidad de Granada. Dirigida por A. Garc\u00eda Porras. <a href=\"https:\/\/digibug.ugr.es\/handle\/10481\/71172\" target=\"_blank\" rel=\"noopener\">Leer.<\/a><\/li>\n<li><strong>Jim\u00e9nez Rolda\u0301n M.<\/strong> (2021): <em>Una aproximaci\u00f3n al desarrollo comercial en el reino nazari\u0301: Espacios y rutas<\/em>. Universidad de Granada. Dirigida por A. F\u00e1bregas Garc\u00eda. <a href=\"https:\/\/digibug.ugr.es\/handle\/10481\/71101\" target=\"_blank\" rel=\"noopener\">Leer.<\/a><\/li>\n<\/ul>\n<ul>\n<li><strong>Biro Sarrias M. <\/strong>(En curso):\u00a0<em>La arquitectura como reflejo de los cambios pol\u00edticos y sociales entre los siglos IX y XV en la frontera Nazar\u00ed y el control del estrecho de Gibraltar a trav\u00e9s del estudio arqueol\u00f3gico y arquitect\u00f3nico de su sistema de defensas.<\/em> Universidad de Granada. Dirigida por A. Garc\u00eda Porras.<\/li>\n<li style=\"text-align: justify\"><strong>Gonz\u00e1lez Le\u00f3n, M. <\/strong>(En curso):\u00a0<em>La fortaleza de Mendikute (Albiztur, Guipuzkoa)<\/em>. Universitat de Barcelona. Dirigida por M. D. L\u00f3pez P\u00e9rez y A. Garc\u00eda Porras.<\/li>\n<li style=\"text-align: justify\"><strong>Marque Gomes, A. <\/strong>(En curso):\u00a0<em>De al-Usbuna a Lisbona \u2013 A Alca\u00e7oba na transi\u00e7ao entre o mundo isl\u00e1mico e o cristao<\/em>. Universidad Nova de Lisboa. Dirigida por C. Tente y A. Garc\u00eda Porras.<\/li>\n<li><strong>Montero Priego, A. <\/strong>(En curso):\u00a0<em>El Humanismo de la ciudad de Granada. Estudio del urbanismo y la arquitectura<\/em>. Universidad de Granada. Dirigida por A. Garc\u00eda Porras.<\/li>\n<li><strong>Peregrina S\u00e1nchez, M. J.<\/strong> (en curso): <em>La producci\u00f3n cer\u00e1mica en el sureste de al-Andalus (s. XII-XV). Cer\u00e1mica y centros alfareros<\/em>. Universidad de Granada. Dirigida por A. Garc\u00eda Porras.<\/li>\n<li style=\"text-align: justify\"><strong>R\u00edos Jim\u00e9nez, J. M. <\/strong>(En curso): <em>Un revisi\u00f3n arqueol\u00f3gica, arquitect\u00f3nica y arqueom\u00e9trica de las fortificaciones del sector central de la frontera del emirato nazar\u00ed de Granada.<\/em> Universidad de Granada. Dirigida por A. Garc\u00eda Porras.<\/li>\n<li><strong>S\u00e1nchez Castillo, C. <\/strong>(En curso):\u00a0<em>Comercio e intercambio cer\u00e1mico en el sureste peninsular durante la Baja Edad Media y la primera Edad Moderna: Arqueolog\u00eda y Arqueometr\u00eda<\/em>. Universidad del Pa\u00eds Vasco. Dirigida por J. Garc\u00eda I\u00f1\u00e1\u00f1ez y A. Garc\u00eda Porras.<\/li>\n<li><strong>Trani S\u00e1nchez, M.<\/strong> (En curso): <em>Procesos de formaci\u00f3n y conservaci\u00f3n del registro arqueol\u00f3gico<\/em>. Universidad de Granada. Dirigida por A. Garc\u00eda Porras y R. M. Maroto Benavides.<\/li>\n<li><strong>Carmona P\u00e9rez, J. M.<\/strong> (En curso): <em>La espiritualidad militar en el cristianismo y el islam: un estudio comparativo entre el oriente cruzado y la pen\u00ednsula ib\u00e9rica (siglos XI-XII).<\/em> Universidad Aut\u00f3noma de Madrid. Dirigida por J. Albarr\u00e1n y C. de Ayala Mart\u00ednez (UAM).<\/li>\n<li><strong>Torres G\u00f3mez, M.<\/strong> (En curso): <em>Relaciones interreligiosas a trav\u00e9s de los tratados de hisba: perspectivas comparadas. <\/em>Universidad Aut\u00f3noma de Madrid. Dirigida por J. Albarr\u00e1n.<\/li>\n<li><strong>Garc\u00eda Alonso, V. J.<\/strong> (En curso): <em>Qal\u2018at Ayyub y su entorno: historia de una medina andalus\u00ed en territorio de frontera. <\/em>Universidad Aut\u00f3noma de Madrid. Dirigida por J. Albarr\u00e1n.<\/li>\n<li><strong>Ma&#8217;en Fawaz Ayed Alhussien<\/strong> (En curso) <em>The Islamic Conquest of Sicily (827-902 CE): A Comparative Study of Islamic and Christian Warfare.<\/em> Universitat Aut\u00f2noma de Barcelona. Dirigida por J. Albarr\u00e1n y Catrorao Barba (EEA-CSIC).<\/li>\n<li><strong>Fatima Nasser Alhatmi<\/strong> (En curso) \u201cThe Final Expulsion of the Moriscos from Spain (1609\u20131614) from a Spanish Perspective: The Narrative of the Spanish Historian Marco de Guadalajara y Xavier (d. 1631) in his Work \u2018Prodici\u00f3n y destierro de los moriscos de Castilla, hasta el Valle de Ricote\u2019 (Translation and<br \/>\nStudy).\u201d Sultan Qaboos University. Sultanate of Oman. Co-dirigida por J. Albarr\u00e1n.<\/li>\n<\/ul>\n","protected":false},"excerpt":{"rendered":"<p>Desde 2019 PRINMA se ha encargado de dirigir y co-dirigir las tesis doctorales de alumnos pertenecientes a la Universidad de Granada y de otras universidades nacionales e internacionales. En la siguiente lista aparecen tanto las que est\u00e1n en curso como las ya le\u00eddas. Podr\u00e1s acceder a aquellas que se encuentren disponibles en l\u00ednea. Garrido L\u00f3pez, [&hellip;]<\/p>\n","protected":false},"author":645,"featured_media":0,"parent":0,"menu_order":0,"comment_status":"closed","ping_status":"closed","template":"","meta":{"_genesis_hide_title":false,"_genesis_hide_breadcrumbs":false,"_genesis_hide_singular_image":false,"_genesis_hide_footer_widgets":false,"_genesis_custom_body_class":"","_genesis_custom_post_class":"","_genesis_layout":"","footnotes":""},"categories":[],"tags":[],"class_list":{"0":"post-450","1":"page","2":"type-page","3":"status-publish","5":"entry","6":"has-post-thumbnail"},"_links":{"self":[{"href":"https:\/\/blogs.ugr.es\/prinma\/wp-json\/wp\/v2\/pages\/450","targetHints":{"allow":["GET"]}}],"collection":[{"href":"https:\/\/blogs.ugr.es\/prinma\/wp-json\/wp\/v2\/pages"}],"about":[{"href":"https:\/\/blogs.ugr.es\/prinma\/wp-json\/wp\/v2\/types\/page"}],"author":[{"embeddable":true,"href":"https:\/\/blogs.ugr.es\/prinma\/wp-json\/wp\/v2\/users\/645"}],"replies":[{"embeddable":true,"href":"https:\/\/blogs.ugr.es\/prinma\/wp-json\/wp\/v2\/comments?post=450"}],"version-history":[{"count":3,"href":"https:\/\/blogs.ugr.es\/prinma\/wp-json\/wp\/v2\/pages\/450\/revisions"}],"predecessor-version":[{"id":934,"href":"https:\/\/blogs.ugr.es\/prinma\/wp-json\/wp\/v2\/pages\/450\/revisions\/934"}],"wp:attachment":[{"href":"https:\/\/blogs.ugr.es\/prinma\/wp-json\/wp\/v2\/media?parent=450"}],"wp:term":[{"taxonomy":"category","embeddable":true,"href":"https:\/\/blogs.ugr.es\/prinma\/wp-json\/wp\/v2\/categories?post=450"},{"taxonomy":"post_tag","embeddable":true,"href":"https:\/\/blogs.ugr.es\/prinma\/wp-json\/wp\/v2\/tags?post=450"}],"curies":[{"name":"wp","href":"https:\/\/api.w.org\/{rel}","templated":true}]}}