{"id":451,"date":"2024-03-05T18:37:33","date_gmt":"2024-03-05T17:37:33","guid":{"rendered":"https:\/\/blogs.ugr.es\/prinma\/?page_id=451"},"modified":"2025-03-11T11:22:29","modified_gmt":"2025-03-11T10:22:29","slug":"trabajos-de-fin-de-master","status":"publish","type":"page","link":"https:\/\/blogs.ugr.es\/prinma\/trabajos-de-fin-de-master\/","title":{"rendered":""},"content":{"rendered":"<p style=\"text-align: justify\">En sus pocas a\u00f1os de existencia, PRINMA se ha encargado de tutorizar, co-tutorizar y mentorizar multitud de <em>Trabajos de Fin de M\u00e1ster<\/em> de alumnos de la Universidad de Granada y de otras universidades nacionales e internacionales. El buen resultado de algunos de ellos, le han valido para calificaciones de excelencia, obtenci\u00f3n de premios y publicaciones derivadas. En la siguiente lista aparece una selecci\u00f3n de estos trabajos. Podr\u00e1s acceder a los que se encuentren publicados en l\u00ednea.<\/p>\n<ul>\n<li><strong>Ibarra Medina, A.<\/strong> (2025): <em>Estudio cer\u00e1mico y representaci\u00f3n tridimensional de las jarritas halladas en la campa\u00f1a de Bayra 2023 (Vera, Almer\u00eda)<\/em>. Tutorizado por A. Garc\u00eda Porras y mentorizado por M.J. Peregrina S\u00e1nchez.<\/li>\n<li><strong>Fern\u00e1ndez Garc\u00eda, S.<\/strong> (2025): A<em>proximaci\u00f3n al estudio de los sistemas hidr\u00e1ulicos y del poblamiento en \u00e9pocas medieval y moderna en Sierra Morena Oriental a trav\u00e9s de la Arqueolog\u00eda Hidr\u00e1ulica. El caso de Bail\u00e9n (Ja\u00e9n)<\/em>. Tutorizado por Miguel Busto Zapico.<\/li>\n<\/ul>\n<p>&nbsp;<\/p>\n<ul>\n<li style=\"text-align: justify\"><strong>Salazar Mart\u00edn, F.<\/strong> (2023): <em>La caracterizaci\u00f3n de las t\u00e9cnicas constructivas del Castillo de la Estrella (Teba, M\u00e1laga). Un acercamiento al desarrollo del enclave fronterizo a trav\u00e9s de su arquitectura.\u00a0<\/em>Tutorizado por A. Garc\u00eda Porras y mentorizado por J. M. R\u00edos Jim\u00e9nez.<\/li>\n<li><strong>Garc\u00eda Hern\u00e1ndez, D.\u00a0<\/strong>(2023):\u00a0<em>Procesos de producci\u00f3n de cuero y textil: un acercamiento a la materialidad arqueol\u00f3gica.\u00a0<\/em>Universidad de Granada. Tutorizado por A. F\u00e1bregas y mentorizado por J. Garrido. <a href=\"https:\/\/zenodo.org\/records\/10456827\" target=\"_blank\" rel=\"noopener\">Leer.<\/a><\/li>\n<li style=\"text-align: justify\"><strong>Cosano P\u00e9rez-Vico, J.<\/strong> (2023): <em>Los b\u00fankeres y otros vestigios arqueol\u00f3gicos de la Guerra Civil en Luque (C\u00f3rdoba)<\/em>. Universidad de Granada. Tutorizado por M. Busto Zapico.<\/li>\n<li style=\"text-align: justify\"><strong>Montes Campos, L.<\/strong> (2023): <em>Cer\u00e1mica nazar\u00ed de Mad\u012bnat Antaq\u012bra. Un caso de estudio, la cer\u00e1mica de \u201cLa Moraleda\u201d (Antequera)<\/em>. Universidad de Granada. Tutorizado por M. Busto Zapico. <a href=\"https:\/\/www.ugr.es\/~arqueologyterritorio\/Artics20\/Artic20_10.html\" target=\"_blank\" rel=\"noopener\">Leer.<\/a><\/li>\n<li style=\"text-align: justify\"><strong>Dias da Silva, D.<\/strong> (2023): <em>Estudio arqueom\u00e9trico de cer\u00e1micas arquitect\u00f3nicas ornamentales de la Alhambra y Generalife: Periodo Nazar\u00ed<\/em>. Universidad de Granada. Tutorizado por M. Busto Zapico.<\/li>\n<\/ul>\n<p>&nbsp;<\/p>\n<ul>\n<li style=\"text-align: justify\"><strong>Biro Sarrias, M.<\/strong>\u00a0(2022): <em>Architecture archaeology of medieval Al-andalous, case study : Bayra\u2019s Alc\u00e1zar, M.A<\/em>. Universidad de Toulouse. Tutorizado por F. Hautefeuille y M. Alonso Valladares.<\/li>\n<li style=\"text-align: justify\"><strong>S\u00e1nchez Castillo, C.\u00a0<\/strong>(2022):\u00a0<em>Un primer acercamiento a la cer\u00e1mica de \u00e9poca Moderna del Castillo de la Estrella de Teba (M\u00e1laga).\u00a0<\/em>Universidad de Murcia. Tutorizado por A. Garc\u00eda Porras.<\/li>\n<\/ul>\n<p>&nbsp;<\/p>\n<ul>\n<li style=\"text-align: justify\"><strong>Etxaide Valencia, E.<\/strong>\u00a0(2021): <em>An\u00e1lisis hist\u00f3rico-arqueol\u00f3gico de una minor\u00eda marginal. Los agotes en la sociedad rural navarra entre los siglos XVI y XVIII.<\/em> Bachelor\u2019s Degree Final Project, Universidad de Granada. Tutorizado por M. Busto Zapico.<\/li>\n<li style=\"text-align: justify\"><strong>Cardell Ferna\u0301ndez, C.<\/strong>\u00a0(2021): <em>Estudio arqueome\u0301trico de cera\u0301micas arquitecto\u0301nicas ornamentales de la Alhambra y Generalife : Periodo Nazari\u0301<\/em>, Trabajo conducente a obtencio\u0301n de DEA. Universidad de Granada. Tutorizado por M. Busto Zapico.<\/li>\n<\/ul>\n<p>&nbsp;<\/p>\n<ul>\n<li style=\"text-align: justify\"><strong>Garrido L\u00f3pez, J.<\/strong> (2020): <em>La industria y la artesan\u00eda en la Granada bajomedieval<\/em>. Bachelor\u2019s Degree Final Project, Universidad de Granada. Tutorizado por A. F\u00e1bregas. <a href=\"https:\/\/www.ugr.es\/~arqueologyterritorio\/PDF17\/13-Garrido.pdf\" target=\"_blank\" rel=\"noopener\">Leer.<\/a><\/li>\n<li style=\"text-align: justify\"><strong>Hidalgo S\u00e1nchez, M.<\/strong>\u00a0(2020): <em>Aspectos socioculturales de las mujeres en al-Andalus (siglos VII-XV) a trav\u00e9s de las fuentes arqueol\u00f3gicas y documentales<\/em>. Bachelor\u2019s Degree Final Project, Universidad de Granada. Tutorizado por M. Busto Zapico.<\/li>\n<li style=\"text-align: justify\"><strong>P\u00e9rez Prieto, I.<\/strong>\u00a0(2020): <em>Estudio de la Torre de Agicampe (Loja) a trav\u00e9s del an\u00e1lisis tipol\u00f3gico de la cer\u00e1mica hallada en la campa\u00f1a de 2016<\/em>. Bachelor\u2019s Degree Final Project, Universidad de Granada. Tutorizado por M. Busto Zapico.<\/li>\n<li style=\"text-align: justify\"><strong>Porras S\u00e1nchez, E.<\/strong>\u00a0(2020): <em>La Torre de Agicampe (Loja) en la Edad Moderna. Estudio de los materiales cer\u00e1micos recuperados en la intervenci\u00f3n arqueol\u00f3gica de 2018<\/em>. Bachelor\u2019s Degree Final Project, Universidad de Granada. Tutorizado por M. Busto Zapico.<\/li>\n<\/ul>\n<p>&nbsp;<\/p>\n<ul>\n<li style=\"text-align: justify\"><strong>M\u00e1rquez Rodr\u00edguez, J. <\/strong>(2019): <em>La cer\u00e1mica granadina entre los siglos XVII y XVII: el lote cer\u00e1mico de la C\/. San Juan de los Reyes 68-74.<\/em> M.A. Dissertation, Universidad de Granada. Tutorizado por A. Garc\u00eda Porras.<\/li>\n<li style=\"text-align: justify\"><strong>Puggioni, S. <\/strong>(2019): <em>Una producci\u00f3n entre el mundo isl\u00e1mico y cristiano. La cer\u00e1mica del conjunto Pula: origen, producci\u00f3n, tipolog\u00eda, decoraci\u00f3n y distribuci\u00f3n.<\/em> M.A. Dissertation, Universidad de Granada. Tutorizado por A. Garc\u00eda Porras.<\/li>\n<li style=\"text-align: justify\"><strong>G\u00f3mez Rivas, L. <\/strong>(2019): <em>El ajuar dom\u00e9stico en Zaragoza durante la Baja Edad Media. Estudio de un grupo de materiales cer\u00e1micos medievales recuperados en las excavaciones realizadas en el Teatro Romano de Zaragoza<\/em>. M.A. Dissertation, Universidad de Granada.\u00a0 Tutorizado por A. Garc\u00eda Porras.<\/li>\n<li style=\"text-align: justify\"><strong>Arco Baz\u00e1n, L. <\/strong>(2019): <em>La Ciencia m\u00e9dica en Al-Andalus.<\/em> Bachelor\u2019s Degree Final Project, Universidad de Granada. Tutorizado por A. F\u00e1bregas.<\/li>\n<li style=\"text-align: justify\"><strong>Garrido L\u00f3pez, J. <\/strong>(2019): <em>Aproximaci\u00f3n a la actividad alfarera medieval en al-Fajjarin (Realejo, Granada).<\/em> Bachelor\u2019s Degree Final Project, Universidad de Granada. Tutorizado por A. F\u00e1bregas.<\/li>\n<li style=\"text-align: justify\"><strong>Manzano Moreno, S. <\/strong>(2019): <em>Los instrumentos de comercio en la Edad Media.<\/em> Bachelor\u2019s Degree Final Project, Universidad de Granada.\u00a0 Tutorizado por A. F\u00e1bregas.<\/li>\n<li style=\"text-align: justify\"><strong>Mill\u00e1n Jim\u00e9nez, E. <\/strong>(2019): <em>Incastellamento y paisaje altomedieval en el mundo mediterr\u00e1neo.<\/em> Bachelor\u2019s Degree Final Project, Universidad de Granada.\u00a0 Tutorizado por A. F\u00e1bregas.<\/li>\n<\/ul>\n","protected":false},"excerpt":{"rendered":"<p>En sus pocas a\u00f1os de existencia, PRINMA se ha encargado de tutorizar, co-tutorizar y mentorizar multitud de Trabajos de Fin de M\u00e1ster de alumnos de la Universidad de Granada y de otras universidades nacionales e internacionales. El buen resultado de algunos de ellos, le han valido para calificaciones de excelencia, obtenci\u00f3n de premios y publicaciones [&hellip;]<\/p>\n","protected":false},"author":645,"featured_media":0,"parent":0,"menu_order":0,"comment_status":"closed","ping_status":"closed","template":"","meta":{"_genesis_hide_title":false,"_genesis_hide_breadcrumbs":false,"_genesis_hide_singular_image":false,"_genesis_hide_footer_widgets":false,"_genesis_custom_body_class":"","_genesis_custom_post_class":"","_genesis_layout":"","footnotes":""},"categories":[],"tags":[],"class_list":{"0":"post-451","1":"page","2":"type-page","3":"status-publish","5":"entry"},"_links":{"self":[{"href":"https:\/\/blogs.ugr.es\/prinma\/wp-json\/wp\/v2\/pages\/451","targetHints":{"allow":["GET"]}}],"collection":[{"href":"https:\/\/blogs.ugr.es\/prinma\/wp-json\/wp\/v2\/pages"}],"about":[{"href":"https:\/\/blogs.ugr.es\/prinma\/wp-json\/wp\/v2\/types\/page"}],"author":[{"embeddable":true,"href":"https:\/\/blogs.ugr.es\/prinma\/wp-json\/wp\/v2\/users\/645"}],"replies":[{"embeddable":true,"href":"https:\/\/blogs.ugr.es\/prinma\/wp-json\/wp\/v2\/comments?post=451"}],"version-history":[{"count":3,"href":"https:\/\/blogs.ugr.es\/prinma\/wp-json\/wp\/v2\/pages\/451\/revisions"}],"predecessor-version":[{"id":718,"href":"https:\/\/blogs.ugr.es\/prinma\/wp-json\/wp\/v2\/pages\/451\/revisions\/718"}],"wp:attachment":[{"href":"https:\/\/blogs.ugr.es\/prinma\/wp-json\/wp\/v2\/media?parent=451"}],"wp:term":[{"taxonomy":"category","embeddable":true,"href":"https:\/\/blogs.ugr.es\/prinma\/wp-json\/wp\/v2\/categories?post=451"},{"taxonomy":"post_tag","embeddable":true,"href":"https:\/\/blogs.ugr.es\/prinma\/wp-json\/wp\/v2\/tags?post=451"}],"curies":[{"name":"wp","href":"https:\/\/api.w.org\/{rel}","templated":true}]}}