{"id":805,"date":"2025-05-14T20:47:19","date_gmt":"2025-05-14T18:47:19","guid":{"rendered":"https:\/\/blogs.ugr.es\/prinma\/?page_id=805"},"modified":"2025-05-15T06:59:01","modified_gmt":"2025-05-15T04:59:01","slug":"pgi-bayra","status":"publish","type":"page","link":"https:\/\/blogs.ugr.es\/prinma\/pgi-bayra\/","title":{"rendered":"PGI Bayra"},"content":{"rendered":"<p style=\"text-align: center\"><em><strong>Proyecto General de Investigaci\u00f3n BAYRA<\/strong><\/em><\/p>\n<p style=\"text-align: center\"><em><strong>Divulgaci\u00f3n Social y Difusi\u00f3n Cient\u00edfica<\/strong><\/em><\/p>\n<p><img loading=\"lazy\" decoding=\"async\" class=\"size-full wp-image-808\" src=\"https:\/\/blogs.ugr.es\/prinma\/wp-content\/uploads\/sites\/91\/2025\/05\/BAYRA-LOGOTIPOS_Mesa-de-trabajo-1-copia-3.jpg\" alt=\"\" width=\"2478\" height=\"1285\" \/><\/p>\n<p style=\"text-align: justify\">Desde el <em>Proyecto General de Investigaci\u00f3n Bayra<\/em>, promovido por el <strong>Ayuntamiento de Vera<\/strong>, se lleva a cabo una labor fundamental de <strong>divulgaci\u00f3n social<\/strong> y <strong>difusi\u00f3n cient\u00edfica<\/strong>. Estas iniciativas tienen como objetivo cumplir con los principios de diseminaci\u00f3n y democratizaci\u00f3n del conocimiento hist\u00f3rico y arqueol\u00f3gico generado a partir de las excavaciones y estudios realizados en el yacimiento del Cerro del Esp\u00edritu Santo desde el a\u00f1o 2021.<\/p>\n<p style=\"text-align: justify\">Esta propuesta est\u00e1 impulsada por el Ayuntamiento de Vera y el Grupo PRINMA Producci\u00f3n, Intercambio y Materialidad (HUM-1035) de la Universidad de Granada. El programa de divulgaci\u00f3n y difusi\u00f3n cuenta con el patrocinio del Ayuntamiento de Vera y del Proyecto General de Investigaci\u00f3n Bayra.<\/p>\n<p style=\"text-align: justify\">Entre las actividades destacan:<\/p>\n<ul>\n<li><em>ABIERTO POR OBRAS: VISITAS AL YACIMIENTO ARQUEOL\u00d3GICO BAYRA \u201cDESCUBRE TU PASADO\u201d<\/em><\/li>\n<li><em>TALLERES ARQUEOL\u00d3GICOS: \u201cGUARDIANES DEL PATRIMONIO\u201d<\/em><\/li>\n<\/ul>\n<p style=\"text-align: justify\">El dise\u00f1o y desarrollo de estas actividades se realiza con la colaboraci\u00f3n del Proyecto FCT-24-21462 (CITPAM), <em>\u201cConectando Pasado y Futuro: Ciencia y Tecnolog\u00eda para la difusi\u00f3n del Patrimonio Arqueol\u00f3gico Medieval\u201d<\/em>, financiado por el Ministerio de Ciencia, Innovaci\u00f3n y Universidades y la Fundaci\u00f3n Espa\u00f1ola para la Ciencia y la Tecnolog\u00eda, F.S.P. (FECYT).<\/p>\n<p>&nbsp;<\/p>\n","protected":false},"excerpt":{"rendered":"<p>Proyecto General de Investigaci\u00f3n BAYRA Divulgaci\u00f3n Social y Difusi\u00f3n Cient\u00edfica Desde el Proyecto General de Investigaci\u00f3n Bayra, promovido por el Ayuntamiento de Vera, se lleva a cabo una labor fundamental de divulgaci\u00f3n social y difusi\u00f3n cient\u00edfica. Estas iniciativas tienen como objetivo cumplir con los principios de diseminaci\u00f3n y democratizaci\u00f3n del conocimiento hist\u00f3rico y arqueol\u00f3gico generado [&hellip;]<\/p>\n","protected":false},"author":566,"featured_media":0,"parent":0,"menu_order":0,"comment_status":"closed","ping_status":"closed","template":"","meta":{"_genesis_hide_title":false,"_genesis_hide_breadcrumbs":false,"_genesis_hide_singular_image":false,"_genesis_hide_footer_widgets":false,"_genesis_custom_body_class":"","_genesis_custom_post_class":"","_genesis_layout":"","footnotes":""},"categories":[],"tags":[],"class_list":{"0":"post-805","1":"page","2":"type-page","3":"status-publish","5":"entry","6":"has-post-thumbnail"},"_links":{"self":[{"href":"https:\/\/blogs.ugr.es\/prinma\/wp-json\/wp\/v2\/pages\/805","targetHints":{"allow":["GET"]}}],"collection":[{"href":"https:\/\/blogs.ugr.es\/prinma\/wp-json\/wp\/v2\/pages"}],"about":[{"href":"https:\/\/blogs.ugr.es\/prinma\/wp-json\/wp\/v2\/types\/page"}],"author":[{"embeddable":true,"href":"https:\/\/blogs.ugr.es\/prinma\/wp-json\/wp\/v2\/users\/566"}],"replies":[{"embeddable":true,"href":"https:\/\/blogs.ugr.es\/prinma\/wp-json\/wp\/v2\/comments?post=805"}],"version-history":[{"count":3,"href":"https:\/\/blogs.ugr.es\/prinma\/wp-json\/wp\/v2\/pages\/805\/revisions"}],"predecessor-version":[{"id":820,"href":"https:\/\/blogs.ugr.es\/prinma\/wp-json\/wp\/v2\/pages\/805\/revisions\/820"}],"wp:attachment":[{"href":"https:\/\/blogs.ugr.es\/prinma\/wp-json\/wp\/v2\/media?parent=805"}],"wp:term":[{"taxonomy":"category","embeddable":true,"href":"https:\/\/blogs.ugr.es\/prinma\/wp-json\/wp\/v2\/categories?post=805"},{"taxonomy":"post_tag","embeddable":true,"href":"https:\/\/blogs.ugr.es\/prinma\/wp-json\/wp\/v2\/tags?post=805"}],"curies":[{"name":"wp","href":"https:\/\/api.w.org\/{rel}","templated":true}]}}