{"id":238,"date":"2022-07-06T16:45:10","date_gmt":"2022-07-06T14:45:10","guid":{"rendered":"https:\/\/blogs.ugr.es\/seslab\/?page_id=238"},"modified":"2024-09-06T18:00:16","modified_gmt":"2024-09-06T16:00:16","slug":"presentacion","status":"publish","type":"page","link":"https:\/\/blogs.ugr.es\/seslab\/presentacion\/","title":{"rendered":"Presentaci\u00f3n"},"content":{"rendered":"<p>El <strong>Laboratorio de Ingenier\u00eda Estructural Sostenible (SES-Lab)<\/strong> est\u00e1 formado por un equipo multidisciplinar compuesto por profesores, investigadores, t\u00e9cnicos de laboratorio y personal de administraci\u00f3n y servicios, vinculados al Grupo de Investigaci\u00f3n de Mec\u00e1nica de S\u00f3lidos y Estructuras, y otros grupos afines de formaci\u00f3n diversa.<\/p>\n<p>Liderado por los profesores Rafael Gallego y Esther Puertas del Departamento de Mec\u00e1nica de Estructuras e Ingenier\u00eda Hidr\u00e1ulica de la Universidad de Granada, cuenta con instalaciones y equipamientos destinados a la investigaci\u00f3n, asesoramiento t\u00e9cnico, transferencia de tecnolog\u00eda y divulgaci\u00f3n en el campo de la ingenier\u00eda estructural y de los materiales, fomentando la innovaci\u00f3n y sostenibilidad. Est\u00e1 ubicado en la Escuela T\u00e9cnica Superior de Ingenier\u00eda de Edificaci\u00f3n y cuenta con dependencias adicionales en el Escuela T\u00e9cnica Superior de Ingenier\u00eda de Caminos, Canales y Puertos.<\/p>\n<p>El laboratorio se centra en tres l\u00edneas de acci\u00f3n:<\/p>\n<ol>\n<li>Aplicaci\u00f3n de t\u00e9cnicas no destructivas para la caracterizaci\u00f3n mec\u00e1nica de materiales, detecci\u00f3n de defectos y estudio de la salud estructural.<\/li>\n<li>Ensayos de laboratorio para la caracterizaci\u00f3n mec\u00e1nica y a fractura de geomateriales.<\/li>\n<li>Laboratorio de mec\u00e1nica computacional para modelizaci\u00f3n y simulaci\u00f3n de problemas en el \u00e1mbito de la ingenier\u00eda estructural sostenible.<\/li>\n<\/ol>\n<p>Desarrolla en la actualidad proyectos centrados tanto en la evaluaci\u00f3n y valoraci\u00f3n de edificios patrimoniales, como en el desarrollo de procedimientos y normativas para la caracterizaci\u00f3n de materiales sostenibles para la construcci\u00f3n.<\/p>\n","protected":false},"excerpt":{"rendered":"<p>El Laboratorio de Ingenier\u00eda Estructural Sostenible (SES-Lab) est\u00e1 formado por un equipo multidisciplinar compuesto por profesores, investigadores, t\u00e9cnicos de laboratorio y personal de administraci\u00f3n y servicios, vinculados al Grupo de Investigaci\u00f3n de Mec\u00e1nica de S\u00f3lidos y Estructuras, y otros grupos afines de formaci\u00f3n diversa. Liderado por los profesores Rafael Gallego y Esther Puertas del Departamento&hellip; <a href=\"https:\/\/blogs.ugr.es\/seslab\/presentacion\/\" class=\"more-link\">Leer m\u00e1s <span class=\"screen-reader-text\">acerca de Presentaci\u00f3n<\/span><\/a><\/p>\n","protected":false},"author":604,"featured_media":0,"parent":0,"menu_order":0,"comment_status":"closed","ping_status":"closed","template":"","meta":{"_genesis_hide_title":false,"_genesis_hide_breadcrumbs":false,"_genesis_hide_singular_image":false,"_genesis_hide_footer_widgets":false,"_genesis_custom_body_class":"","_genesis_custom_post_class":"","_genesis_layout":"","footnotes":""},"categories":[],"tags":[],"class_list":{"0":"post-238","1":"page","2":"type-page","3":"status-publish","5":"entry"},"_links":{"self":[{"href":"https:\/\/blogs.ugr.es\/seslab\/wp-json\/wp\/v2\/pages\/238","targetHints":{"allow":["GET"]}}],"collection":[{"href":"https:\/\/blogs.ugr.es\/seslab\/wp-json\/wp\/v2\/pages"}],"about":[{"href":"https:\/\/blogs.ugr.es\/seslab\/wp-json\/wp\/v2\/types\/page"}],"author":[{"embeddable":true,"href":"https:\/\/blogs.ugr.es\/seslab\/wp-json\/wp\/v2\/users\/604"}],"replies":[{"embeddable":true,"href":"https:\/\/blogs.ugr.es\/seslab\/wp-json\/wp\/v2\/comments?post=238"}],"version-history":[{"count":3,"href":"https:\/\/blogs.ugr.es\/seslab\/wp-json\/wp\/v2\/pages\/238\/revisions"}],"predecessor-version":[{"id":509,"href":"https:\/\/blogs.ugr.es\/seslab\/wp-json\/wp\/v2\/pages\/238\/revisions\/509"}],"wp:attachment":[{"href":"https:\/\/blogs.ugr.es\/seslab\/wp-json\/wp\/v2\/media?parent=238"}],"wp:term":[{"taxonomy":"category","embeddable":true,"href":"https:\/\/blogs.ugr.es\/seslab\/wp-json\/wp\/v2\/categories?post=238"},{"taxonomy":"post_tag","embeddable":true,"href":"https:\/\/blogs.ugr.es\/seslab\/wp-json\/wp\/v2\/tags?post=238"}],"curies":[{"name":"wp","href":"https:\/\/api.w.org\/{rel}","templated":true}]}}