{"id":211,"date":"2025-02-20T13:52:03","date_gmt":"2025-02-20T12:52:03","guid":{"rendered":"https:\/\/blogs.ugr.es\/sierra-cc\/?page_id=211"},"modified":"2026-02-19T09:56:31","modified_gmt":"2026-02-19T08:56:31","slug":"publicaciones","status":"publish","type":"page","link":"https:\/\/blogs.ugr.es\/sierra-cc\/publicaciones\/","title":{"rendered":"Publicaciones"},"content":{"rendered":"<p>&nbsp;<\/p>\n<p><strong>PUBLICACIONES DEL PROYECTO<\/strong><\/p>\n<p><strong>Congresos cient\u00edficos<\/strong><\/p>\n<p>Hidalgo Hidalgo, J. D., Collados-Lara, A.-J., Pulido-Velazquez, D., Jim\u00e9nez-Espinosa, R., and Fassnacht, S.: Assessing the impact of recent climate change on semi-arid and humid snow-dominated catchments by using a cellular automata model, EGU General Assembly 2025, Vienna, Austria, 27 Apr\u20132 May 2025, EGU25-6981, https:\/\/doi.org\/10.5194\/egusphere-egu25-6981, 2025.<\/p>\n<p>Collados-Lara, A.-J., Hidalgo-Hidalgo, J.-D., Pulido-Velazquez, D., Jim\u00e9nez-Espinosa, R., and Fassnacht, S.: Impact of historical and future climate change scenarios on meteorological and snow cover droughts in semi-arid and humid snow-dominated catchments, EGU General Assembly 2025, Vienna, Austria, 27 Apr\u20132 May 2025, EGU25-6844, https:\/\/doi.org\/10.5194\/egusphere-egu25-6844, 2025.<\/p>\n<p>Hidalgo-Hidalgo, J.D., Merino-Arribas, E., Pulido-Velazquez, D., Fassnacht, S.R., and Collados-Lara, A.J. 2026. Combining NARX and LSTM artificial neural networks for predicting snow cover area under climate change scenarios. Snow hydrology 2026, 5th International Conference on Snow Hydrology, Jaca (Spanish Pyrenees, Huesca), February 2-6, 2026.<\/p>\n<p><strong>OTRAS PUBLICACIONES EN COLABORACI\u00d3N<\/strong><\/p>\n<p><strong>Art\u00edculos cient\u00edficos\u00a0<\/strong><\/p>\n<p>Hidalgo-Hidalgo, J.-D., Collados-Lara, A.-J., Pulido-Velazquez, D., Fassnacht, S. R., &amp; Husillos, C. (2024). Synergistic Potential of Optical and Radar Remote Sensing for Snow Cover Monitoring. Remote Sensing, 16(19), 3705. https:\/\/doi.org\/10.3390\/rs16193705<\/p>\n<p><strong>Congresos cient\u00edficos<\/strong><\/p>\n<p>Hidalgo Hidalgo, J. D., Collados Lara, A. J., Pulido Velazquez, D., Pardo Iguzquiza, E., Gomez Gomez, J. D. D., and Rueda Valdivia, F. J.: Combined use of evolutionary algorithms and hydrological models to simulate snow cover and flow in alpine basins, EGU General Assembly 2024, Vienna, Austria, 14\u201319 Apr 2024, EGU24-15646, https:\/\/doi.org\/10.5194\/egusphere-egu24-15646, 2024.<\/p>\n<p>Pulido-Velazquez, D., Collados_Lara, A., S\u00e1nchez, P., Baena-Ruiz, L., Pardo-Iguzquiza, E., Lorenzo-Carnicero, C., Garc\u00eda-Davalillo, J. C., Carcavilla, L., Fassnatch, S., Herrero, J., Hidalgo, J. D., Cruz Gallegos, V., Gomez Gomez, J. D. D., Mel\u00e9ndez, M. L., Heredia, N., Lopez-Moreno, I., Revuelto, J., Flynn, H., Romero, A., de la Hera Portillo, \u00c1., J\u00f3dar, J., and Diaz-Losada, E.: Monitoring snow depth by Integrating in an optimal way citizen science and other techniques, EGU General Assembly 2024, Vienna, Austria, 14\u201319 Apr 2024, EGU24-20320, https:\/\/doi.org\/10.5194\/egusphere-egu24-20320, 2024.<\/p>\n<p>&nbsp;<\/p>\n","protected":false},"excerpt":{"rendered":"<p>&nbsp; PUBLICACIONES DEL PROYECTO Congresos cient\u00edficos Hidalgo Hidalgo, J. D., Collados-Lara, A.-J., Pulido-Velazquez, D., Jim\u00e9nez-Espinosa, R., and Fassnacht, S.: Assessing the impact of recent climate change on semi-arid and humid snow-dominated catchments by using a cellular automata model, EGU General Assembly 2025, Vienna, Austria, 27 Apr\u20132 May 2025, EGU25-6981, https:\/\/doi.org\/10.5194\/egusphere-egu25-6981, 2025. Collados-Lara, A.-J., Hidalgo-Hidalgo, J.-D., [&hellip;]<\/p>\n","protected":false},"author":678,"featured_media":0,"parent":0,"menu_order":0,"comment_status":"closed","ping_status":"closed","template":"","meta":{"_genesis_hide_title":false,"_genesis_hide_breadcrumbs":false,"_genesis_hide_singular_image":false,"_genesis_hide_footer_widgets":false,"_genesis_custom_body_class":"","_genesis_custom_post_class":"","_genesis_layout":"","footnotes":""},"categories":[],"tags":[],"class_list":{"0":"post-211","1":"page","2":"type-page","3":"status-publish","5":"entry"},"_links":{"self":[{"href":"https:\/\/blogs.ugr.es\/sierra-cc\/wp-json\/wp\/v2\/pages\/211","targetHints":{"allow":["GET"]}}],"collection":[{"href":"https:\/\/blogs.ugr.es\/sierra-cc\/wp-json\/wp\/v2\/pages"}],"about":[{"href":"https:\/\/blogs.ugr.es\/sierra-cc\/wp-json\/wp\/v2\/types\/page"}],"author":[{"embeddable":true,"href":"https:\/\/blogs.ugr.es\/sierra-cc\/wp-json\/wp\/v2\/users\/678"}],"replies":[{"embeddable":true,"href":"https:\/\/blogs.ugr.es\/sierra-cc\/wp-json\/wp\/v2\/comments?post=211"}],"version-history":[{"count":3,"href":"https:\/\/blogs.ugr.es\/sierra-cc\/wp-json\/wp\/v2\/pages\/211\/revisions"}],"predecessor-version":[{"id":265,"href":"https:\/\/blogs.ugr.es\/sierra-cc\/wp-json\/wp\/v2\/pages\/211\/revisions\/265"}],"wp:attachment":[{"href":"https:\/\/blogs.ugr.es\/sierra-cc\/wp-json\/wp\/v2\/media?parent=211"}],"wp:term":[{"taxonomy":"category","embeddable":true,"href":"https:\/\/blogs.ugr.es\/sierra-cc\/wp-json\/wp\/v2\/categories?post=211"},{"taxonomy":"post_tag","embeddable":true,"href":"https:\/\/blogs.ugr.es\/sierra-cc\/wp-json\/wp\/v2\/tags?post=211"}],"curies":[{"name":"wp","href":"https:\/\/api.w.org\/{rel}","templated":true}]}}