{"id":232,"date":"2025-02-20T14:20:59","date_gmt":"2025-02-20T13:20:59","guid":{"rendered":"https:\/\/blogs.ugr.es\/sierra-cc\/?page_id=232"},"modified":"2025-02-20T14:34:49","modified_gmt":"2025-02-20T13:34:49","slug":"sobre-el-proyecto","status":"publish","type":"page","link":"https:\/\/blogs.ugr.es\/sierra-cc\/","title":{"rendered":"Sobre el proyecto"},"content":{"rendered":"<p>&nbsp;<\/p>\n<p>El cambio clim\u00e1tico (CC) de origen antr\u00f3pico provocar\u00e1 eventos extremos m\u00e1s frecuentes e intensos, lo que causa y causar\u00e1 un impacto adverso generalizado y p\u00e9rdidas y da\u00f1os relacionados con la naturaleza y las personas, m\u00e1s all\u00e1 de la variabilidad clim\u00e1tica natural. Adaptarse al CC significa tomar medidas para prepararse tanto para los efectos actuales como futuros. Desde el punto de vista de la ciencia detr\u00e1s del CC, uno de los principales desaf\u00edos es evaluar y restringir mejor las incertidumbres involucradas en la definici\u00f3n de escenarios futuros locales de CC. Por otro lado, desde el punto de vista de la sociedad uno de los principales retos es concienciar de forma efectiva sobre el CC. Este proyecto SIERRA-CC hace frente a estos desaf\u00edos.<\/p>\n<p>La hip\u00f3tesis de partida del proyecto es que las monta\u00f1as dominadas por la nieve son sistemas de alerta temprana \u00fatiles para concienciar de forma efectiva sobre el CC. SIERRA-CC plantea un marco de investigaci\u00f3n multidisciplinar (climatolog\u00eda, hidrolog\u00eda nival, teledetecci\u00f3n, inteligencia artificial, divulgaci\u00f3n e investigaci\u00f3n social) para alcanzar los siguientes objetivos generales: O1) demostrar la utilidad de las monta\u00f1as semi\u00e1ridas dominadas por la nieve para monitorear la din\u00e1mica clim\u00e1tica como sistemas de alerta temprana y para limitar las incertidumbres en la evaluaci\u00f3n del impacto del CC, O2) generar herramientas novedosas y nueva informaci\u00f3n para evaluar el impacto del CC y su incertidumbre en las monta\u00f1as dominadas por la nieve, y O3) analizar la percepci\u00f3n social de CC y demostrar la utilidad de la informaci\u00f3n generada para aumentar la conciencia social sobre el CC.<\/p>\n<p>SIERRA-CC pretende resolver problemas espec\u00edficos vinculados a las prioridades tem\u00e1ticas asociadas a retos globales (investigaci\u00f3n orientada), incluidas en el Plan Estatal de Investigaci\u00f3n Cient\u00edfica y T\u00e9cnica y de Innovaci\u00f3n (PEICTI) de Espa\u00f1a. La propuesta est\u00e1 alineada con la acci\u00f3n estrat\u00e9gica \u201cClima, Energ\u00eda y Movilidad\u201d del PEICTI. El proyecto se centra en las tres l\u00edneas de actuaci\u00f3n definidas en el Plan Nacional de Adaptaci\u00f3n al CC (PNACC) de Espa\u00f1a: 1) pretende generar nuevas metodolog\u00edas y herramientas para estimar los riesgos del CC, 2) apoya la participaci\u00f3n de Investigadores espa\u00f1oles en el IPCC, 3) promueve la creaci\u00f3n de redes para los diferentes actores de la ciencia del clima y la adaptaci\u00f3n al CC.<\/p>\n<p>Este proyecto producir\u00e1 importantes valores a\u00f1adidos a los servicios clim\u00e1ticos mediante el uso de relaciones estad\u00edsticas entre los aspectos del clima actual y el cambio futuro para limitar la incertidumbre en la evaluaci\u00f3n del impacto del CC. Tambi\u00e9n avanza en la evaluaci\u00f3n de la incertidumbre y la atribuci\u00f3n a una mejor comprensi\u00f3n y restricci\u00f3n de los supuestos involucrados en la definici\u00f3n de escenarios futuros locales. Esto proporciona beneficios sociales y econ\u00f3micos a nivel mundial para ayudar a personas y organizaciones a tomar decisiones clim\u00e1ticamente inteligentes. El proyecto tambi\u00e9n analiza la percepci\u00f3n social del CC y aumentar\u00e1 la conciencia social sobre sus efectos (indirectamente disminuir\u00e1 emisiones de CO2 y sensibilizar\u00e1 a los consumidores). Las actividades de difusi\u00f3n est\u00e1n dirigidas a partes interesadas y al p\u00fablico en general (incluidos alumnos de primaria). Tendr\u00e1 un impacto en la sociedad del presente, pero tambi\u00e9n en el futuro cercano. El CC es un desaf\u00edo con implicaciones de equidad intergeneracional e igualdad de g\u00e9nero y, por lo tanto, estas dimensiones se analizan en este proyecto.<\/p>\n<p>Logo del proyecto:<\/p>\n<p><img loading=\"lazy\" decoding=\"async\" class=\"alignnone wp-image-204\" src=\"https:\/\/blogs.ugr.es\/sierra-cc\/wp-content\/uploads\/sites\/167\/2025\/02\/cropped-logo-300x300.png\" alt=\"\" width=\"159\" height=\"159\" srcset=\"https:\/\/blogs.ugr.es\/sierra-cc\/wp-content\/uploads\/sites\/167\/2025\/02\/cropped-logo-300x300.png 300w, https:\/\/blogs.ugr.es\/sierra-cc\/wp-content\/uploads\/sites\/167\/2025\/02\/cropped-logo-150x150.png 150w, https:\/\/blogs.ugr.es\/sierra-cc\/wp-content\/uploads\/sites\/167\/2025\/02\/cropped-logo-75x75.png 75w, https:\/\/blogs.ugr.es\/sierra-cc\/wp-content\/uploads\/sites\/167\/2025\/02\/cropped-logo-270x270.png 270w, https:\/\/blogs.ugr.es\/sierra-cc\/wp-content\/uploads\/sites\/167\/2025\/02\/cropped-logo-192x192.png 192w, https:\/\/blogs.ugr.es\/sierra-cc\/wp-content\/uploads\/sites\/167\/2025\/02\/cropped-logo-180x180.png 180w, https:\/\/blogs.ugr.es\/sierra-cc\/wp-content\/uploads\/sites\/167\/2025\/02\/cropped-logo-32x32.png 32w, https:\/\/blogs.ugr.es\/sierra-cc\/wp-content\/uploads\/sites\/167\/2025\/02\/cropped-logo.png 512w\" sizes=\"auto, (max-width: 159px) 100vw, 159px\" \/><\/p>\n<p>Proyecto PID2022-137623OA-I00 financiado por MICIU\/AEI\/10.13039\/501100011033 y por FEDER, UE<\/p>\n<p><img loading=\"lazy\" decoding=\"async\" class=\"alignnone wp-image-230\" src=\"https:\/\/blogs.ugr.es\/sierra-cc\/wp-content\/uploads\/sites\/167\/2025\/02\/financiacion-300x58.jpg\" alt=\"\" width=\"409\" height=\"79\" srcset=\"https:\/\/blogs.ugr.es\/sierra-cc\/wp-content\/uploads\/sites\/167\/2025\/02\/financiacion-300x58.jpg 300w, https:\/\/blogs.ugr.es\/sierra-cc\/wp-content\/uploads\/sites\/167\/2025\/02\/financiacion-700x136.jpg 700w, https:\/\/blogs.ugr.es\/sierra-cc\/wp-content\/uploads\/sites\/167\/2025\/02\/financiacion.jpg 800w\" sizes=\"auto, (max-width: 409px) 100vw, 409px\" \/><\/p>\n","protected":false},"excerpt":{"rendered":"<p>&nbsp; El cambio clim\u00e1tico (CC) de origen antr\u00f3pico provocar\u00e1 eventos extremos m\u00e1s frecuentes e intensos, lo que causa y causar\u00e1 un impacto adverso generalizado y p\u00e9rdidas y da\u00f1os relacionados con la naturaleza y las personas, m\u00e1s all\u00e1 de la variabilidad clim\u00e1tica natural. Adaptarse al CC significa tomar medidas para prepararse tanto para los efectos actuales [&hellip;]<\/p>\n","protected":false},"author":678,"featured_media":0,"parent":0,"menu_order":0,"comment_status":"closed","ping_status":"closed","template":"","meta":{"_genesis_hide_title":false,"_genesis_hide_breadcrumbs":false,"_genesis_hide_singular_image":false,"_genesis_hide_footer_widgets":false,"_genesis_custom_body_class":"","_genesis_custom_post_class":"","_genesis_layout":"","footnotes":""},"categories":[],"tags":[],"class_list":{"0":"post-232","1":"page","2":"type-page","3":"status-publish","5":"entry"},"_links":{"self":[{"href":"https:\/\/blogs.ugr.es\/sierra-cc\/wp-json\/wp\/v2\/pages\/232","targetHints":{"allow":["GET"]}}],"collection":[{"href":"https:\/\/blogs.ugr.es\/sierra-cc\/wp-json\/wp\/v2\/pages"}],"about":[{"href":"https:\/\/blogs.ugr.es\/sierra-cc\/wp-json\/wp\/v2\/types\/page"}],"author":[{"embeddable":true,"href":"https:\/\/blogs.ugr.es\/sierra-cc\/wp-json\/wp\/v2\/users\/678"}],"replies":[{"embeddable":true,"href":"https:\/\/blogs.ugr.es\/sierra-cc\/wp-json\/wp\/v2\/comments?post=232"}],"version-history":[{"count":3,"href":"https:\/\/blogs.ugr.es\/sierra-cc\/wp-json\/wp\/v2\/pages\/232\/revisions"}],"predecessor-version":[{"id":241,"href":"https:\/\/blogs.ugr.es\/sierra-cc\/wp-json\/wp\/v2\/pages\/232\/revisions\/241"}],"wp:attachment":[{"href":"https:\/\/blogs.ugr.es\/sierra-cc\/wp-json\/wp\/v2\/media?parent=232"}],"wp:term":[{"taxonomy":"category","embeddable":true,"href":"https:\/\/blogs.ugr.es\/sierra-cc\/wp-json\/wp\/v2\/categories?post=232"},{"taxonomy":"post_tag","embeddable":true,"href":"https:\/\/blogs.ugr.es\/sierra-cc\/wp-json\/wp\/v2\/tags?post=232"}],"curies":[{"name":"wp","href":"https:\/\/api.w.org\/{rel}","templated":true}]}}