{"id":240,"date":"2018-02-04T13:34:18","date_gmt":"2018-02-04T12:34:18","guid":{"rendered":"https:\/\/blogs.ugr.es\/smlab\/?page_id=240"},"modified":"2021-11-22T18:43:42","modified_gmt":"2021-11-22T17:43:42","slug":"equipo","status":"publish","type":"page","link":"https:\/\/blogs.ugr.es\/smlab\/smlab_ugr\/equipo\/","title":{"rendered":"Equipo"},"content":{"rendered":"<p><span style=\"color: #993366\"><strong>Investigadores<\/strong><\/span><\/p>\n<ul>\n<li><strong><em>Miguel \u00c1ngel Casares Porcel<\/em>.<\/strong>\u00a0 <a href=\"&#x6d;a&#x69;&#108;&#x74;&#111;:&#x6d;a&#x63;&#97;&#x73;&#97;r&#x65;&#115;&#x40;&#117;g&#x72;&#46;&#x65;&#115;\">&#x6d;&#97;&#x63;&#97;s&#x61;&#114;e&#x73;&#64;&#x75;&#x67;r&#x2e;&#101;s<\/a><\/li>\n<\/ul>\n<p style=\"padding-left: 40px\"><img loading=\"lazy\" decoding=\"async\" class=\"alignleft size-full wp-image-1017\" src=\"https:\/\/blogs.ugr.es\/smlab\/wp-content\/uploads\/sites\/26\/2021\/11\/Carares-Porcel-Miguel-Angel.jpg\" alt=\"\" width=\"122\" height=\"122\" srcset=\"https:\/\/blogs.ugr.es\/smlab\/wp-content\/uploads\/sites\/26\/2021\/11\/Carares-Porcel-Miguel-Angel.jpg 122w, https:\/\/blogs.ugr.es\/smlab\/wp-content\/uploads\/sites\/26\/2021\/11\/Carares-Porcel-Miguel-Angel-75x75.jpg 75w\" sizes=\"auto, (max-width: 122px) 100vw, 122px\" \/><\/p>\n<p>Arquitecto.\u00a0Profesor del \u00c1rea de Expresi\u00f3n Gr\u00e1fica Arquitect\u00f3nica (Universidad de Granada).\u00a0Desde el a\u00f1o 2014 forma parte del Grupo de Investigaci\u00f3n \u00abHUM 1043 &#8211; Laboratorio para el Levantamiento y Modelizaci\u00f3n del Patrimonio Arquitect\u00f3nico\u00bb.<\/p>\n<p>&nbsp;<\/p>\n<ul>\n<li><strong><em>Antonio J. G\u00f3mez-Blanco Pontes<\/em>.<\/strong>\u00a0\u00a0<a href=\"&#109;&#x61;&#105;&#x6c;t&#111;&#x3a;&#97;&#x67;o&#x6d;e&#122;&#x62;&#64;&#x75;g&#x72;&#x2e;&#101;&#x73;\">&#x61;&#103;&#111;&#x6d;&#x65;&#122;&#98;&#x40;&#x75;&#103;&#114;&#x2e;&#x65;&#115;<\/a>\u00a0<a href=\"https:\/\/orcid.org\/0000-0002-8415-110X\"><img decoding=\"async\" src=\"https:\/\/libapps-eu.s3.amazonaws.com\/accounts\/86186\/images\/iconoorcid_16x16.gif\" alt=\"\" \/><\/a><\/li>\n<\/ul>\n<p style=\"padding-left: 40px\"><img loading=\"lazy\" decoding=\"async\" class=\"alignleft size-full wp-image-1018\" src=\"https:\/\/blogs.ugr.es\/smlab\/wp-content\/uploads\/sites\/26\/2021\/11\/Gomez-Blanco-Pontes-Antonio.jpg\" alt=\"\" width=\"122\" height=\"122\" srcset=\"https:\/\/blogs.ugr.es\/smlab\/wp-content\/uploads\/sites\/26\/2021\/11\/Gomez-Blanco-Pontes-Antonio.jpg 122w, https:\/\/blogs.ugr.es\/smlab\/wp-content\/uploads\/sites\/26\/2021\/11\/Gomez-Blanco-Pontes-Antonio-75x75.jpg 75w\" sizes=\"auto, (max-width: 122px) 100vw, 122px\" \/><\/p>\n<p style=\"padding-left: 40px\">Doctor Arquitecto. Profesor Titular de Universidad en el \u00c1rea de Expresi\u00f3n Gr\u00e1fica Arquitect\u00f3nica (Universidad de Granada). Desde el a\u00f1o 2014 forma parte del Grupo de Investigaci\u00f3n \u00abHUM 1043 &#8211; Laboratorio para el Levantamiento y Modelizaci\u00f3n del Patrimonio Arquitect\u00f3nico\u00bb. Es premio en la categor\u00eda de investigaci\u00f3n de la Convocatoria de Investigaci\u00f3n de la XIII Bienal Espa\u00f1ola de Arquitectura y Urbanismo (2016). Ha dirigido varias tesis doctorales y participado en numerosos proyectos y contratos de investigaci\u00f3n relacionados con el Patrimonio Arquitect\u00f3nico. En la actualidad es Subdirector de Investigaci\u00f3n y Doctorado en la Escuela T\u00e9cnica Superior de Arquitectura (Universidad de Granada).<\/p>\n<p>&nbsp;<\/p>\n<ul>\n<li><strong><em>Jorge G. Molinero S\u00e1nchez<\/em>.<\/strong>\u00a0 <a href=\"&#109;&#x61;&#x69;l&#116;&#x6f;:&#106;&#x6d;o&#108;&#x69;n&#101;&#x72;&#x6f;&#64;&#x75;&#x67;r&#46;&#x65;s\">&#x6a;&#x6d;&#x6f;&#x6c;&#x69;&#x6e;&#x65;&#114;&#111;&#64;&#117;&#103;r&#46;es\u00a0<\/a> <a href=\"https:\/\/orcid.org\/0000-0001-9248-4935\"><img decoding=\"async\" src=\"https:\/\/libapps-eu.s3.amazonaws.com\/accounts\/86186\/images\/iconoorcid_16x16.gif\" alt=\"\" \/><\/a><\/li>\n<\/ul>\n<p style=\"padding-left: 40px\"><img loading=\"lazy\" decoding=\"async\" class=\"alignleft size-full wp-image-1019\" src=\"https:\/\/blogs.ugr.es\/smlab\/wp-content\/uploads\/sites\/26\/2021\/11\/Molinero-Sanchez-Jorge.jpg\" alt=\"\" width=\"122\" height=\"122\" srcset=\"https:\/\/blogs.ugr.es\/smlab\/wp-content\/uploads\/sites\/26\/2021\/11\/Molinero-Sanchez-Jorge.jpg 122w, https:\/\/blogs.ugr.es\/smlab\/wp-content\/uploads\/sites\/26\/2021\/11\/Molinero-Sanchez-Jorge-75x75.jpg 75w\" sizes=\"auto, (max-width: 122px) 100vw, 122px\" \/><\/p>\n<p style=\"padding-left: 40px\">Doctor Arquitecto.\u00a0Profesor Contratado Doctor en el \u00c1rea de Expresi\u00f3n Gr\u00e1fica Arquitect\u00f3nica (Universidad de Granada).\u00a0Desde el a\u00f1o 2014 forma parte del Grupo de Investigaci\u00f3n \u00abHUM 1043 &#8211; Laboratorio para el Levantamiento y Modelizaci\u00f3n del Patrimonio Arquitect\u00f3nico\u00bb.<\/p>\n<p>&nbsp;<\/p>\n<p>&nbsp;<\/p>\n<ul>\n<li><strong><em>Juan Francisco Reinoso Gordo<\/em>.\u00a0<\/strong><a href=\"mai&#108;&#116;&#111;&#58;&#x6a;&#x72;&#x65;&#x69;&#x6e;&#x6f;&#x73;o&#64;u&#103;&#114;&#46;&#101;&#115;\">&#x6a;&#x72;&#x65;&#105;&#110;&#111;so&#x40;&#x75;&#x67;&#x72;&#46;&#101;s<\/a>\u00a0<a href=\"https:\/\/orcid.org\/0000-0003-3808-1857\"><img decoding=\"async\" src=\"https:\/\/libapps-eu.s3.amazonaws.com\/accounts\/86186\/images\/iconoorcid_16x16.gif\" alt=\"\" \/><\/a><\/li>\n<\/ul>\n<p style=\"padding-left: 40px\"><img loading=\"lazy\" decoding=\"async\" class=\"alignleft size-full wp-image-1020\" src=\"https:\/\/blogs.ugr.es\/smlab\/wp-content\/uploads\/sites\/26\/2021\/11\/Reinoso-Gordo-Juan-Francisco.jpg\" alt=\"\" width=\"123\" height=\"122\" srcset=\"https:\/\/blogs.ugr.es\/smlab\/wp-content\/uploads\/sites\/26\/2021\/11\/Reinoso-Gordo-Juan-Francisco.jpg 123w, https:\/\/blogs.ugr.es\/smlab\/wp-content\/uploads\/sites\/26\/2021\/11\/Reinoso-Gordo-Juan-Francisco-75x75.jpg 75w\" sizes=\"auto, (max-width: 123px) 100vw, 123px\" \/><\/p>\n<p style=\"padding-left: 40px\">Doctor Ingeniero en Geodesia y Cartograf\u00eda.\u00a0Profesor Titular de Universidad en el \u00c1rea de Ingenier\u00eda Cartogr\u00e1fica, Geod\u00e9sica y Fotogrametr\u00eda (Universidad de Granada).\u00a0Forma parte del Grupo de Investigaci\u00f3n TEP-164 \u201cIngenier\u00eda Cartogr\u00e1fica\u201d.\u00a0Ha sido investigador principal de 2 proyectos de investigaci\u00f3n con la Junta de Andaluc\u00eda y la Universidad de Ja\u00e9n relativos a la Calidad de modelos BIM (Building Information Models) aplicados al Patrimonio. Ha realizado estancias de investigaci\u00f3n en el Institut G\u00e9ographique National de Francia, la Universidad de California, Davis, (USA), Universidade Federal de Paran\u00e1 (Brasil), habiendo sido investigador principal y colaborador en sendos proyectos desarrollados en dichas Universidades. Los mencionados proyectos han tratado sobre uso de datos LiDAR en creaci\u00f3n de modelos digitales del terreno (MDT) con fines hidrogr\u00e1ficos y fotogrametr\u00eda a\u00e9rea para determinaci\u00f3n de trazas. Tambi\u00e9n ha trabajado en l\u00edneas de investigaci\u00f3n relativas a la Generalizaci\u00f3n Cartogr\u00e1fica, MDT, Fusi\u00f3n de Im\u00e1genes y UAV, habiendo publicado en dichas l\u00edneas 19 art\u00edculos JCR y 2 cap\u00edtulos de libro.<\/p>\n<ul>\n<li><strong><em>Esteban Jos\u00e9 Rivas L\u00f3pez<\/em>. <\/strong><a href=\"&#x6d;&#x61;&#105;lt&#x6f;&#x3a;&#101;&#114;i&#x76;&#x61;&#115;&#64;e&#x62;&#x69;&#x6d;&#101;&#46;e&#x73;\">&#101;&#x72;&#105;&#x76;&#97;&#x73;&#64;&#x65;&#98;&#x69;&#109;&#x65;&#46;&#x65;s<\/a> <a href=\"https:\/\/orcid.org\/0000-0002-6164-5297\"><img decoding=\"async\" src=\"https:\/\/libapps-eu.s3.amazonaws.com\/accounts\/86186\/images\/iconoorcid_16x16.gif\" alt=\"\" \/><\/a><\/li>\n<\/ul>\n<p style=\"padding-left: 40px\"><img loading=\"lazy\" decoding=\"async\" class=\"alignleft size-full wp-image-1021\" src=\"https:\/\/blogs.ugr.es\/smlab\/wp-content\/uploads\/sites\/26\/2021\/11\/Rivas-Lopez-Esteban.jpg\" alt=\"\" width=\"121\" height=\"122\" srcset=\"https:\/\/blogs.ugr.es\/smlab\/wp-content\/uploads\/sites\/26\/2021\/11\/Rivas-Lopez-Esteban.jpg 121w, https:\/\/blogs.ugr.es\/smlab\/wp-content\/uploads\/sites\/26\/2021\/11\/Rivas-Lopez-Esteban-75x75.jpg 75w\" sizes=\"auto, (max-width: 121px) 100vw, 121px\" \/><\/p>\n<p style=\"padding-left: 80px\">Doctor Arquitecto. BIM Manager por Building Smart International.\u00a0Miembro de la Comisi\u00f3n para la Implantaci\u00f3n de la Metodolog\u00eda BIM del Ministerio de Fomento.\u00a0Director General de EBIME, Consultor\u00eda de Servicios BIM.\u00a0Desde el a\u00f1o 2014 forma parte del Grupo de Investigaci\u00f3n \u00abHUM 1043 &#8211; Laboratorio para el Levantamiento y Modelizaci\u00f3n del Patrimonio Arquitect\u00f3nico\u00bb.<\/p>\n<p>&nbsp;<\/p>\n<p>&nbsp;<\/p>\n<ul>\n<li><strong><em>Concepci\u00f3n Rodr\u00edguez Moreno<\/em>.\u00a0<\/strong><a href=\"m&#97;&#x69;&#x6c;&#x74;o&#58;&#99;&#x72;&#x6f;d&#114;&#105;&#x67;&#x75;ez&#109;&#x6f;&#x72;&#x65;n&#111;&#x40;&#x75;&#x67;r&#46;&#101;&#x73;\">crod&#114;&#105;&#103;&#117;&#101;&#x7a;&#x6d;&#x6f;&#x72;&#x65;&#x6e;&#x6f;&#64;ugr&#46;&#101;&#115;<\/a>\u00a0<a href=\"https:\/\/orcid.org\/0000-0002-7586-1521\"><img decoding=\"async\" src=\"https:\/\/libapps-eu.s3.amazonaws.com\/accounts\/86186\/images\/iconoorcid_16x16.gif\" alt=\"\" \/><\/a><\/li>\n<\/ul>\n<p style=\"padding-left: 40px\"><img loading=\"lazy\" decoding=\"async\" class=\"alignleft size-full wp-image-1022\" src=\"https:\/\/blogs.ugr.es\/smlab\/wp-content\/uploads\/sites\/26\/2021\/11\/Rodriguez-Moreno-Concepcion.jpg\" alt=\"\" width=\"122\" height=\"122\" srcset=\"https:\/\/blogs.ugr.es\/smlab\/wp-content\/uploads\/sites\/26\/2021\/11\/Rodriguez-Moreno-Concepcion.jpg 122w, https:\/\/blogs.ugr.es\/smlab\/wp-content\/uploads\/sites\/26\/2021\/11\/Rodriguez-Moreno-Concepcion-75x75.jpg 75w\" sizes=\"auto, (max-width: 122px) 100vw, 122px\" \/><\/p>\n<p style=\"padding-left: 40px\">Doctora Arquitecta con Menci\u00f3n Internacional por la Universidad de Granada.\u00a0Profesora Contratado Doctora en el \u00c1rea de Expresi\u00f3n Gr\u00e1fica Arquitect\u00f3nica (Universidad de Granada).\u00a0Desde el a\u00f1o 2014 forma parte del Grupo de Investigaci\u00f3n \u00abHUM 1043 &#8211; Laboratorio para el Levantamiento y Modelizaci\u00f3n del Patrimonio Arquitect\u00f3nico\u00bb.\u00a0Ha participado en proyectos de investigaci\u00f3n del Plan Nacional relacionados con el estudio del Patrimonio Arquitect\u00f3nico como \u201cLos palacios de Pedro I de Castilla\u201d, \u201cLa arquitectura residencial de Al-Andalus: an\u00e1lisis tipol\u00f3gico, contexto urbano y sociol\u00f3gico\u201d, \u201cCasas del los Moriscos en Granada: investigaci\u00f3n y restauraci\u00f3n\u201d o \u201cArquitectura Sa\u2019ad: la pervivencia de Al-Andalus en el Magreb\u201d y tambi\u00e9n en proyectos TIC de Excelencia de la Junta de Andaluc\u00eda como \u201cSIAMA: Sistema de Informaci\u00f3n Aumentada de los monumentos andaluces\u201d.<\/p>\n<p>&nbsp;<\/p>\n<ul>\n<li><strong><em>Mar\u00eda del Carmen V\u00edlchez Lara<\/em>.<\/strong>\u00a0 <a href=\"&#x6d;&#97;i&#x6c;&#116;&#111;&#x3a;&#x6d;&#97;r&#x69;&#97;c&#x61;&#x72;&#109;e&#x6e;&#118;l&#x40;&#x75;&#103;r&#x2e;&#101;s\">&#x6d;a&#x72;&#105;a&#x63;&#97;&#x72;&#109;e&#x6e;&#118;&#x6c;&#64;u&#x67;&#114;&#x2e;&#x65;s<\/a> <a href=\"https:\/\/orcid.org\/0000-0002-0832-9439\"><img decoding=\"async\" src=\"https:\/\/libapps-eu.s3.amazonaws.com\/accounts\/86186\/images\/iconoorcid_16x16.gif\" alt=\"\" \/><\/a><\/li>\n<\/ul>\n<p style=\"padding-left: 40px\"><img loading=\"lazy\" decoding=\"async\" class=\"alignleft size-full wp-image-1023\" src=\"https:\/\/blogs.ugr.es\/smlab\/wp-content\/uploads\/sites\/26\/2021\/11\/Vilchez-Lara-Maria-del-Carmen.jpg\" alt=\"\" width=\"122\" height=\"122\" srcset=\"https:\/\/blogs.ugr.es\/smlab\/wp-content\/uploads\/sites\/26\/2021\/11\/Vilchez-Lara-Maria-del-Carmen.jpg 122w, https:\/\/blogs.ugr.es\/smlab\/wp-content\/uploads\/sites\/26\/2021\/11\/Vilchez-Lara-Maria-del-Carmen-75x75.jpg 75w\" sizes=\"auto, (max-width: 122px) 100vw, 122px\" \/><\/p>\n<p style=\"padding-left: 40px\">Doctora Arquitecta.\u00a0Profesora del \u00c1rea de Expresi\u00f3n Gr\u00e1fica Arquitect\u00f3nica (Universidad de Granada).\u00a0Desde el a\u00f1o 2014 forma parte del Grupo de Investigaci\u00f3n \u00abHUM 1043 &#8211; Laboratorio para el Levantamiento y Modelizaci\u00f3n del Patrimonio Arquitect\u00f3nico\u00bb.<\/p>\n<ul>\n<li style=\"list-style-type: none\"><\/li>\n<\/ul>\n<p>&nbsp;<\/p>\n<p><span style=\"color: #993366\"><strong>Colaboradores externos<\/strong><\/span><\/p>\n<ul>\n<li><strong><em>Fernando Acale S\u00e1nchez.\u00a0<\/em><\/strong>Doctor Arquitecto<\/li>\n<li><strong><em>Rafael Garc\u00eda Quesada<\/em><\/strong>. Doctor Arquitecto. Universidad de Granada<\/li>\n<li><strong><em>Carlos Alberto Le\u00f3n Robles<\/em><\/strong>. Doctor Ingeniero de Caminos, Canales y Puertos. Universidad de Granada<\/li>\n<li><strong><em>\u00c1gata A. Michot Roberto<\/em><\/strong>. Arquitecta<\/li>\n<li><strong><em>Emilia Navarrete Ruiz<\/em><\/strong>. Arquitecta<\/li>\n<li><strong><em>Jos\u00e9 P\u00e9rez Garrido<\/em><\/strong><em>.\u00a0<\/em>Arquitecto<\/li>\n<li><strong><em>Carlos Roda Garc\u00eda<\/em><\/strong>. Arquitecto<\/li>\n<li><strong><em>Francisco Javier Roldan Medina<\/em><\/strong>. Doctor Arquitecto<\/li>\n<\/ul>\n<p>&nbsp;<\/p>\n<p><span style=\"color: #993366\"><strong>Asesores cient\u00edficos<\/strong><\/span><\/p>\n<ul>\n<li><strong><em>Stefano Bertocci<\/em><\/strong>. Dipartimento di Architettura (DiDA) (U. degli studi di Firenze)<\/li>\n<li><strong><em>Juan A. Calatrava Escobar<\/em><\/strong>. \u00c1rea de Composici\u00f3n Arquitect\u00f3nica (U. de Granada)<\/li>\n<li><strong><em>Javier Gallego Roca<\/em><\/strong>. \u00c1rea de Construcciones Arquitect\u00f3nicas (U. de Granada)<\/li>\n<li><strong><em>Jos\u00e9 Antonio Fern\u00e1ndez Ruiz<\/em><\/strong>. \u00c1rea de Expresi\u00f3n Gr\u00e1fica Arquitect\u00f3nica (U. de Granada)<\/li>\n<li><strong><em>Sandro Parrinello<\/em><\/strong>. Dipartimento di Ingegneria Civile ed Architettura \u2013 Sezione di Architettura e Territorio\u00a0(U. degli studi di Pavia)<\/li>\n<\/ul>\n","protected":false},"excerpt":{"rendered":"<p>Investigadores Miguel \u00c1ngel Casares Porcel.\u00a0 &#x6d;&#x61;&#x63;&#97;&#115;ar&#x65;&#x73;&#x40;&#117;&#103;r&#46;&#x65;&#x73; Arquitecto.\u00a0Profesor del \u00c1rea de Expresi\u00f3n Gr\u00e1fica Arquitect\u00f3nica (Universidad de Granada).\u00a0Desde el a\u00f1o 2014 forma parte del Grupo de Investigaci\u00f3n \u00abHUM 1043 &#8211; Laboratorio para el Levantamiento y Modelizaci\u00f3n del Patrimonio Arquitect\u00f3nico\u00bb. &nbsp; Antonio J. G\u00f3mez-Blanco Pontes.\u00a0\u00a0ag&#111;&#109;&#101;&#122;&#x62;&#x40;&#x75;&#x67;&#x72;&#46;e&#115;\u00a0 Doctor Arquitecto. Profesor Titular de Universidad en el \u00c1rea de Expresi\u00f3n Gr\u00e1fica Arquitect\u00f3nica [&hellip;]<\/p>\n","protected":false},"author":29,"featured_media":0,"parent":149,"menu_order":1,"comment_status":"closed","ping_status":"closed","template":"","meta":{"_genesis_hide_title":false,"_genesis_hide_breadcrumbs":false,"_genesis_hide_singular_image":false,"_genesis_hide_footer_widgets":false,"_genesis_custom_body_class":"","_genesis_custom_post_class":"","_genesis_layout":"","footnotes":""},"categories":[],"tags":[],"class_list":{"0":"post-240","1":"page","2":"type-page","3":"status-publish","5":"entry"},"_links":{"self":[{"href":"https:\/\/blogs.ugr.es\/smlab\/wp-json\/wp\/v2\/pages\/240","targetHints":{"allow":["GET"]}}],"collection":[{"href":"https:\/\/blogs.ugr.es\/smlab\/wp-json\/wp\/v2\/pages"}],"about":[{"href":"https:\/\/blogs.ugr.es\/smlab\/wp-json\/wp\/v2\/types\/page"}],"author":[{"embeddable":true,"href":"https:\/\/blogs.ugr.es\/smlab\/wp-json\/wp\/v2\/users\/29"}],"replies":[{"embeddable":true,"href":"https:\/\/blogs.ugr.es\/smlab\/wp-json\/wp\/v2\/comments?post=240"}],"version-history":[{"count":4,"href":"https:\/\/blogs.ugr.es\/smlab\/wp-json\/wp\/v2\/pages\/240\/revisions"}],"predecessor-version":[{"id":1032,"href":"https:\/\/blogs.ugr.es\/smlab\/wp-json\/wp\/v2\/pages\/240\/revisions\/1032"}],"up":[{"embeddable":true,"href":"https:\/\/blogs.ugr.es\/smlab\/wp-json\/wp\/v2\/pages\/149"}],"wp:attachment":[{"href":"https:\/\/blogs.ugr.es\/smlab\/wp-json\/wp\/v2\/media?parent=240"}],"wp:term":[{"taxonomy":"category","embeddable":true,"href":"https:\/\/blogs.ugr.es\/smlab\/wp-json\/wp\/v2\/categories?post=240"},{"taxonomy":"post_tag","embeddable":true,"href":"https:\/\/blogs.ugr.es\/smlab\/wp-json\/wp\/v2\/tags?post=240"}],"curies":[{"name":"wp","href":"https:\/\/api.w.org\/{rel}","templated":true}]}}