{"id":449,"date":"2018-02-14T10:38:54","date_gmt":"2018-02-14T09:38:54","guid":{"rendered":"https:\/\/blogs.ugr.es\/smlab\/?page_id=449"},"modified":"2018-12-06T17:18:22","modified_gmt":"2018-12-06T16:18:22","slug":"proyectos","status":"publish","type":"page","link":"https:\/\/blogs.ugr.es\/smlab\/investigacion-research\/proyectos\/","title":{"rendered":"Proyectos &#8211; Research projects"},"content":{"rendered":"<p><a href=\"https:\/\/blogs.ugr.es\/smlab\/universidad-y-genero-los-nuevos-espacios-proyectados-ref-ppji2018-15\/\">Universidad y G\u00e9nero: los nuevos espacios proyectados<\/a><\/p>\n<p style=\"text-align: left\"><a href=\"https:\/\/blogs.ugr.es\/smlab\/levantamiento-y-modelizacion-del-palacio-del-generalife\/\">El Palacio del Gene<\/a><a href=\"https:\/\/blogs.ugr.es\/smlab\/levantamiento-y-modelizacion-del-palacio-del-generalife\/\">ralife : del levantamiento digital al proyecto de gesti\u00f3n.Cuaderno de trabajo para la documentaci\u00f3n arquitect\u00f3nica<\/a><\/p>\n<p><a href=\"https:\/\/blogs.ugr.es\/smlab\/documentacion-de-la-ciudad-romana-de-volubilis\/\">Documentaci\u00f3n de la ciudad romana de Volubilis<\/a><\/p>\n<p><a href=\"https:\/\/blogs.ugr.es\/smlab\/evaluacion-de-la-calidad-de-modelos-bim-building-information-modelling-aplicados-al-patrimonio\/\">Evaluaci\u00f3n de la calidad de modelos BIM (Building Information Modelling) aplicados al Patrimonio<\/a><\/p>\n<p><a href=\"https:\/\/blogs.ugr.es\/smlab\/descripcion-evaluacion-y-control-de-la-calidad-de-modelos-bim-building-information-modelling-aplicados-al-patrimonio\/\">Descripci\u00f3n, evaluaci\u00f3n y control de la calidad de modelos BIM (Building Information Modelling) aplicados al Patrimonio<\/a><\/p>\n","protected":false},"excerpt":{"rendered":"<p>Universidad y G\u00e9nero: los nuevos espacios proyectados El Palacio del Generalife : del levantamiento digital al proyecto de gesti\u00f3n.Cuaderno de trabajo para la documentaci\u00f3n arquitect\u00f3nica Documentaci\u00f3n de la ciudad romana de Volubilis Evaluaci\u00f3n de la calidad de modelos BIM (Building Information Modelling) aplicados al Patrimonio Descripci\u00f3n, evaluaci\u00f3n y control de la calidad de modelos BIM [&hellip;]<\/p>\n","protected":false},"author":29,"featured_media":0,"parent":503,"menu_order":2,"comment_status":"closed","ping_status":"closed","template":"","meta":{"_genesis_hide_title":false,"_genesis_hide_breadcrumbs":false,"_genesis_hide_singular_image":false,"_genesis_hide_footer_widgets":false,"_genesis_custom_body_class":"","_genesis_custom_post_class":"","_genesis_layout":"","footnotes":""},"categories":[],"tags":[],"class_list":{"0":"post-449","1":"page","2":"type-page","3":"status-publish","5":"entry"},"_links":{"self":[{"href":"https:\/\/blogs.ugr.es\/smlab\/wp-json\/wp\/v2\/pages\/449","targetHints":{"allow":["GET"]}}],"collection":[{"href":"https:\/\/blogs.ugr.es\/smlab\/wp-json\/wp\/v2\/pages"}],"about":[{"href":"https:\/\/blogs.ugr.es\/smlab\/wp-json\/wp\/v2\/types\/page"}],"author":[{"embeddable":true,"href":"https:\/\/blogs.ugr.es\/smlab\/wp-json\/wp\/v2\/users\/29"}],"replies":[{"embeddable":true,"href":"https:\/\/blogs.ugr.es\/smlab\/wp-json\/wp\/v2\/comments?post=449"}],"version-history":[{"count":3,"href":"https:\/\/blogs.ugr.es\/smlab\/wp-json\/wp\/v2\/pages\/449\/revisions"}],"predecessor-version":[{"id":840,"href":"https:\/\/blogs.ugr.es\/smlab\/wp-json\/wp\/v2\/pages\/449\/revisions\/840"}],"up":[{"embeddable":true,"href":"https:\/\/blogs.ugr.es\/smlab\/wp-json\/wp\/v2\/pages\/503"}],"wp:attachment":[{"href":"https:\/\/blogs.ugr.es\/smlab\/wp-json\/wp\/v2\/media?parent=449"}],"wp:term":[{"taxonomy":"category","embeddable":true,"href":"https:\/\/blogs.ugr.es\/smlab\/wp-json\/wp\/v2\/categories?post=449"},{"taxonomy":"post_tag","embeddable":true,"href":"https:\/\/blogs.ugr.es\/smlab\/wp-json\/wp\/v2\/tags?post=449"}],"curies":[{"name":"wp","href":"https:\/\/api.w.org\/{rel}","templated":true}]}}