{"id":495,"date":"2018-02-17T11:36:11","date_gmt":"2018-02-17T10:36:11","guid":{"rendered":"https:\/\/blogs.ugr.es\/smlab\/?page_id=495"},"modified":"2018-05-15T10:15:13","modified_gmt":"2018-05-15T08:15:13","slug":"quienes-somos-about-of-us","status":"publish","type":"page","link":"https:\/\/blogs.ugr.es\/smlab\/smlab_ugr\/quienes-somos-about-of-us\/","title":{"rendered":"Qui\u00e9nes somos &#8211; About us"},"content":{"rendered":"<p style=\"text-align: center\"><img loading=\"lazy\" decoding=\"async\" class=\"size-medium wp-image-171 aligncenter\" src=\"https:\/\/blogs.ugr.es\/smlab\/wp-content\/uploads\/sites\/26\/2018\/02\/photo-300x300.jpg\" alt=\"\" width=\"300\" height=\"300\" srcset=\"https:\/\/blogs.ugr.es\/smlab\/wp-content\/uploads\/sites\/26\/2018\/02\/photo-300x300.jpg 300w, https:\/\/blogs.ugr.es\/smlab\/wp-content\/uploads\/sites\/26\/2018\/02\/photo-150x150.jpg 150w, https:\/\/blogs.ugr.es\/smlab\/wp-content\/uploads\/sites\/26\/2018\/02\/photo-75x75.jpg 75w, https:\/\/blogs.ugr.es\/smlab\/wp-content\/uploads\/sites\/26\/2018\/02\/photo.jpg 564w\" sizes=\"auto, (max-width: 300px) 100vw, 300px\" \/><\/p>\n<p>&nbsp;<\/p>\n<p>SMlab (<em>Survey and Modelling LAB of architectural heritage<\/em>) es un Laboratorio para el Levantamiento y Modelizaci\u00f3n del Patrimonio Arquitect\u00f3nico que inicia su actividad en el a\u00f1o 2014, teniendo su sede en la Escuela T\u00e9cnica Superior de Arquitectura de la Universidad de Granada.<\/p>\n<p>Este laboratorio surge como un espacio desde el que profesores y alumnos puedan trabajar en com\u00fan, experimentando con las tecnolog\u00edas de documentaci\u00f3n aplicadas a la conservaci\u00f3n del patrimonio. Para ello cuenta con esc\u00e1ner l\u00e1ser, estaci\u00f3n total, impresi\u00f3n 3D y diversas herramientas que permiten generar una metodolog\u00eda propia de trabajo.<\/p>\n<p>&nbsp;<\/p>\n<p style=\"text-align: center\"><iframe loading=\"lazy\" title=\"ETS Arquitectura de Granada (SMlab_UGR)\" width=\"500\" height=\"281\" src=\"https:\/\/www.youtube.com\/embed\/zmODn_i_ns4?feature=oembed\" frameborder=\"0\" allow=\"accelerometer; autoplay; clipboard-write; encrypted-media; gyroscope; picture-in-picture; web-share\" referrerpolicy=\"strict-origin-when-cross-origin\" allowfullscreen><\/iframe><\/p>\n<p style=\"text-align: center\">\u201cDe palacio renacentista a E.T.S. de Arquitectura\u201d<\/p>\n<p style=\"text-align: center\"><iframe loading=\"lazy\" title=\"ETS de Arquitectura de Granada\" width=\"500\" height=\"375\" src=\"https:\/\/www.youtube.com\/embed\/nHNBp-sMqVQ?feature=oembed\" frameborder=\"0\" allow=\"accelerometer; autoplay; clipboard-write; encrypted-media; gyroscope; picture-in-picture; web-share\" referrerpolicy=\"strict-origin-when-cross-origin\" allowfullscreen><\/iframe><\/p>\n<p style=\"text-align: center\">Descripci\u00f3n fotogr\u00e1fica. Noviembre 2014<\/p>\n<p style=\"text-align: center\">Premio de Arquitectura Espa\u00f1ola 2015 (V\u00edctor L\u00f3pez Cotelo, arq.)<\/p>\n","protected":false},"excerpt":{"rendered":"<p>&nbsp; SMlab (Survey and Modelling LAB of architectural heritage) es un Laboratorio para el Levantamiento y Modelizaci\u00f3n del Patrimonio Arquitect\u00f3nico que inicia su actividad en el a\u00f1o 2014, teniendo su sede en la Escuela T\u00e9cnica Superior de Arquitectura de la Universidad de Granada. Este laboratorio surge como un espacio desde el que profesores y alumnos [&hellip;]<\/p>\n","protected":false},"author":29,"featured_media":0,"parent":149,"menu_order":0,"comment_status":"closed","ping_status":"closed","template":"","meta":{"_genesis_hide_title":false,"_genesis_hide_breadcrumbs":false,"_genesis_hide_singular_image":false,"_genesis_hide_footer_widgets":false,"_genesis_custom_body_class":"","_genesis_custom_post_class":"","_genesis_layout":"","footnotes":""},"categories":[],"tags":[],"class_list":{"0":"post-495","1":"page","2":"type-page","3":"status-publish","5":"entry"},"_links":{"self":[{"href":"https:\/\/blogs.ugr.es\/smlab\/wp-json\/wp\/v2\/pages\/495","targetHints":{"allow":["GET"]}}],"collection":[{"href":"https:\/\/blogs.ugr.es\/smlab\/wp-json\/wp\/v2\/pages"}],"about":[{"href":"https:\/\/blogs.ugr.es\/smlab\/wp-json\/wp\/v2\/types\/page"}],"author":[{"embeddable":true,"href":"https:\/\/blogs.ugr.es\/smlab\/wp-json\/wp\/v2\/users\/29"}],"replies":[{"embeddable":true,"href":"https:\/\/blogs.ugr.es\/smlab\/wp-json\/wp\/v2\/comments?post=495"}],"version-history":[{"count":4,"href":"https:\/\/blogs.ugr.es\/smlab\/wp-json\/wp\/v2\/pages\/495\/revisions"}],"predecessor-version":[{"id":667,"href":"https:\/\/blogs.ugr.es\/smlab\/wp-json\/wp\/v2\/pages\/495\/revisions\/667"}],"up":[{"embeddable":true,"href":"https:\/\/blogs.ugr.es\/smlab\/wp-json\/wp\/v2\/pages\/149"}],"wp:attachment":[{"href":"https:\/\/blogs.ugr.es\/smlab\/wp-json\/wp\/v2\/media?parent=495"}],"wp:term":[{"taxonomy":"category","embeddable":true,"href":"https:\/\/blogs.ugr.es\/smlab\/wp-json\/wp\/v2\/categories?post=495"},{"taxonomy":"post_tag","embeddable":true,"href":"https:\/\/blogs.ugr.es\/smlab\/wp-json\/wp\/v2\/tags?post=495"}],"curies":[{"name":"wp","href":"https:\/\/api.w.org\/{rel}","templated":true}]}}