{"id":694,"date":"2018-06-26T23:45:09","date_gmt":"2018-06-26T21:45:09","guid":{"rendered":"https:\/\/blogs.ugr.es\/smlab\/?page_id=694"},"modified":"2018-07-04T20:21:46","modified_gmt":"2018-07-04T18:21:46","slug":"presentacion","status":"publish","type":"page","link":"https:\/\/blogs.ugr.es\/smlab\/master-bim_ugr\/presentacion\/","title":{"rendered":"Presentaci\u00f3n"},"content":{"rendered":"<p><img loading=\"lazy\" decoding=\"async\" class=\"alignleft wp-image-738\" src=\"https:\/\/blogs.ugr.es\/smlab\/wp-content\/uploads\/sites\/26\/2018\/07\/mbim_ugr3-300x300.jpg\" alt=\"\" width=\"171\" height=\"171\" srcset=\"https:\/\/blogs.ugr.es\/smlab\/wp-content\/uploads\/sites\/26\/2018\/07\/mbim_ugr3-300x300.jpg 300w, https:\/\/blogs.ugr.es\/smlab\/wp-content\/uploads\/sites\/26\/2018\/07\/mbim_ugr3-150x150.jpg 150w, https:\/\/blogs.ugr.es\/smlab\/wp-content\/uploads\/sites\/26\/2018\/07\/mbim_ugr3-700x700.jpg 700w, https:\/\/blogs.ugr.es\/smlab\/wp-content\/uploads\/sites\/26\/2018\/07\/mbim_ugr3-75x75.jpg 75w, https:\/\/blogs.ugr.es\/smlab\/wp-content\/uploads\/sites\/26\/2018\/07\/mbim_ugr3.jpg 800w\" sizes=\"auto, (max-width: 171px) 100vw, 171px\" \/><\/p>\n<p>&nbsp;<\/p>\n<p>&nbsp;<\/p>\n<p>&nbsp;<\/p>\n<p>&nbsp;<\/p>\n<p>&nbsp;<\/p>\n<p>\u00d3rgano proponente: Departamento de Expresi\u00f3n Gr\u00e1fica Arquitect\u00f3nica y en la Ingenier\u00eda<\/p>\n<p>Director Acad\u00e9mico: Esteban Jos\u00e9 Rivas L\u00f3pez<\/p>\n<p>Coordinadores: Jorge Molinero S\u00e1nchez &#8211; Antonio G\u00f3mez-Blanco Pontes<\/p>\n<p>&nbsp;<\/p>\n<p>ESTRUCTURA DEL M\u00c1STER<\/p>\n<p><a href=\"https:\/\/blogs.ugr.es\/smlab\/master-bim_ugr\/primer-curso\/\">DEBIM1: Diploma de Especializaci\u00f3n en Modelado, Colaboraci\u00f3n e Interoperabilidad mediante Metodolog\u00eda BIM. Perfil BIM Specialist<\/a><\/p>\n<p><a href=\"https:\/\/blogs.ugr.es\/smlab\/master-bim_ugr\/segundo-curso\/\">DEBIM2: Diploma de Especializaci\u00f3n en Gesti\u00f3n de Proyectos y Patrimonio en el Ciclo de Vida mediante Metodolog\u00eda BIM. Perfil BIM Expert<\/a><\/p>\n<p><a href=\"https:\/\/blogs.ugr.es\/smlab\/master-bim_ugr\/de1de2tfm\/\">DEBIM1+DEBIM2+TFM: M\u00e1ster en Modelado, Colaboraci\u00f3n, Interoperabilidad y Gesti\u00f3n de Proyectos y Patrimonio en el Ciclo de Vida mediante Metodolog\u00eda BIM. Perfil BIM Manager<\/a><\/p>\n<p>&nbsp;<\/p>\n<p>Contacto: <a href=\"&#109;&#x61;&#x69;l&#116;&#x6f;&#x3a;m&#97;&#x73;t&#101;&#x72;&#x62;i&#109;&#x40;u&#103;&#x72;&#x2e;e&#115;\">&#x6d;&#x61;&#x73;&#x74;&#x65;&#x72;&#x62;&#x69;&#x6d;&#x40;&#x75;&#103;&#114;&#46;&#101;&#115;<\/a><\/p>\n<p><a href=\"https:\/\/www.facebook.com\/MasterBIMugr\/\"><img loading=\"lazy\" decoding=\"async\" class=\"alignleft  wp-image-765\" src=\"https:\/\/blogs.ugr.es\/smlab\/wp-content\/uploads\/sites\/26\/2018\/07\/facebook-300x300.png\" alt=\"\" width=\"43\" height=\"43\" srcset=\"https:\/\/blogs.ugr.es\/smlab\/wp-content\/uploads\/sites\/26\/2018\/07\/facebook-300x300.png 300w, https:\/\/blogs.ugr.es\/smlab\/wp-content\/uploads\/sites\/26\/2018\/07\/facebook-150x150.png 150w, https:\/\/blogs.ugr.es\/smlab\/wp-content\/uploads\/sites\/26\/2018\/07\/facebook-75x75.png 75w, https:\/\/blogs.ugr.es\/smlab\/wp-content\/uploads\/sites\/26\/2018\/07\/facebook.png 512w\" sizes=\"auto, (max-width: 43px) 100vw, 43px\" \/><\/a><\/p>\n<p>&nbsp;<\/p>\n<p>&nbsp;<\/p>\n<p>En breve se informar\u00e1 sobre la p\u00e1gina web oficial del m\u00e1ster.<\/p>\n","protected":false},"excerpt":{"rendered":"<p>&nbsp; &nbsp; &nbsp; &nbsp; &nbsp; \u00d3rgano proponente: Departamento de Expresi\u00f3n Gr\u00e1fica Arquitect\u00f3nica y en la Ingenier\u00eda Director Acad\u00e9mico: Esteban Jos\u00e9 Rivas L\u00f3pez Coordinadores: Jorge Molinero S\u00e1nchez &#8211; Antonio G\u00f3mez-Blanco Pontes &nbsp; ESTRUCTURA DEL M\u00c1STER DEBIM1: Diploma de Especializaci\u00f3n en Modelado, Colaboraci\u00f3n e Interoperabilidad mediante Metodolog\u00eda BIM. Perfil BIM Specialist DEBIM2: Diploma de Especializaci\u00f3n en Gesti\u00f3n [&hellip;]<\/p>\n","protected":false},"author":29,"featured_media":0,"parent":679,"menu_order":0,"comment_status":"closed","ping_status":"closed","template":"","meta":{"_genesis_hide_title":false,"_genesis_hide_breadcrumbs":false,"_genesis_hide_singular_image":false,"_genesis_hide_footer_widgets":false,"_genesis_custom_body_class":"","_genesis_custom_post_class":"","_genesis_layout":"","footnotes":""},"categories":[],"tags":[],"class_list":{"0":"post-694","1":"page","2":"type-page","3":"status-publish","5":"entry"},"_links":{"self":[{"href":"https:\/\/blogs.ugr.es\/smlab\/wp-json\/wp\/v2\/pages\/694","targetHints":{"allow":["GET"]}}],"collection":[{"href":"https:\/\/blogs.ugr.es\/smlab\/wp-json\/wp\/v2\/pages"}],"about":[{"href":"https:\/\/blogs.ugr.es\/smlab\/wp-json\/wp\/v2\/types\/page"}],"author":[{"embeddable":true,"href":"https:\/\/blogs.ugr.es\/smlab\/wp-json\/wp\/v2\/users\/29"}],"replies":[{"embeddable":true,"href":"https:\/\/blogs.ugr.es\/smlab\/wp-json\/wp\/v2\/comments?post=694"}],"version-history":[{"count":4,"href":"https:\/\/blogs.ugr.es\/smlab\/wp-json\/wp\/v2\/pages\/694\/revisions"}],"predecessor-version":[{"id":767,"href":"https:\/\/blogs.ugr.es\/smlab\/wp-json\/wp\/v2\/pages\/694\/revisions\/767"}],"up":[{"embeddable":true,"href":"https:\/\/blogs.ugr.es\/smlab\/wp-json\/wp\/v2\/pages\/679"}],"wp:attachment":[{"href":"https:\/\/blogs.ugr.es\/smlab\/wp-json\/wp\/v2\/media?parent=694"}],"wp:term":[{"taxonomy":"category","embeddable":true,"href":"https:\/\/blogs.ugr.es\/smlab\/wp-json\/wp\/v2\/categories?post=694"},{"taxonomy":"post_tag","embeddable":true,"href":"https:\/\/blogs.ugr.es\/smlab\/wp-json\/wp\/v2\/tags?post=694"}],"curies":[{"name":"wp","href":"https:\/\/api.w.org\/{rel}","templated":true}]}}