{"id":696,"date":"2018-06-26T23:45:31","date_gmt":"2018-06-26T21:45:31","guid":{"rendered":"https:\/\/blogs.ugr.es\/smlab\/?page_id=696"},"modified":"2018-07-29T10:57:30","modified_gmt":"2018-07-29T08:57:30","slug":"primer-curso","status":"publish","type":"page","link":"https:\/\/blogs.ugr.es\/smlab\/master-bim_ugr\/primer-curso\/","title":{"rendered":"Primer curso (DEBIM1)"},"content":{"rendered":"<p><a href=\"https:\/\/blogs.ugr.es\/smlab\/wp-content\/uploads\/sites\/26\/2018\/07\/CARTEL-MODELADO-BIM-LR.jpg\"><img loading=\"lazy\" decoding=\"async\" class=\"alignleft size-medium wp-image-779\" src=\"https:\/\/blogs.ugr.es\/smlab\/wp-content\/uploads\/sites\/26\/2018\/07\/CARTEL-MODELADO-BIM-LR-215x300.jpg\" alt=\"\" width=\"215\" height=\"300\" srcset=\"https:\/\/blogs.ugr.es\/smlab\/wp-content\/uploads\/sites\/26\/2018\/07\/CARTEL-MODELADO-BIM-LR-215x300.jpg 215w, https:\/\/blogs.ugr.es\/smlab\/wp-content\/uploads\/sites\/26\/2018\/07\/CARTEL-MODELADO-BIM-LR-501x700.jpg 501w, https:\/\/blogs.ugr.es\/smlab\/wp-content\/uploads\/sites\/26\/2018\/07\/CARTEL-MODELADO-BIM-LR.jpg 572w\" sizes=\"auto, (max-width: 215px) 100vw, 215px\" \/><\/a><\/p>\n<p><a href=\"https:\/\/blogs.ugr.es\/smlab\/wp-content\/uploads\/sites\/26\/2018\/07\/TRIPTICO-MODELADO-BIM.pdf\"><img loading=\"lazy\" decoding=\"async\" class=\"alignleft size-medium wp-image-783\" src=\"https:\/\/blogs.ugr.es\/smlab\/wp-content\/uploads\/sites\/26\/2018\/07\/TRIPTICO-MODELADO-BIM-300x212.jpg\" alt=\"\" width=\"300\" height=\"212\" srcset=\"https:\/\/blogs.ugr.es\/smlab\/wp-content\/uploads\/sites\/26\/2018\/07\/TRIPTICO-MODELADO-BIM-300x212.jpg 300w, https:\/\/blogs.ugr.es\/smlab\/wp-content\/uploads\/sites\/26\/2018\/07\/TRIPTICO-MODELADO-BIM-700x495.jpg 700w, https:\/\/blogs.ugr.es\/smlab\/wp-content\/uploads\/sites\/26\/2018\/07\/TRIPTICO-MODELADO-BIM.jpg 800w\" sizes=\"auto, (max-width: 300px) 100vw, 300px\" \/><\/a><\/p>\n<p>&nbsp;<\/p>\n<p>&nbsp;<\/p>\n<p>&nbsp;<\/p>\n<p>&nbsp;<\/p>\n<p>&nbsp;<\/p>\n<p>&nbsp;<\/p>\n<p>&nbsp;<\/p>\n<p>&nbsp;<\/p>\n<p>&nbsp;<\/p>\n<p><span style=\"color: #993366\"><strong>DIPLOMA DE ESPECIALIZACI\u00d3N EN MODELADO, COLABORACI\u00d3N E INTEROPERABILIDAD MEDIANTE METODOLOG\u00cdA BIM. PERFIL BIM SPECIALIST<\/strong><\/span><\/p>\n<p>Primera edici\u00f3n: Curso 2018-2019<\/p>\n<p>CARACTER\u00cdSTICAS<\/p>\n<p>Calendario: 15.11.2018 al 10.05.2019. Mi\u00e9rcoles, jueves y viernes de 17h00 a 21h30.<br \/>\n(Dentro de estas fechas, quedan establecidos como d\u00edas sin docencia los siguientes: 06.12.2018-07.12.2018, 26.12.2018-04.01.2019, 28.02.2019, 17.04.2019-24.04.2019, 01.05.209-08.05.2019)<\/p>\n<p>Idioma: Espa\u00f1ol (con menci\u00f3n de conceptos en Ingl\u00e9s)<\/p>\n<p>Duraci\u00f3n: 750 horas (300 horas de formaci\u00f3n m\u00e1s 450 horas de trabajo tutorizado del alumno)<\/p>\n<p>N\u00famero de plazas: 25<\/p>\n<p>Fechas de inscripci\u00f3n:<\/p>\n<p>Lugar: Escuela T\u00e9cnica Superior de Arquitectura de la Universidad de Granada (Campo del Pr\u00edncipe s\/n &#8211; Granada)<\/p>\n<p>COMPETENCIAS PARA EL ALUMNO\/A<\/p>\n<p>El alumno\/a sabr\u00e1:<\/p>\n<ul>\n<li>Qu\u00e9 es Building Information Modelling (BIM)<\/li>\n<li>Cu\u00e1les son los objetivos del empleo de la Metodolog\u00eda BIM<\/li>\n<li>Cu\u00e1les son los criterios fundamentales en los que se apoya la Metodolog\u00eda BIM<\/li>\n<li>Cu\u00e1les son los perfiles internacionales BIM y sus responsabilidades<\/li>\n<li>Qu\u00e9 beneficios e inconvenientes supone BIM para el profesional<\/li>\n<li>Qu\u00e9 es y qu\u00e9 objetivo tiene el software Revit<\/li>\n<li>Cu\u00e1les son los criterios fundamentales en los que se apoya el funcionamiento de Revit, ArchiCAD, AllPlan y AECOsim<\/li>\n<li>Qu\u00e9 beneficios e inconvenientes principales aporta el uso de Revit, ArchiCAD, AllPlan y AECOsim<\/li>\n<li>C\u00f3mo funcionan Revit, ArchiCAD, AllPlan y AECOsim a nivel de modelado arquitect\u00f3nico fundamental y documentaci\u00f3n del modelo<\/li>\n<li>C\u00f3mo funcionan Revit y AECOsim a nivel de modelado arquitect\u00f3nico avanzado<\/li>\n<li>Qu\u00e9 flujo de trabajo debe seguirse para crear los elementos arquitect\u00f3nicos fundamentales y documentar un modelo con Revit, ArchiCAD, AllPlan y AECOsim<\/li>\n<li>Qu\u00e9 flujo de trabajo debe seguirse para crear los elementos arquitect\u00f3nicos complejos con Revit y AECOsim<\/li>\n<li>C\u00f3mo funciona Revit a nivel de colaboraci\u00f3n o Pr\u00e1ctica Integrada<\/li>\n<li>Cu\u00e1les son los perfiles BIM y qu\u00e9 cometido cumple cada uno de ellos<\/li>\n<li>Qu\u00e9 flujo de trabajo debe seguirse para crear un modelo en equipo mediante colaboraci\u00f3n BIM en Revit<\/li>\n<li>C\u00f3mo interactuar en un entorno colaborativo en cuanto a BIM 4D y BIM 5D<\/li>\n<li>C\u00f3mo recepcionar, verificar y validar el modelo nativo en cuanto a BIM 4D y BIM 5D<\/li>\n<li>C\u00f3mo preparar el modelo nativo para la preparaci\u00f3n de presupuestos y cronogramas de obra<\/li>\n<li>C\u00f3mo comprobar interferencias dentro del modelo nativo<\/li>\n<li>Como enlazar elementos constructivos del modelo digital nativo importado con las actividades de la programaci\u00f3n BIM 4D creada o importada<\/li>\n<li>Como realizar una simulaci\u00f3n BIM 4D con Synchro<\/li>\n<li>Como generar tablas de medici\u00f3n para BIM 4D<\/li>\n<li>Como enlazar el modelo nativo con el generador de precios<\/li>\n<li>Como elaborar presupuestos en entornos BIM 5D<\/li>\n<li>Como actualizar precios de distintas bases de datos<\/li>\n<li>Qu\u00e9 es la simulaci\u00f3n y an\u00e1lisis energ\u00e9tico en BIM<\/li>\n<li>Cu\u00e1les son los objetivos de la simulaci\u00f3n y an\u00e1lisis energ\u00e9tico en BIM<\/li>\n<li>Qu\u00e9 es y de qu\u00e9 m\u00f3dulos est\u00e1 constituidas las herramientas Green Building Studio y ECOdesigner<\/li>\n<li>Cu\u00e1les son las variables que afectan a la simulaci\u00f3n y el an\u00e1lisis energ\u00e9tico en BIM<\/li>\n<li>Qu\u00e9 ventajas e inconvenientes presenta de la simulaci\u00f3n y an\u00e1lisis energ\u00e9tico en BIM con Green Building Studio y ECOdesigner<\/li>\n<li>C\u00f3mo se utilizan Green Building Studio y ECOdesigner en un flujo habitual de an\u00e1lisis y simulaci\u00f3n energ\u00e9tica<\/li>\n<li>Cu\u00e1l es la trascendencia de la simulaci\u00f3n y el an\u00e1lisis energ\u00e9tico en BIM, y sus posibilidades en el contexto actual del Sector AEC<\/li>\n<li>Qu\u00e9 son CypeCAD y Tricalc c\u00f3mo se involucra en la interoperabilidad de estructuras BIM<\/li>\n<li>C\u00f3mo se comunican CypeCAD y Tricalc como softwares de interoperabilidad de estructuras<\/li>\n<li>Los conceptos y t\u00e9cnicas generales utilizadas durante el flujo de trabajo de interoperabilidad entre herramientas BIM de dise\u00f1o arquitect\u00f3nico y de c\u00e1lculo estructural.<\/li>\n<li>Cu\u00e1les son los medios de intercambio entre los softwares complementarios de estructuras BIM, sus ventajas y desventajas, y limitaciones potenciales.<\/li>\n<li>C\u00f3mo est\u00e1n constituidos los Mapas de Proceso de los diferentes softwares complementarios BIM utilizados en estructuras<\/li>\n<li>C\u00f3mo se comunican entre s\u00ed los distintos softwares complementarios de interoperabilidad de estructuras<\/li>\n<li>Cu\u00e1les son las tendencias futuras en la comunicaci\u00f3n entre los softwares de interoperabilidad de estructuras<\/li>\n<li>Qu\u00e9 es la disciplina BIM MEP<\/li>\n<li>C\u00f3mo se desarrolla instalaciones MEP en BIM a trav\u00e9s de la interoperabilidad con DDSCAD y a trav\u00e9s del software Revit MEP<\/li>\n<li>Cu\u00e1les son las ventajas e inconvenientes de trabajar en sistema OpenBIM de Interoperabilidad o en el sistema Revit MEP<\/li>\n<li>Cu\u00e1les son las claves de la internacionalizaci\u00f3n del Proyecto BIM<\/li>\n<li>C\u00f3mo funciona la disciplina BIM a nivel integral de Modelado, Colaboraci\u00f3n e Interoperabilidad<\/li>\n<li>Qu\u00e9 tipo de oportunidades profesionales relacionadas se le pueden presentar en el futuro y c\u00f3mo afrontarlas<\/li>\n<\/ul>\n<p>El alumno\/a ser\u00e1 capaz de:<\/p>\n<ul>\n<li>Diferenciar las distintas acepciones del t\u00e9rmino BIM<\/li>\n<li>Distinguir las Fases, Niveles de Implementaci\u00f3n y LOD BIM en un proyecto<\/li>\n<li>Entender la trascendencia y las posibilidades del BIM dentro del contexto actual del Sector AEC<\/li>\n<li>Programar su preparaci\u00f3n en BIM para adaptarse a la calendarizaci\u00f3n establecida por el Ministerio de Fomento<\/li>\n<li>Instalar los softwares Revit, ArchiCAD, AllPlan y AECOsim para obtener un rendimiento \u00f3ptimo<\/li>\n<li>Establecer un flujo de transferencia del CAD al BIM para migrar los proyectos en curso a Revit, ArchiCAD, AllPlan y AECOsim y trabajar con colaboradores no-BIM<\/li>\n<li>Entender la interface de los softwares Revit, ArchiCAD, AllPlan y AECOsim en la disciplina de modelado arquitect\u00f3nico<\/li>\n<li>Modelar los elementos arquitect\u00f3nicos fundamentales de un referente con Revit, ArchiCAD, AllPlan y AECOsim<\/li>\n<li>Gestionar toda la informaci\u00f3n del prototipo virtual mediante Tablas o Informes y Esquemas con Revit, ArchiCAD, AllPlan y AECOsim<\/li>\n<li>Realizar la gesti\u00f3n de Familias RFA con AECOsim<\/li>\n<li>Configurar a nivel avanzado las variables gr\u00e1ficas de las diferentes vistas con Revit, ArchiCAD, AllPlan y AECOsim<\/li>\n<li>Crear entidades constructivas compuestas con Revit, ArchiCAD, AllPlan y AECOsim<\/li>\n<li>Crear materiales y asignarlos a los elementos arquitect\u00f3nicos del modelo con Revit, ArchiCAD, AllPlan y AECOsim<\/li>\n<li>Gestionar los materiales del proyecto mediante tablas de c\u00f3mputo con Revit, ArchiCAD, AllPlan y AECOsim<\/li>\n<li>Documentar el BIM con todos los elementos de anotaci\u00f3n necesarios con Revit, ArchiCAD, AllPlan y AECOsim<\/li>\n<li>Insertar en el modelo BIM informaci\u00f3n adicional externa con Revit, ArchiCAD, AllPlan y AECOsim<\/li>\n<li>Crear cualquier tipo de vista necesaria en el proyecto con Revit, ArchiCAD, AllPlan y AECOsim<\/li>\n<li>Exportar el modelo BIM en diversos formatos para afrontar los intercambios de informaci\u00f3n con Revit<\/li>\n<li>Crear cuadros de rotulaci\u00f3n autoeditables y formatos personalizados con Revit, ArchiCAD, AllPlan y AECOsim<\/li>\n<li>Crear y Gestionar las Fases del Ciclo de Vida del Proyecto con Revit, ArchiCAD, AllPlan y AECOsim<\/li>\n<li>Componer planos para documentar el referente modelado con Revit, ArchiCAD, AllPlan y AECOsim<\/li>\n<li>Imprimir y publicar tanto el proceso de dise\u00f1o\/modelado como los resultados del mismo con Revit, ArchiCAD, AllPlan y AECOsim<\/li>\n<li>Modelar los elementos arquitect\u00f3nicos complejos de un referente hasta la escala de detalle con Revit y AECOsim<\/li>\n<li>Personalizar la representaci\u00f3n gr\u00e1fica de familias existentes con Revit, y de C\u00e9lulas, Tipos y Elementos con AECOsim<\/li>\n<li>Gestionar el origen y el punto de reconocimiento del proyecto con Revit<\/li>\n<li>Modelar superficies topogr\u00e1ficas complejas con Revit, AllPlan y AECOsim<\/li>\n<li>Controlar las t\u00e9cnicas avanzadas de modelado de Componentes In-situ, Masas Conceptuales y Elementos por Cara de Masa con Revit, y de Primitivas, Solidos y su Edici\u00f3n con AECOsim<\/li>\n<li>Configurar la iluminaci\u00f3n exterior e interior y el aspecto visual de los elementos del proyecto con Revit, AllPlan y AECOsim<\/li>\n<li>Obtener im\u00e1genes renderizadas fotorreal\u00edsticas exteriores e interiores del edificio con Revit, AllPlan y AECOsim<\/li>\n<li>Manejar la interface del software Revit en la disciplina de modelado arquitect\u00f3nico avanzado con Revit y AECOsim<\/li>\n<li>Crear y gestionar plantillas del proyecto BIM con Revit para iniciar otros posteriormente y mejorar el rendimiento<\/li>\n<li>Crear y organizar los niveles del proyecto con Revit<\/li>\n<li>Gestionar las restricciones al dise\u00f1o como ayudas al modelado con Revit<\/li>\n<li>Modelar los elementos arquitect\u00f3nicos de un referente sin necesidad de calco subyacente con Revit<\/li>\n<li>Manejar la interface del software de forma total a nivel de colaboraci\u00f3n con Revit<\/li>\n<li>Compartir informaci\u00f3n en la nube de forma profesional<\/li>\n<li>Controlar todos los conceptos relativos al trabajo colaborativo BIM<\/li>\n<li>Gestionar los perfiles de competencias BIM en proyectos colaborativos<\/li>\n<li>Manejar el entorno de colaboraci\u00f3n BIM con Autodesk Revit<\/li>\n<li>Configurar el acceso a Revit Server desde la interface de modelado<\/li>\n<li>Activar la compartici\u00f3n de un proyecto BIM Colaborativo con Revit<\/li>\n<li>Modelar cualquier elemento del proyecto en colaboraci\u00f3n plena con Revit<\/li>\n<li>Crear y organizar subproyectos de modelado con Revit<\/li>\n<li>Consultar el historial de sincronizado del proyecto con Revit<\/li>\n<li>Distinguir las diferentes posibilidades organizativas y de coordinaci\u00f3n que permiten gestionar un edificio a lo largo de su ciclo de vida<\/li>\n<li>Establecer las estrategias de comunicaci\u00f3n m\u00e1s adecuadas con los colaboradores del equipo de trabajo<\/li>\n<li>Desempe\u00f1ar el rol de BIM Coordinator a nivel profesional en cualquier organizaci\u00f3n colaborativa del sector AEC<\/li>\n<li>Desarrollar el procedimiento de sincronizaci\u00f3n del proyecto con Revit<\/li>\n<li>Presentar solicitudes de edici\u00f3n de elementos del proyecto como prestatario a un prestador con Revit<\/li>\n<li>Realizar revisiones colaborativas BIM del proyecto con Revit<\/li>\n<li>Organizar y personalizar el navegador de proyectos como recurso colaborativo con Revit<\/li>\n<li>Manejar la interface de colaboraci\u00f3n de Revit Server Administrator<\/li>\n<li>Desenlazar un proyecto BIM colaborativo del archivo central una vez finalizado el trabajo con Revit<\/li>\n<li>Recuperar archivos de proyecto colaborativo cuando surgen problemas con Revit<\/li>\n<li>Generar e imprimir documentos y listados sobre BIM 4D y BIM 5D<\/li>\n<li>Fiscalizar y validar la recepci\u00f3n de modelos digitales nativos<\/li>\n<li>Generar programaci\u00f3n de obra en entorno BIM 4D<\/li>\n<li>Realizar seguimiento de actividades durante la ejecuci\u00f3n de una obra en entorno BIM 4D desde el punto de vista de la Direcci\u00f3n de Obra<\/li>\n<li>Realizar seguimiento y control de actividades durante la ejecuci\u00f3n de una obra en entorno BIM 4D desde el punto de vista del Jefe de Obra<\/li>\n<li>Generar presupuesto en entorno BIM 5D desde el punto de vista de Proyectista<\/li>\n<li>Generar estudio de costes en entorno BIM 5D desde el punto de vista de Contratista<\/li>\n<li>Generar propuesta de oferta para licitaci\u00f3n en entorno BIM 5D desde el punto de vista de Contratista<\/li>\n<li>Realizar seguimiento de los costes durante la ejecuci\u00f3n de una obra en entorno BIM 5D desde el punto de vista de la Direcci\u00f3n de Obra<\/li>\n<li>Realizar seguimiento y control de costes durante la ejecuci\u00f3n de una obra en entorno BIM 5D desde el punto de vista del Jefe de Obra<\/li>\n<li>Navegar en el entorno de la interface de Green Building Studio integrado en Revit y de EcoDesigner<\/li>\n<li>Controlar los requisitos del proyecto de arquitectura para la correcta ejecuci\u00f3n del an\u00e1lisis energ\u00e9tico<\/li>\n<li>Modelar el esquema de masas del proyecto y ejecutar simulaciones de energ\u00eda basadas en las mismas con Green Building Studio<\/li>\n<li>Modelar los elementos constructivos del proyecto y ejecutar simulaciones de energ\u00eda basado en la realidad arquitect\u00f3nica del edificio<\/li>\n<li>Realizar evaluaciones energ\u00e9ticas mixtas con masas y elementos constructivos de proyecto<\/li>\n<li>Obtener y visualizar el modelo energ\u00e9tico completo del edificio<\/li>\n<li>Analizar los resultados de la simulaci\u00f3n energ\u00e9tica del edificio<\/li>\n<li>Comparar con criterio t\u00e9cnico los resultados obtenidos en distintas simulaciones para diferentes morfolog\u00edas, soluciones constructivas y sistemas de climatizaci\u00f3n<\/li>\n<li>Establecer un ciclo de an\u00e1lisis de energ\u00eda con feedback al dise\u00f1o que permita ajustar la definici\u00f3n del proyecto a la obtenci\u00f3n de unos resultados finales satisfactorios de eficiencia energ\u00e9tica para definir el dise\u00f1o bioclim\u00e1tico del edifico<\/li>\n<li>Organizar las diferentes partes de las que se compone el modelo BIM en base a la posterior clasificaci\u00f3n y exportaci\u00f3n en el caso de la informaci\u00f3n estructural<\/li>\n<li>Clasificar cada uno de los elementos de forma conveniente, seg\u00fan su funci\u00f3n estructural, su tipo de elemento BIM, su ubicaci\u00f3n, etc.<\/li>\n<li>Extraer del modelo BIM la informaci\u00f3n correcta necesaria para la interoperabilidad con la herramienta de modelado BIM estructural CypeCAD en formato IFC<\/li>\n<li>Revisar el resultado de la exportaci\u00f3n en formato IFC con herramientas espec\u00edficas antes de la entrega<\/li>\n<li>Insertar el modelo IFC en CypeCAD para su interpretaci\u00f3n y realizaci\u00f3n del c\u00e1lculo pertinente<\/li>\n<li>Exportar el resultado del dise\u00f1o y c\u00e1lculo estructural a formato IFC<\/li>\n<li>Revisar el resultado de la exportaci\u00f3n en formato IFC con herramientas espec\u00edficas, antes de la entrega<\/li>\n<li>Reinsertar en el proyecto BIM el resultado estructural en formato IFC y gestionar los cambios\/modificaciones con respecto al modelo arquitect\u00f3nico<\/li>\n<li>Realizar la comunicaci\u00f3n bidireccional entre el modelo BIM de la estructura y Tricalc<\/li>\n<li>Realizar intercambios entre los diferentes softwares complementarios de estructuras BIM: Robot, Flux.io y Konstru<\/li>\n<li>Generar familias MEP con DDS-CAD y Revit MEP<\/li>\n<li>Modelar instalaciones de conductos, tuber\u00edas y el\u00e9ctricas a nivel fundamental con DDS-CAD y Revit MEP<\/li>\n<li>Editar y configurar conectores para la transmisi\u00f3n de datos en los modelos BIM (caudales, unidades de aparatos, voltajes) con Revit MEP<\/li>\n<li>Trabajar con las instalaciones del proyecto independientemente de su plataforma de modelado con DDS-CAD<\/li>\n<li>Introducirse en el mundo de la interoperabilidad instalaciones BIM<\/li>\n<li>Introducirse en la coordinaci\u00f3n avanzada de instalaciones BIM<\/li>\n<li>Diferenciar los perfiles profesionales BIM y sus atribuciones<\/li>\n<li>Preparar un proyecto de Arquitectura e Ingenier\u00eda en Metodolog\u00eda BIM en cuanto a Modelado, Colaboraci\u00f3n e Interoperabilidad<\/li>\n<li>Alcanzar puestos profesionales relativos al perfil BIM Specialist o perfiles inferiores<\/li>\n<li>Seguir avanzando en su formaci\u00f3n si lo desea hacia perfiles BIM superiores: BIM Expert, BIM Manager<\/li>\n<\/ul>\n<p>DESTINATARIOS<\/p>\n<p>Titulados universitarios en Arquitectura, Ingenier\u00eda de Caminos,\u00a0 Canales y Puertos, Ingenier\u00eda Civil, Ingenier\u00eda de Obras P\u00fablicas, Ingenier\u00eda de Telecomunicaciones, Ingenier\u00eda Inform\u00e1tica, Arquitectura T\u00e9cnica, Ingenier\u00eda de Edificaci\u00f3n, Ingenier\u00eda Industrial e Ingenier\u00eda T\u00e9cnica en Organizaci\u00f3n Industrial. Otras titulaciones cient\u00edfico-t\u00e9cnicas, previo V\u00baB\u00ba de la Direcci\u00f3n Acad\u00e9mica de los estudios.<\/p>\n<p>CUALIFICACI\u00d3N PROFESIONAL \/ EMPLEOS A LOS QUE DA ACCESO<\/p>\n<p>La superaci\u00f3n de los presentes estudios conlleva la obtenci\u00f3n del T\u00edtulo de la Universidad de Granada \u00abDiploma de Especializaci\u00f3n en Modelado, Colaboraci\u00f3n e Interoperabilidad mediante Metodolog\u00eda BIM. Perfil BIM Specialist\u00bb. Con esto, el alumno alcanzar\u00e1 la cualificaci\u00f3n de BIM Specialist, denominaci\u00f3n que en el contexto BIM se otorga un profesional cualificado especialista en Modelado, Colaboraci\u00f3n e Interoperabilidad mediante Metodolog\u00eda BIM. Se trata por tanto de un perfil BIM de car\u00e1cter multidisciplinar que contiene a su vez otros menores en su\u00a0definici\u00f3n, lo que lo hace sumamente interesante para cualquier organizaci\u00f3n y\/o profesional del Sector. Los perfiles incluidos son los siguientes: BIM Coordinator, BIM Interior Architect, BIM Architect, BIM MEP Engineer, BIM Structure Engineer, BIM Project Manager, BIM Construction Engineer, BIM Bioclimatic Designer y BIM Facilities Manager.<br \/>\nEs por esto precisamente que el Perfil BIM Specialist es uno de los m\u00e1s demandados actualmente a nivel internacional en el mercado del Sector AEC (Architecture, Engineering &amp; Construction). As\u00ed, el alumno que supere los presentes estudios tendr\u00e1 acceso a toda la oferta de empleo dirigida hacia cualquiera de los perfiles mencionados, con lo que sus posibilidades inserci\u00f3n laboral, de aspirar a un puesto mejor, o de conseguir nuevos clientes se incrementaran de forma exponencial en cualquiera de los casos.<\/p>\n<p>RESUMEN DE CONTENIDOS<\/p>\n<ol>\n<li>Introducci\u00f3n a la Metodolog\u00eda BIM<\/li>\n<li>Modelado Arquitect\u00f3nico Fundamental BIM 3D con Revit<\/li>\n<li>Modelado Arquitect\u00f3nico Fundamental BIM 3D con AecoSIM<\/li>\n<li>Modelado Arquitect\u00f3nico Fundamental BIM 3D con ArchiCAD<\/li>\n<li>Modelado Arquitect\u00f3nico Fundamental BIM 3D con AllPlan<\/li>\n<li>Documentaci\u00f3n del Modelo BIM 3D con Revit<\/li>\n<li>Documentaci\u00f3n del Modelo BIM 3D con AecoSIM<\/li>\n<li>Documentaci\u00f3n del Modelo BIM 3D con ArchiCAD<\/li>\n<li>Documentaci\u00f3n del Modelo BIM 3D con AllPlan<\/li>\n<li>Modelado Arquitect\u00f3nico Avanzado BIM 3D con Revit<\/li>\n<li>Modelado Arquitect\u00f3nico Avanzado BIM 3D con AecoSIM<\/li>\n<li>Modelado Aut\u00f3nomo para la Colaboraci\u00f3n BIM 3D<\/li>\n<li>Trabajo en Equipo y Colaboraci\u00f3n BIM 3D<\/li>\n<li>Modelos de Preconstrucci\u00f3n y Revisi\u00f3n de Proyectos BIM 4D con Navisworks<\/li>\n<li>Planificaci\u00f3n y Control de Ejecuci\u00f3n BIM 4D con Synchro<\/li>\n<li>Mediciones y Presupuestos BIM 5D con Arqu\u00edmedes<\/li>\n<li>Simulaci\u00f3n y An\u00e1lisis Energ\u00e9tico BIM 6D con Green Building Studio<\/li>\n<li>Simulaci\u00f3n y An\u00e1lisis Energ\u00e9tico BIM 6D con EcoDesigner<\/li>\n<li>Interoperabilidad de Estructuras BIM STR con CypeCAD<\/li>\n<li>Interoperabilidad de Estructuras BIM STR con Tricalc<\/li>\n<li>Interoperabilidad de Estructuras BIM STR con Robot, Flux.io y Konstru<\/li>\n<li>Interoperabilidad de Instalaciones BIM MEP con DDS-CAD<\/li>\n<li>Interoperabilidad de Instalaciones BIM MEP con Revit MEP<\/li>\n<li>Integraci\u00f3n Final del Perfil BIM Specialist<\/li>\n<\/ol>\n<p>DOCENTES<\/p>\n<ul>\n<li>Antonio J. G\u00f3mez-Blanco Pontes, Dr. Arquitecto &amp; BIM Architect, Universidad de Granada<\/li>\n<li>Arnaldo Landivar Taborga, Ingeniero de Edificaci\u00f3n &amp; BIM Manager, Technical University of Denmark-DTU<\/li>\n<li>Carmen M. Moreno \u00c1lvarez, Dra. Arquitecta &amp; BIM Architect, Universidad de Granada<\/li>\n<li>David Carlos Mart\u00ednez G\u00f3mez, Arquitecto &amp; BIM Manager, IBIM Building Twice<\/li>\n<li>Esteban Jos\u00e9 Rivas L\u00f3pez, Dr. Arquitecto &amp; BIM Manager, EBIME Consultor\u00eda de Servicios BIM<\/li>\n<li>Francesc Xavier Ribas Porta, Dise\u00f1ador Industrial &amp; BIM Manager, HDD Solutions<\/li>\n<li>Irene Su\u00e1rez Fern\u00e1ndez, Arquitecta &amp; BIM Manager, BIMWIP Consultor\u00eda<\/li>\n<li>Jorge G. Molinero S\u00e1nchez, Dr. Arquitecto &amp; BIM Architect, Universidad de Granada<\/li>\n<li>Jos\u00e9 Agull\u00f3 de Rueda, Arquitecto &amp; BIM Specialist, Universidad Europea de Madrid<\/li>\n<li>Jos\u00e9 G\u00e9mez Jim\u00e9nez, Arquitecto &amp; BIM Manager, G-Arquitectos Estudio BIM<\/li>\n<li>Juan Francisco Reinoso Gordo, Dr. Ing. en Geodesia y Cartograf\u00eda &amp; BIM Modeller, Universidad de Granada<\/li>\n<li>Luis Joaqu\u00edn Lancharro Cordero, Ingeniero T\u00e9cn. Industrial &amp; BIM Expert, ETELIA Arquitectura e Ingenier\u00eda<\/li>\n<li>Mar\u00eda del Carmen V\u00edlchez Lara, Dr. Arquitecta &amp; BIM Architect, Universidad de Granada<\/li>\n<li>Pedro Mart\u00edn Garc\u00eda, Arquitecto &amp; BIM Manager, BIMWIP Consultor\u00eda<\/li>\n<li>Sergi de Ferrater Gabarr\u00f3, Arquitecto &amp; BIM Expert, AEC-on Soluciones<\/li>\n<li>Tom\u00e1s Garc\u00eda P\u00edriz, Dr. Arquitecto &amp; BIM Architect, Universidad de Granada<\/li>\n<\/ul>\n<p>PAGOS, BECAS Y FINANCIACI\u00d3N<\/p>\n<p><a href=\"https:\/\/blogs.ugr.es\/smlab\/wp-content\/uploads\/sites\/26\/2018\/07\/Pagos-Becas-Financiaci\u00f3n_blog.pdf\">Sobre el procedimiento de matr\u00edcula, la posibilidad de financiaci\u00f3n y becas destinadas para el alumnado<\/a><\/p>\n<p>MATR\u00cdCULA<\/p>\n<p><a href=\"https:\/\/blogs.ugr.es\/smlab\/wp-content\/uploads\/sites\/26\/2018\/07\/H.I.F18108.pdf\">Hoja de Inscripci\u00f3n<\/a><\/p>\n<p>PARA M\u00c1S INFORMACI\u00d3N<\/p>\n<p><a href=\"&#109;&#x61;&#105;&#x6c;&#116;&#x6f;&#58;&#x70;&#111;&#x73;&#103;&#x72;a&#x64;o&#x40;f&#x75;n&#x64;a&#x63;i&#111;&#x6e;&#117;&#x67;&#114;&#x65;&#109;&#x70;&#114;&#x65;&#115;&#x61;&#46;&#x65;s\">&#112;&#x6f;s&#x67;&#x72;&#97;&#x64;o&#64;&#x66;&#117;&#x6e;d&#97;&#x63;i&#x6f;n&#117;&#x67;r&#x65;&#x6d;&#112;&#x72;e&#115;&#x61;&#46;&#x65;s<\/a><\/p>\n<p><a href=\"&#x6d;a&#x69;&#108;&#x74;&#111;:&#x6d;a&#x73;&#116;&#x65;&#114;b&#x69;&#109;&#x40;&#117;g&#x72;&#46;&#x65;&#115;\">&#x6d;&#x61;&#x73;&#x74;&#x65;&#x72;&#x62;&#105;&#109;&#64;&#117;&#103;r&#46;es<\/a><\/p>\n","protected":false},"excerpt":{"rendered":"<p>&nbsp; &nbsp; &nbsp; &nbsp; &nbsp; &nbsp; &nbsp; &nbsp; &nbsp; DIPLOMA DE ESPECIALIZACI\u00d3N EN MODELADO, COLABORACI\u00d3N E INTEROPERABILIDAD MEDIANTE METODOLOG\u00cdA BIM. PERFIL BIM SPECIALIST Primera edici\u00f3n: Curso 2018-2019 CARACTER\u00cdSTICAS Calendario: 15.11.2018 al 10.05.2019. Mi\u00e9rcoles, jueves y viernes de 17h00 a 21h30. (Dentro de estas fechas, quedan establecidos como d\u00edas sin docencia los siguientes: 06.12.2018-07.12.2018, 26.12.2018-04.01.2019, 28.02.2019, [&hellip;]<\/p>\n","protected":false},"author":29,"featured_media":0,"parent":679,"menu_order":0,"comment_status":"closed","ping_status":"closed","template":"","meta":{"_genesis_hide_title":false,"_genesis_hide_breadcrumbs":false,"_genesis_hide_singular_image":false,"_genesis_hide_footer_widgets":false,"_genesis_custom_body_class":"","_genesis_custom_post_class":"","_genesis_layout":"","footnotes":""},"categories":[],"tags":[],"class_list":{"0":"post-696","1":"page","2":"type-page","3":"status-publish","5":"entry"},"_links":{"self":[{"href":"https:\/\/blogs.ugr.es\/smlab\/wp-json\/wp\/v2\/pages\/696","targetHints":{"allow":["GET"]}}],"collection":[{"href":"https:\/\/blogs.ugr.es\/smlab\/wp-json\/wp\/v2\/pages"}],"about":[{"href":"https:\/\/blogs.ugr.es\/smlab\/wp-json\/wp\/v2\/types\/page"}],"author":[{"embeddable":true,"href":"https:\/\/blogs.ugr.es\/smlab\/wp-json\/wp\/v2\/users\/29"}],"replies":[{"embeddable":true,"href":"https:\/\/blogs.ugr.es\/smlab\/wp-json\/wp\/v2\/comments?post=696"}],"version-history":[{"count":3,"href":"https:\/\/blogs.ugr.es\/smlab\/wp-json\/wp\/v2\/pages\/696\/revisions"}],"predecessor-version":[{"id":788,"href":"https:\/\/blogs.ugr.es\/smlab\/wp-json\/wp\/v2\/pages\/696\/revisions\/788"}],"up":[{"embeddable":true,"href":"https:\/\/blogs.ugr.es\/smlab\/wp-json\/wp\/v2\/pages\/679"}],"wp:attachment":[{"href":"https:\/\/blogs.ugr.es\/smlab\/wp-json\/wp\/v2\/media?parent=696"}],"wp:term":[{"taxonomy":"category","embeddable":true,"href":"https:\/\/blogs.ugr.es\/smlab\/wp-json\/wp\/v2\/categories?post=696"},{"taxonomy":"post_tag","embeddable":true,"href":"https:\/\/blogs.ugr.es\/smlab\/wp-json\/wp\/v2\/tags?post=696"}],"curies":[{"name":"wp","href":"https:\/\/api.w.org\/{rel}","templated":true}]}}