{"id":698,"date":"2018-06-26T23:46:27","date_gmt":"2018-06-26T21:46:27","guid":{"rendered":"https:\/\/blogs.ugr.es\/smlab\/?page_id=698"},"modified":"2018-07-03T13:10:51","modified_gmt":"2018-07-03T11:10:51","slug":"segundo-curso","status":"publish","type":"page","link":"https:\/\/blogs.ugr.es\/smlab\/master-bim_ugr\/segundo-curso\/","title":{"rendered":"Segundo curso (DEBIM2)"},"content":{"rendered":"<p><span style=\"color: #993366\"><strong>DIPLOMA DE ESPECIALIZACI\u00d3N EN GESTI\u00d3N DE PROYECTOS Y PATRIMONIO EN EL CICLO DE VIDA MEDIANTE METODOLOG\u00cdA BIM. PERFIL BIM EXPERT<\/strong><\/span><\/p>\n<p>Primera edici\u00f3n: Curso 2019-2020<\/p>\n","protected":false},"excerpt":{"rendered":"<p>DIPLOMA DE ESPECIALIZACI\u00d3N EN GESTI\u00d3N DE PROYECTOS Y PATRIMONIO EN EL CICLO DE VIDA MEDIANTE METODOLOG\u00cdA BIM. PERFIL BIM EXPERT Primera edici\u00f3n: Curso 2019-2020<\/p>\n","protected":false},"author":29,"featured_media":0,"parent":679,"menu_order":0,"comment_status":"closed","ping_status":"closed","template":"","meta":{"_genesis_hide_title":false,"_genesis_hide_breadcrumbs":false,"_genesis_hide_singular_image":false,"_genesis_hide_footer_widgets":false,"_genesis_custom_body_class":"","_genesis_custom_post_class":"","_genesis_layout":"","footnotes":""},"categories":[],"tags":[],"class_list":{"0":"post-698","1":"page","2":"type-page","3":"status-publish","5":"entry"},"_links":{"self":[{"href":"https:\/\/blogs.ugr.es\/smlab\/wp-json\/wp\/v2\/pages\/698","targetHints":{"allow":["GET"]}}],"collection":[{"href":"https:\/\/blogs.ugr.es\/smlab\/wp-json\/wp\/v2\/pages"}],"about":[{"href":"https:\/\/blogs.ugr.es\/smlab\/wp-json\/wp\/v2\/types\/page"}],"author":[{"embeddable":true,"href":"https:\/\/blogs.ugr.es\/smlab\/wp-json\/wp\/v2\/users\/29"}],"replies":[{"embeddable":true,"href":"https:\/\/blogs.ugr.es\/smlab\/wp-json\/wp\/v2\/comments?post=698"}],"version-history":[{"count":3,"href":"https:\/\/blogs.ugr.es\/smlab\/wp-json\/wp\/v2\/pages\/698\/revisions"}],"predecessor-version":[{"id":763,"href":"https:\/\/blogs.ugr.es\/smlab\/wp-json\/wp\/v2\/pages\/698\/revisions\/763"}],"up":[{"embeddable":true,"href":"https:\/\/blogs.ugr.es\/smlab\/wp-json\/wp\/v2\/pages\/679"}],"wp:attachment":[{"href":"https:\/\/blogs.ugr.es\/smlab\/wp-json\/wp\/v2\/media?parent=698"}],"wp:term":[{"taxonomy":"category","embeddable":true,"href":"https:\/\/blogs.ugr.es\/smlab\/wp-json\/wp\/v2\/categories?post=698"},{"taxonomy":"post_tag","embeddable":true,"href":"https:\/\/blogs.ugr.es\/smlab\/wp-json\/wp\/v2\/tags?post=698"}],"curies":[{"name":"wp","href":"https:\/\/api.w.org\/{rel}","templated":true}]}}