{"id":930,"date":"2019-06-23T13:22:35","date_gmt":"2019-06-23T11:22:35","guid":{"rendered":"https:\/\/blogs.ugr.es\/smlab\/?page_id=930"},"modified":"2019-10-08T09:43:32","modified_gmt":"2019-10-08T07:43:32","slug":"trabajos-fin-de-grado-final-degree-projects","status":"publish","type":"page","link":"https:\/\/blogs.ugr.es\/smlab\/investigacion-research\/trabajos-fin-de-grado-final-degree-projects\/","title":{"rendered":"Trabajos Fin de Grado &#8211; Final Degree Projects"},"content":{"rendered":"<h2><span style=\"color: #993300\"><strong>Curso 2018-2019<\/strong><\/span><\/h2>\n<p><strong>El modelo virtual como divulgaci\u00f3n del patrimonio arquitect\u00f3nico. Monumento a los Ca\u00eddos de Pamplona<\/strong><\/p>\n<p>Autor\/a: Francisco Javier Aci\u00e9n Fern\u00e1ndez<br \/>\nTutor\/a: Mar\u00eda del Carmen V\u00edlchez Lara (Dpto. de Expresi\u00f3n Gr\u00e1fica Arquitect\u00f3nica y en la Ingenier\u00eda \/ SMlab, UGR)<br \/>\nCotutor\/a:<br \/>\nResumen: La finalidad de este trabajo fin de grado ha sido la de elaborar una investigaci\u00f3n te\u00f3rica y pr\u00e1ctica sobre la modelizaci\u00f3n del patrimonio arquitect\u00f3nico como medio de divulgaci\u00f3n del mismo. M\u00e1s concretamente, este trabajo se ha centrado en la aplicaci\u00f3n de modelos virtuales a arquitectura de Posguerra, el Monumento a los Ca\u00eddos de Pamplona, un edificio con un valor muy significativo y una importante carga ideol\u00f3gica. Un patrimonio arquitect\u00f3nico que puede verse afectado por la controversia que genera y, debido a ella, presentar un futuro incierto. Con este trabajo se ha pretendido contribuir al debate desde un exhaustivo conocimiento, gr\u00e1fico y escrito, de esta pol\u00e9mica edificaci\u00f3n, para sus posteriores intervenciones de rehabilitaci\u00f3n y restauraci\u00f3n y para su difusi\u00f3n como bien patrimonial a catalogar.<\/p>\n<p><img loading=\"lazy\" decoding=\"async\" class=\" wp-image-983 alignnone\" src=\"https:\/\/blogs.ugr.es\/smlab\/wp-content\/uploads\/sites\/26\/2019\/10\/Monumento-a-los-Ca\u00eddos-de-Pamplona-228x300.jpg\" alt=\"\" width=\"259\" height=\"340\" srcset=\"https:\/\/blogs.ugr.es\/smlab\/wp-content\/uploads\/sites\/26\/2019\/10\/Monumento-a-los-Ca\u00eddos-de-Pamplona-228x300.jpg 228w, https:\/\/blogs.ugr.es\/smlab\/wp-content\/uploads\/sites\/26\/2019\/10\/Monumento-a-los-Ca\u00eddos-de-Pamplona-531x700.jpg 531w, https:\/\/blogs.ugr.es\/smlab\/wp-content\/uploads\/sites\/26\/2019\/10\/Monumento-a-los-Ca\u00eddos-de-Pamplona.jpg 545w\" sizes=\"auto, (max-width: 259px) 100vw, 259px\" \/><\/p>\n<p><strong>Descubriendo la Casa de los Miradores. El patrimonio desaparecido de la ciudad de Granada<\/strong><\/p>\n<p>Autor\/a: Irene Torres Valenzuela<br \/>\nTutor\/a: Miguel \u00c1ngel Casares Porcel (Dpto. de Expresi\u00f3n Gr\u00e1fica Arquitect\u00f3nica y en la Ingenier\u00eda \/ SMlab, UGR)<br \/>\nCotutor\/a:<br \/>\nResumen: Investigaci\u00f3n sobre una gran desconocida de Granada de los siglos XVI-XIX, la Casa de los Miradores, la \u00faltima obra de Diego de Silo\u00e9, realizada inicialmente bajo los m\u00e1s estrictos c\u00e1nones cl\u00e1sicos y de la que se conocen vagamente algunos interiores descritos textualmente y de la que apenas existe documentaci\u00f3n gr\u00e1fica como pinturas y grabados de su fachada. Situada entre la muralla nazar\u00ed y la entonces Plaza Mayor de Granada, actual Plaza Bib-Rambla, este edificio p\u00fablico de uso representativo conten\u00eda una de las puertas de la ciudad, La Puerta de la Carne. El trabajo extrae de muy distintas fuentes la informaci\u00f3n precisa, la analiza y contrasta para concluir en la materializaci\u00f3n constructiva y arquitect\u00f3nica de c\u00f3mo pudo ser interiormente en su primera \u00e9poca, y su relaci\u00f3n con la muralla trasera, las Puertas de la Carnicer\u00eda o de las Cucharas y el Arco de las Orejas. Tras un intenso an\u00e1lisis hist\u00f3rico de los textos escritos, se acomete desde un punto de vista gr\u00e1fico la exploraci\u00f3n de distintas posibilidades de distribuci\u00f3n, usos y soluciones constructivas, muy especialmente en relaci\u00f3n con su escalera, ya que se trata de un inmueble de tres plantas de altura y apenas 4,50 metros de espesor de la que se desconoce casi todo en su interior.<\/p>\n<p><img loading=\"lazy\" decoding=\"async\" class=\"alignleft size-medium wp-image-957\" src=\"https:\/\/blogs.ugr.es\/smlab\/wp-content\/uploads\/sites\/26\/2019\/06\/Casa-de-los-Miradores-300x275.jpg\" alt=\"\" width=\"300\" height=\"275\" srcset=\"https:\/\/blogs.ugr.es\/smlab\/wp-content\/uploads\/sites\/26\/2019\/06\/Casa-de-los-Miradores-300x275.jpg 300w, https:\/\/blogs.ugr.es\/smlab\/wp-content\/uploads\/sites\/26\/2019\/06\/Casa-de-los-Miradores-700x641.jpg 700w, https:\/\/blogs.ugr.es\/smlab\/wp-content\/uploads\/sites\/26\/2019\/06\/Casa-de-los-Miradores.jpg 800w\" sizes=\"auto, (max-width: 300px) 100vw, 300px\" \/><\/p>\n<p>&nbsp;<\/p>\n<p>&nbsp;<\/p>\n<p>&nbsp;<\/p>\n<p>&nbsp;<\/p>\n<p>&nbsp;<\/p>\n<p>&nbsp;<\/p>\n<p>&nbsp;<\/p>\n<p>&nbsp;<\/p>\n<p><strong>\u00bfEs BIM apto para el Patrimonio? Ensayo sobre el canecillo nazar\u00ed en el Patio de los Leones<\/strong><\/p>\n<p>Autor\/a: Francisco Javier Castillo del \u00c1guila<br \/>\nTutor\/a: Miguel \u00c1ngel Casares Porcel (Dpto. de Expresi\u00f3n Gr\u00e1fica Arquitect\u00f3nica y en la Ingenier\u00eda \/ SMlab, UGR)<br \/>\nCotutor\/a:<br \/>\nResumen: Trabajo de investigaci\u00f3n sobre las tecnolog\u00edas BIM aplicadas al Patrimonio. Es sabido que en general el BIM se orienta fundamentalmente hacia construcciones de nueva planta, estando a\u00fan poco estudiado su aplicaci\u00f3n en edificios patrimoniales. Los elementos repetitivos que son identificables a simple vista como propios de una tipolog\u00eda y una \u00e9poca (canecillos, balaustres, carpinter\u00edas, capiteles, etc.) son por esta misma causa PARAMETRIZABLES, y por tanto susceptibles de ser modelados bajo la \u00f3ptica BIM. En este caso se analiza en profundidad la morfolog\u00eda y definici\u00f3n de uno de esos elementos, un\u00a0 canecillo nazar\u00ed. Se han extraido aquellos par\u00e1metros GEOMETRICOS que son capaces de definirlo. Se ha trabajado en la plataforma REVIT de Autodesk. Adem\u00e1s de los geom\u00e9tricos, se consideran otros par\u00e1metros relativos al trabajo de clasificaci\u00f3n y sistematizaci\u00f3n arqueol\u00f3gica como \u201cDescripci\u00f3n y\u00a0 conservaci\u00f3n de la policrom\u00eda\u201d \u201cestado de conservaci\u00f3n\u201d, \u201cPresencia y descripci\u00f3n de patolog\u00edas\u201d, \u201cintervenci\u00f3n recomendada\u201d, \u201cregistro de intervenciones\u201d, etc., de manera que el objeto clasificado queda abierto y susceptible de ser incorporado a una futura base de datos, en este caso, gestionada por el Patronato de la Alhambra y el Generalife.<\/p>\n<h2><span style=\"color: #993300\"><strong>Curso 2017-2018<\/strong><\/span><\/h2>\n<p><a href=\"http:\/\/digibug.ugr.es\/handle\/10481\/54312\"><strong>Levantamiento de las armaduras de la iglesia de San Miguel Bajo. La maqueta como medio divulgativo<\/strong><\/a><\/p>\n<p>Autor\/a: Abelardo Salmer\u00f3n Ib\u00e1\u00f1ez<br \/>\nTutor\/a: Antonio G\u00f3mez-Blanco Pontes (Dpto. de Expresi\u00f3n Gr\u00e1fica Arquitect\u00f3nica y en la Ingenier\u00eda \/ SMlab, UGR)<br \/>\nCotutor\/a:<br \/>\nResumen: El prop\u00f3sito del trabajo ha sido proponer un m\u00e9todo sencillo y pr\u00e1ctico para el conocimiento de una parte de la carpinter\u00eda de armar espa\u00f1ola, muy arraigada en la historia de nuestro pa\u00eds y que destaca por su riqueza t\u00e9cnica y art\u00edstica. M\u00e1s concretamente se ha centrado\u00a0en las armaduras de lacer\u00eda, partiendo del sistema de cartabones que genera los diferentes patrones y dicta las medidas de todo el conjunto, desde las piezas individuales de madera hasta la estructura general de la armadura. Para ello se ha creado\u00a0un modelo f\u00edsico sobre un ejemplo significativo (la Iglesia de San Miguel Bajo en Granada), que permite, a trav\u00e9s de su montaje, un aprendizaje r\u00e1pido y completo del funcionamiento estructural de este tipo de armaduras de madera, del proceso constructivo del mismo y de las leyes geom\u00e9tricas que lo vertebran.<\/p>\n<p><img loading=\"lazy\" decoding=\"async\" class=\"alignleft size-medium wp-image-864\" src=\"https:\/\/blogs.ugr.es\/smlab\/wp-content\/uploads\/sites\/26\/2018\/12\/Captura1-300x250.jpg\" alt=\"\" width=\"300\" height=\"250\" srcset=\"https:\/\/blogs.ugr.es\/smlab\/wp-content\/uploads\/sites\/26\/2018\/12\/Captura1-300x250.jpg 300w, https:\/\/blogs.ugr.es\/smlab\/wp-content\/uploads\/sites\/26\/2018\/12\/Captura1-700x583.jpg 700w, https:\/\/blogs.ugr.es\/smlab\/wp-content\/uploads\/sites\/26\/2018\/12\/Captura1.jpg 800w\" sizes=\"auto, (max-width: 300px) 100vw, 300px\" \/><\/p>\n<p>&nbsp;<\/p>\n<p>&nbsp;<\/p>\n<p>&nbsp;<\/p>\n<p>&nbsp;<\/p>\n<p>&nbsp;<\/p>\n<p>&nbsp;<\/p>\n<p>&nbsp;<\/p>\n<p><strong>Revit vs ArchiCAD. Documentaci\u00f3n de un modelo real: Piscina Municipal de Barbate<\/strong><\/p>\n<p>Autor\/a: Pedro Jes\u00fas Yera Cano<br \/>\nTutor\/a: Antonio G\u00f3mez-Blanco Pontes (Dpto. de Expresi\u00f3n Gr\u00e1fica Arquitect\u00f3nica y en la Ingenier\u00eda \/ SMlab, UGR)<br \/>\nCotutor\/a: Jorge Molinero S\u00e1nchez (Dpto. de Expresi\u00f3n Gr\u00e1fica Arquitect\u00f3nica y en la Ingenier\u00eda \/ SMlab, UGR)<br \/>\nResumen: Trabajo en el que se realiza un an\u00e1lisis comparado de dos plataformas BIM (Revit de Autodesk y Archicad de Graphisoft) a prop\u00f3sito de un proyecto de Piscina Municipal en Barbate. Se han analizado las ventajas e inconvenientes de cada plataforma con objeto de valorar su\u00a0 adecuaci\u00f3n a las necesidades del proceso edificatorio.<\/p>\n<p><strong>La desaparecida casa de Diego de Siloe. Un acercamiento cient\u00edfico<\/strong><\/p>\n<p>Autor\/a: Ana Rold\u00e1n Jurado<br \/>\nTutor\/a: Miguel \u00c1ngel Casares Porcel (Dpto. de Expresi\u00f3n Gr\u00e1fica Arquitect\u00f3nica y en la Ingenier\u00eda \/ SMlab, UGR)<br \/>\nCotutor\/a:<br \/>\nResumen: An\u00e1lisis basado en los escasos datos disponibles. Tras un recorrido hist\u00f3rico por las planimetr\u00edas hist\u00f3ricas de la ciudad, textos, documentos fotogr\u00e1ficos, etc. se consigue realizar un levantamiento planim\u00e9trico basado en\u00a0 el m\u00e9todo de los Grados de Certidumbre o niveles de evidencia cient\u00edfica que grad\u00faan el valor de lo descrito gr\u00e1ficamente.<\/p>\n<p><strong>El templo de Santiago de Hu\u00e9scar. An\u00e1lisis de un espacio transformado<\/strong><\/p>\n<p>Autor\/a: Raquel Mart\u00ednez Navarrete<br \/>\nTutor\/a: Miguel \u00c1ngel Casares Porcel (Dpto. de Expresi\u00f3n Gr\u00e1fica Arquitect\u00f3nica y en la Ingenier\u00eda \/ SMlab, UGR)<br \/>\nCotutor\/a:<br \/>\nResumen: Estudio que usa la metodolog\u00eda cient\u00edfica de los Grados de Certidumbre, con el objetivo de encontrar una conexi\u00f3n estil\u00edstica del edificio y su encaje en la arquitectura religiosa de la \u00e9poca tanto en el estado actual como en su estado primitivo. Para ello se contrasta en un modelo simplificado el tipo actual con la hip\u00f3tesis de lo que fue, y sistem\u00e1ticamente se contrasta con otras iglesias coet\u00e1neas, llegando a la conclusi\u00f3n de que no existen relaciones de semejanza apreciables entre este templo y otros coet\u00e1neos. Se valora c\u00f3mo la voluntad inicial del constructor del templo, iniciado en 1494 sobre los restos de la antigua mezquita y dotado de proporciones considerables, decae en inter\u00e9s tanto en riqueza de materiales como en soluciones constructivas durante su etapa construcci\u00f3n en favor del vecino templo de Santa Mar\u00eda de la Encarnaci\u00f3n, situado a escasos 150 m.\u00a0 Trabajo que constituye una gu\u00eda inicial del edificio, basada en la muy escasa informaci\u00f3n bibliogr\u00e1fica encontrada, que abre un camino riguroso de an\u00e1lisis cient\u00edfico para futuros estudios.<\/p>\n<p><img loading=\"lazy\" decoding=\"async\" class=\"alignleft size-medium wp-image-965\" src=\"https:\/\/blogs.ugr.es\/smlab\/wp-content\/uploads\/sites\/26\/2019\/06\/Martinez-Navarrete-Raquel-Templo-Santiago-de-Huescar-02-300x224.jpg\" alt=\"\" width=\"300\" height=\"224\" srcset=\"https:\/\/blogs.ugr.es\/smlab\/wp-content\/uploads\/sites\/26\/2019\/06\/Martinez-Navarrete-Raquel-Templo-Santiago-de-Huescar-02-300x224.jpg 300w, https:\/\/blogs.ugr.es\/smlab\/wp-content\/uploads\/sites\/26\/2019\/06\/Martinez-Navarrete-Raquel-Templo-Santiago-de-Huescar-02-700x523.jpg 700w, https:\/\/blogs.ugr.es\/smlab\/wp-content\/uploads\/sites\/26\/2019\/06\/Martinez-Navarrete-Raquel-Templo-Santiago-de-Huescar-02.jpg 800w\" sizes=\"auto, (max-width: 300px) 100vw, 300px\" \/><\/p>\n<p>&nbsp;<\/p>\n<p>&nbsp;<\/p>\n<p>&nbsp;<\/p>\n<p>&nbsp;<\/p>\n<p>&nbsp;<\/p>\n<p>&nbsp;<\/p>\n<p>&nbsp;<\/p>\n<p><strong>La iglesia de Santo Domingo de Silos en Alcal\u00e1 la Real (Ja\u00e9n)<\/strong><\/p>\n<p>Autor\/a: Jos\u00e9 Antonio Ortega Calvo<br \/>\nTutor\/a: Miguel \u00c1ngel Casares Porcel (Dpto. de Expresi\u00f3n Gr\u00e1fica Arquitect\u00f3nica y en la Ingenier\u00eda \/ SMlab, UGR)<br \/>\nCotutor\/a:<br \/>\nResumen: An\u00e1lisis riguroso de una edificaci\u00f3n parcialmente desaparecida, centr\u00e1ndose en sus dos \u00e9pocas m\u00e1s significativas, la de su creaci\u00f3n g\u00f3tico-mud\u00e9jar y su posterior etapa Renacentista y que con peque\u00f1as variaciones lleg\u00f3 hasta principios del XX cuando fue destruida. Destaca la metodolog\u00eda cient\u00edfica usada, los niveles de evidencias o Grados de Certidumbre. Constituye una gu\u00eda completa de la historia del edificio, sus or\u00edgenes e hip\u00f3tesis de su estado intermedio, con un an\u00e1lisis comparado entre ambas.<\/p>\n<p><img loading=\"lazy\" decoding=\"async\" class=\"alignleft size-medium wp-image-966\" src=\"https:\/\/blogs.ugr.es\/smlab\/wp-content\/uploads\/sites\/26\/2019\/06\/Ortega-Calvo-Jose-Antonio-Santo-Domingo-de-Silos-Alcala-la-Real-03-300x185.jpg\" alt=\"\" width=\"300\" height=\"185\" srcset=\"https:\/\/blogs.ugr.es\/smlab\/wp-content\/uploads\/sites\/26\/2019\/06\/Ortega-Calvo-Jose-Antonio-Santo-Domingo-de-Silos-Alcala-la-Real-03-300x185.jpg 300w, https:\/\/blogs.ugr.es\/smlab\/wp-content\/uploads\/sites\/26\/2019\/06\/Ortega-Calvo-Jose-Antonio-Santo-Domingo-de-Silos-Alcala-la-Real-03-700x431.jpg 700w, https:\/\/blogs.ugr.es\/smlab\/wp-content\/uploads\/sites\/26\/2019\/06\/Ortega-Calvo-Jose-Antonio-Santo-Domingo-de-Silos-Alcala-la-Real-03.jpg 800w\" sizes=\"auto, (max-width: 300px) 100vw, 300px\" \/><\/p>\n<p>&nbsp;<\/p>\n<p>&nbsp;<\/p>\n<p>&nbsp;<\/p>\n<p>&nbsp;<\/p>\n<p>&nbsp;<\/p>\n<p>&nbsp;<\/p>\n<h2><span style=\"color: #993300\"><strong>Curso 2016-2017<\/strong><\/span><\/h2>\n<p><strong>El Puente del Cad\u00ed o Puerta de los Panderos. \u00bfUn acceso primigenio a la Alcazaba de la Alhambra? <\/strong>(Premio al mejor Trabajo Fin de Grado de la E.T.S. de Arquitectura de Granada en el curso 2016-2017)<\/p>\n<p>Autor\/a: Emilia Navarrete Ruiz<br \/>\nTutor\/a: Concepci\u00f3n Rodr\u00edguez Moreno (Dpto. de Expresi\u00f3n Gr\u00e1fica Arquitect\u00f3nica y en la Ingenier\u00eda \/ SMlab, UGR)<br \/>\nCotutor\/a:<br \/>\nResumen:<\/p>\n<p><strong>Santa Mar\u00eda de Cazorla. Reconstrucci\u00f3n virtual a partir de sus ruinas. An\u00e1lisis y propuesta de color en las b\u00f3vedas renacentistas<\/strong><\/p>\n<p>Autor\/a: Celia Jerez Bonilla<br \/>\nTutor\/a: Miguel \u00c1ngel Casares Porcel (Dpto. de Expresi\u00f3n Gr\u00e1fica Arquitect\u00f3nica y en la Ingenier\u00eda \/ SMlab, UGR)<br \/>\nCotutor\/a:<br \/>\nResumen: An\u00e1lisis hist\u00f3rico riguroso e hip\u00f3tesis reconstructiva de un edificio nunca construido -basado en una recreaci\u00f3n bidimensional de otro autor- al que se aporta el an\u00e1lisis geom\u00e9trico y crom\u00e1tico de las b\u00f3vedas va\u00eddas de otras iglesias del mismo autor (Andr\u00e9s de Vandelvira) y analizados seg\u00fan las fuentes coet\u00e1neas descritas por su hijo (\u00c1lvaro de Vandelvira). Con prudente verosimilitud y metodolog\u00eda, se obtienen resultados gr\u00e1ficos muy expresivos tanto del levantamiento interior de la iglesia, mediante modelos al\u00e1mbricos, como del exterior mediante integraciones s\u00f3lidas.<\/p>\n<p><img loading=\"lazy\" decoding=\"async\" class=\"alignleft size-medium wp-image-962\" src=\"https:\/\/blogs.ugr.es\/smlab\/wp-content\/uploads\/sites\/26\/2019\/06\/Jerez-Bonilla-Celia-127-001-300x203.jpg\" alt=\"\" width=\"300\" height=\"203\" srcset=\"https:\/\/blogs.ugr.es\/smlab\/wp-content\/uploads\/sites\/26\/2019\/06\/Jerez-Bonilla-Celia-127-001-300x203.jpg 300w, https:\/\/blogs.ugr.es\/smlab\/wp-content\/uploads\/sites\/26\/2019\/06\/Jerez-Bonilla-Celia-127-001-700x473.jpg 700w, https:\/\/blogs.ugr.es\/smlab\/wp-content\/uploads\/sites\/26\/2019\/06\/Jerez-Bonilla-Celia-127-001.jpg 800w\" sizes=\"auto, (max-width: 300px) 100vw, 300px\" \/><\/p>\n<p>&nbsp;<\/p>\n<p>&nbsp;<\/p>\n<p>&nbsp;<\/p>\n<p>&nbsp;<\/p>\n<p>&nbsp;<\/p>\n<p>&nbsp;<\/p>\n<p><strong>Iglesia de San Gil: Levantamiento y an\u00e1lisis del patrimonio desaparecido<\/strong><\/p>\n<p>Autor\/a: Christian Fern\u00e1ndez Alcal\u00e1<br \/>\nTutor\/a: Miguel \u00c1ngel Casares Porcel (Dpto. de Expresi\u00f3n Gr\u00e1fica Arquitect\u00f3nica y en la Ingenier\u00eda \/ SMlab, UGR)<br \/>\nCotutor\/a:<br \/>\nResumen: Trabajo que destaca en tres fases: a) En la fase de recopilaci\u00f3n, por el valor de la documentaci\u00f3n agrupada en un \u00fanico documento, ordenado con l\u00f3gica y trazabilidad, recogiendo exhaustivamente tanto informaci\u00f3n escrita (citas o descripciones del edificio de otros autores as\u00ed como las diversas vicisitudes hasta su completa demolici\u00f3n) como gr\u00e1fica (planimetr\u00edas, fotograf\u00edas de la \u00e9poca, grabados dibujos etc).\u00a0 b) En la fase de an\u00e1lisis, toda esta documentaci\u00f3n es procesada, analizada y contrastada entre s\u00ed, desechando incoherencias e incorrecciones encontradas. c) En tercer lugar, y a modo de conclusi\u00f3n se propone por primera vez una planimetr\u00eda\u00a0 2D del edificio coherente con toda la documentaci\u00f3n consultada, fruto de la cual se ha procedido a recrear un modelo 3D, interior y exterior, al que con una metodolog\u00eda adecuada (grados de certidumbre del proceso de anastilosis de cada elemento) consigue traer con verosimilitud lo que alguna vez pudo ser la Iglesia de San Gil.<\/p>\n<p><img loading=\"lazy\" decoding=\"async\" class=\"alignleft size-medium wp-image-961\" src=\"https:\/\/blogs.ugr.es\/smlab\/wp-content\/uploads\/sites\/26\/2019\/06\/Fernandez-Alcal\u00e1-Christian-la-iglesia-de-San-Gil-01-280x300.jpg\" alt=\"\" width=\"280\" height=\"300\" srcset=\"https:\/\/blogs.ugr.es\/smlab\/wp-content\/uploads\/sites\/26\/2019\/06\/Fernandez-Alcal\u00e1-Christian-la-iglesia-de-San-Gil-01-280x300.jpg 280w, https:\/\/blogs.ugr.es\/smlab\/wp-content\/uploads\/sites\/26\/2019\/06\/Fernandez-Alcal\u00e1-Christian-la-iglesia-de-San-Gil-01-653x700.jpg 653w, https:\/\/blogs.ugr.es\/smlab\/wp-content\/uploads\/sites\/26\/2019\/06\/Fernandez-Alcal\u00e1-Christian-la-iglesia-de-San-Gil-01.jpg 746w\" sizes=\"auto, (max-width: 280px) 100vw, 280px\" \/><\/p>\n<p>&nbsp;<\/p>\n<p>&nbsp;<\/p>\n<p>&nbsp;<\/p>\n<p>&nbsp;<\/p>\n<p>&nbsp;<\/p>\n<p>&nbsp;<\/p>\n<p>&nbsp;<\/p>\n<p>&nbsp;<\/p>\n<p>&nbsp;<\/p>\n<h2><span style=\"color: #993300\"><strong>Curso 2015-2016<\/strong><\/span><\/h2>\n<p><strong>Un Cat\u00e1logo de Arquitectura Contempor\u00e1nea en Granada (CACGr): 1951-2015. Su gesti\u00f3n y consulta mediante Sistemas de Informaci\u00f3n Geogr\u00e1fica<\/strong><\/p>\n<p>Autor\/a: Soraya Mar\u00eda Calabr\u00fas Montoro<br \/>\nTutor\/a: Antonio G\u00f3mez-Blanco Pontes (Dpto. de Expresi\u00f3n Gr\u00e1fica Arquitect\u00f3nica y en la Ingenier\u00eda \/ SMlab, UGR)<br \/>\nCotutor\/a: Vicente del Sol L\u00f3pez (Dpto. de Lenguajes y Sistemas Inform\u00e1ticos, UGR)<br \/>\nResumen: T\u00e9cnicas digitales para la representaci\u00f3n y difusi\u00f3n del Patrimonio. Trabajo que aporta una visi\u00f3n diferente de la catalogaci\u00f3n arquitect\u00f3nica, usando para ello una herramienta SIG (gvSIG). Como caso de estudio se ha elegido la ciudad de Granada y su arquitectura contempor\u00e1nea (1951-2015).<\/p>\n<h2><span style=\"color: #993300\"><strong>Curso 2014-2015<\/strong><\/span><\/h2>\n<p><strong>El Palacio de Cetti-Mariem<\/strong><\/p>\n<p>Autor\/a: Agata Michot Roberto<br \/>\nTutor\/a: Concepci\u00f3n Rodr\u00edguez Moreno (Dpto. de Expresi\u00f3n Gr\u00e1fica Arquitect\u00f3nica y en la Ingenier\u00eda \/ SMlab, UGR)<br \/>\nCotutor\/a:<br \/>\nResumen:<\/p>\n<p><strong>La Casa de la Lona<\/strong><\/p>\n<p>Autor\/a: Roc\u00edo Salazar Ortiz<br \/>\nTutor\/a: Concepci\u00f3n Rodr\u00edguez Moreno (Dpto. de Expresi\u00f3n Gr\u00e1fica Arquitect\u00f3nica y en la Ingenier\u00eda \/ SMlab, UGR)<br \/>\nCotutor\/a:<br \/>\nResumen:<\/p>\n<p><strong>Sistemas de Informaci\u00f3n Geogr\u00e1fica (SIG) para el an\u00e1lisis y difusi\u00f3n del Patrimonio Arquitect\u00f3nico. Metodolog\u00eda a aplicar<\/strong><\/p>\n<p>Autor\/a: Carmen Olmo Gal\u00e1n<br \/>\nTutor\/a: Antonio G\u00f3mez-Blanco Pontes (Dpto. de Expresi\u00f3n Gr\u00e1fica Arquitect\u00f3nica y en la Ingenier\u00eda \/ SMlab, UGR)<br \/>\nCotutor\/a: Vicente del Sol L\u00f3pez (Dpto. de Lenguajes y Sistemas Inform\u00e1ticos, UGR)<br \/>\nResumen: El presente estudio pretende establecer un protocolo concreto para la creaci\u00f3n de infraestructuras de datos espaciales con el objetivo de catalogar Patrimonio Arquitect\u00f3nico y difundirlo a trav\u00e9s de la Red de forma din\u00e1mica.<\/p>\n<p>&nbsp;<\/p>\n<pre><\/pre>\n","protected":false},"excerpt":{"rendered":"<p>Curso 2018-2019 El modelo virtual como divulgaci\u00f3n del patrimonio arquitect\u00f3nico. Monumento a los Ca\u00eddos de Pamplona Autor\/a: Francisco Javier Aci\u00e9n Fern\u00e1ndez Tutor\/a: Mar\u00eda del Carmen V\u00edlchez Lara (Dpto. de Expresi\u00f3n Gr\u00e1fica Arquitect\u00f3nica y en la Ingenier\u00eda \/ SMlab, UGR) Cotutor\/a: Resumen: La finalidad de este trabajo fin de grado ha sido la de elaborar una [&hellip;]<\/p>\n","protected":false},"author":29,"featured_media":0,"parent":503,"menu_order":6,"comment_status":"closed","ping_status":"closed","template":"","meta":{"_genesis_hide_title":false,"_genesis_hide_breadcrumbs":false,"_genesis_hide_singular_image":false,"_genesis_hide_footer_widgets":false,"_genesis_custom_body_class":"","_genesis_custom_post_class":"","_genesis_layout":"","footnotes":""},"categories":[],"tags":[],"class_list":{"0":"post-930","1":"page","2":"type-page","3":"status-publish","5":"entry"},"_links":{"self":[{"href":"https:\/\/blogs.ugr.es\/smlab\/wp-json\/wp\/v2\/pages\/930","targetHints":{"allow":["GET"]}}],"collection":[{"href":"https:\/\/blogs.ugr.es\/smlab\/wp-json\/wp\/v2\/pages"}],"about":[{"href":"https:\/\/blogs.ugr.es\/smlab\/wp-json\/wp\/v2\/types\/page"}],"author":[{"embeddable":true,"href":"https:\/\/blogs.ugr.es\/smlab\/wp-json\/wp\/v2\/users\/29"}],"replies":[{"embeddable":true,"href":"https:\/\/blogs.ugr.es\/smlab\/wp-json\/wp\/v2\/comments?post=930"}],"version-history":[{"count":3,"href":"https:\/\/blogs.ugr.es\/smlab\/wp-json\/wp\/v2\/pages\/930\/revisions"}],"predecessor-version":[{"id":984,"href":"https:\/\/blogs.ugr.es\/smlab\/wp-json\/wp\/v2\/pages\/930\/revisions\/984"}],"up":[{"embeddable":true,"href":"https:\/\/blogs.ugr.es\/smlab\/wp-json\/wp\/v2\/pages\/503"}],"wp:attachment":[{"href":"https:\/\/blogs.ugr.es\/smlab\/wp-json\/wp\/v2\/media?parent=930"}],"wp:term":[{"taxonomy":"category","embeddable":true,"href":"https:\/\/blogs.ugr.es\/smlab\/wp-json\/wp\/v2\/categories?post=930"},{"taxonomy":"post_tag","embeddable":true,"href":"https:\/\/blogs.ugr.es\/smlab\/wp-json\/wp\/v2\/tags?post=930"}],"curies":[{"name":"wp","href":"https:\/\/api.w.org\/{rel}","templated":true}]}}