{"id":1112,"date":"2023-05-24T23:23:09","date_gmt":"2023-05-24T21:23:09","guid":{"rendered":"https:\/\/blogs.ugr.es\/tfm-master-idcim\/?page_id=1112"},"modified":"2023-05-25T15:35:54","modified_gmt":"2023-05-25T13:35:54","slug":"tecnologia-farmaceutica","status":"publish","type":"page","link":"https:\/\/blogs.ugr.es\/tfm-master-idcim\/tecnologia-farmaceutica\/","title":{"rendered":"Tecnolog\u00eda farmac\u00e9utica"},"content":{"rendered":"<p style=\"text-align: center\"><a href=\"https:\/\/blogs.ugr.es\/tfm-master-idcim\/elaboracion-y-estudio-de-peliculas-a-partir-de-polimeros-naturales-para-el-tratamiento-de-heridas-cronicas\/\">Elaboraci\u00f3n y estudio de pel\u00edculas a partir de pol\u00edmeros naturales para el tratamiento de heridas cr\u00f3nicas &#8211; Tom\u00e1s Mart\u00ednez Rodr\u00edguez<\/a><\/p>\n","protected":false},"excerpt":{"rendered":"<p>Elaboraci\u00f3n y estudio de pel\u00edculas a partir de pol\u00edmeros naturales para el tratamiento de heridas cr\u00f3nicas &#8211; Tom\u00e1s Mart\u00ednez Rodr\u00edguez<\/p>\n","protected":false},"author":589,"featured_media":0,"parent":0,"menu_order":0,"comment_status":"closed","ping_status":"closed","template":"","meta":{"_genesis_hide_title":false,"_genesis_hide_breadcrumbs":false,"_genesis_hide_singular_image":false,"_genesis_hide_footer_widgets":false,"_genesis_custom_body_class":"","_genesis_custom_post_class":"","_genesis_layout":"","footnotes":""},"categories":[494],"tags":[],"class_list":{"0":"post-1112","1":"page","2":"type-page","3":"status-publish","5":"category-tecnologia-farmaceutica","6":"entry"},"_links":{"self":[{"href":"https:\/\/blogs.ugr.es\/tfm-master-idcim\/wp-json\/wp\/v2\/pages\/1112","targetHints":{"allow":["GET"]}}],"collection":[{"href":"https:\/\/blogs.ugr.es\/tfm-master-idcim\/wp-json\/wp\/v2\/pages"}],"about":[{"href":"https:\/\/blogs.ugr.es\/tfm-master-idcim\/wp-json\/wp\/v2\/types\/page"}],"author":[{"embeddable":true,"href":"https:\/\/blogs.ugr.es\/tfm-master-idcim\/wp-json\/wp\/v2\/users\/589"}],"replies":[{"embeddable":true,"href":"https:\/\/blogs.ugr.es\/tfm-master-idcim\/wp-json\/wp\/v2\/comments?post=1112"}],"version-history":[{"count":2,"href":"https:\/\/blogs.ugr.es\/tfm-master-idcim\/wp-json\/wp\/v2\/pages\/1112\/revisions"}],"predecessor-version":[{"id":1143,"href":"https:\/\/blogs.ugr.es\/tfm-master-idcim\/wp-json\/wp\/v2\/pages\/1112\/revisions\/1143"}],"wp:attachment":[{"href":"https:\/\/blogs.ugr.es\/tfm-master-idcim\/wp-json\/wp\/v2\/media?parent=1112"}],"wp:term":[{"taxonomy":"category","embeddable":true,"href":"https:\/\/blogs.ugr.es\/tfm-master-idcim\/wp-json\/wp\/v2\/categories?post=1112"},{"taxonomy":"post_tag","embeddable":true,"href":"https:\/\/blogs.ugr.es\/tfm-master-idcim\/wp-json\/wp\/v2\/tags?post=1112"}],"curies":[{"name":"wp","href":"https:\/\/api.w.org\/{rel}","templated":true}]}}