{"id":1114,"date":"2023-05-24T23:23:37","date_gmt":"2023-05-24T21:23:37","guid":{"rendered":"https:\/\/blogs.ugr.es\/tfm-master-idcim\/?page_id=1114"},"modified":"2023-05-25T15:36:28","modified_gmt":"2023-05-25T13:36:28","slug":"pharmaceutical-technology","status":"publish","type":"page","link":"https:\/\/blogs.ugr.es\/tfm-master-idcim\/en\/pharmaceutical-technology\/","title":{"rendered":"Pharmaceutical technology"},"content":{"rendered":"<p style=\"text-align: center\"><a href=\"https:\/\/blogs.ugr.es\/tfm-master-idcim\/en\/manufacturing-and-study-of-natural-polymer-films-for-the-treatment-of-chronic-wounds\/\">Manufacturing and study of natural polymer films for the treatment of chronic wounds &#8211; Tom\u00e1s Mart\u00ednez Rodr\u00edguez<\/a><\/p>\n","protected":false},"excerpt":{"rendered":"<p>Manufacturing and study of natural polymer films for the treatment of chronic wounds &#8211; Tom\u00e1s Mart\u00ednez Rodr\u00edguez<\/p>\n","protected":false},"author":589,"featured_media":0,"parent":0,"menu_order":0,"comment_status":"closed","ping_status":"closed","template":"","meta":{"_genesis_hide_title":false,"_genesis_hide_breadcrumbs":false,"_genesis_hide_singular_image":false,"_genesis_hide_footer_widgets":false,"_genesis_custom_body_class":"","_genesis_custom_post_class":"","_genesis_layout":"","footnotes":""},"categories":[],"tags":[],"class_list":{"0":"post-1114","1":"page","2":"type-page","3":"status-publish","5":"entry"},"_links":{"self":[{"href":"https:\/\/blogs.ugr.es\/tfm-master-idcim\/wp-json\/wp\/v2\/pages\/1114","targetHints":{"allow":["GET"]}}],"collection":[{"href":"https:\/\/blogs.ugr.es\/tfm-master-idcim\/wp-json\/wp\/v2\/pages"}],"about":[{"href":"https:\/\/blogs.ugr.es\/tfm-master-idcim\/wp-json\/wp\/v2\/types\/page"}],"author":[{"embeddable":true,"href":"https:\/\/blogs.ugr.es\/tfm-master-idcim\/wp-json\/wp\/v2\/users\/589"}],"replies":[{"embeddable":true,"href":"https:\/\/blogs.ugr.es\/tfm-master-idcim\/wp-json\/wp\/v2\/comments?post=1114"}],"version-history":[{"count":2,"href":"https:\/\/blogs.ugr.es\/tfm-master-idcim\/wp-json\/wp\/v2\/pages\/1114\/revisions"}],"predecessor-version":[{"id":1144,"href":"https:\/\/blogs.ugr.es\/tfm-master-idcim\/wp-json\/wp\/v2\/pages\/1114\/revisions\/1144"}],"wp:attachment":[{"href":"https:\/\/blogs.ugr.es\/tfm-master-idcim\/wp-json\/wp\/v2\/media?parent=1114"}],"wp:term":[{"taxonomy":"category","embeddable":true,"href":"https:\/\/blogs.ugr.es\/tfm-master-idcim\/wp-json\/wp\/v2\/categories?post=1114"},{"taxonomy":"post_tag","embeddable":true,"href":"https:\/\/blogs.ugr.es\/tfm-master-idcim\/wp-json\/wp\/v2\/tags?post=1114"}],"curies":[{"name":"wp","href":"https:\/\/api.w.org\/{rel}","templated":true}]}}