{"id":1116,"date":"2023-05-24T23:25:01","date_gmt":"2023-05-24T21:25:01","guid":{"rendered":"https:\/\/blogs.ugr.es\/tfm-master-idcim\/?page_id=1116"},"modified":"2023-05-25T15:29:45","modified_gmt":"2023-05-25T13:29:45","slug":"diagnostico","status":"publish","type":"page","link":"https:\/\/blogs.ugr.es\/tfm-master-idcim\/diagnostico\/","title":{"rendered":"Diagn\u00f3stico"},"content":{"rendered":"<p style=\"text-align: center\"><a href=\"https:\/\/blogs.ugr.es\/tfm-master-idcim\/estudio-de-celulas-por-fluorescencia\/\">Estudio de c\u00e9lulas por fluorescencia &#8211; Elena Villegas Garc\u00eda<\/a><\/p>\n<p style=\"text-align: center\"><a href=\"https:\/\/blogs.ugr.es\/tfm-master-idcim\/metodo-novedoso-para-la-determinacion-temprana-de-la-enfermedad-de-alzheimer\/\">M\u00e9todo novedoso para la determinaci\u00f3n temprana de la enfermedad de alzheimer &#8211; Mar\u00eda Teresa Mart\u00edn Correa<\/a><\/p>\n<p style=\"text-align: center\">\n","protected":false},"excerpt":{"rendered":"<p>Estudio de c\u00e9lulas por fluorescencia &#8211; Elena Villegas Garc\u00eda M\u00e9todo novedoso para la determinaci\u00f3n temprana de la enfermedad de alzheimer &#8211; Mar\u00eda Teresa Mart\u00edn Correa<\/p>\n","protected":false},"author":589,"featured_media":0,"parent":0,"menu_order":0,"comment_status":"closed","ping_status":"closed","template":"","meta":{"_genesis_hide_title":false,"_genesis_hide_breadcrumbs":false,"_genesis_hide_singular_image":false,"_genesis_hide_footer_widgets":false,"_genesis_custom_body_class":"","_genesis_custom_post_class":"","_genesis_layout":"","footnotes":""},"categories":[500],"tags":[],"class_list":{"0":"post-1116","1":"page","2":"type-page","3":"status-publish","5":"category-diagnostico","6":"entry"},"_links":{"self":[{"href":"https:\/\/blogs.ugr.es\/tfm-master-idcim\/wp-json\/wp\/v2\/pages\/1116","targetHints":{"allow":["GET"]}}],"collection":[{"href":"https:\/\/blogs.ugr.es\/tfm-master-idcim\/wp-json\/wp\/v2\/pages"}],"about":[{"href":"https:\/\/blogs.ugr.es\/tfm-master-idcim\/wp-json\/wp\/v2\/types\/page"}],"author":[{"embeddable":true,"href":"https:\/\/blogs.ugr.es\/tfm-master-idcim\/wp-json\/wp\/v2\/users\/589"}],"replies":[{"embeddable":true,"href":"https:\/\/blogs.ugr.es\/tfm-master-idcim\/wp-json\/wp\/v2\/comments?post=1116"}],"version-history":[{"count":2,"href":"https:\/\/blogs.ugr.es\/tfm-master-idcim\/wp-json\/wp\/v2\/pages\/1116\/revisions"}],"predecessor-version":[{"id":1137,"href":"https:\/\/blogs.ugr.es\/tfm-master-idcim\/wp-json\/wp\/v2\/pages\/1116\/revisions\/1137"}],"wp:attachment":[{"href":"https:\/\/blogs.ugr.es\/tfm-master-idcim\/wp-json\/wp\/v2\/media?parent=1116"}],"wp:term":[{"taxonomy":"category","embeddable":true,"href":"https:\/\/blogs.ugr.es\/tfm-master-idcim\/wp-json\/wp\/v2\/categories?post=1116"},{"taxonomy":"post_tag","embeddable":true,"href":"https:\/\/blogs.ugr.es\/tfm-master-idcim\/wp-json\/wp\/v2\/tags?post=1116"}],"curies":[{"name":"wp","href":"https:\/\/api.w.org\/{rel}","templated":true}]}}