{"id":1118,"date":"2023-05-24T23:25:27","date_gmt":"2023-05-24T21:25:27","guid":{"rendered":"https:\/\/blogs.ugr.es\/tfm-master-idcim\/?page_id=1118"},"modified":"2023-05-25T15:30:58","modified_gmt":"2023-05-25T13:30:58","slug":"diagnostics","status":"publish","type":"page","link":"https:\/\/blogs.ugr.es\/tfm-master-idcim\/en\/diagnostics\/","title":{"rendered":"Diagnostics"},"content":{"rendered":"<p style=\"text-align: center\"><a href=\"https:\/\/blogs.ugr.es\/tfm-master-idcim\/en\/novel-method-for-early-determination-of-alzheimers-disease-maria-teresa-martin-correa\/\">Novel method for early determination of alzheime&#8217;s disease &#8211; Mar\u00eda Teresa Mart\u00edn Correa<\/a><\/p>\n<p style=\"text-align: center\"><a href=\"https:\/\/blogs.ugr.es\/tfm-master-idcim\/en\/study-of-cells-by-fluorescence\/\">Study of cells by fluorescence &#8211; Elena Villegas Garc\u00eda<\/a><\/p>\n","protected":false},"excerpt":{"rendered":"<p>Novel method for early determination of alzheime&#8217;s disease &#8211; Mar\u00eda Teresa Mart\u00edn Correa Study of cells by fluorescence &#8211; Elena Villegas Garc\u00eda<\/p>\n","protected":false},"author":589,"featured_media":0,"parent":0,"menu_order":0,"comment_status":"closed","ping_status":"closed","template":"","meta":{"_genesis_hide_title":false,"_genesis_hide_breadcrumbs":false,"_genesis_hide_singular_image":false,"_genesis_hide_footer_widgets":false,"_genesis_custom_body_class":"","_genesis_custom_post_class":"","_genesis_layout":"","footnotes":""},"categories":[498],"tags":[],"class_list":{"0":"post-1118","1":"page","2":"type-page","3":"status-publish","5":"category-diagnostics","6":"entry"},"_links":{"self":[{"href":"https:\/\/blogs.ugr.es\/tfm-master-idcim\/wp-json\/wp\/v2\/pages\/1118","targetHints":{"allow":["GET"]}}],"collection":[{"href":"https:\/\/blogs.ugr.es\/tfm-master-idcim\/wp-json\/wp\/v2\/pages"}],"about":[{"href":"https:\/\/blogs.ugr.es\/tfm-master-idcim\/wp-json\/wp\/v2\/types\/page"}],"author":[{"embeddable":true,"href":"https:\/\/blogs.ugr.es\/tfm-master-idcim\/wp-json\/wp\/v2\/users\/589"}],"replies":[{"embeddable":true,"href":"https:\/\/blogs.ugr.es\/tfm-master-idcim\/wp-json\/wp\/v2\/comments?post=1118"}],"version-history":[{"count":2,"href":"https:\/\/blogs.ugr.es\/tfm-master-idcim\/wp-json\/wp\/v2\/pages\/1118\/revisions"}],"predecessor-version":[{"id":1138,"href":"https:\/\/blogs.ugr.es\/tfm-master-idcim\/wp-json\/wp\/v2\/pages\/1118\/revisions\/1138"}],"wp:attachment":[{"href":"https:\/\/blogs.ugr.es\/tfm-master-idcim\/wp-json\/wp\/v2\/media?parent=1118"}],"wp:term":[{"taxonomy":"category","embeddable":true,"href":"https:\/\/blogs.ugr.es\/tfm-master-idcim\/wp-json\/wp\/v2\/categories?post=1118"},{"taxonomy":"post_tag","embeddable":true,"href":"https:\/\/blogs.ugr.es\/tfm-master-idcim\/wp-json\/wp\/v2\/tags?post=1118"}],"curies":[{"name":"wp","href":"https:\/\/api.w.org\/{rel}","templated":true}]}}