{"id":212,"date":"2022-04-23T18:11:47","date_gmt":"2022-04-23T16:11:47","guid":{"rendered":"https:\/\/blogs.ugr.es\/tfm-master-idcim\/?page_id=212"},"modified":"2022-05-14T17:22:35","modified_gmt":"2022-05-14T15:22:35","slug":"curso-2021-2022","status":"publish","type":"page","link":"https:\/\/blogs.ugr.es\/tfm-master-idcim\/curso-2021-2022\/","title":{"rendered":"Curso acad\u00e9mico 2021\/2022"},"content":{"rendered":"<p style=\"text-align: center\"><a href=\"https:\/\/blogs.ugr.es\/tfm-master-idcim\/son-estables-las-vacunas-moderna-y-pfizer-despues-de-su-manipulacion-en-la-administracion\/\">Airan Braulio Alonso Garc\u00eda<\/a><\/p>\n<p style=\"text-align: center\"><a href=\"https:\/\/blogs.ugr.es\/tfm-master-idcim\/derivados-de-5-quinolinol-como-posibles-agentes-antitumorales-alba-dominguez-encinas\/\">Alba Dom\u00ednguez Encinas<\/a><\/p>\n<p style=\"text-align: center\"><a href=\"https:\/\/blogs.ugr.es\/tfm-master-idcim\/diseno-de-nanoparticulas-con-potencial-aplicacion-en-terapia-antitumoral\/\">Ana Medina Moreno<\/a><\/p>\n<p style=\"text-align: center\"><a href=\"https:\/\/blogs.ugr.es\/tfm-master-idcim\/combatiendo-bacterias-con-estructuras-muy-pequenas-de-metales-y-adn-carmen-lopez-chamorro\/\">Carmen L\u00f3pez Chamorro<\/a><\/p>\n<p style=\"text-align: center\"><a href=\"https:\/\/blogs.ugr.es\/tfm-master-idcim\/batalla-en-el-mundo-microscopico-bacterias-vs-fagos-daniel-cabrerizo-aguado\/\">Daniel Cabrerizo Aguado<\/a><\/p>\n<p style=\"text-align: center\"><a href=\"https:\/\/blogs.ugr.es\/tfm-master-idcim\/disenando-nuevos-farmacos-para-el-tratamiento-del-cancer\/\">Laura Erviti Marticorena<\/a><\/p>\n<p style=\"text-align: center\"><a href=\"https:\/\/blogs.ugr.es\/tfm-master-idcim\/respuesta-inmunitaria-contra-la-microbiota-intestinal-en-modelos-de-lupus-en-raton\/\">Lorena Albaladejo Maric\u00f3.<\/a><\/p>\n<p style=\"text-align: center\"><a href=\"https:\/\/blogs.ugr.es\/tfm-master-idcim\/analisis-cuantitativo-de-la-estabilidad-de-nivolumab-un-farmaco-antitumoral-lorena-jimenez-moran\/\">Lorena Jim\u00e9nez Mor\u00e1n<\/a><\/p>\n<p style=\"text-align: center\"><a href=\"https:\/\/blogs.ugr.es\/tfm-master-idcim\/formulaciones-cosmeticas-para-el-tratamiento-topico-del-acne\/\">Mar\u00eda D\u00edaz Salas<\/a><\/p>\n<p style=\"text-align: center\"><a href=\"https:\/\/blogs.ugr.es\/tfm-master-idcim\/aplicacion-de-metodos-novesosos-para-analizar-la-seguridad-de-biofarmacos\/\">Mario Mart\u00ednez Popeti<\/a><\/p>\n<p style=\"text-align: center\"><a href=\"https:\/\/blogs.ugr.es\/tfm-master-idcim\/nanoencapsulacion-de-antibioticos-para-el-tratamiento-de-la-mastitis-caprina-natalia-lopez-garrido\/\">Natalia L\u00f3pez Garrido<\/a><\/p>\n<p style=\"text-align: center\"><a href=\"https:\/\/blogs.ugr.es\/tfm-master-idcim\/diseno-y-estudio-de-nuevos-farmacos-con-posible-actividad-antitumoral\/\">Noelia Ruiz Cuevas<\/a><\/p>\n<p style=\"text-align: center\"><a href=\"https:\/\/blogs.ugr.es\/tfm-master-idcim\/empleo-de-la-nanotecnologia-para-transportar-farmacos-en-el-organismo\/\">Pablo Nevado L\u00f3pez<\/a><\/p>\n<p style=\"text-align: center\"><a href=\"https:\/\/blogs.ugr.es\/tfm-master-idcim\/impidiendo-la-union-entre-las-proteinas-cd47-y-sirp%ce%b1-para-evitar-infecciones-mediante-el-uso-de-peptidos\/\">Paula Quesada Mart\u00ednez<\/a><\/p>\n<p style=\"text-align: center\"><a href=\"https:\/\/blogs.ugr.es\/tfm-master-idcim\/determinacion-de-serotonina-a-partir-de-sensores-colorimetricos\/\">Ricardo Rubio Rum\u00ed<\/a><\/p>\n<p style=\"text-align: center\">\n","protected":false},"excerpt":{"rendered":"<p>Airan Braulio Alonso Garc\u00eda Alba Dom\u00ednguez Encinas Ana Medina Moreno Carmen L\u00f3pez Chamorro Daniel Cabrerizo Aguado Laura Erviti Marticorena Lorena Albaladejo Maric\u00f3. Lorena Jim\u00e9nez Mor\u00e1n Mar\u00eda D\u00edaz Salas Mario Mart\u00ednez Popeti Natalia L\u00f3pez Garrido Noelia Ruiz Cuevas Pablo Nevado L\u00f3pez Paula Quesada Mart\u00ednez Ricardo Rubio Rum\u00ed<\/p>\n","protected":false},"author":589,"featured_media":0,"parent":0,"menu_order":0,"comment_status":"closed","ping_status":"closed","template":"","meta":{"_genesis_hide_title":false,"_genesis_hide_breadcrumbs":false,"_genesis_hide_singular_image":false,"_genesis_hide_footer_widgets":false,"_genesis_custom_body_class":"","_genesis_custom_post_class":"","_genesis_layout":"","footnotes":""},"categories":[13],"tags":[],"class_list":{"0":"post-212","1":"page","2":"type-page","3":"status-publish","5":"category-sin-categoria-es","6":"entry"},"_links":{"self":[{"href":"https:\/\/blogs.ugr.es\/tfm-master-idcim\/wp-json\/wp\/v2\/pages\/212","targetHints":{"allow":["GET"]}}],"collection":[{"href":"https:\/\/blogs.ugr.es\/tfm-master-idcim\/wp-json\/wp\/v2\/pages"}],"about":[{"href":"https:\/\/blogs.ugr.es\/tfm-master-idcim\/wp-json\/wp\/v2\/types\/page"}],"author":[{"embeddable":true,"href":"https:\/\/blogs.ugr.es\/tfm-master-idcim\/wp-json\/wp\/v2\/users\/589"}],"replies":[{"embeddable":true,"href":"https:\/\/blogs.ugr.es\/tfm-master-idcim\/wp-json\/wp\/v2\/comments?post=212"}],"version-history":[{"count":4,"href":"https:\/\/blogs.ugr.es\/tfm-master-idcim\/wp-json\/wp\/v2\/pages\/212\/revisions"}],"predecessor-version":[{"id":719,"href":"https:\/\/blogs.ugr.es\/tfm-master-idcim\/wp-json\/wp\/v2\/pages\/212\/revisions\/719"}],"wp:attachment":[{"href":"https:\/\/blogs.ugr.es\/tfm-master-idcim\/wp-json\/wp\/v2\/media?parent=212"}],"wp:term":[{"taxonomy":"category","embeddable":true,"href":"https:\/\/blogs.ugr.es\/tfm-master-idcim\/wp-json\/wp\/v2\/categories?post=212"},{"taxonomy":"post_tag","embeddable":true,"href":"https:\/\/blogs.ugr.es\/tfm-master-idcim\/wp-json\/wp\/v2\/tags?post=212"}],"curies":[{"name":"wp","href":"https:\/\/api.w.org\/{rel}","templated":true}]}}