{"id":219,"date":"2022-04-23T18:37:16","date_gmt":"2022-04-23T16:37:16","guid":{"rendered":"https:\/\/blogs.ugr.es\/tfm-master-idcim\/?page_id=219"},"modified":"2022-05-14T16:50:14","modified_gmt":"2022-05-14T14:50:14","slug":"curso-2020-2021","status":"publish","type":"page","link":"https:\/\/blogs.ugr.es\/tfm-master-idcim\/curso-2020-2021\/","title":{"rendered":"Curso acad\u00e9mico 2020\/2021"},"content":{"rendered":"<p style=\"text-align: center\"><a href=\"https:\/\/blogs.ugr.es\/tfm-master-idcim\/evaluacion-del-efecto-sobre-el-dano-hepatico-y-la-expresion-de-akt-de-la-ingestion-de-3-cepas-probioticas-y-una-mezcla-de-ellas-en-un-modelo-de-esteatosis-hepatica-no-alcoholica\/\">Ana Isabel \u00c1lvarez<\/a><\/p>\n<p style=\"text-align: center\"><a href=\"https:\/\/blogs.ugr.es\/tfm-master-idcim\/cocristales-para-la-mejora-de-las-propiedades-fisicoquimicas-del-farmaco-antiinflamatorio-etenzamida\/\">\u00c1ngel Ib\u00e1\u00f1ez Gij\u00f3n<\/a><\/p>\n<p style=\"text-align: center\"><a href=\"https:\/\/blogs.ugr.es\/tfm-master-idcim\/funcionalizacion-de-frataxina-con-peptidos-lanzadera-para-mejorar-su-transporte-al-sistema-nervioso-central-beatriz-marin\/\">Beatriz Mar\u00edn D\u00edaz<\/a><\/p>\n<p style=\"text-align: center\"><a href=\"https:\/\/blogs.ugr.es\/tfm-master-idcim\/polvos-de-talco-del-mercado-italiano-aptitud-farmaceutico-cosmetica\/\">Bel\u00e9n Mar\u00eda Ruiz Corzo<\/a><\/p>\n<p style=\"text-align: center\"><a href=\"https:\/\/blogs.ugr.es\/tfm-master-idcim\/serum-facial-con-probioticos\/\">Florina Iulia Bura<\/a><\/p>\n<p style=\"text-align: center\"><a href=\"https:\/\/blogs.ugr.es\/tfm-master-idcim\/optimizacion-de-las-condiciones-de-almacenamiento-y-uso-de-nivolumab-opdivo-a-traves-del-estudio-de-su-estructura\/\">Francisco \u00c1vila Pascual<\/a><\/p>\n<p style=\"text-align: center\"><a href=\"https:\/\/blogs.ugr.es\/tfm-master-idcim\/como-podemos-evaluar-la-seguridad-en-los-farmacos-biotecnologicos\/\">Julio Ruiz Trav\u00e9<\/a><\/p>\n<p style=\"text-align: center\"><a href=\"https:\/\/blogs.ugr.es\/tfm-master-idcim\/estudio-quimico-mineralogico-de-talcos-comerciales-de-amazon-y-evaluacion-de-su-aptitud-para-uso-farmaceutico-cosmetico\/\">Laura Cazorla Navarro<\/a><\/p>\n<p style=\"text-align: center\"><a href=\"https:\/\/blogs.ugr.es\/tfm-master-idcim\/diseno-sintesis-y-evaluacion-biologica-de-derivados-diazufrados-inhibidores-de-la-enzima-colina-quinasa\/\">Marina \u00dabeda Garc\u00eda<\/a><\/p>\n<p style=\"text-align: center\"><a href=\"https:\/\/blogs.ugr.es\/tfm-master-idcim\/diseno-y-desarrollo-de-conjugados-peptidosoligonucleotidos-para-activa-la-expresion-de-frataxina\/\">Ricardo Manu\u00e9l Chueca Gonz\u00e1lez<\/a><\/p>\n<p style=\"text-align: center\"><a href=\"https:\/\/blogs.ugr.es\/tfm-master-idcim\/sintesis-purificacion-y-determinacion-estructural-de-derivados-de-isoquinolin-5-ol-como-agentes-antitumorales\/\">Soledad Romero Tamudo<\/a><\/p>\n<p style=\"text-align: center\"><a href=\"https:\/\/blogs.ugr.es\/tfm-master-idcim\/investigacion-en-polvos-de-talco-de-noruega-evaluacion-de-calidad-para-su-uso-farmaceutico-cosmetico\/\">Soraya Mena Rosado<\/a><\/p>\n<p style=\"text-align: center\"><a href=\"https:\/\/blogs.ugr.es\/tfm-master-idcim\/estudio-sobre-la-expresion-de-genes-de-pimiento-capsicum-annuum-l-y-sus-aplicaciones-farmacologicas-quercetina\/\">Ver\u00f3nica Ru\u00edz Trujillo<\/a><\/p>\n","protected":false},"excerpt":{"rendered":"<p>Ana Isabel \u00c1lvarez \u00c1ngel Ib\u00e1\u00f1ez Gij\u00f3n Beatriz Mar\u00edn D\u00edaz Bel\u00e9n Mar\u00eda Ruiz Corzo Florina Iulia Bura Francisco \u00c1vila Pascual Julio Ruiz Trav\u00e9 Laura Cazorla Navarro Marina \u00dabeda Garc\u00eda Ricardo Manu\u00e9l Chueca Gonz\u00e1lez Soledad Romero Tamudo Soraya Mena Rosado Ver\u00f3nica Ru\u00edz Trujillo<\/p>\n","protected":false},"author":589,"featured_media":0,"parent":0,"menu_order":0,"comment_status":"closed","ping_status":"closed","template":"","meta":{"_genesis_hide_title":false,"_genesis_hide_breadcrumbs":false,"_genesis_hide_singular_image":false,"_genesis_hide_footer_widgets":false,"_genesis_custom_body_class":"","_genesis_custom_post_class":"","_genesis_layout":"","footnotes":""},"categories":[13],"tags":[],"class_list":{"0":"post-219","1":"page","2":"type-page","3":"status-publish","5":"category-sin-categoria-es","6":"entry"},"_links":{"self":[{"href":"https:\/\/blogs.ugr.es\/tfm-master-idcim\/wp-json\/wp\/v2\/pages\/219","targetHints":{"allow":["GET"]}}],"collection":[{"href":"https:\/\/blogs.ugr.es\/tfm-master-idcim\/wp-json\/wp\/v2\/pages"}],"about":[{"href":"https:\/\/blogs.ugr.es\/tfm-master-idcim\/wp-json\/wp\/v2\/types\/page"}],"author":[{"embeddable":true,"href":"https:\/\/blogs.ugr.es\/tfm-master-idcim\/wp-json\/wp\/v2\/users\/589"}],"replies":[{"embeddable":true,"href":"https:\/\/blogs.ugr.es\/tfm-master-idcim\/wp-json\/wp\/v2\/comments?post=219"}],"version-history":[{"count":3,"href":"https:\/\/blogs.ugr.es\/tfm-master-idcim\/wp-json\/wp\/v2\/pages\/219\/revisions"}],"predecessor-version":[{"id":658,"href":"https:\/\/blogs.ugr.es\/tfm-master-idcim\/wp-json\/wp\/v2\/pages\/219\/revisions\/658"}],"wp:attachment":[{"href":"https:\/\/blogs.ugr.es\/tfm-master-idcim\/wp-json\/wp\/v2\/media?parent=219"}],"wp:term":[{"taxonomy":"category","embeddable":true,"href":"https:\/\/blogs.ugr.es\/tfm-master-idcim\/wp-json\/wp\/v2\/categories?post=219"},{"taxonomy":"post_tag","embeddable":true,"href":"https:\/\/blogs.ugr.es\/tfm-master-idcim\/wp-json\/wp\/v2\/tags?post=219"}],"curies":[{"name":"wp","href":"https:\/\/api.w.org\/{rel}","templated":true}]}}