{"id":222,"date":"2022-04-23T18:38:16","date_gmt":"2022-04-23T16:38:16","guid":{"rendered":"https:\/\/blogs.ugr.es\/tfm-master-idcim\/?page_id=222"},"modified":"2022-05-16T12:29:07","modified_gmt":"2022-05-16T10:29:07","slug":"enlaces-de-interes","status":"publish","type":"page","link":"https:\/\/blogs.ugr.es\/tfm-master-idcim\/enlaces-de-interes\/","title":{"rendered":"Enlaces de interes"},"content":{"rendered":"<p style=\"text-align: center\"><a href=\"https:\/\/masteres.ugr.es\/investigacion-medicamentos\/\">M\u00e1ster en Investigaci\u00f3n, Desarrollo, Control e Innovaci\u00f3n de Medicamentos<\/a><\/p>\n<p style=\"text-align: center\"><a href=\"https:\/\/masteres.ugr.es\/investigacion-medicamentos\/investigacion\/lineas\">L\u00edneas de Investigaci\u00f3n del M\u00e1ster en Investigaci\u00f3n, Desarrollo, Control e Innovaci\u00f3n de Medicamentos<\/a><\/p>\n<p style=\"text-align: center\"><a href=\"https:\/\/www.ugr.es\/\">Universidad de Granada<\/a><\/p>\n<p style=\"text-align: center\"><a href=\"https:\/\/escuelaposgrado.ugr.es\/\">Escuela\u00a0de\u00a0Posgrado<\/a><\/p>\n<p style=\"text-align: center\"><a href=\"https:\/\/www.linkedin.com\/in\/mmedicamentos\/\">LinkedIn<\/a><\/p>\n<p style=\"text-align: center\"><a href=\"https:\/\/twitter.com\/MMedicamentos\">Twitter<\/a><\/p>\n<p>&nbsp;<\/p>\n","protected":false},"excerpt":{"rendered":"<p>M\u00e1ster en Investigaci\u00f3n, Desarrollo, Control e Innovaci\u00f3n de Medicamentos L\u00edneas de Investigaci\u00f3n del M\u00e1ster en Investigaci\u00f3n, Desarrollo, Control e Innovaci\u00f3n de Medicamentos Universidad de Granada Escuela\u00a0de\u00a0Posgrado LinkedIn Twitter &nbsp;<\/p>\n","protected":false},"author":589,"featured_media":0,"parent":0,"menu_order":0,"comment_status":"closed","ping_status":"closed","template":"","meta":{"_genesis_hide_title":false,"_genesis_hide_breadcrumbs":false,"_genesis_hide_singular_image":false,"_genesis_hide_footer_widgets":false,"_genesis_custom_body_class":"","_genesis_custom_post_class":"","_genesis_layout":"","footnotes":""},"categories":[],"tags":[],"class_list":{"0":"post-222","1":"page","2":"type-page","3":"status-publish","5":"entry"},"_links":{"self":[{"href":"https:\/\/blogs.ugr.es\/tfm-master-idcim\/wp-json\/wp\/v2\/pages\/222","targetHints":{"allow":["GET"]}}],"collection":[{"href":"https:\/\/blogs.ugr.es\/tfm-master-idcim\/wp-json\/wp\/v2\/pages"}],"about":[{"href":"https:\/\/blogs.ugr.es\/tfm-master-idcim\/wp-json\/wp\/v2\/types\/page"}],"author":[{"embeddable":true,"href":"https:\/\/blogs.ugr.es\/tfm-master-idcim\/wp-json\/wp\/v2\/users\/589"}],"replies":[{"embeddable":true,"href":"https:\/\/blogs.ugr.es\/tfm-master-idcim\/wp-json\/wp\/v2\/comments?post=222"}],"version-history":[{"count":4,"href":"https:\/\/blogs.ugr.es\/tfm-master-idcim\/wp-json\/wp\/v2\/pages\/222\/revisions"}],"predecessor-version":[{"id":743,"href":"https:\/\/blogs.ugr.es\/tfm-master-idcim\/wp-json\/wp\/v2\/pages\/222\/revisions\/743"}],"wp:attachment":[{"href":"https:\/\/blogs.ugr.es\/tfm-master-idcim\/wp-json\/wp\/v2\/media?parent=222"}],"wp:term":[{"taxonomy":"category","embeddable":true,"href":"https:\/\/blogs.ugr.es\/tfm-master-idcim\/wp-json\/wp\/v2\/categories?post=222"},{"taxonomy":"post_tag","embeddable":true,"href":"https:\/\/blogs.ugr.es\/tfm-master-idcim\/wp-json\/wp\/v2\/tags?post=222"}],"curies":[{"name":"wp","href":"https:\/\/api.w.org\/{rel}","templated":true}]}}