{"id":224,"date":"2022-04-23T18:38:36","date_gmt":"2022-04-23T16:38:36","guid":{"rendered":"https:\/\/blogs.ugr.es\/tfm-master-idcim\/?page_id=224"},"modified":"2023-05-26T18:02:22","modified_gmt":"2023-05-26T16:02:22","slug":"presentacion","status":"publish","type":"page","link":"https:\/\/blogs.ugr.es\/tfm-master-idcim\/presentacion\/","title":{"rendered":"Presentaci\u00f3n"},"content":{"rendered":"<h3 style=\"text-align: center\"><strong>INTRODUCCI\u00d3N<\/strong><\/h3>\n<p>La divulgaci\u00f3n es un aspecto muy importante de la labor actual del cient\u00edfico ya que pone su inter\u00e9s no solo en los descubrimientos cient\u00edficos del momento, sino tambi\u00e9n en campos enteros del conocimiento cient\u00edfico.<br \/>\nLa divulgaci\u00f3n cient\u00edfica consiste principalmente en acercar la ciencia al p\u00fablico general no especializado; es toda actividad de explicaci\u00f3n y difusi\u00f3n de los avances de los conocimientos de las diferentes \u00e1reas.<br \/>\nEl presente blog enfatiza en la importancia de la divulgaci\u00f3n cient\u00edfica en los centros de investigaci\u00f3n como oportunidades que abren caminos del saber y el conocimiento; por ello os damos la bienvenida a nuestro nuevo blog en el que se divulgan los Trabajos Fin de M\u00e1ster (TFMs) realizados por los estudiantes del Master en Investigaci\u00f3n, Desarrollo, Control e Innovaci\u00f3n de Medicamentos de la Universidad de Granada.<br \/>\nEste blog va dirigido a todos vosotr@s. Tod@s aquell@s que busc\u00e1is un conocimiento\u00a0cient\u00edfico y contrastado sobre diferentes aspectos de las ciencias farmac\u00e9uticas desde la geolog\u00eda aplicada a la farmacia, tecnolog\u00eda farmac\u00e9utica, desarrollo de medicamentos, desarrollo de f\u00e1rmacos antitumorales, biotecnolog\u00eda, etc.<br \/>\nEn este blog pod\u00e9is encontrar los trabajos clasificados por \u00e1reas del conocimiento, adem\u00e1s de por cursos acad\u00e9micos y autores, de tal forma que pod\u00e9is dirig\u00edos directamente a aquellos campos que sean de vuestro inter\u00e9s.<br \/>\nAdem\u00e1s, este blog ofrece la oportunidad de conocer m\u00e1s de cerca las l\u00edneas de investigaci\u00f3n que se ofertan por el M\u00e1ster en Investigaci\u00f3n, Desarrollo, Control e Innovaci\u00f3n de Medicamentos y, por ende, parte de la investigaci\u00f3n que se lleva a cabo en la Universidad de Granada y centros de investigaci\u00f3n asociados, concretamente aquella investigaci\u00f3n relacionada con las ciencias farmac\u00e9uticas.<br \/>\nLas ciencias farmac\u00e9uticas son un \u00e1rea tan extensa que incluye un gran n\u00famero de secciones, sobre las cuales se han publicado los distintos TFMs. As\u00ed, en este blog se tratan aspectos relacionados con la biolog\u00eda, cosm\u00e9tica, investigaci\u00f3n sobre f\u00e1rmacos qu\u00edmicos y biotecnol\u00f3gicos, nanotecnolog\u00eda y probi\u00f3ticos.<br \/>\nEsperamos que disfrut\u00e9is a lo largo de esta nueva aventura de CIENCIAS FARMAC\u00c9UTICAS.<\/p>\n<p>&nbsp;<\/p>\n<h3 style=\"text-align: center\"><strong>\u00bfQUI\u00c9NES SOMOS?<\/strong><\/h3>\n<p style=\"text-align: left\">El presente blog se enmarca en el Proyecto de Innovaci\u00f3n y Buenas Pr\u00e1cticas Docentes B\u00e1sico 21-55 (Fase 2) del Plan FIDO y del Plan de Formaci\u00f3n e Innovaci\u00f3n Docente 2020-2022 de la Universidad de Granada (UGR).<br \/>\nMiembros del proyecto:<\/p>\n<ul>\n<li style=\"text-align: left\"><a href=\"https:\/\/www.linkedin.com\/in\/anabeltorrentelopez\/\"><strong>Anabel Torrente L\u00f3pez<\/strong><\/a> (Coordinadora del Proyecto): Doctoranda del Programa de Doctorado en Farmacia de la UGR. Contratada predoctoral FPU (Conv. 2018) del Dpto. de Qu\u00edmica Anal\u00edtica, Facultad de Ciencias (UGR).<\/li>\n<li style=\"text-align: left\"><a href=\"https:\/\/www.ugr.es\/personal\/adolfina-ruiz-martinez\"><strong>Adolfina Ruiz Mart\u00ednez<\/strong><\/a>: Catedr\u00e1tica de Universidad del Dpto. de Farmacia y Tecnolog\u00eda Farmac\u00e9utica, Facultad de Farmacia (UGR). Coordinadora del M\u00e1ster en Investigaci\u00f3n, Desarrollo, Control e Innovaci\u00f3n de Medicamentos.<\/li>\n<li style=\"text-align: left\"><a href=\"https:\/\/www.ugr.es\/personal\/manuel-sanchez-polo\"><strong>Manuel S\u00e1nchez Polo<\/strong><\/a>: Decano de la Facultad de Farmacia y Catedr\u00e1tico de Universidad del Dpto. de Qu\u00edmica Inorg\u00e1nica, Facultad de Farmacia (UGR).<\/li>\n<li style=\"text-align: left\"><a href=\"https:\/\/www.ugr.es\/personal\/luis-cuadros-rodriguez\"><strong>Luis Cuadros Rodr\u00edguez<\/strong><\/a>: Catedr\u00e1tico de Universidad del Dpto. de Qu\u00edmica Anal\u00edtica, Facultad de Ciencias (UGR).<\/li>\n<li style=\"text-align: left\"><a href=\"https:\/\/www.linkedin.com\/in\/franjperezh\/\"><strong>Francisco Javier P\u00e9rez Heredia<\/strong><\/a>: Graduado en Ingenier\u00eda Inform\u00e1tica (UGR).<\/li>\n<li style=\"text-align: left\"><a href=\"https:\/\/www.ugr.es\/personal\/maria-luz-cadiz-gurrea\"><strong>Mar\u00eda de la Luz C\u00e1diz Gurrea<\/strong><\/a>: Programa Investigaci\u00f3n Ramon y Cajal del Dpto. de Qu\u00edmica Anal\u00edtica, Facultad de Ciencias (UGR).<\/li>\n<li><strong><a href=\"https:\/\/www.ugr.es\/personal\/natalia-africa-navas-iglesias\">Natalia A. Navas Iglesias:<\/a><\/strong> Catedr\u00e1tica de Universidad del Dpto. de Qu\u00edmica Anal\u00edtica, Facultad de Ciencias (UGR).<\/li>\n<\/ul>\n","protected":false},"excerpt":{"rendered":"<p>INTRODUCCI\u00d3N La divulgaci\u00f3n es un aspecto muy importante de la labor actual del cient\u00edfico ya que pone su inter\u00e9s no solo en los descubrimientos cient\u00edficos del momento, sino tambi\u00e9n en campos enteros del conocimiento cient\u00edfico. La divulgaci\u00f3n cient\u00edfica consiste principalmente en acercar la ciencia al p\u00fablico general no especializado; es toda actividad de explicaci\u00f3n y [&hellip;]<\/p>\n","protected":false},"author":589,"featured_media":0,"parent":0,"menu_order":0,"comment_status":"closed","ping_status":"closed","template":"","meta":{"_genesis_hide_title":false,"_genesis_hide_breadcrumbs":false,"_genesis_hide_singular_image":false,"_genesis_hide_footer_widgets":false,"_genesis_custom_body_class":"","_genesis_custom_post_class":"","_genesis_layout":"","footnotes":""},"categories":[],"tags":[],"class_list":{"0":"post-224","1":"page","2":"type-page","3":"status-publish","5":"entry"},"_links":{"self":[{"href":"https:\/\/blogs.ugr.es\/tfm-master-idcim\/wp-json\/wp\/v2\/pages\/224","targetHints":{"allow":["GET"]}}],"collection":[{"href":"https:\/\/blogs.ugr.es\/tfm-master-idcim\/wp-json\/wp\/v2\/pages"}],"about":[{"href":"https:\/\/blogs.ugr.es\/tfm-master-idcim\/wp-json\/wp\/v2\/types\/page"}],"author":[{"embeddable":true,"href":"https:\/\/blogs.ugr.es\/tfm-master-idcim\/wp-json\/wp\/v2\/users\/589"}],"replies":[{"embeddable":true,"href":"https:\/\/blogs.ugr.es\/tfm-master-idcim\/wp-json\/wp\/v2\/comments?post=224"}],"version-history":[{"count":3,"href":"https:\/\/blogs.ugr.es\/tfm-master-idcim\/wp-json\/wp\/v2\/pages\/224\/revisions"}],"predecessor-version":[{"id":1158,"href":"https:\/\/blogs.ugr.es\/tfm-master-idcim\/wp-json\/wp\/v2\/pages\/224\/revisions\/1158"}],"wp:attachment":[{"href":"https:\/\/blogs.ugr.es\/tfm-master-idcim\/wp-json\/wp\/v2\/media?parent=224"}],"wp:term":[{"taxonomy":"category","embeddable":true,"href":"https:\/\/blogs.ugr.es\/tfm-master-idcim\/wp-json\/wp\/v2\/categories?post=224"},{"taxonomy":"post_tag","embeddable":true,"href":"https:\/\/blogs.ugr.es\/tfm-master-idcim\/wp-json\/wp\/v2\/tags?post=224"}],"curies":[{"name":"wp","href":"https:\/\/api.w.org\/{rel}","templated":true}]}}