{"id":249,"date":"2022-04-23T20:26:41","date_gmt":"2022-04-23T18:26:41","guid":{"rendered":"https:\/\/blogs.ugr.es\/tfm-master-idcim\/?page_id=249"},"modified":"2023-05-25T15:33:00","modified_gmt":"2023-05-25T13:33:00","slug":"medicamentos-biotecnologicos","status":"publish","type":"page","link":"https:\/\/blogs.ugr.es\/tfm-master-idcim\/medicamentos-biotecnologicos\/","title":{"rendered":"Farmacos Biotecnol\u00f3gicos"},"content":{"rendered":"<p style=\"text-align: center\"><a href=\"https:\/\/blogs.ugr.es\/tfm-master-idcim\/analisis-cuantitativo-de-la-estabilidad-de-nivolumab-un-farmaco-antitumoral-lorena-jimenez-moran\/\">An\u00e1lisis cuantitativo de la estabilidad de nivolumab, un f\u00e1rmaco antitumoral \u2013 Lorena Jim\u00e9nez Mor\u00e1n<\/a><\/p>\n<p style=\"text-align: center\"><a href=\"https:\/\/blogs.ugr.es\/tfm-master-idcim\/aplicacion-de-metodos-novesosos-para-analizar-la-seguridad-de-biofarmacos\/\">Aplicacion de metodos novesosos para analizar la seguridad de biofarmacos \u2013 Mario Mart\u00ednez Popeti<\/a><\/p>\n<p style=\"text-align: center\"><a href=\"https:\/\/blogs.ugr.es\/tfm-master-idcim\/combatiendo-bacterias-con-estructuras-muy-pequenas-de-metales-y-adn\/\">Combatiendo bacterias con estructuras muy peque\u00f1as de metales y ADN \u2013 Carmen L\u00f3pez Chamorro<\/a><\/p>\n<p style=\"text-align: center\"><a href=\"https:\/\/blogs.ugr.es\/tfm-master-idcim\/como-podemos-evaluar-la-seguridad-en-los-farmacos-biotecnologicos\/\">\u00bfC\u00f3mo podemos evaluar la seguridad en los f\u00e1rmacos biotecnol\u00f3gicos? \u2013 Julio Ruiz<\/a><\/p>\n<p style=\"text-align: center\"><a href=\"https:\/\/blogs.ugr.es\/tfm-master-idcim\/diseno-y-desarrollo-de-conjugados-peptidosoligonucleotidos-para-activa-la-expresion-de-frataxina-ricardo-chueca\/\">Dise\u00f1o y desarrollo de conjugados p\u00e9ptidosoligonucleotidos para activa la expresion de frataxina \u2013 Ricardo Chueca<\/a><\/p>\n<p style=\"text-align: center\"><a href=\"https:\/\/blogs.ugr.es\/tfm-master-idcim\/estudio-de-la-estabilidad-de-ipilimumab-un-medicamento-para-tratar-el-cancer\/\">Estudio de la estabilidad de ipilimumab, un medicamento para tratar el c\u00e1ncer &#8211; Alberto Aguilera Ortega<\/a><\/p>\n<p style=\"text-align: center\"><a href=\"https:\/\/blogs.ugr.es\/tfm-master-idcim\/funcionalizacion-de-frataxina-con-peptidos-lanzadera-para-mejorar-su-transporte-al-sistema-nervioso-central-beatriz-marin\/\">Funcionalizaci\u00f3n de Frataxina con p\u00e9ptidos lanzadera para mejorar su transporte al sistema nervioso central \u2013 Beatriz Marin<\/a><\/p>\n<p style=\"text-align: center\"><a href=\"https:\/\/blogs.ugr.es\/tfm-master-idcim\/impidiendo-la-union-entre-las-proteinas-cd47-y-sirp%ce%b1-para-evitar-infecciones-mediante-el-uso-de-peptidos\/\">Impidiendo la union entre las proteinas CD47 y SIRP\u03b1 para evitar infecciones, mediante el uso de peptidos \u2013 Paula Quesada Mart\u00ednez<\/a><\/p>\n<p style=\"text-align: center\"><a href=\"https:\/\/blogs.ugr.es\/tfm-master-idcim\/las-condiciones-ambientales-pueden-afectar-a-los-medicamentos-biologicos\/\">\u00bfLas condiciones ambientales pueden afectar a los medicamentos biol\u00f3gicos?\u00a0&#8211; Alejandro Mart\u00edn Rodr\u00edguez<\/a><\/p>\n<p style=\"text-align: center\"><a href=\"https:\/\/blogs.ugr.es\/tfm-master-idcim\/optimizacion-de-las-condiciones-de-almacenamiento-y-uso-de-nivolumab-opdivo-a-traves-del-estudio-de-su-estructura\/\">Optimizaci\u00f3n de las condiciones de almacenamiento y uso de nivolumab (Opdivo\u00ae) a trav\u00e9s del estudio de su estructura \u2013 Francisco \u00c1vila<\/a><\/p>\n<p style=\"text-align: center\"><a href=\"https:\/\/blogs.ugr.es\/tfm-master-idcim\/son-estables-las-vacunas-moderna-y-pfizer-despues-de-su-manipulacion-en-la-administracion\/\">\u00bfSon estables las vacunas Moderna y Pfizer despu\u00e9s de su manipulaci\u00f3n en la administraci\u00f3n? \u2013 Airan Braulio Alonso Garc\u00eda<\/a><\/p>\n<p>&nbsp;<\/p>\n<p>&nbsp;<\/p>\n<p style=\"text-align: center\">\n","protected":false},"excerpt":{"rendered":"<p>An\u00e1lisis cuantitativo de la estabilidad de nivolumab, un f\u00e1rmaco antitumoral \u2013 Lorena Jim\u00e9nez Mor\u00e1n Aplicacion de metodos novesosos para analizar la seguridad de biofarmacos \u2013 Mario Mart\u00ednez Popeti Combatiendo bacterias con estructuras muy peque\u00f1as de metales y ADN \u2013 Carmen L\u00f3pez Chamorro \u00bfC\u00f3mo podemos evaluar la seguridad en los f\u00e1rmacos biotecnol\u00f3gicos? \u2013 Julio Ruiz Dise\u00f1o [&hellip;]<\/p>\n","protected":false},"author":589,"featured_media":0,"parent":0,"menu_order":0,"comment_status":"closed","ping_status":"closed","template":"","meta":{"_genesis_hide_title":false,"_genesis_hide_breadcrumbs":false,"_genesis_hide_singular_image":false,"_genesis_hide_footer_widgets":false,"_genesis_custom_body_class":"","_genesis_custom_post_class":"","_genesis_layout":"","footnotes":""},"categories":[13],"tags":[],"class_list":{"0":"post-249","1":"page","2":"type-page","3":"status-publish","5":"category-sin-categoria-es","6":"entry"},"_links":{"self":[{"href":"https:\/\/blogs.ugr.es\/tfm-master-idcim\/wp-json\/wp\/v2\/pages\/249","targetHints":{"allow":["GET"]}}],"collection":[{"href":"https:\/\/blogs.ugr.es\/tfm-master-idcim\/wp-json\/wp\/v2\/pages"}],"about":[{"href":"https:\/\/blogs.ugr.es\/tfm-master-idcim\/wp-json\/wp\/v2\/types\/page"}],"author":[{"embeddable":true,"href":"https:\/\/blogs.ugr.es\/tfm-master-idcim\/wp-json\/wp\/v2\/users\/589"}],"replies":[{"embeddable":true,"href":"https:\/\/blogs.ugr.es\/tfm-master-idcim\/wp-json\/wp\/v2\/comments?post=249"}],"version-history":[{"count":4,"href":"https:\/\/blogs.ugr.es\/tfm-master-idcim\/wp-json\/wp\/v2\/pages\/249\/revisions"}],"predecessor-version":[{"id":1140,"href":"https:\/\/blogs.ugr.es\/tfm-master-idcim\/wp-json\/wp\/v2\/pages\/249\/revisions\/1140"}],"wp:attachment":[{"href":"https:\/\/blogs.ugr.es\/tfm-master-idcim\/wp-json\/wp\/v2\/media?parent=249"}],"wp:term":[{"taxonomy":"category","embeddable":true,"href":"https:\/\/blogs.ugr.es\/tfm-master-idcim\/wp-json\/wp\/v2\/categories?post=249"},{"taxonomy":"post_tag","embeddable":true,"href":"https:\/\/blogs.ugr.es\/tfm-master-idcim\/wp-json\/wp\/v2\/tags?post=249"}],"curies":[{"name":"wp","href":"https:\/\/api.w.org\/{rel}","templated":true}]}}