{"id":270,"date":"2022-04-24T13:23:38","date_gmt":"2022-04-24T11:23:38","guid":{"rendered":"https:\/\/blogs.ugr.es\/tfm-master-idcim\/?page_id=270"},"modified":"2023-05-25T15:38:25","modified_gmt":"2023-05-25T13:38:25","slug":"probioticos","status":"publish","type":"page","link":"https:\/\/blogs.ugr.es\/tfm-master-idcim\/probioticos\/","title":{"rendered":"Probi\u00f3ticos"},"content":{"rendered":"<p style=\"text-align: center\"><a href=\"https:\/\/blogs.ugr.es\/tfm-master-idcim\/estudio-del-efecto-del-sobrenadante-del-probiotico-lactobacillus-paracasei-ante-estimulos-inflamatorios-en-un-modelo-de-celulas-hepaticas\/\">Estudio del efecto del sobrenadante del probi\u00f3tico Lactobacillus paracasei ante est\u00edmulos inflamatorios en un modelo de c\u00e9lulas hep\u00e1ticas &#8211; Cristina Rojas Arenas<\/a><\/p>\n<p style=\"text-align: center\"><a href=\"https:\/\/blogs.ugr.es\/tfm-master-idcim\/estudio-de-los-efectos-de-los-probioticos-en-el-cancer-de-mama\/\">Estudio de los efectos de los probi\u00f3ticos en el c\u00e1ncer de mama &#8211; Juan Carlos Villegas Ru\u00edz<\/a><\/p>\n<p style=\"text-align: center\"><a href=\"https:\/\/blogs.ugr.es\/tfm-master-idcim\/evaluacion-del-efecto-sobre-el-dano-hepatico-y-la-expresion-de-akt-de-la-ingestion-de-3-cepas-probioticas-y-una-mezcla-de-ellas-en-un-modelo-de-esteatosis-hepatica-no-alcoholica\/\">Evaluaci\u00f3n del efecto sobre el da\u00f1o hep\u00e1tico y la expresi\u00f3n de Akt de la ingesti\u00f3n de 3 cepas probi\u00f3ticas y una mezcla de ellas en un modelo de esteatosis hep\u00e1tica no alcoh\u00f3lica \u2013 Ana Isabel \u00c1lvarez<\/a><\/p>\n<p style=\"text-align: center\"><a href=\"https:\/\/blogs.ugr.es\/tfm-master-idcim\/formulaciones-cosmeticas-para-el-tratamiento-topico-del-acne\/\">Formulaciones cosm\u00e9ticas para el tratamiento t\u00f3pico del acn\u00e9 \u2013 Mar\u00eda D\u00edaz Salas<\/a><\/p>\n<p style=\"text-align: center\"><a href=\"https:\/\/blogs.ugr.es\/tfm-master-idcim\/actividad-divulgacion-proyecto-innovacion-docente-mariam-khemlani-el-mghari\/\">\u00bfSe podr\u00edan usar probi\u00f3ticos para el tratamiento y prevenci\u00f3n del c\u00e1ncer de c\u00e9rvix?\u00a0&#8211; Mariam Khemlani El Mghari<\/a><\/p>\n<p style=\"text-align: center\"><a href=\"https:\/\/blogs.ugr.es\/tfm-master-idcim\/serum-facial-con-probioticos\/\">S\u00e9rum facial con probi\u00f3ticos \u2013 Florina Iulia Bura<\/a><\/p>\n<p style=\"text-align: center\">\n<p style=\"text-align: center\">\n","protected":false},"excerpt":{"rendered":"<p>Estudio del efecto del sobrenadante del probi\u00f3tico Lactobacillus paracasei ante est\u00edmulos inflamatorios en un modelo de c\u00e9lulas hep\u00e1ticas &#8211; Cristina Rojas Arenas Estudio de los efectos de los probi\u00f3ticos en el c\u00e1ncer de mama &#8211; Juan Carlos Villegas Ru\u00edz Evaluaci\u00f3n del efecto sobre el da\u00f1o hep\u00e1tico y la expresi\u00f3n de Akt de la ingesti\u00f3n de [&hellip;]<\/p>\n","protected":false},"author":589,"featured_media":0,"parent":0,"menu_order":0,"comment_status":"closed","ping_status":"closed","template":"","meta":{"_genesis_hide_title":false,"_genesis_hide_breadcrumbs":false,"_genesis_hide_singular_image":false,"_genesis_hide_footer_widgets":false,"_genesis_custom_body_class":"","_genesis_custom_post_class":"","_genesis_layout":"","footnotes":""},"categories":[],"tags":[],"class_list":{"0":"post-270","1":"page","2":"type-page","3":"status-publish","5":"entry"},"_links":{"self":[{"href":"https:\/\/blogs.ugr.es\/tfm-master-idcim\/wp-json\/wp\/v2\/pages\/270","targetHints":{"allow":["GET"]}}],"collection":[{"href":"https:\/\/blogs.ugr.es\/tfm-master-idcim\/wp-json\/wp\/v2\/pages"}],"about":[{"href":"https:\/\/blogs.ugr.es\/tfm-master-idcim\/wp-json\/wp\/v2\/types\/page"}],"author":[{"embeddable":true,"href":"https:\/\/blogs.ugr.es\/tfm-master-idcim\/wp-json\/wp\/v2\/users\/589"}],"replies":[{"embeddable":true,"href":"https:\/\/blogs.ugr.es\/tfm-master-idcim\/wp-json\/wp\/v2\/comments?post=270"}],"version-history":[{"count":3,"href":"https:\/\/blogs.ugr.es\/tfm-master-idcim\/wp-json\/wp\/v2\/pages\/270\/revisions"}],"predecessor-version":[{"id":1145,"href":"https:\/\/blogs.ugr.es\/tfm-master-idcim\/wp-json\/wp\/v2\/pages\/270\/revisions\/1145"}],"wp:attachment":[{"href":"https:\/\/blogs.ugr.es\/tfm-master-idcim\/wp-json\/wp\/v2\/media?parent=270"}],"wp:term":[{"taxonomy":"category","embeddable":true,"href":"https:\/\/blogs.ugr.es\/tfm-master-idcim\/wp-json\/wp\/v2\/categories?post=270"},{"taxonomy":"post_tag","embeddable":true,"href":"https:\/\/blogs.ugr.es\/tfm-master-idcim\/wp-json\/wp\/v2\/tags?post=270"}],"curies":[{"name":"wp","href":"https:\/\/api.w.org\/{rel}","templated":true}]}}