{"id":435,"date":"2022-05-03T11:33:35","date_gmt":"2022-05-03T09:33:35","guid":{"rendered":"https:\/\/blogs.ugr.es\/tfm-master-idcim\/?page_id=435"},"modified":"2023-05-25T15:53:52","modified_gmt":"2023-05-25T13:53:52","slug":"chemical-drugs","status":"publish","type":"page","link":"https:\/\/blogs.ugr.es\/tfm-master-idcim\/en\/chemical-drugs\/","title":{"rendered":"Chemical drugs"},"content":{"rendered":"<p style=\"text-align: center\"><a href=\"https:\/\/blogs.ugr.es\/tfm-master-idcim\/en\/5-quinolinol-derivatives-as-potential-antitumor-agents-alba-dominguez-encinas\/\">5-quinolinol derivatives as potential antitumor agents \u2013 Alba Dom\u00ednguez Encinas<\/a><\/p>\n<p style=\"text-align: center\"><a href=\"https:\/\/blogs.ugr.es\/tfm-master-idcim\/en\/cocrystals-for-the-improvement-of-the-physicochemical-properties-of-the-anti-inflammatory-drug-etenzamide-angel-ibanez\/\">Cocrystals for the improvement of the physicochemical properties of the anti-inflammatory drug etenzamide \u2013 \u00c1ngel Ib\u00e1\u00f1ez<\/a><\/p>\n<p style=\"text-align: center\"><a href=\"https:\/\/blogs.ugr.es\/tfm-master-idcim\/en\/desing-synthesis-and-biological-evaluation-of-choline-kinase-enzyme-inhibitor-diazufro-derivatives\/\">Desing, synthesis and biological evaluation of choline kinase enzyme inhibitor diazufro derivatives \u2013 Marina Ubeda<\/a><\/p>\n<p style=\"text-align: center\"><a href=\"https:\/\/blogs.ugr.es\/tfm-master-idcim\/en\/design-and-study-of-new-drugs-with-possible-antitumor-activity\/\">Design and study of new drugs with possible antitumor activity \u2013 Noelia Ruiz Cuevas<\/a><\/p>\n<p style=\"text-align: center\"><a href=\"https:\/\/blogs.ugr.es\/tfm-master-idcim\/en\/design-synthesis-and-biological-evaluation-of-new-compounds-for-treating-cancer\/\">Design, synthesis and biological evaluation of new compounds for treating cancer &#8211; Iria Alonso Alves<\/a><\/p>\n<p style=\"text-align: center\"><a href=\"https:\/\/blogs.ugr.es\/tfm-master-idcim\/en\/designing-new-drugs-for-the-treatment-of-cancer\/\">Designing new drugs for the treatment of cancer \u2013 Laura Erviti Marticorena<\/a><\/p>\n<p style=\"text-align: center\"><a href=\"https:\/\/blogs.ugr.es\/tfm-master-idcim\/en\/new-combined-drugs-antibiotic-anti-inflammatory\/\">New combined drugs: antibiotic + anti-inflammatory &#8211; Ana Cruz Mu\u00f1oz<\/a><\/p>\n<p style=\"text-align: center\"><a href=\"https:\/\/blogs.ugr.es\/tfm-master-idcim\/en\/study-on-the-expression-of-pepper-capsicum-annuum-l-genes-and-their-pharmacological-applications-quercetin-veronica-ruiz\/\">Study on the expression of pepper (Capsicum annuum L.) genes and their pharmacological applications: Quercetin \u2013 Ver\u00f3nica Ruiz<\/a><\/p>\n<p style=\"text-align: center\"><a href=\"https:\/\/blogs.ugr.es\/tfm-master-idcim\/en\/synthesis-purification-and-structural-determination-of-isoquinolin-5-ol-derivatives-as-antitumor-agents\/\">Synthesis, purification and structural determination of isoquinolin-5-ol derivatives as antitumor agents \u2013 Soledad Romero<\/a><\/p>\n<p style=\"text-align: center\">\n<p style=\"text-align: center\">\n","protected":false},"excerpt":{"rendered":"<p>5-quinolinol derivatives as potential antitumor agents \u2013 Alba Dom\u00ednguez Encinas Cocrystals for the improvement of the physicochemical properties of the anti-inflammatory drug etenzamide \u2013 \u00c1ngel Ib\u00e1\u00f1ez Desing, synthesis and biological evaluation of choline kinase enzyme inhibitor diazufro derivatives \u2013 Marina Ubeda Design and study of new drugs with possible antitumor activity \u2013 Noelia Ruiz Cuevas [&hellip;]<\/p>\n","protected":false},"author":589,"featured_media":0,"parent":0,"menu_order":0,"comment_status":"closed","ping_status":"closed","template":"","meta":{"_genesis_hide_title":false,"_genesis_hide_breadcrumbs":false,"_genesis_hide_singular_image":false,"_genesis_hide_footer_widgets":false,"_genesis_custom_body_class":"","_genesis_custom_post_class":"","_genesis_layout":"","footnotes":""},"categories":[],"tags":[],"class_list":{"0":"post-435","1":"page","2":"type-page","3":"status-publish","5":"entry"},"_links":{"self":[{"href":"https:\/\/blogs.ugr.es\/tfm-master-idcim\/wp-json\/wp\/v2\/pages\/435","targetHints":{"allow":["GET"]}}],"collection":[{"href":"https:\/\/blogs.ugr.es\/tfm-master-idcim\/wp-json\/wp\/v2\/pages"}],"about":[{"href":"https:\/\/blogs.ugr.es\/tfm-master-idcim\/wp-json\/wp\/v2\/types\/page"}],"author":[{"embeddable":true,"href":"https:\/\/blogs.ugr.es\/tfm-master-idcim\/wp-json\/wp\/v2\/users\/589"}],"replies":[{"embeddable":true,"href":"https:\/\/blogs.ugr.es\/tfm-master-idcim\/wp-json\/wp\/v2\/comments?post=435"}],"version-history":[{"count":3,"href":"https:\/\/blogs.ugr.es\/tfm-master-idcim\/wp-json\/wp\/v2\/pages\/435\/revisions"}],"predecessor-version":[{"id":1154,"href":"https:\/\/blogs.ugr.es\/tfm-master-idcim\/wp-json\/wp\/v2\/pages\/435\/revisions\/1154"}],"wp:attachment":[{"href":"https:\/\/blogs.ugr.es\/tfm-master-idcim\/wp-json\/wp\/v2\/media?parent=435"}],"wp:term":[{"taxonomy":"category","embeddable":true,"href":"https:\/\/blogs.ugr.es\/tfm-master-idcim\/wp-json\/wp\/v2\/categories?post=435"},{"taxonomy":"post_tag","embeddable":true,"href":"https:\/\/blogs.ugr.es\/tfm-master-idcim\/wp-json\/wp\/v2\/tags?post=435"}],"curies":[{"name":"wp","href":"https:\/\/api.w.org\/{rel}","templated":true}]}}