{"id":776,"date":"2023-04-13T08:58:21","date_gmt":"2023-04-13T06:58:21","guid":{"rendered":"https:\/\/blogs.ugr.es\/tfm-master-idcim\/?page_id=776"},"modified":"2023-06-05T09:50:35","modified_gmt":"2023-06-05T07:50:35","slug":"curso-2022-2023","status":"publish","type":"page","link":"https:\/\/blogs.ugr.es\/tfm-master-idcim\/curso-2022-2023\/","title":{"rendered":"Curso acad\u00e9mico 2022\/2023"},"content":{"rendered":"<p>&nbsp;<\/p>\n<p style=\"text-align: center\"><a href=\"https:\/\/blogs.ugr.es\/tfm-master-idcim\/estudio-de-la-estabilidad-de-ipilimumab-un-medicamento-para-tratar-el-cancer\/\"><span class=\"TextRun SCXW158253176 BCX0\" lang=\"ES-ES\" xml:lang=\"ES-ES\" data-contrast=\"auto\"><span class=\"NormalTextRun SCXW158253176 BCX0\">Alberto Aguilera Ortega<\/span><\/span><\/a><\/p>\n<p style=\"text-align: center\"><a href=\"https:\/\/blogs.ugr.es\/tfm-master-idcim\/las-condiciones-ambientales-pueden-afectar-a-los-medicamentos-biologicos\/\"><span class=\"TextRun SCXW139879914 BCX0\" lang=\"ES-ES\" xml:lang=\"ES-ES\" data-contrast=\"auto\"><span class=\"NormalTextRun SCXW139879914 BCX0\">Alejandro Mart\u00edn Rodr\u00edguez<\/span><\/span><\/a><\/p>\n<p style=\"text-align: center\"><a href=\"https:\/\/blogs.ugr.es\/tfm-master-idcim\/nuevos-farmacos-combinados-antibiotico-antiinflamatorio\/\"><span class=\"TextRun SCXW257275582 BCX0\" lang=\"ES-ES\" xml:lang=\"ES-ES\" data-contrast=\"auto\"><span class=\"NormalTextRun SCXW257275582 BCX0\">Ana Cruz Mu\u00f1oz<\/span><\/span><\/a><\/p>\n<p style=\"text-align: center\"><a href=\"https:\/\/blogs.ugr.es\/tfm-master-idcim\/evaluacion-de-la-calidad-de-polvos-de-talco-comercializados-en-marruecos-para-uso-farmaceutico-cosmetico\/\"><span class=\"TextRun SCXW155898359 BCX0\" lang=\"ES-ES\" xml:lang=\"ES-ES\" data-contrast=\"auto\"><span class=\"NormalTextRun SpellingErrorV2Themed SCXW155898359 BCX0\">Ayyoub<\/span> <span class=\"NormalTextRun SpellingErrorV2Themed SCXW155898359 BCX0\">Selmaoui<\/span> <span class=\"NormalTextRun SpellingErrorV2Themed SCXW155898359 BCX0\">Khayali<\/span><\/span><\/a><\/p>\n<p style=\"text-align: center\"><a href=\"https:\/\/blogs.ugr.es\/tfm-master-idcim\/estudio-del-efecto-del-sobrenadante-del-probiotico-lactobacillus-paracasei-ante-estimulos-inflamatorios-en-un-modelo-de-celulas-hepaticas\/\"><span class=\"TextRun SCXW122474769 BCX0\" lang=\"ES-ES\" xml:lang=\"ES-ES\" data-contrast=\"auto\"><span class=\"NormalTextRun SCXW122474769 BCX0\">Cristina Rojas Arenas<\/span><\/span><\/a><\/p>\n<p style=\"text-align: center\"><a href=\"https:\/\/blogs.ugr.es\/tfm-master-idcim\/estudio-de-celulas-por-fluorescencia\/\"><span class=\"TextRun SCXW29427665 BCX0\" lang=\"ES-ES\" xml:lang=\"ES-ES\" data-contrast=\"auto\"><span class=\"NormalTextRun SCXW29427665 BCX0\">Elena Villegas Garc\u00eda<\/span><\/span><\/a><\/p>\n<p style=\"text-align: center\"><a href=\"https:\/\/blogs.ugr.es\/tfm-master-idcim\/bacterias-viajeras-y-su-implicacion-en-la-salud\/\"><span class=\"TextRun SCXW69207938 BCX0\" lang=\"ES-ES\" xml:lang=\"ES-ES\" data-contrast=\"auto\"><span class=\"NormalTextRun SCXW69207938 BCX0\">Irene de Pablos Florido<\/span><\/span><\/a><\/p>\n<p style=\"text-align: center\"><a href=\"https:\/\/blogs.ugr.es\/tfm-master-idcim\/desarrollo-de-nanoparticulas-para-el-diagnostico-sencillo-de-enfermedades\/\"><span class=\"TextRun SCXW92035413 BCX0\" lang=\"ES-ES\" xml:lang=\"ES-ES\" data-contrast=\"auto\"><span class=\"NormalTextRun SCXW92035413 BCX0\">Ismael Martos <\/span><span class=\"NormalTextRun SpellingErrorV2Themed SCXW92035413 BCX0\">Jamai<\/span><\/span><\/a><\/p>\n<p style=\"text-align: center\"><a href=\"https:\/\/blogs.ugr.es\/tfm-master-idcim\/diseno-sintesis-y-evaluacion-biologica-de-nuevos-compuestos-para-tratar-el-cancer\/\"><span class=\"TextRun SCXW182254596 BCX0\" lang=\"ES-ES\" xml:lang=\"ES-ES\" data-contrast=\"auto\"><span class=\"NormalTextRun SpellingErrorV2Themed SCXW182254596 BCX0\">Iria<\/span><span class=\"NormalTextRun SCXW182254596 BCX0\"> Alonso Alves<\/span><\/span><\/a><\/p>\n<p style=\"text-align: center\"><a href=\"https:\/\/blogs.ugr.es\/tfm-master-idcim\/estudio-genetico-de-la-sintesis-de-melatonina-en-frutos-de-pimiento-dulce\/\"><span class=\"TextRun SCXW168730418 BCX0\" lang=\"ES-ES\" xml:lang=\"ES-ES\" data-contrast=\"auto\"><span class=\"NormalTextRun SCXW168730418 BCX0\">Jorge Taboada de la Rosa<\/span><\/span><\/a><\/p>\n<p style=\"text-align: center\"><a href=\"https:\/\/blogs.ugr.es\/tfm-master-idcim\/estudio-de-los-efectos-de-los-probioticos-en-el-cancer-de-mama\/\"><span class=\"TextRun SCXW120187084 BCX0\" lang=\"ES-ES\" xml:lang=\"ES-ES\" data-contrast=\"auto\"><span class=\"NormalTextRun SCXW120187084 BCX0\">Juan Carlos Villegas Ruiz<\/span><\/span><\/a><\/p>\n<p style=\"text-align: center\"><a href=\"https:\/\/blogs.ugr.es\/tfm-master-idcim\/metodo-novedoso-para-la-determinacion-temprana-de-la-enfermedad-de-alzheimer\/\"><span class=\"TextRun SCXW49881579 BCX0\" lang=\"ES-ES\" xml:lang=\"ES-ES\" data-contrast=\"auto\"><span class=\"NormalTextRun SCXW49881579 BCX0\">Mar\u00eda Teresa Mart\u00edn Correa<\/span><\/span><\/a><\/p>\n<p style=\"text-align: center\"><a href=\"https:\/\/blogs.ugr.es\/tfm-master-idcim\/actividad-divulgacion-proyecto-innovacion-docente-mariam-khemlani-el-mghari\/\"><span class=\"TextRun SCXW148352238 BCX0\" lang=\"ES-ES\" xml:lang=\"ES-ES\" data-contrast=\"auto\"><span class=\"NormalTextRun SCXW148352238 BCX0\">Mariam <\/span><span class=\"NormalTextRun SpellingErrorV2Themed SCXW148352238 BCX0\">Khemlani<\/span><span class=\"NormalTextRun SCXW148352238 BCX0\"> El <\/span><span class=\"NormalTextRun SpellingErrorV2Themed SCXW148352238 BCX0\">Mghari<\/span><\/span><\/a><\/p>\n<p style=\"text-align: center\"><a href=\"https:\/\/blogs.ugr.es\/tfm-master-idcim\/la-lucha-contra-los-microorganismos-resistentes\/\"><span class=\"TextRun SCXW184062889 BCX0\" lang=\"ES-ES\" xml:lang=\"ES-ES\" data-contrast=\"auto\"><span class=\"NormalTextRun SpellingErrorV2Themed SCXW184062889 BCX0\">Mercy<\/span><span class=\"NormalTextRun SCXW184062889 BCX0\"> Elizabeth Quizhpe Romero<\/span><\/span><\/a><\/p>\n<p style=\"text-align: center\"><a href=\"https:\/\/blogs.ugr.es\/tfm-master-idcim\/un-paso-hacia-la-medicina-del-futuro-tratamientos-personalizados-basados-en-tu-informacion-genetica\/\"><span class=\"TextRun SCXW144101831 BCX0\" lang=\"ES-ES\" xml:lang=\"ES-ES\" data-contrast=\"auto\"><span class=\"NormalTextRun SCXW144101831 BCX0\">Michelle Rojas Romero<\/span><\/span><\/a><\/p>\n<p style=\"text-align: center\"><a href=\"https:\/\/blogs.ugr.es\/tfm-master-idcim\/nanosistemas-multifuncionales-como-estrategia-novedosa-para-la-terapia-del-cancer\/\"><span class=\"TextRun SCXW114497472 BCX0\" lang=\"ES-ES\" xml:lang=\"ES-ES\" data-contrast=\"auto\"><span class=\"NormalTextRun SCXW114497472 BCX0\">Paula Mart\u00edn Gamero<\/span><\/span><\/a><\/p>\n<p style=\"text-align: center\"><a href=\"https:\/\/blogs.ugr.es\/tfm-master-idcim\/elaboracion-y-estudio-de-peliculas-a-partir-de-polimeros-naturales-para-el-tratamiento-de-heridas-cronicas\/\"><span class=\"TextRun SCXW196389929 BCX0\" lang=\"ES-ES\" xml:lang=\"ES-ES\" data-contrast=\"auto\"><span class=\"NormalTextRun SCXW196389929 BCX0\">Tom\u00e1s Mart\u00ednez Rodr\u00edguez<\/span><\/span><\/a><\/p>\n<p>&nbsp;<\/p>\n<p>&nbsp;<\/p>\n<p>&nbsp;<\/p>\n<p>&nbsp;<\/p>\n","protected":false},"excerpt":{"rendered":"<p>&nbsp; Alberto Aguilera Ortega Alejandro Mart\u00edn Rodr\u00edguez Ana Cruz Mu\u00f1oz Ayyoub Selmaoui Khayali Cristina Rojas Arenas Elena Villegas Garc\u00eda Irene de Pablos Florido Ismael Martos Jamai Iria Alonso Alves Jorge Taboada de la Rosa Juan Carlos Villegas Ruiz Mar\u00eda Teresa Mart\u00edn Correa Mariam Khemlani El Mghari Mercy Elizabeth Quizhpe Romero Michelle Rojas Romero Paula Mart\u00edn [&hellip;]<\/p>\n","protected":false},"author":589,"featured_media":0,"parent":0,"menu_order":0,"comment_status":"closed","ping_status":"closed","template":"","meta":{"_genesis_hide_title":false,"_genesis_hide_breadcrumbs":false,"_genesis_hide_singular_image":false,"_genesis_hide_footer_widgets":false,"_genesis_custom_body_class":"","_genesis_custom_post_class":"","_genesis_layout":"","footnotes":""},"categories":[464],"tags":[],"class_list":{"0":"post-776","1":"page","2":"type-page","3":"status-publish","5":"category-2022-2023","6":"entry"},"_links":{"self":[{"href":"https:\/\/blogs.ugr.es\/tfm-master-idcim\/wp-json\/wp\/v2\/pages\/776","targetHints":{"allow":["GET"]}}],"collection":[{"href":"https:\/\/blogs.ugr.es\/tfm-master-idcim\/wp-json\/wp\/v2\/pages"}],"about":[{"href":"https:\/\/blogs.ugr.es\/tfm-master-idcim\/wp-json\/wp\/v2\/types\/page"}],"author":[{"embeddable":true,"href":"https:\/\/blogs.ugr.es\/tfm-master-idcim\/wp-json\/wp\/v2\/users\/589"}],"replies":[{"embeddable":true,"href":"https:\/\/blogs.ugr.es\/tfm-master-idcim\/wp-json\/wp\/v2\/comments?post=776"}],"version-history":[{"count":3,"href":"https:\/\/blogs.ugr.es\/tfm-master-idcim\/wp-json\/wp\/v2\/pages\/776\/revisions"}],"predecessor-version":[{"id":1181,"href":"https:\/\/blogs.ugr.es\/tfm-master-idcim\/wp-json\/wp\/v2\/pages\/776\/revisions\/1181"}],"wp:attachment":[{"href":"https:\/\/blogs.ugr.es\/tfm-master-idcim\/wp-json\/wp\/v2\/media?parent=776"}],"wp:term":[{"taxonomy":"category","embeddable":true,"href":"https:\/\/blogs.ugr.es\/tfm-master-idcim\/wp-json\/wp\/v2\/categories?post=776"},{"taxonomy":"post_tag","embeddable":true,"href":"https:\/\/blogs.ugr.es\/tfm-master-idcim\/wp-json\/wp\/v2\/tags?post=776"}],"curies":[{"name":"wp","href":"https:\/\/api.w.org\/{rel}","templated":true}]}}