{"id":119,"date":"2018-01-22T09:22:43","date_gmt":"2018-01-22T08:22:43","guid":{"rendered":"https:\/\/blogs.ugr.es\/tutoriales\/?page_id=119"},"modified":"2021-12-10T08:23:46","modified_gmt":"2021-12-10T07:23:46","slug":"inicio","status":"publish","type":"page","link":"https:\/\/blogs.ugr.es\/tutoriales\/","title":{"rendered":"Inicio"},"content":{"rendered":"<h3>Creaci\u00f3n de contenido en nuestro blog<\/h3>\n<ol>\n<li><a href=\"https:\/\/blogs.ugr.es\/tutoriales\/creando-una-entrada-en-el-blog\/\">Creando una entrada en el Blog<\/a><\/li>\n<li><a href=\"https:\/\/blogs.ugr.es\/tutoriales\/insertando-una-imagen-en-una-entrada\/\">Insertando una Imagen en una Entrada<\/a><\/li>\n<li><a href=\"https:\/\/blogs.ugr.es\/tutoriales\/estableciendo-una-imagen-destacada-en-una-entrada\/\">Estableciendo una Imagen Destacada en una Entrada<\/a><\/li>\n<li><a href=\"https:\/\/blogs.ugr.es\/tutoriales\/anadiendo-categorias\/\">A\u00f1adiendo Categor\u00edas<\/a><\/li>\n<\/ol>\n<h3>Creando men\u00fas en nuestro blog<\/h3>\n<ol>\n<li><a href=\"https:\/\/blogs.ugr.es\/tutoriales\/anadiendo-elementos-al-menu-de-nuestro-blog\/\">A\u00f1adiendo Elementos al Men\u00fa de Nuestro Blog 1 &#8211; A\u00f1adir una P\u00e1gina o una Entrada al Men\u00fa<\/a><\/li>\n<li><a href=\"https:\/\/blogs.ugr.es\/tutoriales\/anadiendo-elementos-al-menu-de-nuestro-blog-2-anadir-un-enlace-personalizado\/\">A\u00f1adiendo Elementos al Men\u00fa de Nuestro Blog 2 \u2013 A\u00f1adir un Enlace Personalizado<\/a><\/li>\n<li><a href=\"https:\/\/blogs.ugr.es\/tutoriales\/anadiendo-elementos-al-menu-de-nuestro-blog-1-anadir-una-enlace-a-una-categoria\/\">A\u00f1adiendo Elementos al Men\u00fa de Nuestro Blog 3 \u2013 A\u00f1adir una Enlace a una Categor\u00eda<\/a><\/li>\n<li><a href=\"https:\/\/blogs.ugr.es\/tutoriales\/anadiendo-elementos-al-menu-de-nuestro-blog-4-organizando-nuestro-menu\/\">A\u00f1adiendo Elementos al Men\u00fa de Nuestro Blog 4 \u2013 Organizando Nuestro Men\u00fa<\/a><\/li>\n<\/ol>\n<h3>Configurando el Tema de nuestro blog<\/h3>\n<ol>\n<li><a href=\"https:\/\/blogs.ugr.es\/tutoriales\/cambiar-los-colores-de-nuestro-sitio\/\">Cambiar los colores de nuestro sitio<\/a><\/li>\n<\/ol>\n<h3>Configurando widget o elementos especiales<\/h3>\n<ol>\n<li><a href=\"https:\/\/blogs.ugr.es\/tutoriales\/integrando-un-slider-o-carrusel-en-tu-blog\/\">Integrando un Slider o Carrusel en tu blog<\/a><\/li>\n<li><a href=\"https:\/\/blogs.ugr.es\/tutoriales\/integrando-varios-idiomas-con-polylang\/\">Integrando varios idiomas con Polylang<\/a><\/li>\n<li><a href=\"https:\/\/blogs.ugr.es\/tutoriales\/habilitar-y-deshabilitar-barra-para-redes-sociales\/\">Habilitar y Deshabilitar barra para redes sociales<\/a><\/li>\n<\/ol>\n","protected":false},"excerpt":{"rendered":"<p>Creaci\u00f3n de contenido en nuestro blog Creando una entrada en el Blog Insertando una Imagen en una Entrada Estableciendo una Imagen Destacada en una Entrada A\u00f1adiendo Categor\u00edas Creando men\u00fas en nuestro blog A\u00f1adiendo Elementos al Men\u00fa de Nuestro Blog 1 &#8211; A\u00f1adir una P\u00e1gina o una Entrada al Men\u00fa A\u00f1adiendo Elementos al Men\u00fa de Nuestro [&hellip;]<\/p>\n","protected":false},"author":2,"featured_media":0,"parent":0,"menu_order":0,"comment_status":"closed","ping_status":"closed","template":"","meta":{"_genesis_hide_title":false,"_genesis_hide_breadcrumbs":false,"_genesis_hide_singular_image":false,"_genesis_hide_footer_widgets":false,"_genesis_custom_body_class":"","_genesis_custom_post_class":"","_genesis_layout":"","footnotes":""},"categories":[],"tags":[],"class_list":{"0":"post-119","1":"page","2":"type-page","3":"status-publish","5":"entry"},"_links":{"self":[{"href":"https:\/\/blogs.ugr.es\/tutoriales\/wp-json\/wp\/v2\/pages\/119","targetHints":{"allow":["GET"]}}],"collection":[{"href":"https:\/\/blogs.ugr.es\/tutoriales\/wp-json\/wp\/v2\/pages"}],"about":[{"href":"https:\/\/blogs.ugr.es\/tutoriales\/wp-json\/wp\/v2\/types\/page"}],"author":[{"embeddable":true,"href":"https:\/\/blogs.ugr.es\/tutoriales\/wp-json\/wp\/v2\/users\/2"}],"replies":[{"embeddable":true,"href":"https:\/\/blogs.ugr.es\/tutoriales\/wp-json\/wp\/v2\/comments?post=119"}],"version-history":[{"count":4,"href":"https:\/\/blogs.ugr.es\/tutoriales\/wp-json\/wp\/v2\/pages\/119\/revisions"}],"predecessor-version":[{"id":597,"href":"https:\/\/blogs.ugr.es\/tutoriales\/wp-json\/wp\/v2\/pages\/119\/revisions\/597"}],"wp:attachment":[{"href":"https:\/\/blogs.ugr.es\/tutoriales\/wp-json\/wp\/v2\/media?parent=119"}],"wp:term":[{"taxonomy":"category","embeddable":true,"href":"https:\/\/blogs.ugr.es\/tutoriales\/wp-json\/wp\/v2\/categories?post=119"},{"taxonomy":"post_tag","embeddable":true,"href":"https:\/\/blogs.ugr.es\/tutoriales\/wp-json\/wp\/v2\/tags?post=119"}],"curies":[{"name":"wp","href":"https:\/\/api.w.org\/{rel}","templated":true}]}}