{"id":682,"date":"2021-11-05T15:40:28","date_gmt":"2021-11-05T14:40:28","guid":{"rendered":"https:\/\/blogs.ugr.es\/xiiiaiecm3\/?page_id=682"},"modified":"2021-11-06T18:47:07","modified_gmt":"2021-11-06T17:47:07","slug":"resumenes","status":"publish","type":"page","link":"https:\/\/blogs.ugr.es\/xiiiaiecm3\/resumenes\/","title":{"rendered":"Res\u00famenes"},"content":{"rendered":"<p style=\"text-align: center\"><strong>Res\u00famenes<\/strong><\/p>\n<p style=\"text-align: left\">Libro de res\u00famenes de las presentaciones orales: <a href=\"https:\/\/blogs.ugr.es\/xiiiaiecm3\/wp-content\/uploads\/sites\/92\/2021\/11\/Abstract_Oral_Presentation-1.pdf\">Abstract_Oral_Presentation<\/a><\/p>\n<p>Libro de res\u00famenes de los p\u00f3steres: <a href=\"https:\/\/blogs.ugr.es\/xiiiaiecm3\/wp-content\/uploads\/sites\/92\/2021\/11\/Abstract_Poster-1.pdf\">Abstract_Poster<\/a><\/p>\n","protected":false},"excerpt":{"rendered":"<p>Res\u00famenes Libro de res\u00famenes de las presentaciones orales: Abstract_Oral_Presentation Libro de res\u00famenes de los p\u00f3steres: Abstract_Poster<\/p>\n","protected":false},"author":566,"featured_media":0,"parent":0,"menu_order":0,"comment_status":"closed","ping_status":"closed","template":"","meta":{"footnotes":""},"categories":[],"tags":[],"class_list":["post-682","page","type-page","status-publish","hentry"],"_links":{"self":[{"href":"https:\/\/blogs.ugr.es\/xiiiaiecm3\/wp-json\/wp\/v2\/pages\/682","targetHints":{"allow":["GET"]}}],"collection":[{"href":"https:\/\/blogs.ugr.es\/xiiiaiecm3\/wp-json\/wp\/v2\/pages"}],"about":[{"href":"https:\/\/blogs.ugr.es\/xiiiaiecm3\/wp-json\/wp\/v2\/types\/page"}],"author":[{"embeddable":true,"href":"https:\/\/blogs.ugr.es\/xiiiaiecm3\/wp-json\/wp\/v2\/users\/566"}],"replies":[{"embeddable":true,"href":"https:\/\/blogs.ugr.es\/xiiiaiecm3\/wp-json\/wp\/v2\/comments?post=682"}],"version-history":[{"count":2,"href":"https:\/\/blogs.ugr.es\/xiiiaiecm3\/wp-json\/wp\/v2\/pages\/682\/revisions"}],"predecessor-version":[{"id":819,"href":"https:\/\/blogs.ugr.es\/xiiiaiecm3\/wp-json\/wp\/v2\/pages\/682\/revisions\/819"}],"wp:attachment":[{"href":"https:\/\/blogs.ugr.es\/xiiiaiecm3\/wp-json\/wp\/v2\/media?parent=682"}],"wp:term":[{"taxonomy":"category","embeddable":true,"href":"https:\/\/blogs.ugr.es\/xiiiaiecm3\/wp-json\/wp\/v2\/categories?post=682"},{"taxonomy":"post_tag","embeddable":true,"href":"https:\/\/blogs.ugr.es\/xiiiaiecm3\/wp-json\/wp\/v2\/tags?post=682"}],"curies":[{"name":"wp","href":"https:\/\/api.w.org\/{rel}","templated":true}]}}