{"id":862,"date":"2021-11-09T09:39:14","date_gmt":"2021-11-09T08:39:14","guid":{"rendered":"https:\/\/blogs.ugr.es\/xiiiaiecm3\/?page_id=862"},"modified":"2021-11-09T13:53:23","modified_gmt":"2021-11-09T12:53:23","slug":"visita-fabrica-de-fajalauza-2","status":"publish","type":"page","link":"https:\/\/blogs.ugr.es\/xiiiaiecm3\/visita-fabrica-de-fajalauza-2\/","title":{"rendered":"Visita F\u00e1brica de Fajalauza"},"content":{"rendered":"<p style=\"text-align: center\"><strong> <span class=\"VIiyi\" lang=\"en\"><span class=\"JLqJ4b ChMk0b\" data-language-for-alternatives=\"en\" data-language-to-translate-into=\"es\" data-phrase-index=\"0\"><em>F\u00e1brica de <\/em><\/span><\/span><em>Fajalauza Cecilio Morales Moreno<\/em> (10 noviembre)<\/strong><\/p>\n<p>Durante la ma\u00f1ana del d\u00eda 10 de noviembre se realizar\u00e1 una visita guiada a la F\u00e1brica de Cer\u00e1mica de Fajalauza (<span class=\"VIiyi\" lang=\"en\"><span class=\"JLqJ4b ChMk0b\" data-language-for-alternatives=\"en\" data-language-to-translate-into=\"es\" data-phrase-index=\"0\" data-number-of-phrases=\"6\"><strong><em>F\u00e1brica de <\/em><em>Fajalauza Cecilio Morales Moreno<\/em><\/strong><\/span><\/span>). La f\u00e1brica se encuentra en el barrio del Albaic\u00edn en: <strong>Port\u00f3n rojo, Ctra. de Murcia, 166, 18010 Granada<\/strong>. Importante, hay varias f\u00e1bricas en la misma calle, debemos ir a la que tiene un <strong>port\u00f3n rojo<\/strong> <span class=\"VIiyi\" lang=\"en\"><span class=\"JLqJ4b ChMk0b\" data-language-for-alternatives=\"en\" data-language-to-translate-into=\"es\" data-phrase-index=\"5\" data-number-of-phrases=\"6\"> (<strong><em>F\u00e1brica de <\/em><em>Fajalauza Cecilio Morales Moreno<\/em><\/strong>)<\/span><\/span>.<\/p>\n<p style=\"text-align: center\"><a href=\"https:\/\/goo.gl\/maps\/ZJ2tJaq5ZXdRTdNr8\"><strong>https:\/\/goo.gl\/maps\/ZJ2tJaq5ZXdRTdNr8<\/strong><\/a><\/p>\n<p>Se puede llegar a pie. Otra opci\u00f3n es en autob\u00fas urbano <strong>N8<\/strong> o<strong> N9<\/strong> que tienen una parada en el Parque del Triunfo.<\/p>\n<p>Se organizar\u00e1n visitas a las 9:00 (espa\u00f1ol), 09:45 (ingl\u00e9s), 10:30 (espa\u00f1ol), 11:15 (espa\u00f1ol) y 12:00 (ingl\u00e9s). La visita durar\u00e1 aproximadamente 60 minutos. <strong>Debes inscribirte en los listados habilitados en la recepci\u00f3n del congreso<\/strong>.<\/p>\n<ul>\n<li>Web:<a href=\"https:\/\/fajalauza.es\/\"> https:\/\/fajalauza.es\/<\/a><\/li>\n<li><em><span class=\"VIiyi\" lang=\"en\"><span class=\"JLqJ4b ChMk0b\" data-language-for-alternatives=\"en\" data-language-to-translate-into=\"es\" data-phrase-index=\"0\">Location<\/span><\/span><\/em>: Carretera de Murcia 166 (Port\u00f3n rojo), 18010 (Granada).\n<ul>\n<li><a href=\"https:\/\/fajalauza.es\/contacto\">https:\/\/fajalauza.es\/contacto<\/a><\/li>\n<\/ul>\n<\/li>\n<\/ul>\n<div style=\"width: 410px\" class=\"wp-caption aligncenter\"><img loading=\"lazy\" decoding=\"async\" class=\"size-medium\" src=\"https:\/\/blogs.ugr.es\/fajalauza-hd\/wp-content\/uploads\/sites\/94\/2021\/04\/FAJALAUZA-FOTO-1-700x525.jpeg\" alt=\"F\u00e1brica de Fajalauza Cecelio Morales\" width=\"400\" height=\"250\" \/><p class=\"wp-caption-text\"><em>F\u00e1brica de Fajalauza Cecelio Morales<\/em><\/p><\/div>\n<p style=\"text-align: center\"><a href=\"https:\/\/goo.gl\/maps\/ZJ2tJaq5ZXdRTdNr8\"><strong>https:\/\/goo.gl\/maps\/ZJ2tJaq5ZXdRTdNr8<\/strong><\/a><\/p>\n<div style=\"width: 410px\" class=\"wp-caption aligncenter\"><a href=\"https:\/\/goo.gl\/maps\/qBfJG1FrUaCnWvXG9\"><img loading=\"lazy\" decoding=\"async\" class=\"size-medium\" src=\"https:\/\/lh3.googleusercontent.com\/proxy\/EqRMS4bLwjj4tAMzACJzYEqwyQxKNuUGss0ynZkyU61w_55wu9pTjZweCkJ3nN_YnJwXJXmtHZ3D_8dcOYU-GI1GWrGBXKKmXg0\" alt=\"Localizaci\u00f3n de la F\u00e1brica de Fajalauza Cecilio Morales\" width=\"400\" height=\"250\" \/><\/a><p class=\"wp-caption-text\"><em><span class=\"VIiyi\" lang=\"en\"><span class=\"JLqJ4b ChMk0b\" data-language-for-alternatives=\"en\" data-language-to-translate-into=\"es\" data-phrase-index=\"0\">Location <\/span><\/span>of F\u00e1brica de Fajalauza Cecilio Morales<\/em><\/p><\/div>\n","protected":false},"excerpt":{"rendered":"<p>F\u00e1brica de Fajalauza Cecilio Morales Moreno (10 noviembre) Durante la ma\u00f1ana del d\u00eda 10 de noviembre se realizar\u00e1 una visita guiada a la F\u00e1brica de Cer\u00e1mica de Fajalauza (F\u00e1brica de Fajalauza Cecilio Morales Moreno). La f\u00e1brica se encuentra en el barrio del Albaic\u00edn en: Port\u00f3n rojo, Ctra. de Murcia, 166, 18010 Granada. Importante, hay varias [&hellip;]<\/p>\n","protected":false},"author":566,"featured_media":0,"parent":0,"menu_order":0,"comment_status":"closed","ping_status":"closed","template":"","meta":{"footnotes":""},"categories":[],"tags":[],"class_list":["post-862","page","type-page","status-publish","hentry"],"_links":{"self":[{"href":"https:\/\/blogs.ugr.es\/xiiiaiecm3\/wp-json\/wp\/v2\/pages\/862","targetHints":{"allow":["GET"]}}],"collection":[{"href":"https:\/\/blogs.ugr.es\/xiiiaiecm3\/wp-json\/wp\/v2\/pages"}],"about":[{"href":"https:\/\/blogs.ugr.es\/xiiiaiecm3\/wp-json\/wp\/v2\/types\/page"}],"author":[{"embeddable":true,"href":"https:\/\/blogs.ugr.es\/xiiiaiecm3\/wp-json\/wp\/v2\/users\/566"}],"replies":[{"embeddable":true,"href":"https:\/\/blogs.ugr.es\/xiiiaiecm3\/wp-json\/wp\/v2\/comments?post=862"}],"version-history":[{"count":3,"href":"https:\/\/blogs.ugr.es\/xiiiaiecm3\/wp-json\/wp\/v2\/pages\/862\/revisions"}],"predecessor-version":[{"id":886,"href":"https:\/\/blogs.ugr.es\/xiiiaiecm3\/wp-json\/wp\/v2\/pages\/862\/revisions\/886"}],"wp:attachment":[{"href":"https:\/\/blogs.ugr.es\/xiiiaiecm3\/wp-json\/wp\/v2\/media?parent=862"}],"wp:term":[{"taxonomy":"category","embeddable":true,"href":"https:\/\/blogs.ugr.es\/xiiiaiecm3\/wp-json\/wp\/v2\/categories?post=862"},{"taxonomy":"post_tag","embeddable":true,"href":"https:\/\/blogs.ugr.es\/xiiiaiecm3\/wp-json\/wp\/v2\/tags?post=862"}],"curies":[{"name":"wp","href":"https:\/\/api.w.org\/{rel}","templated":true}]}}